{"id":10210,"date":"2021-09-21T20:19:55","date_gmt":"2021-09-21T18:19:55","guid":{"rendered":"https:\/\/mpg-do.de\/?page_id=10210"},"modified":"2021-09-21T20:21:48","modified_gmt":"2021-09-21T18:21:48","slug":"green-guardians","status":"publish","type":"page","link":"https:\/\/mpg-do.de\/?page_id=10210","title":{"rendered":"Green Guardians"},"content":{"rendered":"\n<p class=\"wp-block-paragraph\"><strong>Die Umwelt-AG<\/strong><\/p>\n\n\n\n<p class=\"wp-block-paragraph\"><strong>Jahrgangsstufen:\u00a0alle<br>Zeitraum:\u00a0mittwochs, 7.Stunde<\/strong><\/p>\n\n\n\n<p class=\"wp-block-paragraph\">Die AG zielt darauf ab, sich in kreativen Projekten aktiv an der Erhaltung der Biodiversit\u00e4t und dem Naturschutz zu beteiligen. Ein erstes Projekt soll sich mit dem Thema&nbsp;Papier-Recycling besch\u00e4ftigen.&nbsp;Deutschland verbraucht 18 Millionen Tonnen (Quelle WWF) Papier im&nbsp;Jahr, so viel wie die Kontinente S\u00fcdamerika und Afrika zusammen und einen nicht unerheblichen Teil an dieser Zahl haben Schulen.&nbsp;Arbeitsbl\u00e4tter, B\u00fccher, Elternbriefe, Kopierpapier \u2013 nimmt man das zusammen, sind es Berge. Hier m\u00f6chte die AG ansetzen, einen Teil des Papiers recyceln und so erneut in den Kreislauf der Schule zur\u00fcckf\u00fchren. Zum Beispiel, indem aus dem recycelten&nbsp;Papier Informationsflyer zu verschiedenen Themen gestaltet werden (z.B. Bedeutung von Wildbienen, Artenschutz, umweltgerechtes Handeln) und Samenpapier zur Erhaltung der Biodiversit\u00e4t hergestellt und verteilt wird.&nbsp;<\/p>\n\n\n\n<p class=\"wp-block-paragraph\">Weitere Projekte zum Thema Upcycling von Kleidung, die Zusammenarbeit mit einem potentiell bald entstehenden Schulgarten sowie die Pflege der&nbsp;Fauchschabensind dabei in Planung.<\/p>\n\n\n\n<figure class=\"wp-block-image size-large\"><img loading=\"lazy\" decoding=\"async\" width=\"1118\" height=\"600\" src=\"https:\/\/mpg-do.de\/wp-content\/uploads\/2021\/09\/8179E474-DEB8-4597-932E-33EFA76D46B2-1118x600.jpeg\" alt=\"\" class=\"wp-image-10213\" srcset=\"https:\/\/mpg-do.de\/wp-content\/uploads\/2021\/09\/8179E474-DEB8-4597-932E-33EFA76D46B2-1118x600.jpeg 1118w, https:\/\/mpg-do.de\/wp-content\/uploads\/2021\/09\/8179E474-DEB8-4597-932E-33EFA76D46B2-300x161.jpeg 300w, https:\/\/mpg-do.de\/wp-content\/uploads\/2021\/09\/8179E474-DEB8-4597-932E-33EFA76D46B2-768x412.jpeg 768w, https:\/\/mpg-do.de\/wp-content\/uploads\/2021\/09\/8179E474-DEB8-4597-932E-33EFA76D46B2-64x34.jpeg 64w, https:\/\/mpg-do.de\/wp-content\/uploads\/2021\/09\/8179E474-DEB8-4597-932E-33EFA76D46B2.jpeg 1265w\" sizes=\"auto, (max-width: 1118px) 100vw, 1118px\" \/><\/figure>\n","protected":false},"excerpt":{"rendered":"<p>Die Umwelt-AG Jahrgangsstufen:\u00a0alleZeitraum:\u00a0mittwochs, 7.Stunde Die AG zielt darauf ab, sich in kreativen Projekten aktiv an der Erhaltung der Biodiversit\u00e4t und dem Naturschutz zu beteiligen. Ein erstes Projekt soll sich mit dem Thema&nbsp;Papier-Recycling besch\u00e4ftigen.&nbsp;Deutschland verbraucht 18 Millionen Tonnen (Quelle WWF) Papier im&nbsp;Jahr, so viel wie die Kontinente S\u00fcdamerika und Afrika zusammen und einen nicht unerheblichen Teil &hellip; <\/p>\n<p class=\"link-more\"><a href=\"https:\/\/mpg-do.de\/?page_id=10210\" class=\"more-link\"><span class=\"screen-reader-text\">\u201eGreen Guardians\u201c <\/span>weiterlesen<\/a><\/p>\n","protected":false},"author":5,"featured_media":10214,"parent":679,"menu_order":0,"comment_status":"closed","ping_status":"closed","template":"","meta":{"_crdt_document":"","footnotes":""},"class_list":["post-10210","page","type-page","status-publish","has-post-thumbnail","hentry","entry"],"_links":{"self":[{"href":"https:\/\/mpg-do.de\/index.php?rest_route=\/wp\/v2\/pages\/10210","targetHints":{"allow":["GET"]}}],"collection":[{"href":"https:\/\/mpg-do.de\/index.php?rest_route=\/wp\/v2\/pages"}],"about":[{"href":"https:\/\/mpg-do.de\/index.php?rest_route=\/wp\/v2\/types\/page"}],"author":[{"embeddable":true,"href":"https:\/\/mpg-do.de\/index.php?rest_route=\/wp\/v2\/users\/5"}],"replies":[{"embeddable":true,"href":"https:\/\/mpg-do.de\/index.php?rest_route=%2Fwp%2Fv2%2Fcomments&post=10210"}],"version-history":[{"count":2,"href":"https:\/\/mpg-do.de\/index.php?rest_route=\/wp\/v2\/pages\/10210\/revisions"}],"predecessor-version":[{"id":10215,"href":"https:\/\/mpg-do.de\/index.php?rest_route=\/wp\/v2\/pages\/10210\/revisions\/10215"}],"up":[{"embeddable":true,"href":"https:\/\/mpg-do.de\/index.php?rest_route=\/wp\/v2\/pages\/679"}],"wp:featuredmedia":[{"embeddable":true,"href":"https:\/\/mpg-do.de\/index.php?rest_route=\/wp\/v2\/media\/10214"}],"wp:attachment":[{"href":"https:\/\/mpg-do.de\/index.php?rest_route=%2Fwp%2Fv2%2Fmedia&parent=10210"}],"curies":[{"name":"wp","href":"https:\/\/api.w.org\/{rel}","templated":true}]}}