{"id":1191,"date":"2016-06-30T13:03:35","date_gmt":"2016-06-30T11:03:35","guid":{"rendered":"http:\/\/news.mpg-dortmund.de\/?page_id=1191"},"modified":"2019-09-13T11:02:28","modified_gmt":"2019-09-13T09:02:28","slug":"musisches-profil","status":"publish","type":"page","link":"https:\/\/mpg-do.de\/?page_id=1191","title":{"rendered":"Musisches Profil"},"content":{"rendered":"\n<ul class=\"wp-block-gallery columns-4 is-cropped wp-block-gallery-1 is-layout-flex wp-block-gallery-is-layout-flex\"><li class=\"blocks-gallery-item\"><figure><a href=\"https:\/\/noobserver.de\/wp-content\/uploads\/2018\/09\/0FE58A61-D8B1-4A1C-9E75-EF412490D6C1-1024x683.jpeg\"><img loading=\"lazy\" decoding=\"async\" width=\"1024\" height=\"683\" src=\"https:\/\/noobserver.de\/wp-content\/uploads\/2018\/09\/0FE58A61-D8B1-4A1C-9E75-EF412490D6C1-1024x683.jpeg\" alt=\"\" data-id=\"5448\" data-link=\"https:\/\/noobserver.de\/?attachment_id=5448\" class=\"wp-image-5448\" srcset=\"https:\/\/mpg-do.de\/wp-content\/uploads\/2018\/09\/0FE58A61-D8B1-4A1C-9E75-EF412490D6C1-1024x683.jpeg 1024w, https:\/\/mpg-do.de\/wp-content\/uploads\/2018\/09\/0FE58A61-D8B1-4A1C-9E75-EF412490D6C1-300x200.jpeg 300w, https:\/\/mpg-do.de\/wp-content\/uploads\/2018\/09\/0FE58A61-D8B1-4A1C-9E75-EF412490D6C1-768x512.jpeg 768w, https:\/\/mpg-do.de\/wp-content\/uploads\/2018\/09\/0FE58A61-D8B1-4A1C-9E75-EF412490D6C1-64x43.jpeg 64w, https:\/\/mpg-do.de\/wp-content\/uploads\/2018\/09\/0FE58A61-D8B1-4A1C-9E75-EF412490D6C1-1320x881.jpeg 1320w, https:\/\/mpg-do.de\/wp-content\/uploads\/2018\/09\/0FE58A61-D8B1-4A1C-9E75-EF412490D6C1-260x173.jpeg 260w, https:\/\/mpg-do.de\/wp-content\/uploads\/2018\/09\/0FE58A61-D8B1-4A1C-9E75-EF412490D6C1.jpeg 1334w\" sizes=\"auto, (max-width: 1024px) 100vw, 1024px\" \/><\/a><\/figure><\/li><li class=\"blocks-gallery-item\"><figure><a href=\"https:\/\/noobserver.de\/wp-content\/uploads\/2018\/06\/IMG_1502-Max-Planck-Gymnasium-Dortmund-copy-1024x549.jpg\"><img loading=\"lazy\" decoding=\"async\" width=\"1024\" height=\"549\" src=\"https:\/\/noobserver.de\/wp-content\/uploads\/2018\/06\/IMG_1502-Max-Planck-Gymnasium-Dortmund-copy-1024x549.jpg\" alt=\"\" data-id=\"5204\" data-link=\"https:\/\/noobserver.de\/?attachment_id=5204\" class=\"wp-image-5204\" srcset=\"https:\/\/mpg-do.de\/wp-content\/uploads\/2018\/06\/IMG_1502-Max-Planck-Gymnasium-Dortmund-copy-1024x549.jpg 1024w, https:\/\/mpg-do.de\/wp-content\/uploads\/2018\/06\/IMG_1502-Max-Planck-Gymnasium-Dortmund-copy-300x161.jpg 300w, https:\/\/mpg-do.de\/wp-content\/uploads\/2018\/06\/IMG_1502-Max-Planck-Gymnasium-Dortmund-copy-768x412.jpg 768w, https:\/\/mpg-do.de\/wp-content\/uploads\/2018\/06\/IMG_1502-Max-Planck-Gymnasium-Dortmund-copy-600x322.jpg 600w, https:\/\/mpg-do.de\/wp-content\/uploads\/2018\/06\/IMG_1502-Max-Planck-Gymnasium-Dortmund-copy-64x34.jpg 64w, https:\/\/mpg-do.de\/wp-content\/uploads\/2018\/06\/IMG_1502-Max-Planck-Gymnasium-Dortmund-copy-260x139.jpg 260w, https:\/\/mpg-do.de\/wp-content\/uploads\/2018\/06\/IMG_1502-Max-Planck-Gymnasium-Dortmund-copy.jpg 1205w\" sizes=\"auto, (max-width: 1024px) 100vw, 1024px\" \/><\/a><\/figure><\/li><li class=\"blocks-gallery-item\"><figure><a href=\"https:\/\/noobserver.de\/wp-content\/uploads\/2017\/11\/DSC_8107-copy-1024x686.jpg\"><img loading=\"lazy\" decoding=\"async\" width=\"1024\" height=\"686\" src=\"https:\/\/noobserver.de\/wp-content\/uploads\/2017\/11\/DSC_8107-copy-1024x686.jpg\" alt=\"\" data-id=\"4533\" data-link=\"https:\/\/noobserver.de\/?attachment_id=4533\" class=\"wp-image-4533\" srcset=\"https:\/\/mpg-do.de\/wp-content\/uploads\/2017\/11\/DSC_8107-copy-1024x686.jpg 1024w, https:\/\/mpg-do.de\/wp-content\/uploads\/2017\/11\/DSC_8107-copy-300x201.jpg 300w, https:\/\/mpg-do.de\/wp-content\/uploads\/2017\/11\/DSC_8107-copy-768x514.jpg 768w, https:\/\/mpg-do.de\/wp-content\/uploads\/2017\/11\/DSC_8107-copy-600x402.jpg 600w, https:\/\/mpg-do.de\/wp-content\/uploads\/2017\/11\/DSC_8107-copy-64x43.jpg 64w, https:\/\/mpg-do.de\/wp-content\/uploads\/2017\/11\/DSC_8107-copy-260x174.jpg 260w, https:\/\/mpg-do.de\/wp-content\/uploads\/2017\/11\/DSC_8107-copy.jpg 1280w\" sizes=\"auto, (max-width: 1024px) 100vw, 1024px\" \/><\/a><\/figure><\/li><li class=\"blocks-gallery-item\"><figure><a href=\"https:\/\/noobserver.de\/wp-content\/uploads\/2016\/01\/DSC_5499-1024x685.jpg\"><img loading=\"lazy\" decoding=\"async\" width=\"1024\" height=\"685\" src=\"https:\/\/noobserver.de\/wp-content\/uploads\/2016\/01\/DSC_5499-1024x685.jpg\" alt=\"\" data-id=\"1002\" data-link=\"https:\/\/noobserver.de\/?attachment_id=1002\" class=\"wp-image-1002\" srcset=\"https:\/\/mpg-do.de\/wp-content\/uploads\/2016\/01\/DSC_5499-1024x685.jpg 1024w, https:\/\/mpg-do.de\/wp-content\/uploads\/2016\/01\/DSC_5499-300x201.jpg 300w, https:\/\/mpg-do.de\/wp-content\/uploads\/2016\/01\/DSC_5499-260x174.jpg 260w\" sizes=\"auto, (max-width: 1024px) 100vw, 1024px\" \/><\/a><\/figure><\/li><\/ul>\n\n\n\n<ul class=\"wp-block-gallery aligncenter columns-4 is-cropped wp-block-gallery-2 is-layout-flex wp-block-gallery-is-layout-flex\"><li class=\"blocks-gallery-item\"><figure><a href=\"https:\/\/noobserver.de\/wp-content\/uploads\/2016\/01\/DSC_5480-1-1024x685.jpg\"><img loading=\"lazy\" decoding=\"async\" width=\"1024\" height=\"685\" src=\"https:\/\/noobserver.de\/wp-content\/uploads\/2016\/01\/DSC_5480-1-1024x685.jpg\" alt=\"\" data-id=\"1000\" data-link=\"https:\/\/noobserver.de\/?attachment_id=1000\" class=\"wp-image-1000\" srcset=\"https:\/\/mpg-do.de\/wp-content\/uploads\/2016\/01\/DSC_5480-1-1024x685.jpg 1024w, https:\/\/mpg-do.de\/wp-content\/uploads\/2016\/01\/DSC_5480-1-300x201.jpg 300w, https:\/\/mpg-do.de\/wp-content\/uploads\/2016\/01\/DSC_5480-1-260x174.jpg 260w\" sizes=\"auto, (max-width: 1024px) 100vw, 1024px\" \/><\/a><\/figure><\/li><li class=\"blocks-gallery-item\"><figure><a href=\"https:\/\/noobserver.de\/wp-content\/uploads\/2016\/01\/DSC_5357-1024x685.jpg\"><img loading=\"lazy\" decoding=\"async\" width=\"1024\" height=\"685\" src=\"https:\/\/noobserver.de\/wp-content\/uploads\/2016\/01\/DSC_5357-1024x685.jpg\" alt=\"\" data-id=\"997\" data-link=\"https:\/\/noobserver.de\/?attachment_id=997\" class=\"wp-image-997\" srcset=\"https:\/\/mpg-do.de\/wp-content\/uploads\/2016\/01\/DSC_5357-1024x685.jpg 1024w, https:\/\/mpg-do.de\/wp-content\/uploads\/2016\/01\/DSC_5357-300x201.jpg 300w, https:\/\/mpg-do.de\/wp-content\/uploads\/2016\/01\/DSC_5357-768x514.jpg 768w, https:\/\/mpg-do.de\/wp-content\/uploads\/2016\/01\/DSC_5357-600x402.jpg 600w, https:\/\/mpg-do.de\/wp-content\/uploads\/2016\/01\/DSC_5357-64x43.jpg 64w, https:\/\/mpg-do.de\/wp-content\/uploads\/2016\/01\/DSC_5357-260x174.jpg 260w\" sizes=\"auto, (max-width: 1024px) 100vw, 1024px\" \/><\/a><\/figure><\/li><li class=\"blocks-gallery-item\"><figure><a href=\"https:\/\/noobserver.de\/wp-content\/uploads\/2017\/07\/DSC_2858-1024x684.jpeg\"><img loading=\"lazy\" decoding=\"async\" width=\"1024\" height=\"684\" src=\"https:\/\/noobserver.de\/wp-content\/uploads\/2017\/07\/DSC_2858-1024x684.jpeg\" alt=\"\" data-id=\"4111\" data-link=\"https:\/\/noobserver.de\/?attachment_id=4111\" class=\"wp-image-4111\" srcset=\"https:\/\/mpg-do.de\/wp-content\/uploads\/2017\/07\/DSC_2858-1024x684.jpeg 1024w, https:\/\/mpg-do.de\/wp-content\/uploads\/2017\/07\/DSC_2858-300x200.jpeg 300w, https:\/\/mpg-do.de\/wp-content\/uploads\/2017\/07\/DSC_2858-768x513.jpeg 768w, https:\/\/mpg-do.de\/wp-content\/uploads\/2017\/07\/DSC_2858-600x401.jpeg 600w, https:\/\/mpg-do.de\/wp-content\/uploads\/2017\/07\/DSC_2858-64x43.jpeg 64w, https:\/\/mpg-do.de\/wp-content\/uploads\/2017\/07\/DSC_2858-260x174.jpeg 260w, https:\/\/mpg-do.de\/wp-content\/uploads\/2017\/07\/DSC_2858.jpeg 1280w\" sizes=\"auto, (max-width: 1024px) 100vw, 1024px\" \/><\/a><\/figure><\/li><li class=\"blocks-gallery-item\"><figure><a href=\"https:\/\/noobserver.de\/wp-content\/uploads\/2017\/07\/DSC_2879-copy-1024x667.jpeg\"><img loading=\"lazy\" decoding=\"async\" width=\"1024\" height=\"667\" src=\"https:\/\/noobserver.de\/wp-content\/uploads\/2017\/07\/DSC_2879-copy-1024x667.jpeg\" alt=\"\" data-id=\"4113\" data-link=\"https:\/\/noobserver.de\/?attachment_id=4113\" class=\"wp-image-4113\" srcset=\"https:\/\/mpg-do.de\/wp-content\/uploads\/2017\/07\/DSC_2879-copy-1024x667.jpeg 1024w, https:\/\/mpg-do.de\/wp-content\/uploads\/2017\/07\/DSC_2879-copy-300x195.jpeg 300w, https:\/\/mpg-do.de\/wp-content\/uploads\/2017\/07\/DSC_2879-copy-768x500.jpeg 768w, https:\/\/mpg-do.de\/wp-content\/uploads\/2017\/07\/DSC_2879-copy-600x391.jpeg 600w, https:\/\/mpg-do.de\/wp-content\/uploads\/2017\/07\/DSC_2879-copy-64x42.jpeg 64w, https:\/\/mpg-do.de\/wp-content\/uploads\/2017\/07\/DSC_2879-copy-260x169.jpeg 260w, https:\/\/mpg-do.de\/wp-content\/uploads\/2017\/07\/DSC_2879-copy.jpeg 1105w\" sizes=\"auto, (max-width: 1024px) 100vw, 1024px\" \/><\/a><\/figure><\/li><\/ul>\n\n\n\n<p class=\"wp-block-paragraph\">Unsere kulturelle Ausrichtung: Wir bieten in den Klassen 5 und 6 eine Bl\u00e4serklassean. Musisch Interessierte k\u00f6nnen sich im Sch\u00fclerchor, im Lehrerchor, in der Bigband, in den Instrumental- und Vokalpraxiskursen engagieren. Die Literaturkurse und die Theater-AG bereiten jedes Jahr innovative und auch traditionelle Auff\u00fchrungen vor.<\/p>\n\n\n\n<p class=\"wp-block-paragraph\"><a href=\"..\/?page_id=6799\">Musik<\/a><br><a href=\"..\/?page_id=6844\">Kunst<\/a><br><a href=\"..\/?page_id=6794\">Literatur<\/a><\/p>\n","protected":false},"excerpt":{"rendered":"<p>Unsere kulturelle Ausrichtung: Wir bieten in den Klassen 5 und 6 eine Bl\u00e4serklassean. Musisch Interessierte k\u00f6nnen sich im Sch\u00fclerchor, im Lehrerchor, in der Bigband, in den Instrumental- und Vokalpraxiskursen engagieren. Die Literaturkurse und die Theater-AG bereiten jedes Jahr innovative und auch traditionelle Auff\u00fchrungen vor. MusikKunstLiteratur<\/p>\n","protected":false},"author":11,"featured_media":0,"parent":0,"menu_order":0,"comment_status":"closed","ping_status":"closed","template":"","meta":{"_crdt_document":"","footnotes":""},"class_list":["post-1191","page","type-page","status-publish","hentry","entry"],"_links":{"self":[{"href":"https:\/\/mpg-do.de\/index.php?rest_route=\/wp\/v2\/pages\/1191","targetHints":{"allow":["GET"]}}],"collection":[{"href":"https:\/\/mpg-do.de\/index.php?rest_route=\/wp\/v2\/pages"}],"about":[{"href":"https:\/\/mpg-do.de\/index.php?rest_route=\/wp\/v2\/types\/page"}],"author":[{"embeddable":true,"href":"https:\/\/mpg-do.de\/index.php?rest_route=\/wp\/v2\/users\/11"}],"replies":[{"embeddable":true,"href":"https:\/\/mpg-do.de\/index.php?rest_route=%2Fwp%2Fv2%2Fcomments&post=1191"}],"version-history":[{"count":15,"href":"https:\/\/mpg-do.de\/index.php?rest_route=\/wp\/v2\/pages\/1191\/revisions"}],"predecessor-version":[{"id":6977,"href":"https:\/\/mpg-do.de\/index.php?rest_route=\/wp\/v2\/pages\/1191\/revisions\/6977"}],"wp:attachment":[{"href":"https:\/\/mpg-do.de\/index.php?rest_route=%2Fwp%2Fv2%2Fmedia&parent=1191"}],"curies":[{"name":"wp","href":"https:\/\/api.w.org\/{rel}","templated":true}]}}