{"id":1198,"date":"2016-06-30T13:07:31","date_gmt":"2016-06-30T11:07:31","guid":{"rendered":"http:\/\/news.mpg-dortmund.de\/?page_id=1198"},"modified":"2019-09-13T11:08:50","modified_gmt":"2019-09-13T09:08:50","slug":"kooperationen","status":"publish","type":"page","link":"https:\/\/mpg-do.de\/?page_id=1198","title":{"rendered":"Kooperationen"},"content":{"rendered":"<p><strong>Au\u00dferschulische Partner<\/strong><\/p>\n<p>Polizei Dortmund, Kommissariat Vorbeugung (Gewaltpr\u00e4ventionsseminar)<br \/>\nDGB-Jugendbildungszentrum in Hattingen (Seminar zur St\u00e4rkung sozialer Kompetenzen)<br \/>\nFu\u00dfball- und Leichtathletikverband Westfalen e. V. (Partnerschule des Fu\u00dfballs)<br \/>\nKirchh\u00f6rder SC e. V. (Vereinskooperation Fu\u00dfball)<\/p>\n","protected":false},"excerpt":{"rendered":"<p>Au\u00dferschulische Partner Polizei Dortmund, Kommissariat Vorbeugung (Gewaltpr\u00e4ventionsseminar) DGB-Jugendbildungszentrum in Hattingen (Seminar zur St\u00e4rkung sozialer Kompetenzen) Fu\u00dfball- und Leichtathletikverband Westfalen e. V. (Partnerschule des Fu\u00dfballs) Kirchh\u00f6rder SC e. V. (Vereinskooperation Fu\u00dfball)<\/p>\n","protected":false},"author":11,"featured_media":0,"parent":0,"menu_order":0,"comment_status":"closed","ping_status":"closed","template":"","meta":{"_crdt_document":"","footnotes":""},"class_list":["post-1198","page","type-page","status-publish","hentry","entry"],"_links":{"self":[{"href":"https:\/\/mpg-do.de\/index.php?rest_route=\/wp\/v2\/pages\/1198","targetHints":{"allow":["GET"]}}],"collection":[{"href":"https:\/\/mpg-do.de\/index.php?rest_route=\/wp\/v2\/pages"}],"about":[{"href":"https:\/\/mpg-do.de\/index.php?rest_route=\/wp\/v2\/types\/page"}],"author":[{"embeddable":true,"href":"https:\/\/mpg-do.de\/index.php?rest_route=\/wp\/v2\/users\/11"}],"replies":[{"embeddable":true,"href":"https:\/\/mpg-do.de\/index.php?rest_route=%2Fwp%2Fv2%2Fcomments&post=1198"}],"version-history":[{"count":3,"href":"https:\/\/mpg-do.de\/index.php?rest_route=\/wp\/v2\/pages\/1198\/revisions"}],"predecessor-version":[{"id":6982,"href":"https:\/\/mpg-do.de\/index.php?rest_route=\/wp\/v2\/pages\/1198\/revisions\/6982"}],"wp:attachment":[{"href":"https:\/\/mpg-do.de\/index.php?rest_route=%2Fwp%2Fv2%2Fmedia&parent=1198"}],"curies":[{"name":"wp","href":"https:\/\/api.w.org\/{rel}","templated":true}]}}