{"id":1200,"date":"2016-06-30T13:07:47","date_gmt":"2016-06-30T11:07:47","guid":{"rendered":"http:\/\/news.mpg-dortmund.de\/?page_id=1200"},"modified":"2025-11-06T10:11:24","modified_gmt":"2025-11-06T09:11:24","slug":"berufsberatung","status":"publish","type":"page","link":"https:\/\/mpg-do.de\/?page_id=1200","title":{"rendered":"Berufsberatung"},"content":{"rendered":"<figure id=\"attachment_11707\" aria-describedby=\"caption-attachment-11707\" style=\"width: 640px\" class=\"wp-caption aligncenter\"><img loading=\"lazy\" decoding=\"async\" class=\"size-large wp-image-11707\" src=\"https:\/\/mpg-do.de\/wp-content\/uploads\/2022\/11\/Berufsberatung-665x600.jpg\" alt=\"Symbolbild Berufsberatung\" width=\"640\" height=\"577\" srcset=\"https:\/\/mpg-do.de\/wp-content\/uploads\/2022\/11\/Berufsberatung-665x600.jpg 665w, https:\/\/mpg-do.de\/wp-content\/uploads\/2022\/11\/Berufsberatung-300x271.jpg 300w, https:\/\/mpg-do.de\/wp-content\/uploads\/2022\/11\/Berufsberatung-768x693.jpg 768w, https:\/\/mpg-do.de\/wp-content\/uploads\/2022\/11\/Berufsberatung-1536x1385.jpg 1536w, https:\/\/mpg-do.de\/wp-content\/uploads\/2022\/11\/Berufsberatung-2048x1847.jpg 2048w, https:\/\/mpg-do.de\/wp-content\/uploads\/2022\/11\/Berufsberatung-64x58.jpg 64w, https:\/\/mpg-do.de\/wp-content\/uploads\/2022\/11\/Berufsberatung-1568x1414.jpg 1568w, https:\/\/mpg-do.de\/wp-content\/uploads\/2022\/11\/Berufsberatung-1320x1190.jpg 1320w\" sizes=\"auto, (max-width: 640px) 100vw, 640px\" \/><figcaption id=\"caption-attachment-11707\" class=\"wp-caption-text\">Frau Kr\u00fcger und Frau Eggenstein beraten Sch\u00fcler_innen zur Berufswahl<\/figcaption><\/figure>\n<p><strong>Informationen zur Studien- und Berufsorientierung<\/strong><br \/>\nUnter diesem Link sind aktuelle Hinweise und Informationen zur Studien- und Berufsorientierung f\u00fcr Sch\u00fcler_innen und Eltern\/ Erziehungsberechtigte abrufbar:<\/p>\n<p><a href=\"https:\/\/schulendortmund.taskcards.app\/#\/board\/592b05bb-85ca-460e-a3d2-b57671f844de?token=12622d5c-f92e-4fc6-9980-b278e0eb853f\" target=\"_blank\" rel=\"noopener\">Informationen zur Studien- und Berufsorientierung der Stadt Dortmund<\/a><\/p>\n<p><strong>Studien- und Berufsorientierung in der Sekundarstufe I<\/strong><\/p>\n<p>Bereits in der Sekundarstufe I begleiten wir unsere Sch\u00fcler_innen auf dem Weg in den Beruf. Im Jahrgang 8 setzen wir uns intensiv mit dem Dortmunder Berufswahlpass auseinander und bereiten so die <a href=\"..\/?page_id=809\">Potenzialanalyse<\/a> und die <a href=\"..\/?page_id=809\">Berufsfelderkundungen<\/a> vor und nach.<\/p>\n<p>Das Sch\u00fclerbetriebspraktikum steht im 10. Schuljahr im Mittelpunkt. Es findet immer in den letzten beiden Wochen vor den Herbstferien statt. Die soziale Einrichtung in Cova e Gala, Figueira da Foz, erm\u00f6glicht interessierten Sch\u00fcler_innen erste Berufserfahrung im Bereich der G\u00e4rtnerei, der Senioren- und Kinderbetreuung zu sammeln. Das Praktikum wird von der Portugiesischfachschaft organisiert und begleitet.<\/p>\n<p>Das Berufsorientierungsb\u00fcro (BOB) befindet sich im Schulerweiterungsbau. Einmal im Monat findet dort die Beratungen des Jugendberufshauses durch Frau Gawol statt und auch die Studien- und Berufskoordinatorinnen stehen dort f\u00fcr Beratungsgespr\u00e4che zur Verf\u00fcgung. Bei Bedarf kann gerne per E-mail ein Termin ausgemacht werden.<\/p>\n<p><strong>Betriebspraktikum Jahrgang 10<\/strong><\/p>\n<p><a href=\"..\/wp-content\/uploads\/2025\/11\/Infos-Betriebspraktikum-Jg.-10.pdf\" target=\"_blank\" rel=\"noopener\">Pr\u00e4sentation Praktikum 10<\/a><br \/>\n<a href=\"..\/wp-content\/uploads\/2025\/11\/Elternbrief_2026.pdf\" target=\"_blank\" rel=\"noopener\">Elternbrief 2026<\/a><br \/>\n<a href=\"..\/wp-content\/uploads\/2025\/11\/Brief-Betriebe-Betriebspraktikum-2026.pdf\" target=\"_blank\" rel=\"noopener\">Brief Betriebe Betriebspraktikum 2026<\/a><br \/>\n<a href=\"..\/wp-content\/uploads\/2025\/11\/Bestaetigungsformular-Betriebspraktikum-2026.pdf\" target=\"_blank\" rel=\"noopener\">Best\u00e4tigungsformular Betriebspraktikum 2026<\/a><\/p>\n<p><a href=\"..\/wp-content\/uploads\/2025\/02\/Antragsformular-Auslandspratikum.pdf\" target=\"_blank\" rel=\"noopener\">Antragsformular Auslandspratikum<\/a><br \/>\n<a href=\"..\/wp-content\/uploads\/2025\/02\/Antragsformular-weiter-entfernter-Betrieb.pdf\" target=\"_blank\" rel=\"noopener\">Antragsformular weiter entfernter Betrieb<\/a><br \/>\n<a href=\"..\/wp-content\/uploads\/2025\/02\/Unterlagen-der-BR-Verpflichtungen_AUSLANDsbetr.praktikum.pdf\" target=\"_blank\" rel=\"noopener\">Verpflichtungen Auslandspraktikum<\/a><\/p>\n<p><strong>Studien- und Berufsorientierung in der Sekundarstufe II<\/strong><\/p>\n<p>Die Wahl des richtigen Berufes oder Studiums ist ein komplexer und zeitintensiver Prozess, der aus vielen Schritten besteht und das freiwillige Engagement der beteiligten Sch\u00fcler_innen voraussetzt. Das MPG bietet den Sch\u00fcler_innen hier verschiedene M\u00f6glichkeiten der Beratung bzw. Unterst\u00fctzung an. F\u00fcr die Sch\u00fcler_innen der Sekundarstufe II bestehen momentan folgende Angebote und Kooperationen:<\/p>\n<p>Eine enge Zusammenarbeit mit dem Jugendberufehaus und Angebote von spezifischen Informationsveranstaltungen rund um das Leben nach dem Abitur. Bei Bedarf begleitet unsere Berufsberaterin Frau Gawol Sch\u00fcler_innen bis zum erfolgreichen Finden eines Anschlusses nach der Schule.<\/p>\n<p>Wir bieten in Kooperation mit dem \u201cthimm-Institut f\u00fcr Bildungs- und Karriereberatung\u201d die M\u00f6glichkeit an FIBIDO ( Freiwillige Individuelle Berufsorientierung In Der Oberstufe) teilzunehmen.<\/p>\n<p>Wir f\u00fchren in der Oberstufe drei SuBo-Tage nach den Konzepten der Unitrainees und StudiTrainees der Uni Duisburg u.a. zum wissenschaftlichen Arbeiten, Studienwahlentscheidung und der Studienfinanzierung durch. Hierdurch bilden wir die Standardelemente \u201c<strong>Standortbestimmung<\/strong>\u201d sowie die Elemente<\/p>\n<p>\u201c<strong>Entscheidungskompetenz I &amp; II<\/strong>\u201d der Landesinitiative <strong>KAoA<\/strong> (\u201cKein Abschluss ohne Anschluss\u201d) ab. Erg\u00e4nzend besuchen die Sch\u00fcler_innen der Q1 die Stadt- und Landesbibliothek Dortmund und absolvieren dort ein Einf\u00fchrungsseminar zur Literaturrecherche. So wird ihnen die M\u00f6glichkeit er\u00f6ffnet, sich methodisch auf die Facharbeit vorzubereiten.<\/p>\n<p>Dar\u00fcber hinaus absolvieren die Sch\u00fcler_innen der Einf\u00fchrungsphase ein Kurzpraktikum mit der M\u00f6glichkeit, in das Hochschulleben hineinzuschnuppern oder sich sozial zu engagieren. Zusammen mit der verpflichtenden Teilnahme an den \u201cDortmunder Hochschultagen\u201d und erf\u00fcllen so das Standardelement \u201c<strong>Praxiselemente Sek II<\/strong>\u201d nach KAoA.<\/p>\n<p><a href=\"..\/wp-content\/uploads\/2025\/11\/Infos-Praxisphase-EF.pdf\" target=\"_blank\" rel=\"noopener\">Infos Praxisphase EF<\/a><br \/>\n<a href=\"..\/wp-content\/uploads\/2025\/11\/Elternbrief_2026-1.pdf\" target=\"_blank\" rel=\"noopener\">Elternbrief_2026<\/a><br \/>\n<a href=\"..\/wp-content\/uploads\/2025\/11\/Praxisphase-EF-Betrieb-ausserhalb-Dortmunds.pdf\" target=\"_blank\" rel=\"noopener\">Praxisphase EF Betrieb au\u00dferhalb Dortmunds<\/a><br \/>\n<a href=\"..\/wp-content\/uploads\/2025\/11\/Zusage-Praktikumsplatz-EF-2026.pdf\" target=\"_blank\" rel=\"noopener\">Zusage Praktikumsplatz EF 2026<\/a><br \/>\n<a href=\"..\/wp-content\/uploads\/2025\/11\/Brief-Betriebe-2026.pdf\" target=\"_blank\" rel=\"noopener\">Brief Betriebe 2026<\/a><\/p>\n<p>Teilnahme der Erdkundekurse (Jahrgangsstufen 11-12\/3) an der Sch\u00fcler-<br \/>\nWirtschaftsreihe: \u201e<strong>Dialog mit der Jugend<\/strong>\u201c vom Initiativkreis Ruhr (Der Dialog erm\u00f6glicht,<br \/>\nmeist im Anschluss an eine Betriebsbesichtigung, das direkte Gespr\u00e4ch mit<br \/>\nVorstandsvorsitzenden der (zur Zeit 59) Mitgliedsunternehmen des Initiativkreises.)<\/p>\n<p>Aktuelle Informationen (u.a. \u00fcber Berufsfachmessen, Informationstage,<br \/>\nBetriebsbesichtigungen) und Materialien zur Studien- und Berufsberatung finden<br \/>\nSch\u00fclerinnen und Sch\u00fcler neben dem Oberstufenb\u00fcro, im BOB sowie in den digitalen<br \/>\nStufenclassrooms.<\/p>\n<hr \/>\n<p>Links f\u00fcr die SI:<\/p>\n<p><a href=\"..\/wp-content\/uploads\/2025\/02\/StuBo-Konzept-MPG-SI_2025.pdf\" target=\"_blank\" rel=\"noopener\">Studien- und Berufsberatungskonzept Sekundarstufe I<\/a><br \/>\n<a href=\"https:\/\/www.dortmundatwork.de\/\" target=\"_blank\" rel=\"noopener\">Dortmund at wort &#8211; Ausbildungspl\u00e4tze und Studieng\u00e4nge in Dortmund<\/a><\/p>\n<p>Links f\u00fcr die SII:<\/p>\n<p><a href=\"..\/wp-content\/uploads\/2025\/02\/StuBo-Konzept-MPG-SII-2025.pdf\" target=\"_blank\" rel=\"noopener noreferrer\">Studien- und Berufsberatungskonzept Sekundarstufe II<\/a><\/p>\n<p><a href=\"..\/wp-content\/uploads\/2016\/06\/Willkommen-im-echten-Leben-Max-Planck-Gymnasium-Dortmund.jpg\"><img loading=\"lazy\" decoding=\"async\" class=\"size-large wp-image-3752 aligncenter\" src=\"..\/wp-content\/uploads\/2016\/06\/Willkommen-im-echten-Leben-Max-Planck-Gymnasium-Dortmund-1024x481.jpg\" alt=\"\" width=\"940\" height=\"442\" srcset=\"https:\/\/mpg-do.de\/wp-content\/uploads\/2016\/06\/Willkommen-im-echten-Leben-Max-Planck-Gymnasium-Dortmund-1024x481.jpg 1024w, https:\/\/mpg-do.de\/wp-content\/uploads\/2016\/06\/Willkommen-im-echten-Leben-Max-Planck-Gymnasium-Dortmund-300x141.jpg 300w, https:\/\/mpg-do.de\/wp-content\/uploads\/2016\/06\/Willkommen-im-echten-Leben-Max-Planck-Gymnasium-Dortmund-768x361.jpg 768w, https:\/\/mpg-do.de\/wp-content\/uploads\/2016\/06\/Willkommen-im-echten-Leben-Max-Planck-Gymnasium-Dortmund-600x282.jpg 600w, https:\/\/mpg-do.de\/wp-content\/uploads\/2016\/06\/Willkommen-im-echten-Leben-Max-Planck-Gymnasium-Dortmund-64x30.jpg 64w, https:\/\/mpg-do.de\/wp-content\/uploads\/2016\/06\/Willkommen-im-echten-Leben-Max-Planck-Gymnasium-Dortmund-260x122.jpg 260w, https:\/\/mpg-do.de\/wp-content\/uploads\/2016\/06\/Willkommen-im-echten-Leben-Max-Planck-Gymnasium-Dortmund.jpg 1280w\" sizes=\"auto, (max-width: 940px) 100vw, 940px\" \/><\/a><\/p>\n","protected":false},"excerpt":{"rendered":"<p>Informationen zur Studien- und Berufsorientierung Unter diesem Link sind aktuelle Hinweise und Informationen zur Studien- und Berufsorientierung f\u00fcr Sch\u00fcler_innen und Eltern\/ Erziehungsberechtigte abrufbar: Informationen zur Studien- und Berufsorientierung der Stadt Dortmund Studien- und Berufsorientierung in der Sekundarstufe I Bereits in der Sekundarstufe I begleiten wir unsere Sch\u00fcler_innen auf dem Weg in den Beruf. Im Jahrgang &hellip; <\/p>\n<p class=\"link-more\"><a href=\"https:\/\/mpg-do.de\/?page_id=1200\" class=\"more-link\"><span class=\"screen-reader-text\">\u201eBerufsberatung\u201c <\/span>weiterlesen<\/a><\/p>\n","protected":false},"author":11,"featured_media":0,"parent":0,"menu_order":0,"comment_status":"closed","ping_status":"closed","template":"","meta":{"_crdt_document":"","footnotes":""},"class_list":["post-1200","page","type-page","status-publish","hentry","entry"],"_links":{"self":[{"href":"https:\/\/mpg-do.de\/index.php?rest_route=\/wp\/v2\/pages\/1200","targetHints":{"allow":["GET"]}}],"collection":[{"href":"https:\/\/mpg-do.de\/index.php?rest_route=\/wp\/v2\/pages"}],"about":[{"href":"https:\/\/mpg-do.de\/index.php?rest_route=\/wp\/v2\/types\/page"}],"author":[{"embeddable":true,"href":"https:\/\/mpg-do.de\/index.php?rest_route=\/wp\/v2\/users\/11"}],"replies":[{"embeddable":true,"href":"https:\/\/mpg-do.de\/index.php?rest_route=%2Fwp%2Fv2%2Fcomments&post=1200"}],"version-history":[{"count":57,"href":"https:\/\/mpg-do.de\/index.php?rest_route=\/wp\/v2\/pages\/1200\/revisions"}],"predecessor-version":[{"id":14498,"href":"https:\/\/mpg-do.de\/index.php?rest_route=\/wp\/v2\/pages\/1200\/revisions\/14498"}],"wp:attachment":[{"href":"https:\/\/mpg-do.de\/index.php?rest_route=%2Fwp%2Fv2%2Fmedia&parent=1200"}],"curies":[{"name":"wp","href":"https:\/\/api.w.org\/{rel}","templated":true}]}}