{"id":1228,"date":"2016-06-30T14:12:18","date_gmt":"2016-06-30T12:12:18","guid":{"rendered":"http:\/\/news.mpg-dortmund.de\/?page_id=1228"},"modified":"2019-09-13T09:56:24","modified_gmt":"2019-09-13T07:56:24","slug":"wirtschaftsenglisch","status":"publish","type":"page","link":"https:\/\/mpg-do.de\/?page_id=1228","title":{"rendered":"Wirtschaftsenglisch"},"content":{"rendered":"<div><img loading=\"lazy\" decoding=\"async\" class=\"aligncenter size-medium wp-image-5425\" src=\"https:\/\/noobserver.de\/wp-content\/uploads\/2018\/09\/IHK2018-e1536595406421-300x207.jpg\" alt=\"\" width=\"300\" height=\"207\" srcset=\"https:\/\/mpg-do.de\/wp-content\/uploads\/2018\/09\/IHK2018-e1536595406421-300x207.jpg 300w, https:\/\/mpg-do.de\/wp-content\/uploads\/2018\/09\/IHK2018-e1536595406421-768x530.jpg 768w, https:\/\/mpg-do.de\/wp-content\/uploads\/2018\/09\/IHK2018-e1536595406421-1024x706.jpg 1024w, https:\/\/mpg-do.de\/wp-content\/uploads\/2018\/09\/IHK2018-e1536595406421-64x44.jpg 64w, https:\/\/mpg-do.de\/wp-content\/uploads\/2018\/09\/IHK2018-e1536595406421-1320x911.jpg 1320w, https:\/\/mpg-do.de\/wp-content\/uploads\/2018\/09\/IHK2018-e1536595406421-260x179.jpg 260w\" sizes=\"auto, (max-width: 300px) 100vw, 300px\" \/><\/div>\n<div><\/div>\n<div>In der globalisierten Wirtschaftswelt sind spezielle englische Kommunikationsf\u00e4higkeiten gefragt. Sch\u00fcler_innen der 8. und 9. Klasse k\u00f6nnen im Rahmen des Wahlpflichtsbereiches Grundlagen erwerben, die sie sp\u00e4ter im Beruf weiter ausbauen k\u00f6nnen.<\/div>\n<div><\/div>\n<div>Die Kompetenzen <em>Korrespondieren, Telefonieren, Pr\u00e4sentieren<\/em> werden ab Klasse 8 im Kurs gezielt gef\u00f6rdert. Ab Klasse 9 kommen die Kompetenzen <em>Verhandlungen f\u00fchren<\/em> und <em>Besprechungen leiten<\/em> hinzu und werden vertieft.<\/div>\n<div><\/div>\n<div>Mit dem Kursangebot m\u00f6chten wir vor allem die Sch\u00fcler_innen ansprechen, die ihre guten Englischkenntnisse noch weiter ausbauen wollen. Somit ist das Wahlpflichtfach Wirtschaftsenglisch aufgrund der unterschiedlichen Inhalten keine Nachhilfem\u00f6glichkeit f\u00fcr <em>normales<\/em> Englisch.<\/div>\n<p>Ziele des Kurses sind die Besch\u00e4ftigung mit in der Schule nicht allt\u00e4glichen Lerninhalten, das Ausbauen der eigenen F\u00e4higkeiten und Fertigkeiten <em>(skills: listening, reading, speaking, writing)<\/em>, das Erlangen einer Basis f\u00fcr erfolgreiche Kommunikation im sp\u00e4teren Berufsleben und die daraus folgende Steigerung des eigenen \u201aMarktwertes\u2018 im Lebenslauf.<\/p>\n","protected":false},"excerpt":{"rendered":"<p>In der globalisierten Wirtschaftswelt sind spezielle englische Kommunikationsf\u00e4higkeiten gefragt. Sch\u00fcler_innen der 8. und 9. Klasse k\u00f6nnen im Rahmen des Wahlpflichtsbereiches Grundlagen erwerben, die sie sp\u00e4ter im Beruf weiter ausbauen k\u00f6nnen. Die Kompetenzen Korrespondieren, Telefonieren, Pr\u00e4sentieren werden ab Klasse 8 im Kurs gezielt gef\u00f6rdert. Ab Klasse 9 kommen die Kompetenzen Verhandlungen f\u00fchren und Besprechungen leiten hinzu &hellip; <\/p>\n<p class=\"link-more\"><a href=\"https:\/\/mpg-do.de\/?page_id=1228\" class=\"more-link\"><span class=\"screen-reader-text\">\u201eWirtschaftsenglisch\u201c <\/span>weiterlesen<\/a><\/p>\n","protected":false},"author":13,"featured_media":0,"parent":458,"menu_order":0,"comment_status":"closed","ping_status":"closed","template":"","meta":{"_crdt_document":"","footnotes":""},"class_list":["post-1228","page","type-page","status-publish","hentry","entry"],"_links":{"self":[{"href":"https:\/\/mpg-do.de\/index.php?rest_route=\/wp\/v2\/pages\/1228","targetHints":{"allow":["GET"]}}],"collection":[{"href":"https:\/\/mpg-do.de\/index.php?rest_route=\/wp\/v2\/pages"}],"about":[{"href":"https:\/\/mpg-do.de\/index.php?rest_route=\/wp\/v2\/types\/page"}],"author":[{"embeddable":true,"href":"https:\/\/mpg-do.de\/index.php?rest_route=\/wp\/v2\/users\/13"}],"replies":[{"embeddable":true,"href":"https:\/\/mpg-do.de\/index.php?rest_route=%2Fwp%2Fv2%2Fcomments&post=1228"}],"version-history":[{"count":3,"href":"https:\/\/mpg-do.de\/index.php?rest_route=\/wp\/v2\/pages\/1228\/revisions"}],"predecessor-version":[{"id":6902,"href":"https:\/\/mpg-do.de\/index.php?rest_route=\/wp\/v2\/pages\/1228\/revisions\/6902"}],"up":[{"embeddable":true,"href":"https:\/\/mpg-do.de\/index.php?rest_route=\/wp\/v2\/pages\/458"}],"wp:attachment":[{"href":"https:\/\/mpg-do.de\/index.php?rest_route=%2Fwp%2Fv2%2Fmedia&parent=1228"}],"curies":[{"name":"wp","href":"https:\/\/api.w.org\/{rel}","templated":true}]}}