{"id":13524,"date":"2024-09-05T08:53:21","date_gmt":"2024-09-05T06:53:21","guid":{"rendered":"https:\/\/mpg-do.de\/?page_id=13524"},"modified":"2024-11-22T11:11:18","modified_gmt":"2024-11-22T10:11:18","slug":"booktok","status":"publish","type":"page","link":"https:\/\/mpg-do.de\/?page_id=13524","title":{"rendered":"Booktok"},"content":{"rendered":"\n<div data-wp-interactive=\"core\/file\" class=\"wp-block-file\"><object data-wp-bind--hidden=\"!state.hasPdfPreview\" hidden class=\"wp-block-file__embed\" data=\"https:\/\/mpg-do.de\/wp-content\/uploads\/2024\/09\/BooktokLogo.pdf\" type=\"application\/pdf\" style=\"width:100%;height:600px\" aria-label=\"Einbettung von BooktokLogo.\"><\/object><a id=\"wp-block-file--media-46d3c513-0a42-41ae-a10c-c7a1a105ac9b\" href=\"https:\/\/mpg-do.de\/wp-content\/uploads\/2024\/09\/BooktokLogo.pdf\">BooktokLogo<\/a><a href=\"https:\/\/mpg-do.de\/wp-content\/uploads\/2024\/09\/BooktokLogo.pdf\" class=\"wp-block-file__button wp-element-button\" download aria-describedby=\"wp-block-file--media-46d3c513-0a42-41ae-a10c-c7a1a105ac9b\">Herunterladen<\/a><\/div>\n\n\n\n<p class=\"wp-block-paragraph\"><strong>Let&#8217;s talk about Booktok<\/strong><\/p>\n\n\n\n<p class=\"wp-block-paragraph\">Von: TIB und ZAB<\/p>\n\n\n\n<p class=\"wp-block-paragraph\"><strong>Wer:<\/strong> Klasse 7-Q2<br><strong>Wann:<\/strong> Mittwochs (alle zwei Wochen) in der 7. und 8. Stunde<br><strong>Wo:<\/strong> R16<\/p>\n\n\n\n<p class=\"wp-block-paragraph\"><strong>Kurzbeschreibung:&nbsp;<\/strong><\/p>\n\n\n\n<p class=\"wp-block-paragraph\">Du interessierst dich f\u00fcr Literatur, die sonst&nbsp; in der Schule nur wenig Platz findet, und magst es in andere Welten einzutauchen? Dann bieten wir dir verschiedene&nbsp; kreative M\u00f6glichkeiten (B\u00fccherzirkel, Buchpr\u00e4sentationen, Erstellung von Reels, kreatives Schreiben, etc.) um mit Gleichgesinnten in den Austausch oder auch in die Gestaltung zu gehen.<\/p>\n","protected":false},"excerpt":{"rendered":"<p>Let&#8217;s talk about Booktok Von: TIB und ZAB Wer: Klasse 7-Q2Wann: Mittwochs (alle zwei Wochen) in der 7. und 8. StundeWo: R16 Kurzbeschreibung:&nbsp; Du interessierst dich f\u00fcr Literatur, die sonst&nbsp; in der Schule nur wenig Platz findet, und magst es in andere Welten einzutauchen? Dann bieten wir dir verschiedene&nbsp; kreative M\u00f6glichkeiten (B\u00fccherzirkel, Buchpr\u00e4sentationen, Erstellung von &hellip; <\/p>\n<p class=\"link-more\"><a href=\"https:\/\/mpg-do.de\/?page_id=13524\" class=\"more-link\"><span class=\"screen-reader-text\">\u201eBooktok\u201c <\/span>weiterlesen<\/a><\/p>\n","protected":false},"author":11,"featured_media":0,"parent":679,"menu_order":0,"comment_status":"closed","ping_status":"closed","template":"","meta":{"_crdt_document":"","footnotes":""},"class_list":["post-13524","page","type-page","status-publish","hentry","entry"],"_links":{"self":[{"href":"https:\/\/mpg-do.de\/index.php?rest_route=\/wp\/v2\/pages\/13524","targetHints":{"allow":["GET"]}}],"collection":[{"href":"https:\/\/mpg-do.de\/index.php?rest_route=\/wp\/v2\/pages"}],"about":[{"href":"https:\/\/mpg-do.de\/index.php?rest_route=\/wp\/v2\/types\/page"}],"author":[{"embeddable":true,"href":"https:\/\/mpg-do.de\/index.php?rest_route=\/wp\/v2\/users\/11"}],"replies":[{"embeddable":true,"href":"https:\/\/mpg-do.de\/index.php?rest_route=%2Fwp%2Fv2%2Fcomments&post=13524"}],"version-history":[{"count":3,"href":"https:\/\/mpg-do.de\/index.php?rest_route=\/wp\/v2\/pages\/13524\/revisions"}],"predecessor-version":[{"id":13707,"href":"https:\/\/mpg-do.de\/index.php?rest_route=\/wp\/v2\/pages\/13524\/revisions\/13707"}],"up":[{"embeddable":true,"href":"https:\/\/mpg-do.de\/index.php?rest_route=\/wp\/v2\/pages\/679"}],"wp:attachment":[{"href":"https:\/\/mpg-do.de\/index.php?rest_route=%2Fwp%2Fv2%2Fmedia&parent=13524"}],"curies":[{"name":"wp","href":"https:\/\/api.w.org\/{rel}","templated":true}]}}