{"id":2227,"date":"2016-11-05T14:27:38","date_gmt":"2016-11-05T13:27:38","guid":{"rendered":"http:\/\/news.mpg-dortmund.de\/?page_id=2227"},"modified":"2023-06-13T11:20:47","modified_gmt":"2023-06-13T09:20:47","slug":"i-net-bargeldlose-schule","status":"publish","type":"page","link":"https:\/\/mpg-do.de\/?page_id=2227","title":{"rendered":"i-Net &#8211; Bargeldlose Schule"},"content":{"rendered":"<p><strong>Der gesamte Zahlungsverkehr<\/strong> am Max-Planck-Gymnasium wird bargeldlos betrieben.<\/p>\n<p>Alle Betr\u00e4ge innerhalb der Schule werden nur \u00fcber das i-NET-System gebucht. Aus diesem Grund ist es auch notwendig, dass alle Sch\u00fcler im System angemeldet sind. Im Zuge der Einf\u00fchrung des i-NET-Systems wurde von der Schulpflegschaft beschlossen, dass pro Monat f\u00fcr jeden Sch\u00fcler_in 2 \u20ac abgebucht werden.<br \/>\nDas i-NET funktioniert \u00e4hnlich <strong>wie eine Prepaidkarte im Handy<\/strong>. Ein Betrag wird auf das i-NET-Schulkonto \u00fcberwiesen, dieser \u00fcberwiesene Betrag wird dann dem i-Net-Sch\u00fclerkonto gutgeschrieben. Die Schule erh\u00e4lt also niemals Zugriff auf das Bankkonto der Eltern! Geschwisterkinder erhalten jeweils eigene Zugangsdaten, allerdings legt das System so genannte Familienkonten an, so dass der Geldbetrag immer als Summe erscheint. \u00dcber die ausgeh\u00e4ndigten Zugangsdaten kann jeder i-NET-Teilnehmer <strong>Essensbestellungen<\/strong> t\u00e4tigen und einen <strong>Kontoauszug<\/strong> einsehen, dort k\u00f6nnen alle Buchungen verfolgt werden. Auf Wunsch der Elternschaft wurde eine Emailbenachrichtigung bei einem zu niedrigen Kontostand installiert. In zwei Stufen (Kontostand unter zehn und unter zwei Euro) werden Benachrichtigungen verschickt.<\/p>\n<p>F\u00fcr einen reibungslosen Ablauf des Systems wurden folgende Punkte vereinbart:<\/p>\n<p>Pro Schuljahr sollte ein <strong>Sockelbetrag von 50 \u20ac<\/strong> \u00fcberweisen werden. Diese 50 \u20ac sind nur als Guthaben gedacht und nicht als Geb\u00fchr zu verstehen.<\/p>\n<p>1. Alle Betr\u00e4ge werden auf das i-NET-Schulkonto \u00fcberwiesen:<\/p>\n<p><strong>Name der Bank: Stadtsparkasse Dortmund<\/strong><br \/>\n<strong> Kontoinhaber: Max-Planck-Gymnasium Dortmund<\/strong><br \/>\n<strong> IBAN: DE35 4405 0199 0001 2186 89<\/strong><br \/>\n<strong> BIC-\/SWIFT-Code: DORTDE33XXX<\/strong><\/p>\n<p>2. F\u00fcr eine korrekte Zuordnung ist es zwingend notwendig, dass folgende Angaben im <strong>Verwendungszweck<\/strong> angef\u00fchrt werden: <strong>Name, Vorname, Klasse<\/strong> (des\/der Kinder)<\/p>\n<p>3. Die Zugangsdaten erh\u00e4lt jedes Kind nach erstmaliger \u00dcberweisung. Wichtig: Jedes Kind hat einen eigenen Zugang.<\/p>\n<p>4. Mit den Zugangsdaten kann man sich auf der Homepage www.mpg-dortmund.inetmenue.de in das System einloggen.<\/p>\n<p>5. Nach dem Einloggen k\u00f6nnen:<\/p>\n<ul>\n<li>Essen bestellt werden.<\/li>\n<li>unter \u201eVerwaltung\u201c =&gt; \u201eMeine Daten\u201c Benutzername und Passwort ge\u00e4ndert werden. (Benutzername und Passwort d\u00fcrfen kein \u201e\u00e4\u201c, \u201e\u00f6\u201c, \u201e\u00fc\u201c oder \u201e\u00df\u201c enthalten.)<\/li>\n<li>die Kontobewegungen \u00fcber den i-NET-Kontoauszug eingesehen werden.<\/li>\n<\/ul>\n<p><strong>Abmeldung vom i-NET und R\u00fcckzahlung nach bestandenem Abitur:<\/strong><\/p>\n<p>Eine Abmeldung vom i-NET erfolgt nach dem Abitur automatisch, sodass keine weiteren Abbuchungen vorgenommen werden. F\u00fcr die R\u00fcckzahlung der Betr\u00e4ge auf den i-NET Konten ist es notwendig, dass der Schule eine Kontoverbindung mitgeteilt wird, auf die das m\u00f6gliche Restgeld \u00fcberwiesen werden soll.<\/p>\n<p><strong>Abmeldung vom i-NET und R\u00fcckzahlung bei vorzeitiger Abmeldung vom MPG:<\/strong><\/p>\n<p>Sch\u00fcler , die das MPG vorzeitig oder innerhalb des Schuljahres verlassen, erhalten bei der Abmeldung eine Information, dass die Kontoverbindung mitgeteilt wird.<\/p>\n<p><strong>Ansprechpartner:<\/strong><\/p>\n<p>Frau P\u00fctz, Frau Masuch, Herr Walter und Frau Sangermann<\/p>\n<p>inet (at) mpg-dortmund.de<\/p>\n<p>F\u00fcr R\u00fcckfragen stehen wir Ihnen gerne zur Verf\u00fcgung.<\/p>\n<p><strong><a href=\"https:\/\/mpg-do.de\/wp-content\/uploads\/2020\/06\/Rueckerstattung_Guthaben_i_NET.pdf\">Formular f\u00fcr die R\u00fcckerstattung von Guthaben vom iNet-Konto<\/a><\/strong><\/p>\n","protected":false},"excerpt":{"rendered":"<p>Der gesamte Zahlungsverkehr am Max-Planck-Gymnasium wird bargeldlos betrieben. Alle Betr\u00e4ge innerhalb der Schule werden nur \u00fcber das i-NET-System gebucht. Aus diesem Grund ist es auch notwendig, dass alle Sch\u00fcler im System angemeldet sind. Im Zuge der Einf\u00fchrung des i-NET-Systems wurde von der Schulpflegschaft beschlossen, dass pro Monat f\u00fcr jeden Sch\u00fcler_in 2 \u20ac abgebucht werden. Das &hellip; <\/p>\n<p class=\"link-more\"><a href=\"https:\/\/mpg-do.de\/?page_id=2227\" class=\"more-link\"><span class=\"screen-reader-text\">\u201ei-Net &#8211; Bargeldlose Schule\u201c <\/span>weiterlesen<\/a><\/p>\n","protected":false},"author":1,"featured_media":0,"parent":0,"menu_order":0,"comment_status":"closed","ping_status":"closed","template":"","meta":{"_crdt_document":"","footnotes":""},"class_list":["post-2227","page","type-page","status-publish","hentry","entry"],"_links":{"self":[{"href":"https:\/\/mpg-do.de\/index.php?rest_route=\/wp\/v2\/pages\/2227","targetHints":{"allow":["GET"]}}],"collection":[{"href":"https:\/\/mpg-do.de\/index.php?rest_route=\/wp\/v2\/pages"}],"about":[{"href":"https:\/\/mpg-do.de\/index.php?rest_route=\/wp\/v2\/types\/page"}],"author":[{"embeddable":true,"href":"https:\/\/mpg-do.de\/index.php?rest_route=\/wp\/v2\/users\/1"}],"replies":[{"embeddable":true,"href":"https:\/\/mpg-do.de\/index.php?rest_route=%2Fwp%2Fv2%2Fcomments&post=2227"}],"version-history":[{"count":9,"href":"https:\/\/mpg-do.de\/index.php?rest_route=\/wp\/v2\/pages\/2227\/revisions"}],"predecessor-version":[{"id":12359,"href":"https:\/\/mpg-do.de\/index.php?rest_route=\/wp\/v2\/pages\/2227\/revisions\/12359"}],"wp:attachment":[{"href":"https:\/\/mpg-do.de\/index.php?rest_route=%2Fwp%2Fv2%2Fmedia&parent=2227"}],"curies":[{"name":"wp","href":"https:\/\/api.w.org\/{rel}","templated":true}]}}