{"id":2638,"date":"2016-11-08T21:05:49","date_gmt":"2016-11-08T20:05:49","guid":{"rendered":"http:\/\/news.mpg-dortmund.de\/?page_id=2638"},"modified":"2021-01-21T10:28:05","modified_gmt":"2021-01-21T09:28:05","slug":"schulvereinbarung","status":"publish","type":"page","link":"https:\/\/mpg-do.de\/?page_id=2638","title":{"rendered":"Schulvereinbarung"},"content":{"rendered":"\n<div class=\"wp-block-group alignwide\"><div class=\"wp-block-group__inner-container is-layout-flow wp-block-group-is-layout-flow\">\n<p><strong>Pr\u00e4ambel:<\/strong><\/p>\n<p>Das Max-Planck-Gymnasium versteht sich als Ort des Lernens und Lebens, an dem Sch\u00fclerinnen und Sch\u00fcler, Lehrerinnen und Lehrer, Eltern, Schulleitung und Mitarbeiterinnen und Mitarbeiter eine Gemeinschaft bilden mit dem Ziel, sich bei der Umsetzung des Schulprogramms gegenseitig zu unterst\u00fctzen.<\/p>\n<p>Als Grundlage f\u00fcr unser Schulprogramm und im Sinne des Schulgesetzes treffen wir, die am Schulleben des Max-Planck-Gymnasiums beteiligten Sch\u00fclerinnen und Sch\u00fcler, Lehrerinnen und Lehrer, Eltern, Schulleitung und Mitarbeiterinnen und Mitarbeiter folgende Vereinbarung:<\/p>\n<p>Das Max-Planck-Gymnasium pr\u00e4gt wie jede Schule durch Erziehung und Unterricht in gemeinsamer Verantwortung mit den Eltern das individuelle, politische und soziale Verhalten der Sch\u00fclerinnen und Sch\u00fcler und dadurch die gegenw\u00e4rtige und zuk\u00fcnftige Gesellschaft. Es ist das Ziel dieser gemeinsamen Vereinbarung, das Schulleben so zu gestalten, dass das Lernen in Ruhe, mit Erfolg und Freude und in einem einvernehmlichen Miteinander m\u00f6glich ist.<\/p>\n<p>Wir respektieren in der SCHULGEMEINSCHAFT unsere Verschiedenheit in Person, Verhalten und Standpunkten. Es ist f\u00fcr uns selbstverst\u00e4ndlich, dass wir Konflikte nur im Gespr\u00e4ch und in gegenseitiger Achtung austragen und sensibel sind f\u00fcr pers\u00f6nliche Grenzen und r\u00fccksichtsvoll im Umgang mit anderen.<\/p>\n<p>Vornehmstes Ziel der Erziehung ist es, eine Atmosph\u00e4re zu schaffen, in der die Achtung vor der W\u00fcrde des Menschen und Bereitschaft zum sozialen Handeln geweckt wird. Unser Menschenbild ist gepr\u00e4gt vom Geist der Menschlichkeit, Demokratie und Freiheit, der Toleranz und Achtung vor der \u00dcberzeugung des anderen.<\/p>\n<p>Folgende Leitlinien verpflichten wir uns gemeinschaftlich:<\/p>\n<ul>\n<li>Jede Sch\u00fclerin und jeder Sch\u00fcler hat das Recht, ungest\u00f6rt zu lernen.<\/li>\n<li>Jede Lehrerin und jeder Lehrer hat das Recht, ungest\u00f6rt zu unterrichten. Wir gehen jederzeit h\u00f6flich, r\u00fccksichtsvoll und verantwortlich miteinander um.<\/li>\n<li>Die geltende Hausordnung wird von uns akzeptiert und eingehalten.<\/li>\n<\/ul>\n<p>Daher verpflichten wir Sch\u00fclerinnen und Sch\u00fcler uns, das Lernen in unsere eigene Verantwortung zu \u00fcbernehmen;<\/p>\n<ul>\n<li>gut vorbereitet, ausgeruht, p\u00fcnktlich und regelm\u00e4\u00dfig zum Unterricht zu erscheinen;\u00a0Hausaufgaben sorgf\u00e4ltig und selbstst\u00e4ndig anzufertigen und die notwendigen Arbeitsmittel mitzubringen;<\/li>\n<li>aktiv am Unterricht mitzuwirken und ihn nicht zu st\u00f6ren;<br \/>Mitsch\u00fclerinnen und Mitsch\u00fcler ausreden zu lassen und einander zuzuh\u00f6ren;<\/li>\n<li>niemanden zu blamieren, zu beleidigen und auszulachen;<\/li>\n<li>notwendige Kritik sachlich und fair zu \u00e4u\u00dfern;<\/li>\n<li>konstruktiv zusammenzuarbeiten und uns gegenseitig zu unterst\u00fctzen;<\/li>\n<li>Informationen an die Eltern bzw. Lehrerinnen und Lehrer unverz\u00fcglich und vollst\u00e4ndig weiterzugeben;<\/li>\n<li>die Arbeit der Lehrerinnen und Lehrer zu respektieren und ihnen h\u00f6flich zu begegnen;<\/li>\n<li>die Arbeit der Sch\u00fclervertretungen zu w\u00fcrdigen und zu unterst\u00fctzen;<\/li>\n<li>fremdes und schulisches Eigentum pfleglich zu behandeln und seinen Wert zu sch\u00e4tzen;<\/li>\n<li>aus Fehlverhalten zu lernen, es zu korrigieren und entstandene Sch\u00e4den wiedergutzumachen.<\/li>\n<\/ul>\n<p>Wir Lehrerinnen und Lehrer verpflichten uns,den erzieherischen Anspruch der Schulvereinbarung, vor allem, was den respektvollen Umgang miteinander angeht, konsequent und verantwortlich umzusetzen;<\/p>\n<ul>\n<li>f\u00fcr eine freundliche und sachorientierte Lernatmosph\u00e4re zu sorgen, in der jede\/jeder gleicherma\u00dfen ernst genommen wird;<\/li>\n<li>unseren Unterricht gut vorzubereiten, uns an Vereinbarungen aus<br \/>Teamsitzungen, Fachkonferenzen usw. zu halten und uns an aktuellen fachlichen und fachdidaktischen Erkenntnissen zu orientieren;<\/li>\n<li>den Sch\u00fclerinnen und Sch\u00fclern R\u00fcckmeldungen f\u00fcr ihre Leistungen zu geben und ihre Einsatz- und Anstrengungsbereitschaft nicht nur in Klassenarbeiten zu w\u00fcrdigen;<\/li>\n<li>die Kritikf\u00e4higkeit unserer Sch\u00fclerinnen und Sch\u00fcler zu f\u00f6rdern;<\/li>\n<li>die Beurteilungskriterien und die Verfahren der Leistungsmessung transparent zu machen;<\/li>\n<li>uns sachlicher Kritik zu stellen und diese zu reflektieren;<\/li>\n<li>das konstruktive Gespr\u00e4ch mit Sch\u00fclerinnen, Sch\u00fclern und Eltern fr\u00fchzeitig zu suchen, wenn sich\u00a0Fehlentwicklungen oder Fehlverhalten abzeichnen;<\/li>\n<li>Unterricht und Pausenaufsichten p\u00fcnktlich zu beginnen;<\/li>\n<li>in unserem eigenen Verhalten beispielgebend f\u00fcr Sch\u00fclerinnen und Sch\u00fcler zu sein.<\/li>\n<\/ul>\n<p>Wir Eltern verpflichten uns, unsere Erziehungsverantwortung wahrzunehmen;<br \/>unsere Kinder anzuhalten, die Schulvereinbarung ernst zu nehmen;<\/p>\n<ul>\n<li>uns f\u00fcr die schulische Arbeit unserer Kinder zu interessieren und uns dar\u00fcber zu informieren;<\/li>\n<li>unsere Kinder in allen schulischen Belangen angemessen zu unterst\u00fctzen und daf\u00fcr zu sorgen, dass sie p\u00fcnktlich, regelm\u00e4\u00dfig, ausgeruht und gut vorbereitet die Schule besuchen;<\/li>\n<li>f\u00fcr ein ruhiges h\u00e4usliches Lernumfeld und einen geeigneten Arbeitsplatz zu sorgen;<\/li>\n<li>unsere Kinder in der selbstst\u00e4ndigen und gewissenhaften Anfertigung der Hausaufgaben zu unterst\u00fctzen;<\/li>\n<li>die Arbeit der Sch\u00fclerinnen und Sch\u00fcler sowie der Lehrerinnen und Lehrer anzuerkennen und aktiv zu unterst\u00fctzen;<\/li>\n<li>uns mit den Lehrerinnen und Lehrern \u00fcber wichtige Lebens- und Lernumst\u00e4nde der Sch\u00fclerinnen und Sch\u00fcler auszutauschen und Meinungsverschiedenheiten zun\u00e4chst mit den Beteiligten direkt zu kl\u00e4ren;<\/li>\n<li>uns bei der Gestaltung des Schullebens zu engagieren.<\/li>\n<\/ul>\n<p>Die Schulleitung verpflichtet sich,sich daf\u00fcr einzusetzen, dass das Schulprogramm umgesetzt und kontinuierlich weiterentwickelt wird;<\/p>\n<ul>\n<li>offene Kommunikation und Zusammenarbeit bei allen schulischen Aktivit\u00e4ten zu betreiben und zu f\u00f6rdern;<\/li>\n<li>fr\u00fchzeitig \u00fcber organisatorische und p\u00e4dagogische Ma\u00dfnahmen die Mitwirkungs-Gremien zu informieren;<\/li>\n<li>darauf hinzuwirken, dass der Unterricht nach der Stundentafel erteilt wird und im Falle einer Verhinderung f\u00fcr eine m\u00f6glichst fachgerechte Vertretung zu sorgen;<\/li>\n<li>auf die Umsetzung geltender Regeln zu achten und Fehlverhalten nicht zu dulden.<\/li>\n<\/ul>\n<p>Die Mitarbeiter und Mitarbeiterinnen, Hausmeister in der Schulverwaltung verpflichten sich,verantwortungsvolle Ansprechpartnerinnen und \u2013partner f\u00fcr Lehrkr\u00e4fte, Sch\u00fclerinnen, Sch\u00fcler und Eltern zu sein;<\/p>\n<ul>\n<li>sie bei der Erf\u00fcllung ihrer Aufgaben und Ziele nach besten Kr\u00e4ften zu unterst\u00fctzen.<\/li>\n<\/ul>\n<\/div><\/div>\n\n\n\n<p class=\"wp-block-paragraph\"><\/p>\n","protected":false},"excerpt":{"rendered":"<p>Pr\u00e4ambel: Das Max-Planck-Gymnasium versteht sich als Ort des Lernens und Lebens, an dem Sch\u00fclerinnen und Sch\u00fcler, Lehrerinnen und Lehrer, Eltern, Schulleitung und Mitarbeiterinnen und Mitarbeiter eine Gemeinschaft bilden mit dem Ziel, sich bei der Umsetzung des Schulprogramms gegenseitig zu unterst\u00fctzen. Als Grundlage f\u00fcr unser Schulprogramm und im Sinne des Schulgesetzes treffen wir, die am Schulleben &hellip; <\/p>\n<p class=\"link-more\"><a href=\"https:\/\/mpg-do.de\/?page_id=2638\" class=\"more-link\"><span class=\"screen-reader-text\">\u201eSchulvereinbarung\u201c <\/span>weiterlesen<\/a><\/p>\n","protected":false},"author":13,"featured_media":0,"parent":0,"menu_order":0,"comment_status":"closed","ping_status":"closed","template":"","meta":{"_crdt_document":"","footnotes":""},"class_list":["post-2638","page","type-page","status-publish","hentry","entry"],"_links":{"self":[{"href":"https:\/\/mpg-do.de\/index.php?rest_route=\/wp\/v2\/pages\/2638","targetHints":{"allow":["GET"]}}],"collection":[{"href":"https:\/\/mpg-do.de\/index.php?rest_route=\/wp\/v2\/pages"}],"about":[{"href":"https:\/\/mpg-do.de\/index.php?rest_route=\/wp\/v2\/types\/page"}],"author":[{"embeddable":true,"href":"https:\/\/mpg-do.de\/index.php?rest_route=\/wp\/v2\/users\/13"}],"replies":[{"embeddable":true,"href":"https:\/\/mpg-do.de\/index.php?rest_route=%2Fwp%2Fv2%2Fcomments&post=2638"}],"version-history":[{"count":5,"href":"https:\/\/mpg-do.de\/index.php?rest_route=\/wp\/v2\/pages\/2638\/revisions"}],"predecessor-version":[{"id":9459,"href":"https:\/\/mpg-do.de\/index.php?rest_route=\/wp\/v2\/pages\/2638\/revisions\/9459"}],"wp:attachment":[{"href":"https:\/\/mpg-do.de\/index.php?rest_route=%2Fwp%2Fv2%2Fmedia&parent=2638"}],"curies":[{"name":"wp","href":"https:\/\/api.w.org\/{rel}","templated":true}]}}