{"id":2906,"date":"2016-11-11T12:08:33","date_gmt":"2016-11-11T11:08:33","guid":{"rendered":"http:\/\/news.mpg-dortmund.de\/?page_id=2906"},"modified":"2026-02-14T17:27:11","modified_gmt":"2026-02-14T16:27:11","slug":"sekretariat-2","status":"publish","type":"page","link":"https:\/\/mpg-do.de\/?page_id=2906","title":{"rendered":"Sekretariat"},"content":{"rendered":"<p>Unsere Schulsekret\u00e4rinnen, <strong>Frau \u00d6zcan<\/strong> und <strong>Frau Schr\u00f6ter<\/strong>, sorgen zuverl\u00e4ssig f\u00fcr die Koordination verwalterischer Abl\u00e4ufe.<\/p>\n<p><strong>\u00d6ffnungszeiten:<\/strong><br \/>\nMontag-Donnerstag 7.45 Uhr bis 13.00 Uhr<br \/>\nFreitag 7.45 Uhr bis 12.00 Uhr<br \/>\n(\u00d6ffnungszeiten in den Ferien finden Sie unter <a href=\"..\/?page_id=869\">Aktuelles<\/a>)<br \/>\nTel.: (0231) 50 24360<br \/>\nFax: (0231) 50 10144<br \/>\n<a href=\"mailto:max-planck-gymnasium@stadtdo.de\">max-planck-gymnasium@stadtdo.de<\/a><\/p>\n<p>&nbsp;<\/p>\n","protected":false},"excerpt":{"rendered":"<p>Unsere Schulsekret\u00e4rinnen, Frau \u00d6zcan und Frau Schr\u00f6ter, sorgen zuverl\u00e4ssig f\u00fcr die Koordination verwalterischer Abl\u00e4ufe. \u00d6ffnungszeiten: Montag-Donnerstag 7.45 Uhr bis 13.00 Uhr Freitag 7.45 Uhr bis 12.00 Uhr (\u00d6ffnungszeiten in den Ferien finden Sie unter Aktuelles) Tel.: (0231) 50 24360 Fax: (0231) 50 10144 max-planck-gymnasium@stadtdo.de &nbsp;<\/p>\n","protected":false},"author":1,"featured_media":0,"parent":0,"menu_order":0,"comment_status":"closed","ping_status":"closed","template":"","meta":{"_crdt_document":"","footnotes":""},"class_list":["post-2906","page","type-page","status-publish","hentry","entry"],"_links":{"self":[{"href":"https:\/\/mpg-do.de\/index.php?rest_route=\/wp\/v2\/pages\/2906","targetHints":{"allow":["GET"]}}],"collection":[{"href":"https:\/\/mpg-do.de\/index.php?rest_route=\/wp\/v2\/pages"}],"about":[{"href":"https:\/\/mpg-do.de\/index.php?rest_route=\/wp\/v2\/types\/page"}],"author":[{"embeddable":true,"href":"https:\/\/mpg-do.de\/index.php?rest_route=\/wp\/v2\/users\/1"}],"replies":[{"embeddable":true,"href":"https:\/\/mpg-do.de\/index.php?rest_route=%2Fwp%2Fv2%2Fcomments&post=2906"}],"version-history":[{"count":22,"href":"https:\/\/mpg-do.de\/index.php?rest_route=\/wp\/v2\/pages\/2906\/revisions"}],"predecessor-version":[{"id":14817,"href":"https:\/\/mpg-do.de\/index.php?rest_route=\/wp\/v2\/pages\/2906\/revisions\/14817"}],"wp:attachment":[{"href":"https:\/\/mpg-do.de\/index.php?rest_route=%2Fwp%2Fv2%2Fmedia&parent=2906"}],"curies":[{"name":"wp","href":"https:\/\/api.w.org\/{rel}","templated":true}]}}