{"id":3549,"date":"2017-02-01T11:13:55","date_gmt":"2017-02-01T10:13:55","guid":{"rendered":"http:\/\/news.mpg-dortmund.de\/?page_id=3549"},"modified":"2026-01-27T19:05:51","modified_gmt":"2026-01-27T18:05:51","slug":"vertretungsplan","status":"publish","type":"page","link":"https:\/\/mpg-do.de\/?page_id=3549","title":{"rendered":"Webuntis"},"content":{"rendered":"<p><a href=\"https:\/\/mpg-do.de\/wp-content\/uploads\/2026\/01\/Anleitung-fuer-Schueler.pdf\">Webuntis f\u00fcr Sch\u00fcler_innen<\/a><\/p>\n<p><a href=\"https:\/\/mpg-do.de\/wp-content\/uploads\/2026\/01\/Anleitung-fuer-Eltern.pdf\">Webuntis f\u00fcr Eltern<\/a><\/p>\n","protected":false},"excerpt":{"rendered":"<p>Webuntis f\u00fcr Sch\u00fcler_innen Webuntis f\u00fcr Eltern<\/p>\n","protected":false},"author":13,"featured_media":0,"parent":0,"menu_order":0,"comment_status":"closed","ping_status":"closed","template":"","meta":{"_crdt_document":"","footnotes":""},"class_list":["post-3549","page","type-page","status-publish","hentry","entry"],"_links":{"self":[{"href":"https:\/\/mpg-do.de\/index.php?rest_route=\/wp\/v2\/pages\/3549","targetHints":{"allow":["GET"]}}],"collection":[{"href":"https:\/\/mpg-do.de\/index.php?rest_route=\/wp\/v2\/pages"}],"about":[{"href":"https:\/\/mpg-do.de\/index.php?rest_route=\/wp\/v2\/types\/page"}],"author":[{"embeddable":true,"href":"https:\/\/mpg-do.de\/index.php?rest_route=\/wp\/v2\/users\/13"}],"replies":[{"embeddable":true,"href":"https:\/\/mpg-do.de\/index.php?rest_route=%2Fwp%2Fv2%2Fcomments&post=3549"}],"version-history":[{"count":35,"href":"https:\/\/mpg-do.de\/index.php?rest_route=\/wp\/v2\/pages\/3549\/revisions"}],"predecessor-version":[{"id":14755,"href":"https:\/\/mpg-do.de\/index.php?rest_route=\/wp\/v2\/pages\/3549\/revisions\/14755"}],"wp:attachment":[{"href":"https:\/\/mpg-do.de\/index.php?rest_route=%2Fwp%2Fv2%2Fmedia&parent=3549"}],"curies":[{"name":"wp","href":"https:\/\/api.w.org\/{rel}","templated":true}]}}