{"id":4433,"date":"2017-11-17T16:31:34","date_gmt":"2017-11-17T15:31:34","guid":{"rendered":"http:\/\/news.mpg-dortmund.de\/?page_id=4433"},"modified":"2025-10-08T11:10:52","modified_gmt":"2025-10-08T09:10:52","slug":"ergaenzungsstunden","status":"publish","type":"page","link":"https:\/\/mpg-do.de\/?page_id=4433","title":{"rendered":"Erg\u00e4nzungsstunden"},"content":{"rendered":"<div class=\"page\" title=\"Page 74\">\n<div class=\"layoutArea\">\n<div class=\"column\">\n<p>Neben den Kernstunden werden allen Sch\u00fcler_innen in den Klassen 5 \u2013 9 Erg\u00e4nzungsstun- den angeboten. Diese Stunden dienen insbesondere der <a href=\"..\/?page_id=685\">Intensivierung der individuellen F\u00f6rderung<\/a> in den F\u00e4chern Deutsch und Mathematik sowie in den Fremdsprachen und den Naturwissenschaften. Zudem k\u00f6nnen sie zur Profilbildung der Schule verwendet werden. (APO SI \u00a717, Abs. 4)<\/p>\n<p>In der Sekundarstufe I ist eine Stundenzahl von 163 Stunden (inklusive der 10-12 Erg\u00e4nzungsstunden) verpflichtend, davon d\u00fcrfen f\u00fcnf Stunden optional angeboten werden.\u00a0Zur individuellen F\u00f6rderung werden am Max-Planck-Gymnasium folgende Stunden verwendet:<\/p>\n<ul>\n<li>Jg. 5+6: Deutsch \/ LRS (f\u00fcr die Nicht-Profilklassen a + c)<\/li>\n<li>Jg. 5 \/ 6: Naturwissenschaften (optional)<\/li>\n<li>Jg. 5: Portfolioarbeit \u00dcbergangsgestaltung (durch die Klassenleitung)<\/li>\n<li>Jg. 6: Sport bilingual (Englisch)<\/li>\n<li>Jg. 7: Naturwissenschaften<\/li>\n<li>Jg. 7: Englisch (optional)<\/li>\n<li>Jg. 8: Bewerben + Pr\u00e4sentieren<\/li>\n<li>Jg. 9: <a href=\"..\/?page_id=4455\">Lerncoaching<\/a> (optional)<\/li>\n<li>Jg. 9: Mathematik<\/li>\n<\/ul>\n<p>Zur Profilbildung der Schule werden folgende Stunden verwendet:<\/p>\n<ul>\n<li>Jg. 5+6: Musik (Bl\u00e4serklasse)<\/li>\n<li>Jg. 5+6: Fremdsprachen (<a href=\"..\/?project=franzoesisch\">franz\u00f6sisch-bilinguale Klasse<\/a>)<\/li>\n<li>Jg. 7+8: bilingualer Sachfachunterricht in Erdkunde und Geschichte im franz\u00f6sisch-bilingualen Bildungsgang<\/li>\n<\/ul>\n<\/div>\n<\/div>\n<\/div>\n","protected":false},"excerpt":{"rendered":"<p>Neben den Kernstunden werden allen Sch\u00fcler_innen in den Klassen 5 \u2013 9 Erg\u00e4nzungsstun- den angeboten. Diese Stunden dienen insbesondere der Intensivierung der individuellen F\u00f6rderung in den F\u00e4chern Deutsch und Mathematik sowie in den Fremdsprachen und den Naturwissenschaften. Zudem k\u00f6nnen sie zur Profilbildung der Schule verwendet werden. (APO SI \u00a717, Abs. 4) In der Sekundarstufe I &hellip; <\/p>\n<p class=\"link-more\"><a href=\"https:\/\/mpg-do.de\/?page_id=4433\" class=\"more-link\"><span class=\"screen-reader-text\">\u201eErg\u00e4nzungsstunden\u201c <\/span>weiterlesen<\/a><\/p>\n","protected":false},"author":1,"featured_media":0,"parent":0,"menu_order":0,"comment_status":"closed","ping_status":"closed","template":"","meta":{"_crdt_document":"","footnotes":""},"class_list":["post-4433","page","type-page","status-publish","hentry","entry"],"_links":{"self":[{"href":"https:\/\/mpg-do.de\/index.php?rest_route=\/wp\/v2\/pages\/4433","targetHints":{"allow":["GET"]}}],"collection":[{"href":"https:\/\/mpg-do.de\/index.php?rest_route=\/wp\/v2\/pages"}],"about":[{"href":"https:\/\/mpg-do.de\/index.php?rest_route=\/wp\/v2\/types\/page"}],"author":[{"embeddable":true,"href":"https:\/\/mpg-do.de\/index.php?rest_route=\/wp\/v2\/users\/1"}],"replies":[{"embeddable":true,"href":"https:\/\/mpg-do.de\/index.php?rest_route=%2Fwp%2Fv2%2Fcomments&post=4433"}],"version-history":[{"count":7,"href":"https:\/\/mpg-do.de\/index.php?rest_route=\/wp\/v2\/pages\/4433\/revisions"}],"predecessor-version":[{"id":14446,"href":"https:\/\/mpg-do.de\/index.php?rest_route=\/wp\/v2\/pages\/4433\/revisions\/14446"}],"wp:attachment":[{"href":"https:\/\/mpg-do.de\/index.php?rest_route=%2Fwp%2Fv2%2Fmedia&parent=4433"}],"curies":[{"name":"wp","href":"https:\/\/api.w.org\/{rel}","templated":true}]}}