{"id":4455,"date":"2017-11-18T17:09:08","date_gmt":"2017-11-18T16:09:08","guid":{"rendered":"http:\/\/news.mpg-dortmund.de\/?page_id=4455"},"modified":"2025-11-18T14:50:37","modified_gmt":"2025-11-18T13:50:37","slug":"lerncoaching","status":"publish","type":"page","link":"https:\/\/mpg-do.de\/?page_id=4455","title":{"rendered":"Lerncoaching"},"content":{"rendered":"<p>Freiwilliges Angebot f\u00fcr Sch\u00fcler_innen<\/p>\n<p>Beim Lerncoaching handelt es sich um eine individuell zugeschnittene, professionelle Beratung, die euch darin unterst\u00fctzt, Euer eigenes Lernen zu verbessern und individuelle schulische Schwierigkeiten selbstbestimmt in den Griff zu bekommen<\/p>\n<p>Das Lerncoaching richtet sich an alle diejenigen, die mit ihrer schulischen Situation unzufrieden sind bzw. mit schulischen Problemen konfrontiert sind, die sie bisher noch nicht l\u00f6sen konnten (z.B. Pr\u00fcfungsangst, Konzentrationsschwierigkeiten, fehlende Motivation, Schwierigkeiten in Bezug auf Arbeitsmethodik, Selbstorganisation oder Vorbereitung von Klassenarbeiten, etc.).<\/p>\n<p>Der Schwerpunkt des Lerncoaching liegt dabei nicht auf m\u00f6glichen Defiziten, sondern auf euren individuellen St\u00e4rken und F\u00e4higkeiten und soll entsprechend eine Hilfe zur Selbsthilfe bieten. Der Lerncoach hat dabei nicht die Rolle einer Fachlehrerin \/ eines Fachlehrers, sondern unterst\u00fctzt euch darin, die eigenen Schwierigkeiten klar zu erfassen und selbstst\u00e4ndig L\u00f6sungsans\u00e4tze zur Bew\u00e4ltigung derselben zu entwickeln. Von zentraler Bedeutung ist dabei, dass dies alles in einem vertraulichen Rahmen stattfindet, d.h. das, was besprochen wird, wird ohne eure ausdr\u00fcckliche Erlaubnis an niemanden weitergegeben.<\/p>\n<p>Wir drei haben eine Ausbildung zum Lerncoach abgeschlossen und verf\u00fcgen \u00fcber mehrj\u00e4hrige praktische Erfahrung in diesem Bereich. Lerncoachingtermine machen wir bei Interesse gerne individuell ab. Das Angebot ist absolut freiwillig und es ergeben sich daraus keine weiteren Verpflichtungen f\u00fcr euch. Wer das Angebot annimmt, entscheidet also ausschlie\u00dflich selbst, ob es weitere Sitzungen geben soll oder nicht.<\/p>\n<p>Bei Interesse und \/ oder Nachfragen k\u00f6nnt ihr euch gerne an uns wenden \u2013 entweder pers\u00f6nlich in der Schule oder per Mail:<br \/>\n<a href=\"mailto:lerncoaching@mpg-dortmund.de\" target=\"_blank\" rel=\"noopener\">lerncoaching@mpg-dortmund.de<\/a><\/p>\n<p>Wir freuen uns \u00fcber jede R\u00fcckmeldung!<\/p>\n<p>Malte Miehlisch, Kathrin Sangermann und Stefanie Weckenbrock<\/p>\n<div style=\"width: 640px;\" class=\"wp-video\"><video class=\"wp-video-shortcode\" id=\"video-4455-1\" width=\"640\" height=\"360\" preload=\"metadata\" controls=\"controls\"><source type=\"video\/mp4\" src=\"https:\/\/mpg-do.de\/wp-content\/uploads\/2018\/05\/mysimpleshow_Lerncoaching.mp4?_=1\" \/><a href=\"https:\/\/mpg-do.de\/wp-content\/uploads\/2018\/05\/mysimpleshow_Lerncoaching.mp4\">https:\/\/mpg-do.de\/wp-content\/uploads\/2018\/05\/mysimpleshow_Lerncoaching.mp4<\/a><\/video><\/div>\n","protected":false},"excerpt":{"rendered":"<p>Freiwilliges Angebot f\u00fcr Sch\u00fcler_innen Beim Lerncoaching handelt es sich um eine individuell zugeschnittene, professionelle Beratung, die euch darin unterst\u00fctzt, Euer eigenes Lernen zu verbessern und individuelle schulische Schwierigkeiten selbstbestimmt in den Griff zu bekommen Das Lerncoaching richtet sich an alle diejenigen, die mit ihrer schulischen Situation unzufrieden sind bzw. mit schulischen Problemen konfrontiert sind, die &hellip; <\/p>\n<p class=\"link-more\"><a href=\"https:\/\/mpg-do.de\/?page_id=4455\" class=\"more-link\"><span class=\"screen-reader-text\">\u201eLerncoaching\u201c <\/span>weiterlesen<\/a><\/p>\n","protected":false},"author":1,"featured_media":0,"parent":0,"menu_order":0,"comment_status":"closed","ping_status":"closed","template":"","meta":{"_crdt_document":"","footnotes":""},"class_list":["post-4455","page","type-page","status-publish","hentry","entry"],"_links":{"self":[{"href":"https:\/\/mpg-do.de\/index.php?rest_route=\/wp\/v2\/pages\/4455","targetHints":{"allow":["GET"]}}],"collection":[{"href":"https:\/\/mpg-do.de\/index.php?rest_route=\/wp\/v2\/pages"}],"about":[{"href":"https:\/\/mpg-do.de\/index.php?rest_route=\/wp\/v2\/types\/page"}],"author":[{"embeddable":true,"href":"https:\/\/mpg-do.de\/index.php?rest_route=\/wp\/v2\/users\/1"}],"replies":[{"embeddable":true,"href":"https:\/\/mpg-do.de\/index.php?rest_route=%2Fwp%2Fv2%2Fcomments&post=4455"}],"version-history":[{"count":11,"href":"https:\/\/mpg-do.de\/index.php?rest_route=\/wp\/v2\/pages\/4455\/revisions"}],"predecessor-version":[{"id":14551,"href":"https:\/\/mpg-do.de\/index.php?rest_route=\/wp\/v2\/pages\/4455\/revisions\/14551"}],"wp:attachment":[{"href":"https:\/\/mpg-do.de\/index.php?rest_route=%2Fwp%2Fv2%2Fmedia&parent=4455"}],"curies":[{"name":"wp","href":"https:\/\/api.w.org\/{rel}","templated":true}]}}