{"id":5020,"date":"2018-05-17T16:52:21","date_gmt":"2018-05-17T14:52:21","guid":{"rendered":"http:\/\/news.mpg-dortmund.de\/?page_id=5020"},"modified":"2026-01-21T09:59:41","modified_gmt":"2026-01-21T08:59:41","slug":"datenschutzerklaerung","status":"publish","type":"page","link":"https:\/\/mpg-do.de\/?page_id=5020","title":{"rendered":"Datenschutzerkl\u00e4rung"},"content":{"rendered":"<p><strong>Geltungsbereich<br \/>\n<\/strong>Diese Datenschutzerkl\u00e4rung soll die Nutzer dieser Website gem\u00e4\u00df Bundesdatenschutzgesetz und Telemediengesetz \u00fcber die Art, den Umfang und den Zweck der Erhebung und Verwendung personenbezogener Daten durch den Websitebetreiber Max-Planck-Gymnasium Dortmund, Ardeystra\u00dfe 70-72, 44139 Dortmund, vertreten durch den Schulleiter Dr. Markus Tendahl, informieren.<\/p>\n<p><strong>Verantwortliche<br \/>\n<\/strong>Verantwortliche gem. Art. 4 Abs. 7 EU-Datenschutz-Grundverordnung (EU-DSGVO) ist<\/p>\n<p>Herr Dr. Markus Tendahl<br \/>\nMax-Planck-Gymnasium Dortmund<br \/>\nArdeystra\u00dfe 70-72, 44139 Dortmund<br \/>\ntendahl(at)mpg-dortmund.de<br \/>\n(siehe unser Impressum)<\/p>\n<p><b>Datenschutzbeauftragter<br \/>\n<\/b>Sie erreichen unseren Datenschutzbeauftragten f\u00fcr Dortmunder Schulen unter\u00a0datenschutz-do@bdsb.nrw.schule<\/p>\n<p><strong>Datenschutz<br \/>\n<\/strong>Im Folgenden informieren wir \u00fcber die Erhebung personenbezogener Daten bei Nutzung unserer Website. Personenbezogene Daten sind alle Daten, die auf Sie pers\u00f6nlich beziehbar sind, z. B. Name, Adresse, E-Mail-Adressen, Nutzerverhalten.<br \/>\nBei Ihrer Kontaktaufnahme mit uns per E-Mail oder \u00fcber ein Kontaktformular werden die von Ihnen mitgeteilten Daten (Ihre E-Mail-Adresse, ggf. Ihr Name und Ihre Telefonnummer) von uns gespeichert, um Ihre Fragen zu beantworten. Die in diesem Zusammenhang anfallenden Daten l\u00f6schen wir, nachdem die Speicherung nicht mehr erforderlich ist, oder schr\u00e4nken die Verarbeitung ein, falls gesetzliche Aufbewahrungspflichten bestehen.<br \/>\nFalls wir f\u00fcr einzelne Funktionen unseres Angebots auf beauftragte Dienstleister zur\u00fcckgreifen oder Ihre Daten f\u00fcr werbliche Zwecke nutzen m\u00f6chten, werden wir Sie untenstehend im Detail \u00fcber die jeweiligen Vorg\u00e4nge informieren. <span style=\"color: #000000;\">Dabei nennen wir auch die festgelegten Kriterien der Speicherdauer.<\/span><\/p>\n<p><strong>Ihre Rechte<\/strong><\/p>\n<p>Hinsichtlich der Sie betreffenden personenbezogenen Daten, die auf dieser Webseite verarbeitet werden, haben Sie uns gegen\u00fcber folgende Rechte:<\/p>\n<ul>\n<li>Recht auf Auskunft,<\/li>\n<li>Recht auf Berichtigung oder L\u00f6schung,<\/li>\n<li>Recht auf Einschr\u00e4nkung der Verarbeitung,<\/li>\n<li>Recht auf Widerspruch gegen die Verarbeitung,<\/li>\n<li>Recht auf Daten\u00fcbertragbarkeit.<\/li>\n<\/ul>\n<p>Sie haben zudem das Recht, sich bei einer Datenschutz-Aufsichtsbeh\u00f6rde \u00fcber die Verarbeitung Ihrer personenbezogenen Daten durch uns zu beschweren.<\/p>\n<p>Landesbeauftragte f\u00fcr Datenschutz und Informationsfreiheit<br \/>\nNordrhein-Westfalen<br \/>\nPostfach 20 04 44<br \/>\n40102 D\u00fcsseldorf<br \/>\nTel.: 0211\/38424-0<br \/>\nFax: 0211\/38424-10<br \/>\nE-Mail: poststelle(at)ldi.nrw.de<\/p>\n<p><span style=\"color: #000000;\">Werden personenbezogene Daten an ein Drittland oder an eine internationale Organisation \u00fcbermittelt, so haben Sie das Recht, \u00fcber die geeigneten Garantien gem\u00e4\u00df Art. 46 EU-DSGVO im Zusammenhang mit der \u00dcbermittlung unterrichtet zu werden.<\/span><\/p>\n<h3><strong>Erhebung und Zweck personenbezogener Daten bei Besuch unserer Website<\/strong><\/h3>\n<p><strong>Server Log Dateien<\/strong><br \/>\nBei der blo\u00df informatorischen Nutzung der Website, also wenn Sie sich nicht registrieren oder uns anderweitig Informationen \u00fcbermitteln, erheben wir nur die personenbezogenen Daten, die Ihr Browser an unseren Server \u00fcbermittelt. Wenn Sie unsere Website betrachten m\u00f6chten, erheben wir die folgenden Daten, die f\u00fcr uns technisch erforderlich sind, um Ihnen unsere Website anzuzeigen und die Stabilit\u00e4t und Sicherheit zu gew\u00e4hrleisten (Rechtsgrundlage ist Art. 6 Abs. 1 S. 1 lit. f EU-DSGVO):<\/p>\n<ul>\n<li>IP-Adresse<\/li>\n<li>Datum und Uhrzeit der Anfrage<\/li>\n<li>Zeitzonendifferenz zur Greenwich Mean Time (GMT)<\/li>\n<li>Inhalt der Anforderung (konkrete Seite)<\/li>\n<li>Zugriffsstatus\/HTTP-Statuscode<\/li>\n<li>jeweils \u00fcbertragene Datenmenge<\/li>\n<li>Website, von der die Anforderung kommt<\/li>\n<li>Browser<\/li>\n<li>Betriebssystem und dessen Oberfl\u00e4che<\/li>\n<li>Sprache und Version der Browsersoftware<\/li>\n<\/ul>\n<p><strong>Cookies<\/strong><\/p>\n<p>Zus\u00e4tzlich zu den zuvor genannten Daten werden bei Ihrer Nutzung unserer Website Cookies auf Ihrem Rechner gespeichert. Bei Cookies handelt es sich um kleine Textdateien, die auf Ihrer Festplatte dem von Ihnen verwendeten Browser zugeordnet gespeichert werden und durch welche der Stelle, die den Cookie setzt (hier durch uns), bestimmte Informationen zuflie\u00dfen. Cookies k\u00f6nnen keine Programme ausf\u00fchren oder Viren auf Ihren Computer \u00fcbertragen. Sie dienen dazu, das Internetangebot insgesamt nutzerfreundlicher und effektiver zu machen.<\/p>\n<p>Es werden dabei folgende Arten von Cookies verwendet:<\/p>\n<p>Diese Website nutzt folgende Arten von Cookies, deren Umfang und Funktionsweise im Folgenden erl\u00e4utert werden:<\/p>\n<ul>\n<li>Transiente Cookies<\/li>\n<li>Persistente Cookies<\/li>\n<\/ul>\n<p>Transiente Cookies werden automatisiert gel\u00f6scht, wenn Sie den Browser schlie\u00dfen. Dazu z\u00e4hlen insbesondere die Session-Cookies. Diese speichern eine sogenannte Session-ID, mit welcher sich verschiedene Anfragen Ihres Browsers der gemeinsamen Sitzung zuordnen lassen. Dadurch kann Ihr Rechner wiedererkannt werden, wenn Sie auf unsere Website zur\u00fcckkehren. Die Session-Cookies werden gel\u00f6scht, wenn Sie sich ausloggen oder den Browser schlie\u00dfen.<br \/>\nPersistente Cookies werden automatisiert nach einer vorgegebenen Dauer gel\u00f6scht, die sich je nach Cookie unterscheiden kann. Sie k\u00f6nnen die Cookies in den Sicherheitseinstellungen Ihres Browsers jederzeit l\u00f6schen.<br \/>\nSie k\u00f6nnen Ihre Browser-Einstellung entsprechend Ihren W\u00fcnschen konfigurieren und z. B. die Annahme von Third-Party-Cookies oder allen Cookies ablehnen. Wir weisen Sie darauf hin, dass Sie eventuell nicht alle Funktionen dieser Website nutzen k\u00f6nnen.<\/p>\n<p><strong>Jetpack<\/strong><br \/>\nIm Rahmen der Auswertung von besonders h\u00e4ufig besuchten Seiten unseres Webauftritts benutzen wir den Dienst<strong> Jetpack.com<\/strong> f\u00fcr die Plattform <strong>WordPress<\/strong>. Hiermit k\u00f6nnen wir als Seitenbetreiber Statistiken einsehen, wie oft welche Seite besucht wurde und aus welchem Land der Besuch stammte.<br \/>\nDetaillierte Informationen finden Sie unter\u00a0<a href=\"https:\/\/jetpack.com\/support\/wordpress-com-stats\/#privacy\">https:\/\/jetpack.com\/support\/wordpress-com-stats\/#privacy<\/a>.<\/p>\n<p><strong>Kontaktformular<\/strong><br \/>\nWenn Sie uns per Kontaktformular Anfragen zukommen lassen, werden Ihre Angaben aus dem Anfrageformular inklusive der von Ihnen dort angegebenen Kontaktdaten zwecks Bearbeitung der Anfrage und f\u00fcr den Fall von Anschlussfragen bei uns gespeichert. Diese Daten geben wir nicht ohne Ihre Einwilligung weiter. Die gespeicherten Informationen werden gel\u00f6scht, sobald die Bearbeitung Ihre Anfrage abgeschlossen wurde.<\/p>\n<p><strong>E-Mail<\/strong><br \/>\nWenn Sie unsere Schule \u00fcber eine der auf der Homepage angegebenen E-Mail Adressen kontaktieren, werden die Daten der E-Mail von uns gespeichert, bis die Bearbeitung Ihrer Anfrage abgeschlossen ist. Bitte beachten Sie, dass per E-Mail \u00fcber das Internet verschickte Daten ohne Verschl\u00fcsselung nicht\u00a0vor der unbefugten Kenntnisnahme durch Dritte gesch\u00fctzt sind. F\u00fcr die \u00dcbermittlung vertraulicher Informationen bitten wir Sie in Ihrem Interesse, eine andere Kommunikationsform zu w\u00e4hlen.<\/p>\n<p><strong>Newsletter<br \/>\n<\/strong>Mit Ihrer Einwilligung k\u00f6nnen Sie unseren Newsletter abonnieren, mit dem wir Sie aktuell \u00fcber unsere Schule informieren. Wenn Sie den auf der Website angebotenen Newsletter beziehen m\u00f6chten, ben\u00f6tigen wir von Ihnen eine E-Mail-Adresse sowie Informationen, welche uns die \u00dcberpr\u00fcfung gestatten, dass Sie der Inhaber der angegebenen E-Mail-Adresse sind und mit dem Empfang des Newsletters einverstanden sind. Hierzu werden wir Ihnen nach Ihrer Eingabe eine E-Mail an die angegebene E-Mail-Adresse mit einem Best\u00e4tigungslink versenden (double-opt-in). Wenn Sie Ihre Anmeldung nicht innerhalb von 14 Tage best\u00e4tigen, werden Ihre Informationen gesperrt und nach einem Monat automatisch gel\u00f6scht.<br \/>\nPflichtangabe f\u00fcr die \u00dcbersendung des Newsletters ist allein Ihre E-Mail-Adresse. Dar\u00fcber hinaus speichern wir jeweils Ihre eingesetzten IP-Adressen und Zeitpunkte der Anmeldung und Best\u00e4tigung. Zweck des Verfahrens ist, Ihre Anmeldung nachweisen und ggf. einen m\u00f6glichen Missbrauch Ihrer pers\u00f6nlichen Daten aufkl\u00e4ren zu k\u00f6nnen. Weitere Daten erheben wir in diesem Zusammenhang nicht. Diese Daten verwenden wir ausschlie\u00dflich f\u00fcr den Versand des angeforderten Newsletters. Soweit wir f\u00fcr den Versand des Newsletters einen Auftragsverarbeiter einsetzen, halten wir uns dabei selbstverst\u00e4ndlich an die geltenden Datenschutzgesetze.<br \/>\nIhre Einwilligung in die \u00dcbersendung des Newsletters k\u00f6nnen Sie jederzeit widerrufen und den Newsletter abbestellen. Den Widerruf k\u00f6nnen Sie durch Klick auf den in jeder Newsletter-E-Mail bereitgestellten Link, oder durch eine Nachricht an die oben genannten Kontaktdaten (z.B. E-Mail, Fax, Brief).<br \/>\nDie Datenverarbeitung erfolgt auf Grundlage Ihrer Einwilligung gem. Art. 6 Abs. 1 lit. a DSGVO. Sie k\u00f6nnen Ihre Einwilligung jederzeit widerrufen. Die Rechtm\u00e4\u00dfigkeit der bereits erfolgten Datenverarbeitungsvorg\u00e4nge bleibt vom Widerruf unber\u00fchrt.<\/p>\n<p><strong>Newsletter \u2013 Versanddienstleister<br \/>\n<\/strong>Der Versand der Newsletter erfolgt mittels des Versanddienstleisters \u201eMailPoet\u201c. Die Datenschutzbestimmungen des Versanddienstleisters finden Sie hier: <a href=\"https:\/\/www.mailpoet.com\/privacy-notice\/\">https:\/\/www.mailpoet.com\/privacy-notice\/<\/a> .\u00a0Der Versanddienstleister kann die Daten der Empf\u00e4nger in pseudonymer Form, d.h. ohne Zuordnung zu einem Nutzer, zur Optimierung oder Verbesserung der eigenen Services nutzen, z.B. zur technischen Optimierung des Versandes und der Darstellung der Newsletter oder f\u00fcr statistische Zwecke verwenden. Der Versanddienstleister nutzt die Daten unserer Newsletterempf\u00e4nger jedoch nicht, um diese selbst anzuschreiben oder um die Daten an Dritte weiterzugeben.<\/p>\n<p><strong>Inhalte von Drittanbietern<\/strong><\/p>\n<p><strong>Video \u2013 YouTube<\/strong><br \/>\nAuf unserer Seite verwenden wir Youtube Videos, um \u00fcber das Schulleben zu berichten und im Rahmen des Flipped Classroom zus\u00e4tzliche Lernangebote f\u00fcr den Unterricht und das Lernen zu Hause bereitzustellen. Da es nicht m\u00f6glich ist, die Videos lokal auf unserem Server zu hosten, nutzen wir das Angebot von YouTube, einem Drittanbieter. Technisch bedingt kommt es durch die Einbindung von YouTube Videos zu Aufrufen der Server von YouTube.\u00a0An den YouTube-Server werden dabei Daten Ihres Browsers bzw. Ihres Endger\u00e4tes \u00fcbermittelt. Es wird dabei auch \u00fcbermittelt, welche unserer Internetseiten Sie besucht haben. Sind Sie dabei als Mitglied bei YouTube eingeloggt, ordnet YouTube diese Information Ihrem pers\u00f6nlichen Benutzerkonto zu. Sie k\u00f6nnen diese Zuordnung verhindern, indem Sie sich vor der Nutzung unserer Internetseite aus Ihrem YouTube-Benutzerkonto sowie anderen Benutzerkonten der Firmen YouTube LLC und Google Inc. abmelden und die entsprechenden Cookies der Firmen l\u00f6schen.<\/p>\n<p>F\u00fcr die mit dem Abspielen eines Videos verbundene Verwendung von Daten Ihres Browsers bzw. Endger\u00e4tes verweisen wir auf die Datenschutzhinweise des Anbieters. Weitere Informationen zur Datenverarbeitung und Hinweise zum Datenschutz durch YouTube (Google) finden Sie unter <a href=\"http:\/\/www.google.de\/intl\/de\/policies\/privacy\/\">www.google.de\/intl\/de\/policies\/privacy\/<\/a>.<\/p>\n<p><strong>Kalender &#8211; Google<br \/>\n<\/strong>Auf unserer Seite verwenden wir einen eingebetteten Google-Kalender, um \u00fcber das Schulleben zu berichten. Technisch bedingt kommt es durch die Einbindung von Google-Kalendern zu Aufrufen der Server von Google.\u00a0An den Google-Server werden dabei Daten Ihres Browsers bzw. Ihres Endger\u00e4tes \u00fcbermittelt. Es wird dabei auch \u00fcbermittelt, welche unserer Internetseiten Sie besucht haben. Sind Sie dabei als Mitglied bei Google eingeloggt, ordnet Google diese Information Ihrem pers\u00f6nlichen Benutzerkonto zu. Sie k\u00f6nnen diese Zuordnung verhindern, indem Sie sich vor der Nutzung unserer Internetseite aus Ihrem Google-Benutzerkonto sowie anderen Benutzerkonten der Firma Google Inc. abmelden und die entsprechenden Cookies der Firmen l\u00f6schen.\u00a0Weitere Informationen zur Datenverarbeitung und Hinweise zum Datenschutz durch YouTube (Google) finden Sie unter <a href=\"http:\/\/www.google.de\/intl\/de\/policies\/privacy\/\">www.google.de\/intl\/de\/policies\/privacy\/<\/a>.<\/p>\n<p><strong>Karte &#8211; Open Street Map<\/strong><br \/>\nAuf unserer Seite verwenden wir Karten des Dienstleisters OpenStreetMap. Technisch bedingt kommt des durch die Einbindung der Karten zu Aufrufen der Server von OpenStreetMap. An den OpenStreetMap-Server werdend aber Daten Ihres Browsers bzw. Ihres Endger\u00e4tes \u00fcbermittelt. Die Datenschutzrichtlinie des Anbieters finden sie hier:\u00a0<a href=\"https:\/\/wiki.osmfoundation.org\/wiki\/Privacy_Policy\">https:\/\/wiki.osmfoundation.org\/wiki\/Privacy_Policy<\/a><\/p>\n","protected":false},"excerpt":{"rendered":"<p>Geltungsbereich Diese Datenschutzerkl\u00e4rung soll die Nutzer dieser Website gem\u00e4\u00df Bundesdatenschutzgesetz und Telemediengesetz \u00fcber die Art, den Umfang und den Zweck der Erhebung und Verwendung personenbezogener Daten durch den Websitebetreiber Max-Planck-Gymnasium Dortmund, Ardeystra\u00dfe 70-72, 44139 Dortmund, vertreten durch den Schulleiter Dr. Markus Tendahl, informieren. Verantwortliche Verantwortliche gem. Art. 4 Abs. 7 EU-Datenschutz-Grundverordnung (EU-DSGVO) ist Herr Dr. &hellip; <\/p>\n<p class=\"link-more\"><a href=\"https:\/\/mpg-do.de\/?page_id=5020\" class=\"more-link\"><span class=\"screen-reader-text\">\u201eDatenschutzerkl\u00e4rung\u201c <\/span>weiterlesen<\/a><\/p>\n","protected":false},"author":13,"featured_media":0,"parent":0,"menu_order":0,"comment_status":"closed","ping_status":"closed","template":"","meta":{"_crdt_document":"","footnotes":""},"class_list":["post-5020","page","type-page","status-publish","hentry","entry"],"_links":{"self":[{"href":"https:\/\/mpg-do.de\/index.php?rest_route=\/wp\/v2\/pages\/5020","targetHints":{"allow":["GET"]}}],"collection":[{"href":"https:\/\/mpg-do.de\/index.php?rest_route=\/wp\/v2\/pages"}],"about":[{"href":"https:\/\/mpg-do.de\/index.php?rest_route=\/wp\/v2\/types\/page"}],"author":[{"embeddable":true,"href":"https:\/\/mpg-do.de\/index.php?rest_route=\/wp\/v2\/users\/13"}],"replies":[{"embeddable":true,"href":"https:\/\/mpg-do.de\/index.php?rest_route=%2Fwp%2Fv2%2Fcomments&post=5020"}],"version-history":[{"count":19,"href":"https:\/\/mpg-do.de\/index.php?rest_route=\/wp\/v2\/pages\/5020\/revisions"}],"predecessor-version":[{"id":14722,"href":"https:\/\/mpg-do.de\/index.php?rest_route=\/wp\/v2\/pages\/5020\/revisions\/14722"}],"wp:attachment":[{"href":"https:\/\/mpg-do.de\/index.php?rest_route=%2Fwp%2Fv2%2Fmedia&parent=5020"}],"curies":[{"name":"wp","href":"https:\/\/api.w.org\/{rel}","templated":true}]}}