{"id":648,"date":"2015-05-26T21:15:39","date_gmt":"2015-05-26T19:15:39","guid":{"rendered":"http:\/\/news.mpg-dortmund.de\/?page_id=648"},"modified":"2025-11-22T13:57:08","modified_gmt":"2025-11-22T12:57:08","slug":"eltern","status":"publish","type":"page","link":"https:\/\/mpg-do.de\/?page_id=648","title":{"rendered":"Eltern"},"content":{"rendered":"\n<p class=\"wp-block-paragraph\"><strong>Liebe Eltern,<br><\/strong>Ihre Mitwirkung ist ein wichtiger Bestandteil unseres Schullebens am Max-Planck-<br>Gymnasium.<br>Gemeinsam mit Ihnen m\u00f6chten wir die Schule als Ort des Lernens, der Begegnung<br>und der Entwicklung gestalten.<br>Es gibt viele M\u00f6glichkeiten, sich einzubringen \u2013 ob bei Schulveranstaltungen wie<br>Konzerten oder dem Sponsorenlauf, in Klassen- und Stufenpflegschaften, in der<br>Schulkonferenz oder bei Projekten wie dem Tag der offenen T\u00fcr. Ihre Ideen und Ihr<br>Engagement sind herzlich willkommen!<br>Wir, die gew\u00e4hlten Mitglieder der Schulpflegschaft, vertreten die Interessen aller<br>Eltern in den offiziellen Gremien der Schule und bringen eigene Ideen aktiv in die<br>schulischen Entscheidungen ein. In der Schulkonferenz, dem obersten<br>Mitwirkungsgremium, sind Sie als Eltern durch insgesamt sechs gew\u00e4hlten Mitglieder<br>aus der Schulpflegschaft vertreten.<br>Auch \u00fcber die Schule hinaus sind wir mit anderen Elternvertretungen in Dortmund<br>und NRW vernetzt, um gemeinsam Impulse f\u00fcr ein gutes Bildungssystem zu setzen.<br>Wir freuen uns auf Ihre Unterst\u00fctzung und den offenen Dialog \u2013 f\u00fcr eine starke<br>Schulgemeinschaft!<br><strong>Ihr Team der Schulpflegschaft am Max-Planck-Gymnasium<\/strong><\/p>\n\n\n\n<div data-wp-interactive=\"core\/file\" class=\"wp-block-file\"><object data-wp-bind--hidden=\"!state.hasPdfPreview\" hidden class=\"wp-block-file__embed\" data=\"https:\/\/mpg-do.de\/wp-content\/uploads\/2025\/08\/poster_elternvertretung.pdf\" type=\"application\/pdf\" style=\"width:100%;height:600px\" aria-label=\"Einbettung von poster_elternvertretung.\"><\/object><a id=\"wp-block-file--media-e2d65733-644b-4ae1-8dfb-f661cfbf43a6\" href=\"https:\/\/mpg-do.de\/wp-content\/uploads\/2025\/08\/poster_elternvertretung.pdf\">poster_elternvertretung<\/a><a href=\"https:\/\/mpg-do.de\/wp-content\/uploads\/2025\/08\/poster_elternvertretung.pdf\" class=\"wp-block-file__button wp-element-button\" download aria-describedby=\"wp-block-file--media-e2d65733-644b-4ae1-8dfb-f661cfbf43a6\">Herunterladen<\/a><\/div>\n\n\n\n<h2 class=\"wp-block-heading\">Ansprechpartner<\/h2>\n\n\n\n<p class=\"wp-block-paragraph\"><a href=\"mailto:schulpflegschaft@mpg-dortmund.de\" target=\"_blank\" rel=\"noreferrer noopener\"><strong>schulpflegschaft@mpg-dortmund.de<\/strong><\/a><\/p>\n\n\n\n<p class=\"wp-block-paragraph\"><strong>Schulpflegschaftsvorsitzende<\/strong>r<br>Herr Birkh\u00e4uer, Email: <a href=\"mailto:birkhaeuer.eltern@mpg-dortmund.de\">birkhaeuer.eltern@mpg-dortmund.de<\/a><\/p>\n\n\n\n<p class=\"wp-block-paragraph\"><strong>Stellvertretende Schulpflegschaftsvorsitzende <\/strong><br>Frau Brune, Email: <a href=\"mailto:brune.eltern@mpg-dortmund.de\">brune.eltern@mpg-dortmund.de<\/a><br>Herr Mautner, Email: <a href=\"mailto:mautner.eltern@mpg-dortmund.de\">mautner.eltern@mpg-dortmund.de<\/a><br>Frau Yildirim, Email: <a href=\"mailto:yildirim.eltern@mpg-dortmund.de\">yildirim.eltern@mpg-dortmund.de<\/a><br><\/p>\n\n\n\n<figure class=\"wp-block-gallery has-nested-images columns-default is-cropped wp-block-gallery-1 is-layout-flex wp-block-gallery-is-layout-flex\">\n<figure class=\"wp-block-image size-large\"><img loading=\"lazy\" decoding=\"async\" width=\"450\" height=\"600\" data-id=\"14533\" src=\"https:\/\/mpg-do.de\/wp-content\/uploads\/2025\/11\/thomasbirkhaeuer-450x600.jpg\" alt=\"Thomas Birkh\u00e4uer\" class=\"wp-image-14533\" srcset=\"https:\/\/mpg-do.de\/wp-content\/uploads\/2025\/11\/thomasbirkhaeuer-450x600.jpg 450w, https:\/\/mpg-do.de\/wp-content\/uploads\/2025\/11\/thomasbirkhaeuer-225x300.jpg 225w, https:\/\/mpg-do.de\/wp-content\/uploads\/2025\/11\/thomasbirkhaeuer-768x1024.jpg 768w, https:\/\/mpg-do.de\/wp-content\/uploads\/2025\/11\/thomasbirkhaeuer-1152x1536.jpg 1152w, https:\/\/mpg-do.de\/wp-content\/uploads\/2025\/11\/thomasbirkhaeuer-1536x2048.jpg 1536w, https:\/\/mpg-do.de\/wp-content\/uploads\/2025\/11\/thomasbirkhaeuer-48x64.jpg 48w, https:\/\/mpg-do.de\/wp-content\/uploads\/2025\/11\/thomasbirkhaeuer-1568x2091.jpg 1568w, https:\/\/mpg-do.de\/wp-content\/uploads\/2025\/11\/thomasbirkhaeuer-1320x1760.jpg 1320w, https:\/\/mpg-do.de\/wp-content\/uploads\/2025\/11\/thomasbirkhaeuer-scaled.jpg 1920w\" sizes=\"auto, (max-width: 450px) 100vw, 450px\" \/><figcaption class=\"wp-element-caption\">Thomas Birkh\u00e4uer<\/figcaption><\/figure>\n\n\n\n<figure class=\"wp-block-image size-large\"><img loading=\"lazy\" decoding=\"async\" width=\"447\" height=\"600\" data-id=\"14535\" src=\"https:\/\/mpg-do.de\/wp-content\/uploads\/2025\/11\/annabrune-447x600.jpg\" alt=\"Anna Brune\" class=\"wp-image-14535\" srcset=\"https:\/\/mpg-do.de\/wp-content\/uploads\/2025\/11\/annabrune-447x600.jpg 447w, https:\/\/mpg-do.de\/wp-content\/uploads\/2025\/11\/annabrune-224x300.jpg 224w, https:\/\/mpg-do.de\/wp-content\/uploads\/2025\/11\/annabrune-48x64.jpg 48w, https:\/\/mpg-do.de\/wp-content\/uploads\/2025\/11\/annabrune.jpg 477w\" sizes=\"auto, (max-width: 447px) 100vw, 447px\" \/><figcaption class=\"wp-element-caption\">Anna Brune<\/figcaption><\/figure>\n\n\n\n<figure class=\"wp-block-image size-large is-style-default\"><img loading=\"lazy\" decoding=\"async\" width=\"433\" height=\"600\" data-id=\"14536\" src=\"https:\/\/mpg-do.de\/wp-content\/uploads\/2025\/11\/yaseminyildirim-433x600.jpg\" alt=\"Yasemin Yildirim\" class=\"wp-image-14536\" srcset=\"https:\/\/mpg-do.de\/wp-content\/uploads\/2025\/11\/yaseminyildirim-433x600.jpg 433w, https:\/\/mpg-do.de\/wp-content\/uploads\/2025\/11\/yaseminyildirim-217x300.jpg 217w, https:\/\/mpg-do.de\/wp-content\/uploads\/2025\/11\/yaseminyildirim-768x1063.jpg 768w, https:\/\/mpg-do.de\/wp-content\/uploads\/2025\/11\/yaseminyildirim-1109x1536.jpg 1109w, https:\/\/mpg-do.de\/wp-content\/uploads\/2025\/11\/yaseminyildirim-1479x2048.jpg 1479w, https:\/\/mpg-do.de\/wp-content\/uploads\/2025\/11\/yaseminyildirim-46x64.jpg 46w, https:\/\/mpg-do.de\/wp-content\/uploads\/2025\/11\/yaseminyildirim-1568x2171.jpg 1568w, https:\/\/mpg-do.de\/wp-content\/uploads\/2025\/11\/yaseminyildirim-1320x1827.jpg 1320w, https:\/\/mpg-do.de\/wp-content\/uploads\/2025\/11\/yaseminyildirim-scaled.jpg 1849w\" sizes=\"auto, (max-width: 433px) 100vw, 433px\" \/><figcaption class=\"wp-element-caption\">Yasemin Yildirim<\/figcaption><\/figure>\n\n\n\n<figure class=\"wp-block-image size-large\"><img loading=\"lazy\" decoding=\"async\" width=\"1067\" height=\"600\" data-id=\"14534\" src=\"https:\/\/mpg-do.de\/wp-content\/uploads\/2025\/11\/dirkmautner-1067x600.jpg\" alt=\"Dirk Mautner\" class=\"wp-image-14534\" srcset=\"https:\/\/mpg-do.de\/wp-content\/uploads\/2025\/11\/dirkmautner-1067x600.jpg 1067w, https:\/\/mpg-do.de\/wp-content\/uploads\/2025\/11\/dirkmautner-300x169.jpg 300w, https:\/\/mpg-do.de\/wp-content\/uploads\/2025\/11\/dirkmautner-768x432.jpg 768w, https:\/\/mpg-do.de\/wp-content\/uploads\/2025\/11\/dirkmautner-1536x864.jpg 1536w, https:\/\/mpg-do.de\/wp-content\/uploads\/2025\/11\/dirkmautner-64x36.jpg 64w, https:\/\/mpg-do.de\/wp-content\/uploads\/2025\/11\/dirkmautner-1568x882.jpg 1568w, https:\/\/mpg-do.de\/wp-content\/uploads\/2025\/11\/dirkmautner-1320x743.jpg 1320w, https:\/\/mpg-do.de\/wp-content\/uploads\/2025\/11\/dirkmautner.jpg 1600w\" sizes=\"auto, (max-width: 1067px) 100vw, 1067px\" \/><figcaption class=\"wp-element-caption\">Dirk Mautner<\/figcaption><\/figure>\n<\/figure>\n\n\n\n<div class=\"wp-block-group is-nowrap is-layout-flex wp-container-core-group-is-layout-8f761849 wp-block-group-is-layout-flex\">\n<div class=\"wp-block-columns is-layout-flex wp-container-core-columns-is-layout-8f761849 wp-block-columns-is-layout-flex\">\n<div class=\"wp-block-column is-layout-flow wp-block-column-is-layout-flow\" style=\"flex-basis:100%\"><\/div>\n<\/div>\n<\/div>\n\n\n\n<p class=\"wp-block-paragraph\"><strong>Mitglieder der Schulkonferenz:<br><\/strong>Herr Birkh\u00e4uer<br>Frau Bijok<br>Frau Frinken<br>Frau Viol\u00a0<br>Herr Mautner\u00a0<br>Frau Bitter<\/p>\n\n\n\n<p class=\"wp-block-paragraph\"><\/p>\n\n\n\n<div data-wp-interactive=\"core\/file\" class=\"wp-block-file\"><object data-wp-bind--hidden=\"!state.hasPdfPreview\" hidden class=\"wp-block-file__embed\" data=\"https:\/\/mpg-do.de\/wp-content\/uploads\/2025\/08\/broschure_rund-um-schulmitwirkung.pdf\" type=\"application\/pdf\" style=\"width:100%;height:600px\" aria-label=\"Einbettung von broschure_rund-um-schulmitwirkung.\"><\/object><a id=\"wp-block-file--media-279cc081-b77c-45ac-b060-f46a2edffc6d\" href=\"https:\/\/mpg-do.de\/wp-content\/uploads\/2025\/08\/broschure_rund-um-schulmitwirkung.pdf\">broschure_rund-um-schulmitwirkung<\/a><a href=\"https:\/\/mpg-do.de\/wp-content\/uploads\/2025\/08\/broschure_rund-um-schulmitwirkung.pdf\" class=\"wp-block-file__button wp-element-button\" download aria-describedby=\"wp-block-file--media-279cc081-b77c-45ac-b060-f46a2edffc6d\">Herunterladen<\/a><\/div>\n\n\n\n<div data-wp-interactive=\"core\/file\" class=\"wp-block-file\"><object data-wp-bind--hidden=\"!state.hasPdfPreview\" hidden class=\"wp-block-file__embed\" data=\"https:\/\/mpg-do.de\/wp-content\/uploads\/2025\/08\/20250115-Einfuehrung-in-die-Elternarbeit-in-der-Schule.pdf\" type=\"application\/pdf\" style=\"width:100%;height:600px\" aria-label=\"Einbettung von 20250115-Einfuehrung-in-die-Elternarbeit-in-der-Schule.\"><\/object><a id=\"wp-block-file--media-d35885ce-dfe8-4b62-a5de-1e19c4e423c3\" href=\"https:\/\/mpg-do.de\/wp-content\/uploads\/2025\/08\/20250115-Einfuehrung-in-die-Elternarbeit-in-der-Schule.pdf\">20250115-Einfuehrung-in-die-Elternarbeit-in-der-Schule<\/a><a href=\"https:\/\/mpg-do.de\/wp-content\/uploads\/2025\/08\/20250115-Einfuehrung-in-die-Elternarbeit-in-der-Schule.pdf\" class=\"wp-block-file__button wp-element-button\" download aria-describedby=\"wp-block-file--media-d35885ce-dfe8-4b62-a5de-1e19c4e423c3\">Herunterladen<\/a><\/div>\n","protected":false},"excerpt":{"rendered":"<p>Liebe Eltern,Ihre Mitwirkung ist ein wichtiger Bestandteil unseres Schullebens am Max-Planck-Gymnasium.Gemeinsam mit Ihnen m\u00f6chten wir die Schule als Ort des Lernens, der Begegnungund der Entwicklung gestalten.Es gibt viele M\u00f6glichkeiten, sich einzubringen \u2013 ob bei Schulveranstaltungen wieKonzerten oder dem Sponsorenlauf, in Klassen- und Stufenpflegschaften, in derSchulkonferenz oder bei Projekten wie dem Tag der offenen T\u00fcr. Ihre &hellip; <\/p>\n<p class=\"link-more\"><a href=\"https:\/\/mpg-do.de\/?page_id=648\" class=\"more-link\"><span class=\"screen-reader-text\">\u201eEltern\u201c <\/span>weiterlesen<\/a><\/p>\n","protected":false},"author":13,"featured_media":0,"parent":0,"menu_order":0,"comment_status":"closed","ping_status":"closed","template":"","meta":{"_crdt_document":"","footnotes":""},"class_list":["post-648","page","type-page","status-publish","hentry","entry"],"_links":{"self":[{"href":"https:\/\/mpg-do.de\/index.php?rest_route=\/wp\/v2\/pages\/648","targetHints":{"allow":["GET"]}}],"collection":[{"href":"https:\/\/mpg-do.de\/index.php?rest_route=\/wp\/v2\/pages"}],"about":[{"href":"https:\/\/mpg-do.de\/index.php?rest_route=\/wp\/v2\/types\/page"}],"author":[{"embeddable":true,"href":"https:\/\/mpg-do.de\/index.php?rest_route=\/wp\/v2\/users\/13"}],"replies":[{"embeddable":true,"href":"https:\/\/mpg-do.de\/index.php?rest_route=%2Fwp%2Fv2%2Fcomments&post=648"}],"version-history":[{"count":39,"href":"https:\/\/mpg-do.de\/index.php?rest_route=\/wp\/v2\/pages\/648\/revisions"}],"predecessor-version":[{"id":14557,"href":"https:\/\/mpg-do.de\/index.php?rest_route=\/wp\/v2\/pages\/648\/revisions\/14557"}],"wp:attachment":[{"href":"https:\/\/mpg-do.de\/index.php?rest_route=%2Fwp%2Fv2%2Fmedia&parent=648"}],"curies":[{"name":"wp","href":"https:\/\/api.w.org\/{rel}","templated":true}]}}