{"id":6753,"date":"2019-09-13T08:43:58","date_gmt":"2019-09-13T06:43:58","guid":{"rendered":"https:\/\/noobserver.de\/?page_id=6753"},"modified":"2022-11-17T12:12:10","modified_gmt":"2022-11-17T11:12:10","slug":"portugiesisch","status":"publish","type":"page","link":"https:\/\/mpg-do.de\/?page_id=6753","title":{"rendered":"Portugiesisch"},"content":{"rendered":"\n<figure class=\"wp-block-gallery has-nested-images columns-default is-cropped wp-block-gallery-1 is-layout-flex wp-block-gallery-is-layout-flex\">\n<figure class=\"wp-block-image size-large\"><img loading=\"lazy\" decoding=\"async\" width=\"1024\" height=\"765\" data-id=\"1969\" src=\"https:\/\/mpg-do.de\/wp-content\/uploads\/2012\/06\/2016-Brasilien-Santa-Fe-Max-Planck-Gymnasium-Dortmund-1024x765.jpeg\" alt=\"2016-brasilien-santa-fe-max-planck-gymnasium-dortmund\" class=\"wp-image-1969\" srcset=\"https:\/\/mpg-do.de\/wp-content\/uploads\/2012\/06\/2016-Brasilien-Santa-Fe-Max-Planck-Gymnasium-Dortmund-1024x765.jpeg 1024w, https:\/\/mpg-do.de\/wp-content\/uploads\/2012\/06\/2016-Brasilien-Santa-Fe-Max-Planck-Gymnasium-Dortmund-120x90.jpeg 120w, https:\/\/mpg-do.de\/wp-content\/uploads\/2012\/06\/2016-Brasilien-Santa-Fe-Max-Planck-Gymnasium-Dortmund-300x224.jpeg 300w, https:\/\/mpg-do.de\/wp-content\/uploads\/2012\/06\/2016-Brasilien-Santa-Fe-Max-Planck-Gymnasium-Dortmund-768x574.jpeg 768w, https:\/\/mpg-do.de\/wp-content\/uploads\/2012\/06\/2016-Brasilien-Santa-Fe-Max-Planck-Gymnasium-Dortmund-600x449.jpeg 600w, https:\/\/mpg-do.de\/wp-content\/uploads\/2012\/06\/2016-Brasilien-Santa-Fe-Max-Planck-Gymnasium-Dortmund-64x48.jpeg 64w, https:\/\/mpg-do.de\/wp-content\/uploads\/2012\/06\/2016-Brasilien-Santa-Fe-Max-Planck-Gymnasium-Dortmund-260x194.jpeg 260w, https:\/\/mpg-do.de\/wp-content\/uploads\/2012\/06\/2016-Brasilien-Santa-Fe-Max-Planck-Gymnasium-Dortmund.jpeg 1200w\" sizes=\"auto, (max-width: 1024px) 100vw, 1024px\" \/><figcaption class=\"wp-element-caption\">Brasilien-Austausch &#8211; Sch\u00fcler_innen \u00fcbergeben Spenden des SV-Spendenlaufs<\/figcaption><\/figure>\n\n\n\n<figure class=\"wp-block-image size-large\"><img loading=\"lazy\" decoding=\"async\" width=\"1024\" height=\"677\" data-id=\"3850\" src=\"https:\/\/mpg-do.de\/wp-content\/uploads\/2017\/05\/2017-Portugal-Max-Planck-Gymnasium-Dortmund-1024x677.jpeg\" alt=\"Portugiesisch\" class=\"wp-image-3850\" srcset=\"https:\/\/mpg-do.de\/wp-content\/uploads\/2017\/05\/2017-Portugal-Max-Planck-Gymnasium-Dortmund-1024x677.jpeg 1024w, https:\/\/mpg-do.de\/wp-content\/uploads\/2017\/05\/2017-Portugal-Max-Planck-Gymnasium-Dortmund-300x198.jpeg 300w, https:\/\/mpg-do.de\/wp-content\/uploads\/2017\/05\/2017-Portugal-Max-Planck-Gymnasium-Dortmund-768x508.jpeg 768w, https:\/\/mpg-do.de\/wp-content\/uploads\/2017\/05\/2017-Portugal-Max-Planck-Gymnasium-Dortmund-600x397.jpeg 600w, https:\/\/mpg-do.de\/wp-content\/uploads\/2017\/05\/2017-Portugal-Max-Planck-Gymnasium-Dortmund-64x42.jpeg 64w, https:\/\/mpg-do.de\/wp-content\/uploads\/2017\/05\/2017-Portugal-Max-Planck-Gymnasium-Dortmund-260x172.jpeg 260w, https:\/\/mpg-do.de\/wp-content\/uploads\/2017\/05\/2017-Portugal-Max-Planck-Gymnasium-Dortmund.jpeg 1280w\" sizes=\"auto, (max-width: 1024px) 100vw, 1024px\" \/><figcaption class=\"wp-element-caption\"><a href=\"..\/?page_id=6753\">Portugiesisch<\/a><\/figcaption><\/figure>\n\n\n\n<figure class=\"wp-block-image size-large\"><img loading=\"lazy\" decoding=\"async\" width=\"1024\" height=\"590\" data-id=\"2948\" src=\"https:\/\/mpg-do.de\/wp-content\/uploads\/2016\/11\/Portugal-6-Max-Planck-Gymnasium-Dortmund-1024x590.jpg\" alt=\"Portugal Austausch Max-Planck-Gymnasium Dortmund\" class=\"wp-image-2948\" srcset=\"https:\/\/mpg-do.de\/wp-content\/uploads\/2016\/11\/Portugal-6-Max-Planck-Gymnasium-Dortmund-1024x590.jpg 1024w, https:\/\/mpg-do.de\/wp-content\/uploads\/2016\/11\/Portugal-6-Max-Planck-Gymnasium-Dortmund-300x173.jpg 300w, https:\/\/mpg-do.de\/wp-content\/uploads\/2016\/11\/Portugal-6-Max-Planck-Gymnasium-Dortmund-768x442.jpg 768w, https:\/\/mpg-do.de\/wp-content\/uploads\/2016\/11\/Portugal-6-Max-Planck-Gymnasium-Dortmund-600x346.jpg 600w, https:\/\/mpg-do.de\/wp-content\/uploads\/2016\/11\/Portugal-6-Max-Planck-Gymnasium-Dortmund-64x37.jpg 64w, https:\/\/mpg-do.de\/wp-content\/uploads\/2016\/11\/Portugal-6-Max-Planck-Gymnasium-Dortmund-260x150.jpg 260w, https:\/\/mpg-do.de\/wp-content\/uploads\/2016\/11\/Portugal-6-Max-Planck-Gymnasium-Dortmund.jpg 1200w\" sizes=\"auto, (max-width: 1024px) 100vw, 1024px\" \/><\/figure>\n<\/figure>\n\n\n<blockquote>\n<p>\u00abTenho em mim todos os sonhos do mundo.\u00bb (Ich habe in mir alle Tr\u00e4ume der Welt.) Fernando Pessoa<\/p>\n<\/blockquote>\n<p>Wir lehren im Portugiesischunterricht eine moderne Fremdsprache, die f\u00fcr ihre Kinder einen weiteren wichtigen Schl\u00fcssel zur Erschlie\u00dfung der Welt darstellen kann.<\/p>\n<p>In der Sekundarstufe I bieten wir Portugiesisch im Wahlpflichtbereich ab der 9. Klasse an. Der interaktiv angelegte Unterricht nutzt die Chancen digitaler Medien zum Erlernen der Fremdsprache. In dieser Phase haben die Sch\u00fcler_innen die M\u00f6glichkeit, sich f\u00fcr den <a href=\"https:\/\/mpg-do.de\/?page_id=792\">Brasilienaustausch<\/a> <span style=\"font-weight: 400;\">mit der Deutschen Schule in S\u00e3o Paulo zu bewerben. Dieser Kurs kann auf Wunsch in der Oberstufe fortgef\u00fchrt werden. Im Rahmen der <a href=\"..\/?page_id=1200\">Berufspraktika<\/a>\u00a0 in der Klasse 9, organisieren wir ein zweiw\u00f6chiges Praktikum in einer sozialen Einrichtung in Figueira da Foz, Portugal.<\/span><\/p>\n<p>Dar\u00fcber hinaus besteht in der Sekundarstufe II die M\u00f6glichkeit, Portugiesisch als neu einsetzende Fremdsprache zu w\u00e4hlen und ebenfalls bis zum Abitur fortzuf\u00fchren.<\/p>\n<p>Wir legen im Sinne der Vermittlung einer lebendigen Fremdsprache gro\u00dfen Wert auf interkulturelle Aktivit\u00e4ten. Deshalb organisieren wir f\u00fcr alle Sch\u00fcler_innen in der Q1 eine <a href=\"\/?page_id=792\">Austauschfahrt nach Portugal<\/a>. Die Erfahrung lehrt uns, dass hierbei Freundschaften f\u00fcr das Leben entstehen k\u00f6nnen.<\/p>\n<p>F\u00fcr die im Unterricht erworbenen Kenntnisse bieten wir au\u00dferdem eine internationale Sprachpr\u00fcfung zum Erwerb eines <a href=\"http:\/\/news.mpg-dortmund.de\/?p=3890\">Fremdsprachenzertifikats<\/a> an.<\/p>\n<p>Wir m\u00f6chten die Begeisterung f\u00fcr unser Fach an Ihre Kinder weitergeben.<br \/>Detaillierte Zusatzinformationen finden Sie hier:<\/p>\n<ul>\n<li><a href=\"\/?page_id=2437\">Sprachenfolge<\/a><\/li>\n<li><a href=\"https:\/\/www.rtp.pt\/play\/p3072\/e289664\/hora-dos-portugueses-fim-de-semana\">Das MPG im portugiesischen Fernsehen<\/a><\/li>\n<\/ul>\n<p><a href=\"..\/?tag=portugiesisch\">Aktuelle Berichte zum Fach Portugiesisch<\/a><\/p>","protected":false},"excerpt":{"rendered":"<p>\u00abTenho em mim todos os sonhos do mundo.\u00bb (Ich habe in mir alle Tr\u00e4ume der Welt.) Fernando Pessoa Wir lehren im Portugiesischunterricht eine moderne Fremdsprache, die f\u00fcr ihre Kinder einen weiteren wichtigen Schl\u00fcssel zur Erschlie\u00dfung der Welt darstellen kann. In der Sekundarstufe I bieten wir Portugiesisch im Wahlpflichtbereich ab der 9. Klasse an. Der interaktiv &hellip; <\/p>\n<p class=\"link-more\"><a href=\"https:\/\/mpg-do.de\/?page_id=6753\" class=\"more-link\"><span class=\"screen-reader-text\">\u201ePortugiesisch\u201c <\/span>weiterlesen<\/a><\/p>\n","protected":false},"author":13,"featured_media":0,"parent":458,"menu_order":0,"comment_status":"closed","ping_status":"closed","template":"","meta":{"_crdt_document":"","footnotes":""},"class_list":["post-6753","page","type-page","status-publish","hentry","entry"],"_links":{"self":[{"href":"https:\/\/mpg-do.de\/index.php?rest_route=\/wp\/v2\/pages\/6753","targetHints":{"allow":["GET"]}}],"collection":[{"href":"https:\/\/mpg-do.de\/index.php?rest_route=\/wp\/v2\/pages"}],"about":[{"href":"https:\/\/mpg-do.de\/index.php?rest_route=\/wp\/v2\/types\/page"}],"author":[{"embeddable":true,"href":"https:\/\/mpg-do.de\/index.php?rest_route=\/wp\/v2\/users\/13"}],"replies":[{"embeddable":true,"href":"https:\/\/mpg-do.de\/index.php?rest_route=%2Fwp%2Fv2%2Fcomments&post=6753"}],"version-history":[{"count":4,"href":"https:\/\/mpg-do.de\/index.php?rest_route=\/wp\/v2\/pages\/6753\/revisions"}],"predecessor-version":[{"id":11758,"href":"https:\/\/mpg-do.de\/index.php?rest_route=\/wp\/v2\/pages\/6753\/revisions\/11758"}],"up":[{"embeddable":true,"href":"https:\/\/mpg-do.de\/index.php?rest_route=\/wp\/v2\/pages\/458"}],"wp:attachment":[{"href":"https:\/\/mpg-do.de\/index.php?rest_route=%2Fwp%2Fv2%2Fmedia&parent=6753"}],"curies":[{"name":"wp","href":"https:\/\/api.w.org\/{rel}","templated":true}]}}