{"id":6780,"date":"2019-09-13T08:54:41","date_gmt":"2019-09-13T06:54:41","guid":{"rendered":"https:\/\/noobserver.de\/?page_id=6780"},"modified":"2019-09-13T08:54:41","modified_gmt":"2019-09-13T06:54:41","slug":"cambridge-ag","status":"publish","type":"page","link":"https:\/\/mpg-do.de\/?page_id=6780","title":{"rendered":"Cambridge-AG"},"content":{"rendered":"<p>Die AG bereitet auf die Englisch-Pr\u00fcfung &#8222;Cambridge Certificate of Advanced English&#8220; (CAE) vor. In w\u00f6chentlichen Treffen \u00fcben sich die\u00a0Sch\u00fclerinnen und Sch\u00fcler im Leseverst\u00e4ndnis, im H\u00f6rverst\u00e4ndnis, englischen Sprachgebrauch und im schriftlichen Ausdruck.<\/p>\n<p>Die Anmeldung zu einer Cambridge English Pr\u00fcfung erfolgt direkt bei einem zugelassenen Pr\u00fcfungszentrum in Dortmund.<\/p>\n<p><a href=\"http:\/\/www.cambridgeenglish.org\/de\/exams\/advanced\/\">www.cambridgeenglish.org\/de\/exams\/advanced\/<\/a><\/p>\n","protected":false},"excerpt":{"rendered":"<p>Die AG bereitet auf die Englisch-Pr\u00fcfung &#8222;Cambridge Certificate of Advanced English&#8220; (CAE) vor. In w\u00f6chentlichen Treffen \u00fcben sich die\u00a0Sch\u00fclerinnen und Sch\u00fcler im Leseverst\u00e4ndnis, im H\u00f6rverst\u00e4ndnis, englischen Sprachgebrauch und im schriftlichen Ausdruck. Die Anmeldung zu einer Cambridge English Pr\u00fcfung erfolgt direkt bei einem zugelassenen Pr\u00fcfungszentrum in Dortmund. www.cambridgeenglish.org\/de\/exams\/advanced\/<\/p>\n","protected":false},"author":11,"featured_media":2699,"parent":679,"menu_order":0,"comment_status":"closed","ping_status":"closed","template":"","meta":{"_crdt_document":"","footnotes":""},"class_list":["post-6780","page","type-page","status-publish","has-post-thumbnail","hentry","entry"],"_links":{"self":[{"href":"https:\/\/mpg-do.de\/index.php?rest_route=\/wp\/v2\/pages\/6780","targetHints":{"allow":["GET"]}}],"collection":[{"href":"https:\/\/mpg-do.de\/index.php?rest_route=\/wp\/v2\/pages"}],"about":[{"href":"https:\/\/mpg-do.de\/index.php?rest_route=\/wp\/v2\/types\/page"}],"author":[{"embeddable":true,"href":"https:\/\/mpg-do.de\/index.php?rest_route=\/wp\/v2\/users\/11"}],"replies":[{"embeddable":true,"href":"https:\/\/mpg-do.de\/index.php?rest_route=%2Fwp%2Fv2%2Fcomments&post=6780"}],"version-history":[{"count":1,"href":"https:\/\/mpg-do.de\/index.php?rest_route=\/wp\/v2\/pages\/6780\/revisions"}],"predecessor-version":[{"id":6784,"href":"https:\/\/mpg-do.de\/index.php?rest_route=\/wp\/v2\/pages\/6780\/revisions\/6784"}],"up":[{"embeddable":true,"href":"https:\/\/mpg-do.de\/index.php?rest_route=\/wp\/v2\/pages\/679"}],"wp:featuredmedia":[{"embeddable":true,"href":"https:\/\/mpg-do.de\/index.php?rest_route=\/wp\/v2\/media\/2699"}],"wp:attachment":[{"href":"https:\/\/mpg-do.de\/index.php?rest_route=%2Fwp%2Fv2%2Fmedia&parent=6780"}],"curies":[{"name":"wp","href":"https:\/\/api.w.org\/{rel}","templated":true}]}}