{"id":6782,"date":"2019-09-13T08:55:06","date_gmt":"2019-09-13T06:55:06","guid":{"rendered":"https:\/\/noobserver.de\/?page_id=6782"},"modified":"2025-10-01T16:08:52","modified_gmt":"2025-10-01T14:08:52","slug":"religion","status":"publish","type":"page","link":"https:\/\/mpg-do.de\/?page_id=6782","title":{"rendered":"Religion"},"content":{"rendered":"<blockquote>\n<figure id=\"attachment_14431\" aria-describedby=\"caption-attachment-14431\" style=\"width: 640px\" class=\"wp-caption aligncenter\"><img loading=\"lazy\" decoding=\"async\" class=\"size-large wp-image-14431\" src=\"https:\/\/mpg-do.de\/wp-content\/uploads\/2025\/10\/Fachschaft-Religion-900x600.jpg\" alt=\"Fachschaft Religion\" width=\"640\" height=\"427\" srcset=\"https:\/\/mpg-do.de\/wp-content\/uploads\/2025\/10\/Fachschaft-Religion-900x600.jpg 900w, https:\/\/mpg-do.de\/wp-content\/uploads\/2025\/10\/Fachschaft-Religion-300x200.jpg 300w, https:\/\/mpg-do.de\/wp-content\/uploads\/2025\/10\/Fachschaft-Religion-768x512.jpg 768w, https:\/\/mpg-do.de\/wp-content\/uploads\/2025\/10\/Fachschaft-Religion-1536x1024.jpg 1536w, https:\/\/mpg-do.de\/wp-content\/uploads\/2025\/10\/Fachschaft-Religion-2048x1365.jpg 2048w, https:\/\/mpg-do.de\/wp-content\/uploads\/2025\/10\/Fachschaft-Religion-64x43.jpg 64w, https:\/\/mpg-do.de\/wp-content\/uploads\/2025\/10\/Fachschaft-Religion-1568x1045.jpg 1568w, https:\/\/mpg-do.de\/wp-content\/uploads\/2025\/10\/Fachschaft-Religion-1320x880.jpg 1320w\" sizes=\"auto, (max-width: 640px) 100vw, 640px\" \/><figcaption id=\"caption-attachment-14431\" class=\"wp-caption-text\">Fachschaft Religion<\/figcaption><\/figure>\n<p>&#8222;Die Naturwissenschaft braucht der Mensch zum Erkennen, die Religion aber braucht er zum Handeln.&#8220; (Max Planck)<\/p><\/blockquote>\n<p>Dieser Gedanke Max Plancks spiegelt sich auch im Profil des Faches Religion an unserer Schule wider. So steht in unserem Schulprogramm: Das Fach Religion bietet \u201ein besonderem Ma\u00dfe die M\u00f6glichkeit, Werte in unserer Gesellschaft genauer zu betrachten und auf ihre Verwirklichung hin zu arbeiten\u201c.<br \/>\nSch\u00fclerinnen und Sch\u00fcler, egal welcher Konfession oder Religion, haben hier die Gelegenheit, Grundz\u00fcge des Christentums als Grundlage des Lebens in unserer Gesellschaft kennenzulernen, ebenso Grundz\u00fcge anderer Religionen.<br \/>\nBei der Theorie soll es nicht bleiben. Der Religionsunterricht zeigt ebenso auf, was es hei\u00dft, ein gelungenes Leben in christlicher Verantwortung zu f\u00fchren und Lebenszusammenh\u00e4nge aus christlicher Sicht zu beurteilen. Dabei spielt die Reflexion immer eine Rolle, ob solche Gedanken auch f\u00fcr das eigene Leben tragf\u00e4hig sein k\u00f6nnen.<br \/>\nAuch junge Leute, die einer anderen Religion angeh\u00f6ren oder an keinen Gott glauben, sind herzlich eingeladen, am Religionsunterricht teilzunehmen.<br \/>\nAn unserer Schule wird Religion in allen Klassenstufen unterrichtet. Ab dem Schuljahr 2023\/24 wird der Religionsunterricht in allen Klassenstufen konfessionsgebunden mit zwei Wochenstunden unterrichtet. In der Oberstufe kann Religion mit drei Wochenstunden im Grundkurs gew\u00e4hlt werden. F\u00fcr alle Sch\u00fcler_innen, die aus Gewissensgr\u00fcnden nicht am konfessionellen Unterricht teilnehmen m\u00f6chten, besteht die M\u00f6glichkeit, sich vom Religionsunterricht befreien zu lassen und das Fach Praktische Philosophie als Ersatzfach zu belegen.<\/p>\n<p><a href=\"https:\/\/mpg-do.de\/wp-content\/uploads\/2021\/11\/Engelische-Religionslehre-Selbstverstaendnis-des-Fachs.pdf\">Evangelische Religionslehre &#8211; Selbstverst\u00e4ndnis des Fachs<\/a><\/p>\n<p><a href=\"https:\/\/mpg-do.de\/wp-content\/uploads\/2021\/11\/Schulinternes-Curriculum-katholische-und-evangelische-Religionslehre-G-9.pdf\">Schulinternes Curriculum katholische und evangelische Religionslehre Jg. 5 und 6<\/a><\/p>\n<p><a href=\"https:\/\/mpg-do.de\/wp-content\/uploads\/2021\/11\/Curriculum-eR-Jg.7_8-G923.11.20.pdf\">Schulinternes Curriculum evangelische Religionslehre Jg. 7 und 8<\/a><\/p>\n<p><a href=\"..\/wp-content\/uploads\/2022\/09\/Schulinternes-Curriculum-evangelische-Religionslehre-Jg.-9-G9.pdf\" target=\"_blank\" rel=\"noopener\">Schulinternes Curriculum evangelische Religionslehre Jg. 9<\/a><\/p>\n<p><a href=\"..\/wp-content\/uploads\/2023\/05\/Curriculum-eR-Jg.-10_G9.pdf\" target=\"_blank\" rel=\"noopener\">Schulinternes Curriculum evangelische Religionslehre Jg. 10<\/a><\/p>\n<p><a href=\"https:\/\/mpg-do.de\/wp-content\/uploads\/2015\/04\/Sek-II-ev.-RL.pdf\">Schulinternes Curriculum evangelische Religionslehre &#8211; Sek II<\/a><\/p>\n<p><a href=\"https:\/\/mpg-do.de\/wp-content\/uploads\/2021\/11\/Curriculum-katholische-Religionslehre-Kl.-7-10.pdf\">Schulinternes Curriculum katholische Religionslehre Kl. 7-10<\/a><\/p>\n<p><a href=\"https:\/\/mpg-do.de\/wp-content\/uploads\/2021\/11\/Schulinternes-Curriculum-katholische-Religionslehre-SII-MPG_2015.pdf\">Schulinternes Curriculum katholische Religionslehre SII<\/a><\/p>\n","protected":false},"excerpt":{"rendered":"<p>&#8222;Die Naturwissenschaft braucht der Mensch zum Erkennen, die Religion aber braucht er zum Handeln.&#8220; (Max Planck) Dieser Gedanke Max Plancks spiegelt sich auch im Profil des Faches Religion an unserer Schule wider. So steht in unserem Schulprogramm: Das Fach Religion bietet \u201ein besonderem Ma\u00dfe die M\u00f6glichkeit, Werte in unserer Gesellschaft genauer zu betrachten und auf &hellip; <\/p>\n<p class=\"link-more\"><a href=\"https:\/\/mpg-do.de\/?page_id=6782\" class=\"more-link\"><span class=\"screen-reader-text\">\u201eReligion\u201c <\/span>weiterlesen<\/a><\/p>\n","protected":false},"author":13,"featured_media":0,"parent":458,"menu_order":0,"comment_status":"closed","ping_status":"closed","template":"","meta":{"_crdt_document":"","footnotes":""},"class_list":["post-6782","page","type-page","status-publish","hentry","entry"],"_links":{"self":[{"href":"https:\/\/mpg-do.de\/index.php?rest_route=\/wp\/v2\/pages\/6782","targetHints":{"allow":["GET"]}}],"collection":[{"href":"https:\/\/mpg-do.de\/index.php?rest_route=\/wp\/v2\/pages"}],"about":[{"href":"https:\/\/mpg-do.de\/index.php?rest_route=\/wp\/v2\/types\/page"}],"author":[{"embeddable":true,"href":"https:\/\/mpg-do.de\/index.php?rest_route=\/wp\/v2\/users\/13"}],"replies":[{"embeddable":true,"href":"https:\/\/mpg-do.de\/index.php?rest_route=%2Fwp%2Fv2%2Fcomments&post=6782"}],"version-history":[{"count":18,"href":"https:\/\/mpg-do.de\/index.php?rest_route=\/wp\/v2\/pages\/6782\/revisions"}],"predecessor-version":[{"id":14432,"href":"https:\/\/mpg-do.de\/index.php?rest_route=\/wp\/v2\/pages\/6782\/revisions\/14432"}],"up":[{"embeddable":true,"href":"https:\/\/mpg-do.de\/index.php?rest_route=\/wp\/v2\/pages\/458"}],"wp:attachment":[{"href":"https:\/\/mpg-do.de\/index.php?rest_route=%2Fwp%2Fv2%2Fmedia&parent=6782"}],"curies":[{"name":"wp","href":"https:\/\/api.w.org\/{rel}","templated":true}]}}