{"id":6789,"date":"2019-09-13T08:56:49","date_gmt":"2019-09-13T06:56:49","guid":{"rendered":"https:\/\/noobserver.de\/?page_id=6789"},"modified":"2021-11-16T18:36:15","modified_gmt":"2021-11-16T17:36:15","slug":"sport","status":"publish","type":"page","link":"https:\/\/mpg-do.de\/?page_id=6789","title":{"rendered":"Sport"},"content":{"rendered":"\n<div class=\"wp-block-group alignwide\"><div class=\"wp-block-group__inner-container is-layout-flow wp-block-group-is-layout-flow\">\n<p>Der Stellenwert des Faches Sport im Schulleben des Max-Planck-Gymnasiums dr\u00fcckt sich im Leitbild und im Schulsportprogramm aus und ist Bestandteil des schulinternen Lehrplans. Unsere Schule folgt dazu einem ganzheitlichen, salutogenetischen Leitbild, das die Freude an Bewegung, Spiel und Sport der Sch\u00fclerinnen und Sch\u00fcler in einer bewegungsfreudigen Schule f\u00f6rdern will. Die Fachkonferenz Sport m\u00f6chte bei Sch\u00fclerinnen und Sch\u00fclern Bewegungsfreude und Gesundheitsbewusstsein im Schulsport im Rahmen des Bildungs- und Erziehungsauftrages der Schule entwickeln. Durch ihr Schulsportkonzept m\u00f6chte sie den Sch\u00fclerinnen und Sch\u00fclern die Ausbildung einer m\u00fcndigen, bewegungsfreudigen und gesundheitsbewussten Pers\u00f6nlichkeit erm\u00f6glichen. Mehrperspektivit\u00e4t im Sportunterricht soll vor allem durch ein breites sportliches Spektrum erzielt werden. Die curricular angebundene <a href=\"https:\/\/mpg-do.de\/?page_id=7036\"><strong>Schulskifahrt<\/strong><\/a>, vier unterschiedlich w\u00e4hlbare Kursprofile in der Q1\/Q2 sowie der <strong>Sport-LK<\/strong> sind hier nur einige wenige Beispiele. Durch Bewegung, Spiel und Sport soll langfristig die Freude an der Bewegung erhalten bleiben, sowie Gesundheitsbewusstsein und Fitness f\u00fcr die Bew\u00e4ltigung des Alltags gef\u00f6rdert werden. Dar\u00fcber hinaus will die Fachkonferenz das individuelle Interesse von Sch\u00fclerinnen und Sch\u00fclern am Leistungssport st\u00e4rken. Die seit 1899 bestehende <a href=\"https:\/\/mpg-do.de\/?page_id=6829\"><strong>Ruderriege<\/strong><\/a>, viele weitere <a href=\"..\/?page_id=679\"><strong>Schulsportgemeinschaften<\/strong><\/a> sowie die erfolgreiche Teilnahme an Schulsportwettk\u00e4mpfen symbolisieren dies. Abgerundet wird das Sportprofil durch die Zertifizierung als <strong>Partnerschule des Fu\u00dfballs<\/strong> und den <strong>Sport-Projektkurs<\/strong>.<\/p>\n<p><a href=\"..\/?tag=sport\">Aktuelle Berichte zum Sport am MPG<\/a><\/p>\n<p><a href=\"..\/wp-content\/uploads\/2016\/06\/MPGSportprofil.pdf\" target=\"_blank\" rel=\"noopener noreferrer\">Ausf\u00fchrliche Darstellung des MPG-Sportprofils (Auszug aus dem Schulprogramm)<\/a><\/p>\n<p><a href=\"\/wp-content\/uploads\/2018\/03\/Projektkurs_Fussball.pptx.pdf\">Projektkurs Sport \/ Fu\u00dfball in der Q1<\/a><\/p>\n<p><a href=\"..\/wp-content\/uploads\/2021\/11\/Hygienekonzept-Sport-MPG-1.pdf\" target=\"_blank\" rel=\"noopener noreferrer\">Hygienekonzept f\u00fcr das Fach Sport am MPG<\/a><\/p>\n<p><a href=\"https:\/\/mpg-do.de\/wp-content\/uploads\/2021\/03\/Schulinterner-Lehrplan-Sport-Sek-I-G8.pdf\">Schulinterner Lehrplan f\u00fcr die Sekundarstufe I (G8)<\/a><\/p>\n<p><a href=\"https:\/\/mpg-do.de\/wp-content\/uploads\/2021\/08\/MPG-Lehrplan-Sport-Sek-1-G9.pdf\">Schulinterner Lehrplan f\u00fcr die Sekundarstufe I (G9)<\/a><\/p>\n<p><a href=\"https:\/\/mpg-do.de\/wp-content\/uploads\/2021\/03\/EF_Curriculum.pdf\">Curriculum f\u00fcr die Einf\u00fchrungsphase (EF)<\/a><\/p>\n<p><a href=\"https:\/\/mpg-do.de\/wp-content\/uploads\/2021\/03\/Qualifikationsphase-GK-Profile-1-1.pdf\">Curriculum f\u00fcr die Qualifikationsphase (Q1 \/ Q2-Grundkurse)<\/a><\/p>\n<p><a href=\"..\/wp-content\/uploads\/2020\/11\/FS-Sport-Leistungsbewertung-fuer-den-Distanzunterricht-.pdf\" target=\"_blank\" rel=\"noopener noreferrer\">Leistungsbewertung f\u00fcr den Distanzunterricht<\/a><\/p>\n<\/div><\/div>\n\n\n\n<div class=\"wp-block-image\"><figure class=\"aligncenter size-large\"><img loading=\"lazy\" decoding=\"async\" width=\"1024\" height=\"356\" src=\"https:\/\/mpg-do.de\/wp-content\/uploads\/2015\/04\/mpg-dortmund-slider-sport-1024x356.jpg\" alt=\"Pokale der Ruderriege\" class=\"wp-image-1801\" srcset=\"https:\/\/mpg-do.de\/wp-content\/uploads\/2015\/04\/mpg-dortmund-slider-sport-1024x356.jpg 1024w, https:\/\/mpg-do.de\/wp-content\/uploads\/2015\/04\/mpg-dortmund-slider-sport-300x104.jpg 300w, https:\/\/mpg-do.de\/wp-content\/uploads\/2015\/04\/mpg-dortmund-slider-sport-768x267.jpg 768w, https:\/\/mpg-do.de\/wp-content\/uploads\/2015\/04\/mpg-dortmund-slider-sport-600x208.jpg 600w, https:\/\/mpg-do.de\/wp-content\/uploads\/2015\/04\/mpg-dortmund-slider-sport-64x22.jpg 64w, https:\/\/mpg-do.de\/wp-content\/uploads\/2015\/04\/mpg-dortmund-slider-sport-260x90.jpg 260w\" sizes=\"auto, (max-width: 1024px) 100vw, 1024px\" \/><figcaption>Ein Blick in die Pokalsammlung des MPG<\/figcaption><\/figure><\/div>\n","protected":false},"excerpt":{"rendered":"<p>Der Stellenwert des Faches Sport im Schulleben des Max-Planck-Gymnasiums dr\u00fcckt sich im Leitbild und im Schulsportprogramm aus und ist Bestandteil des schulinternen Lehrplans. Unsere Schule folgt dazu einem ganzheitlichen, salutogenetischen Leitbild, das die Freude an Bewegung, Spiel und Sport der Sch\u00fclerinnen und Sch\u00fcler in einer bewegungsfreudigen Schule f\u00f6rdern will. Die Fachkonferenz Sport m\u00f6chte bei Sch\u00fclerinnen &hellip; <\/p>\n<p class=\"link-more\"><a href=\"https:\/\/mpg-do.de\/?page_id=6789\" class=\"more-link\"><span class=\"screen-reader-text\">\u201eSport\u201c <\/span>weiterlesen<\/a><\/p>\n","protected":false},"author":13,"featured_media":0,"parent":458,"menu_order":0,"comment_status":"closed","ping_status":"closed","template":"","meta":{"_crdt_document":"","footnotes":""},"class_list":["post-6789","page","type-page","status-publish","hentry","entry"],"_links":{"self":[{"href":"https:\/\/mpg-do.de\/index.php?rest_route=\/wp\/v2\/pages\/6789","targetHints":{"allow":["GET"]}}],"collection":[{"href":"https:\/\/mpg-do.de\/index.php?rest_route=\/wp\/v2\/pages"}],"about":[{"href":"https:\/\/mpg-do.de\/index.php?rest_route=\/wp\/v2\/types\/page"}],"author":[{"embeddable":true,"href":"https:\/\/mpg-do.de\/index.php?rest_route=\/wp\/v2\/users\/13"}],"replies":[{"embeddable":true,"href":"https:\/\/mpg-do.de\/index.php?rest_route=%2Fwp%2Fv2%2Fcomments&post=6789"}],"version-history":[{"count":11,"href":"https:\/\/mpg-do.de\/index.php?rest_route=\/wp\/v2\/pages\/6789\/revisions"}],"predecessor-version":[{"id":10439,"href":"https:\/\/mpg-do.de\/index.php?rest_route=\/wp\/v2\/pages\/6789\/revisions\/10439"}],"up":[{"embeddable":true,"href":"https:\/\/mpg-do.de\/index.php?rest_route=\/wp\/v2\/pages\/458"}],"wp:attachment":[{"href":"https:\/\/mpg-do.de\/index.php?rest_route=%2Fwp%2Fv2%2Fmedia&parent=6789"}],"curies":[{"name":"wp","href":"https:\/\/api.w.org\/{rel}","templated":true}]}}