{"id":679,"date":"2015-05-26T21:43:17","date_gmt":"2015-05-26T19:43:17","guid":{"rendered":"http:\/\/news.mpg-dortmund.de\/?page_id=679"},"modified":"2026-02-06T18:19:46","modified_gmt":"2026-02-06T17:19:46","slug":"aktivitaeten","status":"publish","type":"page","link":"https:\/\/mpg-do.de\/?page_id=679","title":{"rendered":"AGs"},"content":{"rendered":"\n<div class=\"wp-block-columns has-2-columns is-layout-flex wp-container-core-columns-is-layout-8f761849 wp-block-columns-is-layout-flex\">\n<div class=\"wp-block-column is-layout-flow wp-block-column-is-layout-flow\">\n<p class=\"has-text-align-center has-background has-small-font-size wp-block-paragraph\" style=\"background-color:#e46c2b\"><strong>Sport<\/strong><\/p>\n\n\n\n<p class=\"has-text-color has-small-font-size wp-block-paragraph\" style=\"color:#e46c2b\"><a href=\"..\/?page_id=6840\">Basketball<\/a><br><a href=\"..\/?page_id=6837\">Fu\u00dfball<\/a><br><a href=\"..\/?page_id=6833\">Handball<\/a><br><a href=\"..\/?page_id=6829\">Rudern<\/a><br><a href=\"..\/?page_id=6826\">Sporthelfer<\/a><br><a href=\"..\/?page_id=6821\" data-type=\"URL\" data-id=\"..\/?page_id=6821\">Tennis<\/a><\/p>\n\n\n\n<p class=\"has-text-align-center has-background has-small-font-size wp-block-paragraph\" style=\"background-color:#e46c2b\"><strong>MINT<\/strong><\/p>\n\n\n\n<p class=\"has-text-color has-small-font-size wp-block-paragraph\" style=\"color:#e46c2b\"><a href=\"..\/?page_id=6801\">Astronomie<\/a><br><a href=\"..\/?page_id=6797\">Mathe-AG<\/a><br><a href=\"..\/?page_id=6941\">Schulgarten<\/a><br><a href=\"..\/?page_id=6763\">Schach-, Spiele und Knobel-AG<\/a><br><a href=\"..\/?page_id=6791\">Stage-Crew<\/a> <br>3D-Druck<br><a href=\"https:\/\/mpg-do.de\/?page_id=12540\" data-type=\"page\" data-id=\"10204\">Medienscouts<\/a><\/p>\n<\/div>\n\n\n\n<div class=\"wp-block-column is-layout-flow wp-block-column-is-layout-flow\">\n<p class=\"has-text-align-center has-background has-small-font-size wp-block-paragraph\" style=\"background-color:#e46c2b\"><strong>Sprachen<\/strong><\/p>\n\n\n\n<p class=\"has-text-color has-small-font-size wp-block-paragraph\" style=\"color:#e46c2b\"><a href=\"..\/?page_id=6780\">Cambridge-AG<\/a><br><a href=\"..\/?page_id=6786\">DELF-AG<\/a><\/p>\n\n\n\n<p class=\"has-text-align-center has-background has-small-font-size wp-block-paragraph\" style=\"background-color:#e46c2b\"><strong>Musik \/ Kunst \/ Literatur<\/strong><\/p>\n\n\n\n<p class=\"has-text-color has-small-font-size wp-block-paragraph\" style=\"color:#e46c2b\"><a href=\"..\/?page_id=6814\">Big-Band<\/a><br><a href=\"..\/?page_id=6809\">Chor<\/a><br><a href=\"..\/?page_id=6938\">Lese-AG<\/a><br><a href=\"..\/?page_id=6804\">Theater<\/a><br><a href=\"..\/?page_id=10193\">Kunst-AG<\/a><br><a href=\"..\/?page_id=13524\">Booktok<\/a><\/p>\n\n\n\n<p class=\"has-text-align-center has-background has-small-font-size wp-block-paragraph\" style=\"background-color:#e46c2b\"><strong>Soziales Engagement<\/strong><\/p>\n\n\n\n<p class=\"has-text-color has-small-font-size wp-block-paragraph\" style=\"color:#e46c2b\"><a href=\"https:\/\/mpg-do.de\/?tag=heympg\">Hey MPG &#8211; Nachrichten von Sch\u00fclern f\u00fcr Sch\u00fcler<\/a><br><a href=\"..\/?page_id=6774\">MP CourAGe<\/a><br><a href=\"..\/?page_id=6818\">Patenprojekt<\/a><br><a href=\"..\/?page_id=6943\">Rechtskunde-AG<\/a><br><a href=\"..\/?page_id=12557\">Live Your Vision (Gl\u00fcckswerkstatt meets Green Guardians)<\/a><br><a href=\"https:\/\/mpg-do.de\/?page_id=10296\">Jugend debattiert<\/a><\/p>\n<\/div>\n<\/div>\n\n\n\n<div data-wp-interactive=\"core\/file\" class=\"wp-block-file\"><object data-wp-bind--hidden=\"!state.hasPdfPreview\" hidden class=\"wp-block-file__embed\" data=\"https:\/\/mpg-do.de\/wp-content\/uploads\/2025\/09\/Arbeitsgemeinschaften-202526-Sport-Stand-07.09.pdf\" type=\"application\/pdf\" style=\"width:100%;height:600px\" aria-label=\"Einbettung von Arbeitsgemeinschaften 202526 Sport Stand 07.09.\"><\/object><a id=\"wp-block-file--media-4c50e9cd-6f9f-42d9-a5d9-96dad5c34686\" href=\"https:\/\/mpg-do.de\/wp-content\/uploads\/2025\/09\/Arbeitsgemeinschaften-202526-Sport-Stand-07.09.pdf\">Arbeitsgemeinschaften 202526 Sport Stand 07.09<\/a><a href=\"https:\/\/mpg-do.de\/wp-content\/uploads\/2025\/09\/Arbeitsgemeinschaften-202526-Sport-Stand-07.09.pdf\" class=\"wp-block-file__button wp-element-button\" download aria-describedby=\"wp-block-file--media-4c50e9cd-6f9f-42d9-a5d9-96dad5c34686\">Herunterladen<\/a><\/div>\n\n\n\n<div data-wp-interactive=\"core\/file\" class=\"wp-block-file\"><object data-wp-bind--hidden=\"!state.hasPdfPreview\" hidden class=\"wp-block-file__embed\" data=\"https:\/\/mpg-do.de\/wp-content\/uploads\/2025\/09\/Arbeitsgemeinschaften-202526-Soziales-Engagement-Naturwissenschaften-Theater-Sprachen-Kunst-Stand-7.09.pdf\" type=\"application\/pdf\" style=\"width:100%;height:600px\" aria-label=\"Einbettung von Arbeitsgemeinschaften 202526 Soziales Engagement Naturwissenschaften Theater Sprachen Kunst Stand 7.09.\"><\/object><a id=\"wp-block-file--media-709f0c0a-c2c3-4f6d-835c-d221b80ee77a\" href=\"https:\/\/mpg-do.de\/wp-content\/uploads\/2025\/09\/Arbeitsgemeinschaften-202526-Soziales-Engagement-Naturwissenschaften-Theater-Sprachen-Kunst-Stand-7.09.pdf\">Arbeitsgemeinschaften 202526 Soziales Engagement Naturwissenschaften Theater Sprachen Kunst Stand 7.09<\/a><a href=\"https:\/\/mpg-do.de\/wp-content\/uploads\/2025\/09\/Arbeitsgemeinschaften-202526-Soziales-Engagement-Naturwissenschaften-Theater-Sprachen-Kunst-Stand-7.09.pdf\" class=\"wp-block-file__button wp-element-button\" download aria-describedby=\"wp-block-file--media-709f0c0a-c2c3-4f6d-835c-d221b80ee77a\">Herunterladen<\/a><\/div>\n","protected":false},"excerpt":{"rendered":"<p>Sport BasketballFu\u00dfballHandballRudernSporthelferTennis MINT AstronomieMathe-AGSchulgartenSchach-, Spiele und Knobel-AGStage-Crew 3D-DruckMedienscouts Sprachen Cambridge-AGDELF-AG Musik \/ Kunst \/ Literatur Big-BandChorLese-AGTheaterKunst-AGBooktok Soziales Engagement Hey MPG &#8211; Nachrichten von Sch\u00fclern f\u00fcr Sch\u00fclerMP CourAGePatenprojektRechtskunde-AGLive Your Vision (Gl\u00fcckswerkstatt meets Green Guardians)Jugend debattiert<\/p>\n","protected":false},"author":13,"featured_media":0,"parent":0,"menu_order":0,"comment_status":"closed","ping_status":"closed","template":"","meta":{"_crdt_document":"","footnotes":""},"class_list":["post-679","page","type-page","status-publish","hentry","entry"],"_links":{"self":[{"href":"https:\/\/mpg-do.de\/index.php?rest_route=\/wp\/v2\/pages\/679","targetHints":{"allow":["GET"]}}],"collection":[{"href":"https:\/\/mpg-do.de\/index.php?rest_route=\/wp\/v2\/pages"}],"about":[{"href":"https:\/\/mpg-do.de\/index.php?rest_route=\/wp\/v2\/types\/page"}],"author":[{"embeddable":true,"href":"https:\/\/mpg-do.de\/index.php?rest_route=\/wp\/v2\/users\/13"}],"replies":[{"embeddable":true,"href":"https:\/\/mpg-do.de\/index.php?rest_route=%2Fwp%2Fv2%2Fcomments&post=679"}],"version-history":[{"count":113,"href":"https:\/\/mpg-do.de\/index.php?rest_route=\/wp\/v2\/pages\/679\/revisions"}],"predecessor-version":[{"id":14807,"href":"https:\/\/mpg-do.de\/index.php?rest_route=\/wp\/v2\/pages\/679\/revisions\/14807"}],"wp:attachment":[{"href":"https:\/\/mpg-do.de\/index.php?rest_route=%2Fwp%2Fv2%2Fmedia&parent=679"}],"curies":[{"name":"wp","href":"https:\/\/api.w.org\/{rel}","templated":true}]}}