{"id":6794,"date":"2019-09-13T08:58:08","date_gmt":"2019-09-13T06:58:08","guid":{"rendered":"https:\/\/noobserver.de\/?page_id=6794"},"modified":"2022-08-13T17:28:44","modified_gmt":"2022-08-13T15:28:44","slug":"literatur","status":"publish","type":"page","link":"https:\/\/mpg-do.de\/?page_id=6794","title":{"rendered":"Literatur"},"content":{"rendered":"<p><strong>Ausdrucksf\u00e4higkeit entfalten<\/strong><\/p>\n<p>Ziel des Literaturunterrichts ist es, die kreative Ausdrucksf\u00e4higkeit unserer Sch\u00fclerinnen und Sch\u00fcler zu entfalten. Sie erwerben eine genaue Kenntnis literarischer Texte (z.B. aus der europ\u00e4ischen Theatertradition) und lernen diese Kenntnisse in praktischer Arbeit ins Werk zu setzen. Die individuell vorhanden Kompetenzen und Pr\u00e4ferenzen treten dabei in einen fruchtbaren Zusammenhang mit der Arbeit in der Gruppe, so dass die Sch\u00fclerInnen auf diese Weise in der motivierenden Erarbeitung eines \u00e4sthetischen Produktes Fertigkeiten erwerben, die sie in vielf\u00e4ltigen Lebensbereichen zur Anwendung bringen k\u00f6nnen.<\/p>\n<p><img loading=\"lazy\" decoding=\"async\" class=\"alignnone size-full wp-image-5305\" src=\"https:\/\/mpg-do.de\/wp-content\/uploads\/2018\/06\/Literaturkurs-M\u00f6rderische-Auslese-3-Max-Planck-Gymnasium-Dortmund.jpg\" alt=\"\" width=\"1280\" height=\"855\" srcset=\"https:\/\/mpg-do.de\/wp-content\/uploads\/2018\/06\/Literaturkurs-M\u00f6rderische-Auslese-3-Max-Planck-Gymnasium-Dortmund.jpg 1280w, https:\/\/mpg-do.de\/wp-content\/uploads\/2018\/06\/Literaturkurs-M\u00f6rderische-Auslese-3-Max-Planck-Gymnasium-Dortmund-300x200.jpg 300w, https:\/\/mpg-do.de\/wp-content\/uploads\/2018\/06\/Literaturkurs-M\u00f6rderische-Auslese-3-Max-Planck-Gymnasium-Dortmund-768x513.jpg 768w, https:\/\/mpg-do.de\/wp-content\/uploads\/2018\/06\/Literaturkurs-M\u00f6rderische-Auslese-3-Max-Planck-Gymnasium-Dortmund-1024x684.jpg 1024w, https:\/\/mpg-do.de\/wp-content\/uploads\/2018\/06\/Literaturkurs-M\u00f6rderische-Auslese-3-Max-Planck-Gymnasium-Dortmund-600x401.jpg 600w, https:\/\/mpg-do.de\/wp-content\/uploads\/2018\/06\/Literaturkurs-M\u00f6rderische-Auslese-3-Max-Planck-Gymnasium-Dortmund-64x43.jpg 64w, https:\/\/mpg-do.de\/wp-content\/uploads\/2018\/06\/Literaturkurs-M\u00f6rderische-Auslese-3-Max-Planck-Gymnasium-Dortmund-260x174.jpg 260w\" sizes=\"auto, (max-width: 1280px) 100vw, 1280px\" \/><\/p>\n<p><strong>Stufe Q1<\/strong><\/p>\n<p>Literaturunterricht wird am MPG im ersten Jahr der Qualifikationsphase angeboten, als Alternative zu den F\u00e4chern Kunst, Musik, Vokalpraxis bzw. Instrumentalpraxis. In der Regel erarbeitet ein Kurs nach einer Einf\u00fchrungsphase in Schauspiel, Sprechen, B\u00fchnengestaltung etc. im Laufe zweier Halbjahre ein Theaterprojekt, dass am Ende des Schuljahres zur Auff\u00fchrung gebracht werden kann. Je nach Entscheidung von Kurs und Fachlehrer sind aber auch vielf\u00e4ltige andere Projekte m\u00f6glich: z.B. Filme, Schreibwerkst\u00e4tten etc.<\/p>\n<figure id=\"attachment_3322\" aria-describedby=\"caption-attachment-3322\" style=\"width: 1583px\" class=\"wp-caption alignnone\"><img loading=\"lazy\" decoding=\"async\" class=\"size-full wp-image-3322\" src=\"https:\/\/mpg-do.de\/wp-content\/uploads\/2016\/12\/2016-Momo-Literaturkurs-Max-Planck-Gymnasium-Dortmund.png\" alt=\"2016-momo-literaturkurs-max-planck-gymnasium-dortmund\" width=\"1583\" height=\"783\" srcset=\"https:\/\/mpg-do.de\/wp-content\/uploads\/2016\/12\/2016-Momo-Literaturkurs-Max-Planck-Gymnasium-Dortmund.png 1583w, https:\/\/mpg-do.de\/wp-content\/uploads\/2016\/12\/2016-Momo-Literaturkurs-Max-Planck-Gymnasium-Dortmund-300x148.png 300w, https:\/\/mpg-do.de\/wp-content\/uploads\/2016\/12\/2016-Momo-Literaturkurs-Max-Planck-Gymnasium-Dortmund-768x380.png 768w, https:\/\/mpg-do.de\/wp-content\/uploads\/2016\/12\/2016-Momo-Literaturkurs-Max-Planck-Gymnasium-Dortmund-1024x507.png 1024w, https:\/\/mpg-do.de\/wp-content\/uploads\/2016\/12\/2016-Momo-Literaturkurs-Max-Planck-Gymnasium-Dortmund-600x297.png 600w, https:\/\/mpg-do.de\/wp-content\/uploads\/2016\/12\/2016-Momo-Literaturkurs-Max-Planck-Gymnasium-Dortmund-64x32.png 64w, https:\/\/mpg-do.de\/wp-content\/uploads\/2016\/12\/2016-Momo-Literaturkurs-Max-Planck-Gymnasium-Dortmund-260x129.png 260w\" sizes=\"auto, (max-width: 1583px) 100vw, 1583px\" \/><figcaption id=\"caption-attachment-3322\" class=\"wp-caption-text\">Literaturkurs Max-Planck-Gymnasium Dortmund<\/figcaption><\/figure>\n<p><strong>Projektarbeit<\/strong><\/p>\n<p>Zentrale Methode ist die Projektarbeit, die hier in beispielhafter Weise anwendbar ist. Sch\u00fclerinnen und Sch\u00fcler organsisieren gemeinsam ein Projekt, diskutieren und erproben M\u00f6glichkeiten, treffen gemeinsame, begr\u00fcndete Entscheidungen und erfahren die Notwendigkeit der eigenen Mitarbeit f\u00fcr den Erfolg des Ganzen.<\/p>\n<p><strong>Bewertungskriterien<\/strong><\/p>\n<p>Die Notenfindung im Literaturunterricht ist eng an den jeweils behandelten Gegenstand und die damit verbundenen Arbeitsweisen gebunden. Je zu Beginn eines Quartals werden den Sch\u00fclerinnen und Sch\u00fclern die jeweils gegebenenfalls Kriterien bekannt gegeben.<\/p>\n<p>Die zu bewertenden Leistungen k\u00f6nnen unterschiedlicher Art sein:<\/p>\n<ul>\n<li>Fundierte Beteiligung an Diskussionen im Unterricht<\/li>\n<li>Produktive Feedback-Kultur<\/li>\n<li>Fachkenntnisse in Literatur<\/li>\n<li>Pr\u00e4sentation literarischer Werke und Biographien der Autoren<\/li>\n<li>Schauspielerische Leistung<\/li>\n<li>Produzierte Texte, Kost\u00fcme, Konzepte f\u00fcr B\u00fchne \/ Licht \/ Ton etc.<\/li>\n<li>\u00dcbernahme organisatorischer Aufgaben<\/li>\n<li>Lerntageb\u00fccher<\/li>\n<li>Gruppenprojekte<\/li>\n<li>Evaluation des jeweiligen Projektes<\/li>\n<\/ul>\n<p>Insbesondere komplexe Projekte wie Theaterproduktionen erfordern flexible Bewertungsmethoden, die den individuell sehr unterschiedlichen T\u00e4tigkeiten und dem jeweiligen Lernfortschritt und Leistungsstand angepasst werden m\u00fcssen.<\/p>\n<hr \/>\n<ul>\n<li><a href=\"\/wp-content\/uploads\/2015\/04\/Schulinternes_Curriculum_MPG_Literatur.pdf\">Curriculum Literatur<\/a><\/li>\n<li><a href=\"https:\/\/mpg-do.de\/?tag=literatur\">Aktuelle Berichte zum Literaturkurs<\/a><\/li>\n<\/ul>\n<p>&nbsp;<\/p>\n","protected":false},"excerpt":{"rendered":"<p>Ausdrucksf\u00e4higkeit entfalten Ziel des Literaturunterrichts ist es, die kreative Ausdrucksf\u00e4higkeit unserer Sch\u00fclerinnen und Sch\u00fcler zu entfalten. Sie erwerben eine genaue Kenntnis literarischer Texte (z.B. aus der europ\u00e4ischen Theatertradition) und lernen diese Kenntnisse in praktischer Arbeit ins Werk zu setzen. Die individuell vorhanden Kompetenzen und Pr\u00e4ferenzen treten dabei in einen fruchtbaren Zusammenhang mit der Arbeit in &hellip; <\/p>\n<p class=\"link-more\"><a href=\"https:\/\/mpg-do.de\/?page_id=6794\" class=\"more-link\"><span class=\"screen-reader-text\">\u201eLiteratur\u201c <\/span>weiterlesen<\/a><\/p>\n","protected":false},"author":13,"featured_media":0,"parent":458,"menu_order":0,"comment_status":"closed","ping_status":"closed","template":"","meta":{"_crdt_document":"","footnotes":""},"class_list":["post-6794","page","type-page","status-publish","hentry","entry"],"_links":{"self":[{"href":"https:\/\/mpg-do.de\/index.php?rest_route=\/wp\/v2\/pages\/6794","targetHints":{"allow":["GET"]}}],"collection":[{"href":"https:\/\/mpg-do.de\/index.php?rest_route=\/wp\/v2\/pages"}],"about":[{"href":"https:\/\/mpg-do.de\/index.php?rest_route=\/wp\/v2\/types\/page"}],"author":[{"embeddable":true,"href":"https:\/\/mpg-do.de\/index.php?rest_route=\/wp\/v2\/users\/13"}],"replies":[{"embeddable":true,"href":"https:\/\/mpg-do.de\/index.php?rest_route=%2Fwp%2Fv2%2Fcomments&post=6794"}],"version-history":[{"count":5,"href":"https:\/\/mpg-do.de\/index.php?rest_route=\/wp\/v2\/pages\/6794\/revisions"}],"predecessor-version":[{"id":7545,"href":"https:\/\/mpg-do.de\/index.php?rest_route=\/wp\/v2\/pages\/6794\/revisions\/7545"}],"up":[{"embeddable":true,"href":"https:\/\/mpg-do.de\/index.php?rest_route=\/wp\/v2\/pages\/458"}],"wp:attachment":[{"href":"https:\/\/mpg-do.de\/index.php?rest_route=%2Fwp%2Fv2%2Fmedia&parent=6794"}],"curies":[{"name":"wp","href":"https:\/\/api.w.org\/{rel}","templated":true}]}}