{"id":6797,"date":"2019-09-13T08:59:44","date_gmt":"2019-09-13T06:59:44","guid":{"rendered":"https:\/\/noobserver.de\/?page_id=6797"},"modified":"2023-08-24T18:49:48","modified_gmt":"2023-08-24T16:49:48","slug":"mathematik-ag","status":"publish","type":"page","link":"https:\/\/mpg-do.de\/?page_id=6797","title":{"rendered":"Mathe-AG"},"content":{"rendered":"<p>In der Mathe-AG k\u00f6nnen alle m\u00f6glichen interessanten Themen besprochen werden, die im normalen Unterricht keinen oder wenig Platz finden; eher schulfremde Beispiele sind Ringe und endliche K\u00f6rper (\u201eUhrenzahlen\u201c), imagin\u00e4re bzw. komplexe Zahlen, auch Differentialgleichungen und rekursive Folgen (z.B. FIBONACCI-Zahlen) sind schon besprochen worden.<br \/>\nEine sch\u00f6ne Anwendung von Schulmathematik dagegen ist die Erkl\u00e4rung des Ph\u00e4nomens der \u201eFl\u00fcsterparabeln\u201c; ein Paar solcher Fl\u00fcsterparaboloide findet man bspw. am Ostrand des Phoenixsees.<br \/>\nDie Mathe-AG ist grunds\u00e4tzlich f\u00fcr alle Jahrgangsstufen ge\u00f6ffnet, auch wenn<br \/>\nz.B. die Fl\u00fcsterparabel Inhalte der Klasse 9 ben\u00f6tigt.<\/p>\n<p><a href=\"https:\/\/noobserver.de\/?page_id=6822\">Mehr zur Mathematik am MPG<\/a><\/p>\n","protected":false},"excerpt":{"rendered":"<p>In der Mathe-AG k\u00f6nnen alle m\u00f6glichen interessanten Themen besprochen werden, die im normalen Unterricht keinen oder wenig Platz finden; eher schulfremde Beispiele sind Ringe und endliche K\u00f6rper (\u201eUhrenzahlen\u201c), imagin\u00e4re bzw. komplexe Zahlen, auch Differentialgleichungen und rekursive Folgen (z.B. FIBONACCI-Zahlen) sind schon besprochen worden. Eine sch\u00f6ne Anwendung von Schulmathematik dagegen ist die Erkl\u00e4rung des Ph\u00e4nomens der &hellip; <\/p>\n<p class=\"link-more\"><a href=\"https:\/\/mpg-do.de\/?page_id=6797\" class=\"more-link\"><span class=\"screen-reader-text\">\u201eMathe-AG\u201c <\/span>weiterlesen<\/a><\/p>\n","protected":false},"author":11,"featured_media":0,"parent":679,"menu_order":0,"comment_status":"closed","ping_status":"closed","template":"","meta":{"_crdt_document":"","footnotes":""},"class_list":["post-6797","page","type-page","status-publish","hentry","entry"],"_links":{"self":[{"href":"https:\/\/mpg-do.de\/index.php?rest_route=\/wp\/v2\/pages\/6797","targetHints":{"allow":["GET"]}}],"collection":[{"href":"https:\/\/mpg-do.de\/index.php?rest_route=\/wp\/v2\/pages"}],"about":[{"href":"https:\/\/mpg-do.de\/index.php?rest_route=\/wp\/v2\/types\/page"}],"author":[{"embeddable":true,"href":"https:\/\/mpg-do.de\/index.php?rest_route=\/wp\/v2\/users\/11"}],"replies":[{"embeddable":true,"href":"https:\/\/mpg-do.de\/index.php?rest_route=%2Fwp%2Fv2%2Fcomments&post=6797"}],"version-history":[{"count":10,"href":"https:\/\/mpg-do.de\/index.php?rest_route=\/wp\/v2\/pages\/6797\/revisions"}],"predecessor-version":[{"id":12552,"href":"https:\/\/mpg-do.de\/index.php?rest_route=\/wp\/v2\/pages\/6797\/revisions\/12552"}],"up":[{"embeddable":true,"href":"https:\/\/mpg-do.de\/index.php?rest_route=\/wp\/v2\/pages\/679"}],"wp:attachment":[{"href":"https:\/\/mpg-do.de\/index.php?rest_route=%2Fwp%2Fv2%2Fmedia&parent=6797"}],"curies":[{"name":"wp","href":"https:\/\/api.w.org\/{rel}","templated":true}]}}