{"id":6799,"date":"2019-09-13T09:01:19","date_gmt":"2019-09-13T07:01:19","guid":{"rendered":"https:\/\/noobserver.de\/?page_id=6799"},"modified":"2026-02-16T18:05:37","modified_gmt":"2026-02-16T17:05:37","slug":"musik","status":"publish","type":"page","link":"https:\/\/mpg-do.de\/?page_id=6799","title":{"rendered":"Musik"},"content":{"rendered":"<div class=\"wp-block-image is-style-circle-mask\">\n<figure class=\"alignright size-large is-resized\"><img loading=\"lazy\" decoding=\"async\" width=\"600\" height=\"600\" src=\"https:\/\/mpg-do.de\/wp-content\/uploads\/2026\/02\/Saxophon-Max-Planck-Gymnasium-Dortmund-1-600x600.jpg\" alt=\"\" class=\"wp-image-14842\" style=\"width:423px;height:283px\" srcset=\"https:\/\/mpg-do.de\/wp-content\/uploads\/2026\/02\/Saxophon-Max-Planck-Gymnasium-Dortmund-1-600x600.jpg 600w, https:\/\/mpg-do.de\/wp-content\/uploads\/2026\/02\/Saxophon-Max-Planck-Gymnasium-Dortmund-1-300x300.jpg 300w, https:\/\/mpg-do.de\/wp-content\/uploads\/2026\/02\/Saxophon-Max-Planck-Gymnasium-Dortmund-1-768x769.jpg 768w, https:\/\/mpg-do.de\/wp-content\/uploads\/2026\/02\/Saxophon-Max-Planck-Gymnasium-Dortmund-1-64x64.jpg 64w, https:\/\/mpg-do.de\/wp-content\/uploads\/2026\/02\/Saxophon-Max-Planck-Gymnasium-Dortmund-1.jpg 1279w\" sizes=\"auto, (max-width: 600px) 100vw, 600px\" \/><\/figure>\n<\/div>\n\n\n<p class=\"wp-block-paragraph\">Der Musikunterricht am MPG schult auf einer soliden Grundlage in Musiktheorie die Sch\u00fclerinnen und Sch\u00fcler \u00e4sthetisch. Sie \u00fcben sich im H\u00f6ren und Beurteilen von Musik wie auch im praktischen Singen, Musizieren und Gestalten. Sie lernen Musik unterschiedlichster Musikstile, verschiedenster Komponisten und Epochen kennen und setzen sich theoretisch und praktisch mit der mannigfaltigen europ\u00e4ischen uns au\u00dfereurop\u00e4ischen Kultur auseinander. Auch Konzert- und Theaterbesuche stehen auf dem Programm.<\/p>\n\n\n\n<h3 id=\"unterrichtsangebot\" class=\"wp-block-heading\">Unterrichtsangebot<\/h3>\n\n\n\n<p class=\"wp-block-paragraph\">Der <strong>regul\u00e4re Musikunterricht<\/strong> findet zur Zeit in den Jahrgangsstufen 5, 6, 7, 8, 10, 11 und 12 statt.<\/p>\n\n\n\n<p class=\"wp-block-paragraph\">Praktische Unterrichtsarbeit steht insbesondere in den Jahrgangstufen 5-7 im Vordergrund, schwerpunktm\u00e4\u00dfig im Bereich Instrumentenkunde und Symphonische Dichtung.<\/p>\n\n\n\n<p class=\"wp-block-paragraph\">Die Sch\u00fcler_innen der <strong>Bl\u00e4serklasse<\/strong> erlernen in der 5. und 6. Klasse erg\u00e4nzend zum regul\u00e4ren Musikunterricht ein Blasinstrument und spielen zusammen im Blasorchester.<\/p>\n\n\n\n<p class=\"wp-block-paragraph\">Im <strong>Differenzierungskurs der Stufen 9 und 10<\/strong> besteht die M\u00f6glichkeit einen praktischen Kurs im Fach Musik zu belegen. Hier lernen die Sch\u00fclerinnen und Sch\u00fcler zu improvisieren, St\u00fccke zu arrangieren und eigene Musik zu schreiben.<\/p>\n\n\n\n<p class=\"wp-block-paragraph\">In der <strong>Oberstufe<\/strong> l\u00e4sst sich das Fach Musik als 3-st\u00fcndiger Grundkurs belegen, im Abitur kann Musik als 3. oder 4. Fach gew\u00e4hlt werden.<\/p>\n\n\n\n<p class=\"wp-block-paragraph\">In der <strong>Jahrgangsstufe <\/strong>Q1 k\u00f6nnen die Sch\u00fclerinnen und Sch\u00fcler alternativ zum regul\u00e4ren Musik-, Kunst-, oder Literaturunterricht den <strong>Vokalpraktischen Kurs<\/strong> belegen, um den Schulchor zu verst\u00e4rken, oder am <strong>Instrumentalpraktischen Kurs<\/strong> teilnehmen.<\/p>\n\n\n\n<h3 id=\"ags\" class=\"wp-block-heading\">AGs<\/h3>\n\n\n\n<p class=\"wp-block-paragraph\">Neben dem Unterricht bieten wir M\u00f6glichkeiten praktisch zu musizieren:<\/p>\n\n\n\n<ul class=\"wp-block-list\">\n<li>in der <strong><a href=\"https:\/\/mpg-do.de\/?page_id=6814\">Bigband<\/a><\/strong> <\/li>\n\n\n\n<li>im <strong><a href=\"https:\/\/mpg-do.de\/?page_id=6809\">Schulchor<\/a><\/strong><\/li>\n\n\n\n<li>in der Lehrer-Sch\u00fcler-Band <strong>Planck Rock<\/strong><\/li>\n<\/ul>\n\n\n\n<p class=\"wp-block-paragraph\">Dazu haben Sch\u00fclerbands die M\u00f6glichkeit in der Schule zu proben.<\/p>\n\n\n\n<h3 id=\"konzerte\" class=\"wp-block-heading\">Konzerte<\/h3>\n\n\n\n<p class=\"wp-block-paragraph\">Regelm\u00e4\u00dfig geben die Sch\u00fcler_innen ihr musikalisches K\u00f6nnen zum Besten. Zu den seit vielen Jahren festen Terminen im MPG-Kalender geh\u00f6ren das <strong>Weihnachtskonzert<\/strong> und das <strong>Sommerkonzert<\/strong>. Dar\u00fcber hinaus finden die von Sch\u00fcler_innen organisierten Konzerte under dem Titel <strong>Rock am MPG <\/strong>statt.<\/p>\n\n\n\n<p class=\"wp-block-paragraph\"><a href=\"..\/?tag=musik\">Aktuelle Berichte zum Fach Musik<\/a><\/p>\n\n\n\n<p class=\"wp-block-paragraph\"><a href=\"https:\/\/drive.google.com\/open?id=1DZFJ4vTeWfJKN3HPjv8c58Fiand4p1u5\">Schultinterne Lehrpl\u00e4ne<\/a><\/p>\n\n\n\n<figure data-wp-context=\"{&quot;galleryId&quot;:&quot;69d2326f70b01&quot;}\" data-wp-interactive=\"core\/gallery\" class=\"wp-block-gallery has-nested-images columns-default is-cropped wp-block-gallery-1 is-layout-flex wp-block-gallery-is-layout-flex\">\n<figure data-wp-context=\"{&quot;imageId&quot;:&quot;69d2326f71103&quot;}\" data-wp-interactive=\"core\/image\" data-wp-key=\"69d2326f71103\" class=\"wp-block-image size-large wp-lightbox-container\"><img loading=\"lazy\" decoding=\"async\" width=\"1024\" height=\"768\" data-wp-class--hide=\"state.isContentHidden\" data-wp-class--show=\"state.isContentVisible\" data-wp-init=\"callbacks.setButtonStyles\" data-wp-on--click=\"actions.showLightbox\" data-wp-on--load=\"callbacks.setButtonStyles\" data-wp-on--pointerdown=\"actions.preloadImage\" data-wp-on--pointerenter=\"actions.preloadImageWithDelay\" data-wp-on--pointerleave=\"actions.cancelPreload\" data-wp-on-window--resize=\"callbacks.setButtonStyles\" data-id=\"3031\" src=\"https:\/\/mpg-do.de\/wp-content\/uploads\/2016\/11\/2016-Musiksaal-Instrumente-Max-Planck-Gymnasium-Dortmund-1024x768.jpg\" alt=\"2016-Musiksaal-Instrumente-Max-Planck-Gymnasium-Dortmund\" class=\"wp-image-3031\" srcset=\"https:\/\/mpg-do.de\/wp-content\/uploads\/2016\/11\/2016-Musiksaal-Instrumente-Max-Planck-Gymnasium-Dortmund-1024x768.jpg 1024w, https:\/\/mpg-do.de\/wp-content\/uploads\/2016\/11\/2016-Musiksaal-Instrumente-Max-Planck-Gymnasium-Dortmund-120x90.jpg 120w, https:\/\/mpg-do.de\/wp-content\/uploads\/2016\/11\/2016-Musiksaal-Instrumente-Max-Planck-Gymnasium-Dortmund-300x225.jpg 300w, https:\/\/mpg-do.de\/wp-content\/uploads\/2016\/11\/2016-Musiksaal-Instrumente-Max-Planck-Gymnasium-Dortmund-768x576.jpg 768w, https:\/\/mpg-do.de\/wp-content\/uploads\/2016\/11\/2016-Musiksaal-Instrumente-Max-Planck-Gymnasium-Dortmund-600x450.jpg 600w, https:\/\/mpg-do.de\/wp-content\/uploads\/2016\/11\/2016-Musiksaal-Instrumente-Max-Planck-Gymnasium-Dortmund-64x48.jpg 64w, https:\/\/mpg-do.de\/wp-content\/uploads\/2016\/11\/2016-Musiksaal-Instrumente-Max-Planck-Gymnasium-Dortmund-260x195.jpg 260w, https:\/\/mpg-do.de\/wp-content\/uploads\/2016\/11\/2016-Musiksaal-Instrumente-Max-Planck-Gymnasium-Dortmund.jpg 1200w\" sizes=\"auto, (max-width: 1024px) 100vw, 1024px\" \/><button\n\t\t\tclass=\"lightbox-trigger\"\n\t\t\ttype=\"button\"\n\t\t\taria-haspopup=\"dialog\"\n\t\t\tdata-wp-bind--aria-label=\"state.thisImage.triggerButtonAriaLabel\"\n\t\t\tdata-wp-init=\"callbacks.initTriggerButton\"\n\t\t\tdata-wp-on--click=\"actions.showLightbox\"\n\t\t\tdata-wp-style--right=\"state.thisImage.buttonRight\"\n\t\t\tdata-wp-style--top=\"state.thisImage.buttonTop\"\n\t\t>\n\t\t\t<svg xmlns=\"http:\/\/www.w3.org\/2000\/svg\" width=\"12\" height=\"12\" fill=\"none\" viewBox=\"0 0 12 12\">\n\t\t\t\t<path fill=\"#fff\" d=\"M2 0a2 2 0 0 0-2 2v2h1.5V2a.5.5 0 0 1 .5-.5h2V0H2Zm2 10.5H2a.5.5 0 0 1-.5-.5V8H0v2a2 2 0 0 0 2 2h2v-1.5ZM8 12v-1.5h2a.5.5 0 0 0 .5-.5V8H12v2a2 2 0 0 1-2 2H8Zm2-12a2 2 0 0 1 2 2v2h-1.5V2a.5.5 0 0 0-.5-.5H8V0h2Z\" \/>\n\t\t\t<\/svg>\n\t\t<\/button><\/figure>\n\n\n\n<figure data-wp-context=\"{&quot;imageId&quot;:&quot;69d2326f715be&quot;}\" data-wp-interactive=\"core\/image\" data-wp-key=\"69d2326f715be\" class=\"wp-block-image size-large wp-lightbox-container\"><img loading=\"lazy\" decoding=\"async\" width=\"836\" height=\"600\" data-wp-class--hide=\"state.isContentHidden\" data-wp-class--show=\"state.isContentVisible\" data-wp-init=\"callbacks.setButtonStyles\" data-wp-on--click=\"actions.showLightbox\" data-wp-on--load=\"callbacks.setButtonStyles\" data-wp-on--pointerdown=\"actions.preloadImage\" data-wp-on--pointerenter=\"actions.preloadImageWithDelay\" data-wp-on--pointerleave=\"actions.cancelPreload\" data-wp-on-window--resize=\"callbacks.setButtonStyles\" data-id=\"14835\" src=\"https:\/\/mpg-do.de\/wp-content\/uploads\/2026\/02\/Weihnachtskonzert-2026-Max-Planck-Gymnasium-Dortmund8-copy-836x600.jpg\" alt=\"\" class=\"wp-image-14835\" srcset=\"https:\/\/mpg-do.de\/wp-content\/uploads\/2026\/02\/Weihnachtskonzert-2026-Max-Planck-Gymnasium-Dortmund8-copy-836x600.jpg 836w, https:\/\/mpg-do.de\/wp-content\/uploads\/2026\/02\/Weihnachtskonzert-2026-Max-Planck-Gymnasium-Dortmund8-copy-300x215.jpg 300w, https:\/\/mpg-do.de\/wp-content\/uploads\/2026\/02\/Weihnachtskonzert-2026-Max-Planck-Gymnasium-Dortmund8-copy-768x551.jpg 768w, https:\/\/mpg-do.de\/wp-content\/uploads\/2026\/02\/Weihnachtskonzert-2026-Max-Planck-Gymnasium-Dortmund8-copy-1536x1102.jpg 1536w, https:\/\/mpg-do.de\/wp-content\/uploads\/2026\/02\/Weihnachtskonzert-2026-Max-Planck-Gymnasium-Dortmund8-copy-2048x1470.jpg 2048w, https:\/\/mpg-do.de\/wp-content\/uploads\/2026\/02\/Weihnachtskonzert-2026-Max-Planck-Gymnasium-Dortmund8-copy-64x46.jpg 64w, https:\/\/mpg-do.de\/wp-content\/uploads\/2026\/02\/Weihnachtskonzert-2026-Max-Planck-Gymnasium-Dortmund8-copy-1568x1125.jpg 1568w, https:\/\/mpg-do.de\/wp-content\/uploads\/2026\/02\/Weihnachtskonzert-2026-Max-Planck-Gymnasium-Dortmund8-copy-1320x947.jpg 1320w\" sizes=\"auto, (max-width: 836px) 100vw, 836px\" \/><button\n\t\t\tclass=\"lightbox-trigger\"\n\t\t\ttype=\"button\"\n\t\t\taria-haspopup=\"dialog\"\n\t\t\tdata-wp-bind--aria-label=\"state.thisImage.triggerButtonAriaLabel\"\n\t\t\tdata-wp-init=\"callbacks.initTriggerButton\"\n\t\t\tdata-wp-on--click=\"actions.showLightbox\"\n\t\t\tdata-wp-style--right=\"state.thisImage.buttonRight\"\n\t\t\tdata-wp-style--top=\"state.thisImage.buttonTop\"\n\t\t>\n\t\t\t<svg xmlns=\"http:\/\/www.w3.org\/2000\/svg\" width=\"12\" height=\"12\" fill=\"none\" viewBox=\"0 0 12 12\">\n\t\t\t\t<path fill=\"#fff\" d=\"M2 0a2 2 0 0 0-2 2v2h1.5V2a.5.5 0 0 1 .5-.5h2V0H2Zm2 10.5H2a.5.5 0 0 1-.5-.5V8H0v2a2 2 0 0 0 2 2h2v-1.5ZM8 12v-1.5h2a.5.5 0 0 0 .5-.5V8H12v2a2 2 0 0 1-2 2H8Zm2-12a2 2 0 0 1 2 2v2h-1.5V2a.5.5 0 0 0-.5-.5H8V0h2Z\" \/>\n\t\t\t<\/svg>\n\t\t<\/button><\/figure>\n\n\n\n<figure data-wp-context=\"{&quot;imageId&quot;:&quot;69d2326f71a1c&quot;}\" data-wp-interactive=\"core\/image\" data-wp-key=\"69d2326f71a1c\" class=\"wp-block-image size-large wp-lightbox-container\"><img loading=\"lazy\" decoding=\"async\" width=\"1024\" height=\"685\" data-wp-class--hide=\"state.isContentHidden\" data-wp-class--show=\"state.isContentVisible\" data-wp-init=\"callbacks.setButtonStyles\" data-wp-on--click=\"actions.showLightbox\" data-wp-on--load=\"callbacks.setButtonStyles\" data-wp-on--pointerdown=\"actions.preloadImage\" data-wp-on--pointerenter=\"actions.preloadImageWithDelay\" data-wp-on--pointerleave=\"actions.cancelPreload\" data-wp-on-window--resize=\"callbacks.setButtonStyles\" data-id=\"1000\" src=\"https:\/\/mpg-do.de\/wp-content\/uploads\/2016\/01\/DSC_5480-1-1024x685.jpg\" alt=\"\" class=\"wp-image-1000\" srcset=\"https:\/\/mpg-do.de\/wp-content\/uploads\/2016\/01\/DSC_5480-1-1024x685.jpg 1024w, https:\/\/mpg-do.de\/wp-content\/uploads\/2016\/01\/DSC_5480-1-300x201.jpg 300w, https:\/\/mpg-do.de\/wp-content\/uploads\/2016\/01\/DSC_5480-1-260x174.jpg 260w\" sizes=\"auto, (max-width: 1024px) 100vw, 1024px\" \/><button\n\t\t\tclass=\"lightbox-trigger\"\n\t\t\ttype=\"button\"\n\t\t\taria-haspopup=\"dialog\"\n\t\t\tdata-wp-bind--aria-label=\"state.thisImage.triggerButtonAriaLabel\"\n\t\t\tdata-wp-init=\"callbacks.initTriggerButton\"\n\t\t\tdata-wp-on--click=\"actions.showLightbox\"\n\t\t\tdata-wp-style--right=\"state.thisImage.buttonRight\"\n\t\t\tdata-wp-style--top=\"state.thisImage.buttonTop\"\n\t\t>\n\t\t\t<svg xmlns=\"http:\/\/www.w3.org\/2000\/svg\" width=\"12\" height=\"12\" fill=\"none\" viewBox=\"0 0 12 12\">\n\t\t\t\t<path fill=\"#fff\" d=\"M2 0a2 2 0 0 0-2 2v2h1.5V2a.5.5 0 0 1 .5-.5h2V0H2Zm2 10.5H2a.5.5 0 0 1-.5-.5V8H0v2a2 2 0 0 0 2 2h2v-1.5ZM8 12v-1.5h2a.5.5 0 0 0 .5-.5V8H12v2a2 2 0 0 1-2 2H8Zm2-12a2 2 0 0 1 2 2v2h-1.5V2a.5.5 0 0 0-.5-.5H8V0h2Z\" \/>\n\t\t\t<\/svg>\n\t\t<\/button><\/figure>\n\n\n\n<figure data-wp-context=\"{&quot;imageId&quot;:&quot;69d2326f71d77&quot;}\" data-wp-interactive=\"core\/image\" data-wp-key=\"69d2326f71d77\" class=\"wp-block-image size-large wp-lightbox-container\"><img loading=\"lazy\" decoding=\"async\" width=\"1024\" height=\"684\" data-wp-class--hide=\"state.isContentHidden\" data-wp-class--show=\"state.isContentVisible\" data-wp-init=\"callbacks.setButtonStyles\" data-wp-on--click=\"actions.showLightbox\" data-wp-on--load=\"callbacks.setButtonStyles\" data-wp-on--pointerdown=\"actions.preloadImage\" data-wp-on--pointerenter=\"actions.preloadImageWithDelay\" data-wp-on--pointerleave=\"actions.cancelPreload\" data-wp-on-window--resize=\"callbacks.setButtonStyles\" data-id=\"6257\" src=\"https:\/\/mpg-do.de\/wp-content\/uploads\/2019\/02\/Lehrer-Sch\u00fcler-Band-Planck-Rock-2019-Max-Planck-Gymnasium-Dortmund-1024x684.jpg\" alt=\"\" class=\"wp-image-6257\" srcset=\"https:\/\/mpg-do.de\/wp-content\/uploads\/2019\/02\/Lehrer-Sch\u00fcler-Band-Planck-Rock-2019-Max-Planck-Gymnasium-Dortmund-1024x684.jpg 1024w, https:\/\/mpg-do.de\/wp-content\/uploads\/2019\/02\/Lehrer-Sch\u00fcler-Band-Planck-Rock-2019-Max-Planck-Gymnasium-Dortmund-300x200.jpg 300w, https:\/\/mpg-do.de\/wp-content\/uploads\/2019\/02\/Lehrer-Sch\u00fcler-Band-Planck-Rock-2019-Max-Planck-Gymnasium-Dortmund-768x513.jpg 768w, https:\/\/mpg-do.de\/wp-content\/uploads\/2019\/02\/Lehrer-Sch\u00fcler-Band-Planck-Rock-2019-Max-Planck-Gymnasium-Dortmund-64x43.jpg 64w, https:\/\/mpg-do.de\/wp-content\/uploads\/2019\/02\/Lehrer-Sch\u00fcler-Band-Planck-Rock-2019-Max-Planck-Gymnasium-Dortmund-260x174.jpg 260w, https:\/\/mpg-do.de\/wp-content\/uploads\/2019\/02\/Lehrer-Sch\u00fcler-Band-Planck-Rock-2019-Max-Planck-Gymnasium-Dortmund.jpg 1280w\" sizes=\"auto, (max-width: 1024px) 100vw, 1024px\" \/><button\n\t\t\tclass=\"lightbox-trigger\"\n\t\t\ttype=\"button\"\n\t\t\taria-haspopup=\"dialog\"\n\t\t\tdata-wp-bind--aria-label=\"state.thisImage.triggerButtonAriaLabel\"\n\t\t\tdata-wp-init=\"callbacks.initTriggerButton\"\n\t\t\tdata-wp-on--click=\"actions.showLightbox\"\n\t\t\tdata-wp-style--right=\"state.thisImage.buttonRight\"\n\t\t\tdata-wp-style--top=\"state.thisImage.buttonTop\"\n\t\t>\n\t\t\t<svg xmlns=\"http:\/\/www.w3.org\/2000\/svg\" width=\"12\" height=\"12\" fill=\"none\" viewBox=\"0 0 12 12\">\n\t\t\t\t<path fill=\"#fff\" d=\"M2 0a2 2 0 0 0-2 2v2h1.5V2a.5.5 0 0 1 .5-.5h2V0H2Zm2 10.5H2a.5.5 0 0 1-.5-.5V8H0v2a2 2 0 0 0 2 2h2v-1.5ZM8 12v-1.5h2a.5.5 0 0 0 .5-.5V8H12v2a2 2 0 0 1-2 2H8Zm2-12a2 2 0 0 1 2 2v2h-1.5V2a.5.5 0 0 0-.5-.5H8V0h2Z\" \/>\n\t\t\t<\/svg>\n\t\t<\/button><\/figure>\n\n\n\n<figure data-wp-context=\"{&quot;imageId&quot;:&quot;69d2326f720a6&quot;}\" data-wp-interactive=\"core\/image\" data-wp-key=\"69d2326f720a6\" class=\"wp-block-image size-large wp-lightbox-container\"><img loading=\"lazy\" decoding=\"async\" width=\"1024\" height=\"685\" data-wp-class--hide=\"state.isContentHidden\" data-wp-class--show=\"state.isContentVisible\" data-wp-init=\"callbacks.setButtonStyles\" data-wp-on--click=\"actions.showLightbox\" data-wp-on--load=\"callbacks.setButtonStyles\" data-wp-on--pointerdown=\"actions.preloadImage\" data-wp-on--pointerenter=\"actions.preloadImageWithDelay\" data-wp-on--pointerleave=\"actions.cancelPreload\" data-wp-on-window--resize=\"callbacks.setButtonStyles\" data-id=\"1013\" src=\"https:\/\/mpg-do.de\/wp-content\/uploads\/2016\/01\/8-1024x685.jpg\" alt=\"\" class=\"wp-image-1013\" srcset=\"https:\/\/mpg-do.de\/wp-content\/uploads\/2016\/01\/8-1024x685.jpg 1024w, https:\/\/mpg-do.de\/wp-content\/uploads\/2016\/01\/8-300x201.jpg 300w, https:\/\/mpg-do.de\/wp-content\/uploads\/2016\/01\/8-768x514.jpg 768w, https:\/\/mpg-do.de\/wp-content\/uploads\/2016\/01\/8-600x402.jpg 600w, https:\/\/mpg-do.de\/wp-content\/uploads\/2016\/01\/8-64x43.jpg 64w, https:\/\/mpg-do.de\/wp-content\/uploads\/2016\/01\/8-260x174.jpg 260w, https:\/\/mpg-do.de\/wp-content\/uploads\/2016\/01\/8.jpg 1400w\" sizes=\"auto, (max-width: 1024px) 100vw, 1024px\" \/><button\n\t\t\tclass=\"lightbox-trigger\"\n\t\t\ttype=\"button\"\n\t\t\taria-haspopup=\"dialog\"\n\t\t\tdata-wp-bind--aria-label=\"state.thisImage.triggerButtonAriaLabel\"\n\t\t\tdata-wp-init=\"callbacks.initTriggerButton\"\n\t\t\tdata-wp-on--click=\"actions.showLightbox\"\n\t\t\tdata-wp-style--right=\"state.thisImage.buttonRight\"\n\t\t\tdata-wp-style--top=\"state.thisImage.buttonTop\"\n\t\t>\n\t\t\t<svg xmlns=\"http:\/\/www.w3.org\/2000\/svg\" width=\"12\" height=\"12\" fill=\"none\" viewBox=\"0 0 12 12\">\n\t\t\t\t<path fill=\"#fff\" d=\"M2 0a2 2 0 0 0-2 2v2h1.5V2a.5.5 0 0 1 .5-.5h2V0H2Zm2 10.5H2a.5.5 0 0 1-.5-.5V8H0v2a2 2 0 0 0 2 2h2v-1.5ZM8 12v-1.5h2a.5.5 0 0 0 .5-.5V8H12v2a2 2 0 0 1-2 2H8Zm2-12a2 2 0 0 1 2 2v2h-1.5V2a.5.5 0 0 0-.5-.5H8V0h2Z\" \/>\n\t\t\t<\/svg>\n\t\t<\/button><\/figure>\n\n\n\n<figure data-wp-context=\"{&quot;imageId&quot;:&quot;69d2326f72498&quot;}\" data-wp-interactive=\"core\/image\" data-wp-key=\"69d2326f72498\" class=\"wp-block-image size-large wp-lightbox-container\"><img loading=\"lazy\" decoding=\"async\" width=\"674\" height=\"600\" data-wp-class--hide=\"state.isContentHidden\" data-wp-class--show=\"state.isContentVisible\" data-wp-init=\"callbacks.setButtonStyles\" data-wp-on--click=\"actions.showLightbox\" data-wp-on--load=\"callbacks.setButtonStyles\" data-wp-on--pointerdown=\"actions.preloadImage\" data-wp-on--pointerenter=\"actions.preloadImageWithDelay\" data-wp-on--pointerleave=\"actions.cancelPreload\" data-wp-on-window--resize=\"callbacks.setButtonStyles\" data-id=\"14826\" src=\"https:\/\/mpg-do.de\/wp-content\/uploads\/2026\/02\/Weihnachtskonzert-2026-Max-Planck-Gymnasium-Dortmund5-674x600.jpg\" alt=\"\" class=\"wp-image-14826\" srcset=\"https:\/\/mpg-do.de\/wp-content\/uploads\/2026\/02\/Weihnachtskonzert-2026-Max-Planck-Gymnasium-Dortmund5-674x600.jpg 674w, https:\/\/mpg-do.de\/wp-content\/uploads\/2026\/02\/Weihnachtskonzert-2026-Max-Planck-Gymnasium-Dortmund5-300x267.jpg 300w, https:\/\/mpg-do.de\/wp-content\/uploads\/2026\/02\/Weihnachtskonzert-2026-Max-Planck-Gymnasium-Dortmund5-768x684.jpg 768w, https:\/\/mpg-do.de\/wp-content\/uploads\/2026\/02\/Weihnachtskonzert-2026-Max-Planck-Gymnasium-Dortmund5-1536x1367.jpg 1536w, https:\/\/mpg-do.de\/wp-content\/uploads\/2026\/02\/Weihnachtskonzert-2026-Max-Planck-Gymnasium-Dortmund5-2048x1823.jpg 2048w, https:\/\/mpg-do.de\/wp-content\/uploads\/2026\/02\/Weihnachtskonzert-2026-Max-Planck-Gymnasium-Dortmund5-64x57.jpg 64w, https:\/\/mpg-do.de\/wp-content\/uploads\/2026\/02\/Weihnachtskonzert-2026-Max-Planck-Gymnasium-Dortmund5-1568x1396.jpg 1568w, https:\/\/mpg-do.de\/wp-content\/uploads\/2026\/02\/Weihnachtskonzert-2026-Max-Planck-Gymnasium-Dortmund5-1320x1175.jpg 1320w\" sizes=\"auto, (max-width: 674px) 100vw, 674px\" \/><button\n\t\t\tclass=\"lightbox-trigger\"\n\t\t\ttype=\"button\"\n\t\t\taria-haspopup=\"dialog\"\n\t\t\tdata-wp-bind--aria-label=\"state.thisImage.triggerButtonAriaLabel\"\n\t\t\tdata-wp-init=\"callbacks.initTriggerButton\"\n\t\t\tdata-wp-on--click=\"actions.showLightbox\"\n\t\t\tdata-wp-style--right=\"state.thisImage.buttonRight\"\n\t\t\tdata-wp-style--top=\"state.thisImage.buttonTop\"\n\t\t>\n\t\t\t<svg xmlns=\"http:\/\/www.w3.org\/2000\/svg\" width=\"12\" height=\"12\" fill=\"none\" viewBox=\"0 0 12 12\">\n\t\t\t\t<path fill=\"#fff\" d=\"M2 0a2 2 0 0 0-2 2v2h1.5V2a.5.5 0 0 1 .5-.5h2V0H2Zm2 10.5H2a.5.5 0 0 1-.5-.5V8H0v2a2 2 0 0 0 2 2h2v-1.5ZM8 12v-1.5h2a.5.5 0 0 0 .5-.5V8H12v2a2 2 0 0 1-2 2H8Zm2-12a2 2 0 0 1 2 2v2h-1.5V2a.5.5 0 0 0-.5-.5H8V0h2Z\" \/>\n\t\t\t<\/svg>\n\t\t<\/button><\/figure>\n<\/figure>\n","protected":false},"excerpt":{"rendered":"<p>Der Musikunterricht am MPG schult auf einer soliden Grundlage in Musiktheorie die Sch\u00fclerinnen und Sch\u00fcler \u00e4sthetisch. Sie \u00fcben sich im H\u00f6ren und Beurteilen von Musik wie auch im praktischen Singen, Musizieren und Gestalten. Sie lernen Musik unterschiedlichster Musikstile, verschiedenster Komponisten und Epochen kennen und setzen sich theoretisch und praktisch mit der mannigfaltigen europ\u00e4ischen uns au\u00dfereurop\u00e4ischen &hellip; <\/p>\n<p class=\"link-more\"><a href=\"https:\/\/mpg-do.de\/?page_id=6799\" class=\"more-link\"><span class=\"screen-reader-text\">\u201eMusik\u201c <\/span>weiterlesen<\/a><\/p>\n","protected":false},"author":13,"featured_media":14824,"parent":458,"menu_order":0,"comment_status":"closed","ping_status":"closed","template":"","meta":{"_crdt_document":"","footnotes":""},"class_list":["post-6799","page","type-page","status-publish","has-post-thumbnail","hentry","entry"],"_links":{"self":[{"href":"https:\/\/mpg-do.de\/index.php?rest_route=\/wp\/v2\/pages\/6799","targetHints":{"allow":["GET"]}}],"collection":[{"href":"https:\/\/mpg-do.de\/index.php?rest_route=\/wp\/v2\/pages"}],"about":[{"href":"https:\/\/mpg-do.de\/index.php?rest_route=\/wp\/v2\/types\/page"}],"author":[{"embeddable":true,"href":"https:\/\/mpg-do.de\/index.php?rest_route=\/wp\/v2\/users\/13"}],"replies":[{"embeddable":true,"href":"https:\/\/mpg-do.de\/index.php?rest_route=%2Fwp%2Fv2%2Fcomments&post=6799"}],"version-history":[{"count":14,"href":"https:\/\/mpg-do.de\/index.php?rest_route=\/wp\/v2\/pages\/6799\/revisions"}],"predecessor-version":[{"id":14843,"href":"https:\/\/mpg-do.de\/index.php?rest_route=\/wp\/v2\/pages\/6799\/revisions\/14843"}],"up":[{"embeddable":true,"href":"https:\/\/mpg-do.de\/index.php?rest_route=\/wp\/v2\/pages\/458"}],"wp:featuredmedia":[{"embeddable":true,"href":"https:\/\/mpg-do.de\/index.php?rest_route=\/wp\/v2\/media\/14824"}],"wp:attachment":[{"href":"https:\/\/mpg-do.de\/index.php?rest_route=%2Fwp%2Fv2%2Fmedia&parent=6799"}],"curies":[{"name":"wp","href":"https:\/\/api.w.org\/{rel}","templated":true}]}}