{"id":6810,"date":"2019-09-13T09:03:43","date_gmt":"2019-09-13T07:03:43","guid":{"rendered":"https:\/\/noobserver.de\/?page_id=6810"},"modified":"2024-11-11T22:00:43","modified_gmt":"2024-11-11T21:00:43","slug":"englisch","status":"publish","type":"page","link":"https:\/\/mpg-do.de\/?page_id=6810","title":{"rendered":"Englisch"},"content":{"rendered":"\r\n<figure class=\"wp-block-gallery alignwide has-nested-images columns-default is-cropped wp-block-gallery-1 is-layout-flex wp-block-gallery-is-layout-flex\">\r\n<figure class=\"wp-block-image size-large\"><img loading=\"lazy\" decoding=\"async\" width=\"1024\" height=\"768\" data-id=\"5502\" class=\"wp-image-5502\" src=\"https:\/\/mpg-do.de\/wp-content\/uploads\/2018\/10\/Englisch-1024x768.jpeg\" alt=\"\" srcset=\"https:\/\/mpg-do.de\/wp-content\/uploads\/2018\/10\/Englisch-1024x768.jpeg 1024w, https:\/\/mpg-do.de\/wp-content\/uploads\/2018\/10\/Englisch-120x90.jpeg 120w, https:\/\/mpg-do.de\/wp-content\/uploads\/2018\/10\/Englisch-300x225.jpeg 300w, https:\/\/mpg-do.de\/wp-content\/uploads\/2018\/10\/Englisch-768x576.jpeg 768w, https:\/\/mpg-do.de\/wp-content\/uploads\/2018\/10\/Englisch-64x48.jpeg 64w, https:\/\/mpg-do.de\/wp-content\/uploads\/2018\/10\/Englisch-1320x990.jpeg 1320w, https:\/\/mpg-do.de\/wp-content\/uploads\/2018\/10\/Englisch-260x195.jpeg 260w\" sizes=\"auto, (max-width: 1024px) 100vw, 1024px\" \/><\/figure>\r\n\r\n\r\n\r\n<figure class=\"wp-block-image size-large\"><img loading=\"lazy\" decoding=\"async\" width=\"1024\" height=\"596\" data-id=\"5430\" class=\"wp-image-5430\" src=\"https:\/\/mpg-do.de\/wp-content\/uploads\/2018\/09\/IHK2018-1-e1536595781743-1024x596.jpg\" alt=\"\" srcset=\"https:\/\/mpg-do.de\/wp-content\/uploads\/2018\/09\/IHK2018-1-e1536595781743-1024x596.jpg 1024w, https:\/\/mpg-do.de\/wp-content\/uploads\/2018\/09\/IHK2018-1-e1536595781743-300x175.jpg 300w, https:\/\/mpg-do.de\/wp-content\/uploads\/2018\/09\/IHK2018-1-e1536595781743-768x447.jpg 768w, https:\/\/mpg-do.de\/wp-content\/uploads\/2018\/09\/IHK2018-1-e1536595781743-64x37.jpg 64w, https:\/\/mpg-do.de\/wp-content\/uploads\/2018\/09\/IHK2018-1-e1536595781743-1320x769.jpg 1320w, https:\/\/mpg-do.de\/wp-content\/uploads\/2018\/09\/IHK2018-1-e1536595781743-260x151.jpg 260w\" sizes=\"auto, (max-width: 1024px) 100vw, 1024px\" \/><\/figure>\r\n\r\n\r\n\r\n<figure class=\"wp-block-image size-large\"><img loading=\"lazy\" decoding=\"async\" width=\"1024\" height=\"768\" data-id=\"2870\" class=\"wp-image-2870\" src=\"https:\/\/mpg-do.de\/wp-content\/uploads\/2016\/11\/2016-St.-Louis-USA-Austausch-Max-Planck-Gymnasium-Dortmund-1024x768.jpg\" alt=\"2016-st-louis-usa-austausch-max-planck-gymnasium-dortmund\" srcset=\"https:\/\/mpg-do.de\/wp-content\/uploads\/2016\/11\/2016-St.-Louis-USA-Austausch-Max-Planck-Gymnasium-Dortmund-1024x768.jpg 1024w, https:\/\/mpg-do.de\/wp-content\/uploads\/2016\/11\/2016-St.-Louis-USA-Austausch-Max-Planck-Gymnasium-Dortmund-120x90.jpg 120w, https:\/\/mpg-do.de\/wp-content\/uploads\/2016\/11\/2016-St.-Louis-USA-Austausch-Max-Planck-Gymnasium-Dortmund-300x225.jpg 300w, https:\/\/mpg-do.de\/wp-content\/uploads\/2016\/11\/2016-St.-Louis-USA-Austausch-Max-Planck-Gymnasium-Dortmund-768x576.jpg 768w, https:\/\/mpg-do.de\/wp-content\/uploads\/2016\/11\/2016-St.-Louis-USA-Austausch-Max-Planck-Gymnasium-Dortmund-600x450.jpg 600w, https:\/\/mpg-do.de\/wp-content\/uploads\/2016\/11\/2016-St.-Louis-USA-Austausch-Max-Planck-Gymnasium-Dortmund-64x48.jpg 64w, https:\/\/mpg-do.de\/wp-content\/uploads\/2016\/11\/2016-St.-Louis-USA-Austausch-Max-Planck-Gymnasium-Dortmund-260x195.jpg 260w, https:\/\/mpg-do.de\/wp-content\/uploads\/2016\/11\/2016-St.-Louis-USA-Austausch-Max-Planck-Gymnasium-Dortmund.jpg 1200w\" sizes=\"auto, (max-width: 1024px) 100vw, 1024px\" \/><\/figure>\r\n\r\n\r\n\r\n<figure class=\"wp-block-image size-large\"><img loading=\"lazy\" decoding=\"async\" width=\"1024\" height=\"768\" data-id=\"2694\" class=\"wp-image-2694\" src=\"https:\/\/mpg-do.de\/wp-content\/uploads\/2016\/11\/2016-Chicago-Max-Planck-Gymnasium-Dortmund-1024x768.jpg\" alt=\"Zwischenstopp in Chicago\" srcset=\"https:\/\/mpg-do.de\/wp-content\/uploads\/2016\/11\/2016-Chicago-Max-Planck-Gymnasium-Dortmund-1024x768.jpg 1024w, https:\/\/mpg-do.de\/wp-content\/uploads\/2016\/11\/2016-Chicago-Max-Planck-Gymnasium-Dortmund-120x90.jpg 120w, https:\/\/mpg-do.de\/wp-content\/uploads\/2016\/11\/2016-Chicago-Max-Planck-Gymnasium-Dortmund-300x225.jpg 300w, https:\/\/mpg-do.de\/wp-content\/uploads\/2016\/11\/2016-Chicago-Max-Planck-Gymnasium-Dortmund-768x576.jpg 768w, https:\/\/mpg-do.de\/wp-content\/uploads\/2016\/11\/2016-Chicago-Max-Planck-Gymnasium-Dortmund-600x450.jpg 600w, https:\/\/mpg-do.de\/wp-content\/uploads\/2016\/11\/2016-Chicago-Max-Planck-Gymnasium-Dortmund-64x48.jpg 64w, https:\/\/mpg-do.de\/wp-content\/uploads\/2016\/11\/2016-Chicago-Max-Planck-Gymnasium-Dortmund-260x195.jpg 260w, https:\/\/mpg-do.de\/wp-content\/uploads\/2016\/11\/2016-Chicago-Max-Planck-Gymnasium-Dortmund.jpg 1200w\" sizes=\"auto, (max-width: 1024px) 100vw, 1024px\" \/><\/figure>\r\n\r\n\r\n\r\n<figure class=\"wp-block-image size-large\"><img loading=\"lazy\" decoding=\"async\" width=\"1024\" height=\"562\" data-id=\"2695\" class=\"wp-image-2695\" src=\"https:\/\/mpg-do.de\/wp-content\/uploads\/2016\/11\/2015-London-Max-Planck-Gymnasium-Dortmund-1024x562.jpg\" alt=\"\" srcset=\"https:\/\/mpg-do.de\/wp-content\/uploads\/2016\/11\/2015-London-Max-Planck-Gymnasium-Dortmund-1024x562.jpg 1024w, https:\/\/mpg-do.de\/wp-content\/uploads\/2016\/11\/2015-London-Max-Planck-Gymnasium-Dortmund-300x165.jpg 300w, https:\/\/mpg-do.de\/wp-content\/uploads\/2016\/11\/2015-London-Max-Planck-Gymnasium-Dortmund-768x421.jpg 768w, https:\/\/mpg-do.de\/wp-content\/uploads\/2016\/11\/2015-London-Max-Planck-Gymnasium-Dortmund-600x329.jpg 600w, https:\/\/mpg-do.de\/wp-content\/uploads\/2016\/11\/2015-London-Max-Planck-Gymnasium-Dortmund-64x35.jpg 64w, https:\/\/mpg-do.de\/wp-content\/uploads\/2016\/11\/2015-London-Max-Planck-Gymnasium-Dortmund-260x143.jpg 260w\" sizes=\"auto, (max-width: 1024px) 100vw, 1024px\" \/><\/figure>\r\n\r\n\r\n\r\n<figure class=\"wp-block-image size-large\"><img loading=\"lazy\" decoding=\"async\" width=\"1024\" height=\"588\" data-id=\"2690\" class=\"wp-image-2690\" src=\"https:\/\/mpg-do.de\/wp-content\/uploads\/2016\/11\/2016-School-Bus-Max-Planck-Gymnasium-Dortmund-1024x588.jpg\" alt=\"School Bus -USA-Austausch St. Louis\" srcset=\"https:\/\/mpg-do.de\/wp-content\/uploads\/2016\/11\/2016-School-Bus-Max-Planck-Gymnasium-Dortmund-1024x588.jpg 1024w, https:\/\/mpg-do.de\/wp-content\/uploads\/2016\/11\/2016-School-Bus-Max-Planck-Gymnasium-Dortmund-300x172.jpg 300w, https:\/\/mpg-do.de\/wp-content\/uploads\/2016\/11\/2016-School-Bus-Max-Planck-Gymnasium-Dortmund-768x441.jpg 768w, https:\/\/mpg-do.de\/wp-content\/uploads\/2016\/11\/2016-School-Bus-Max-Planck-Gymnasium-Dortmund-600x345.jpg 600w, https:\/\/mpg-do.de\/wp-content\/uploads\/2016\/11\/2016-School-Bus-Max-Planck-Gymnasium-Dortmund-64x37.jpg 64w, https:\/\/mpg-do.de\/wp-content\/uploads\/2016\/11\/2016-School-Bus-Max-Planck-Gymnasium-Dortmund-260x149.jpg 260w, https:\/\/mpg-do.de\/wp-content\/uploads\/2016\/11\/2016-School-Bus-Max-Planck-Gymnasium-Dortmund.jpg 1200w\" sizes=\"auto, (max-width: 1024px) 100vw, 1024px\" \/><\/figure>\r\n<\/figure>\r\n\r\n\r\n\r\n<div class=\"wp-block-group alignwide\"><div class=\"wp-block-group__inner-container is-layout-flow wp-block-group-is-layout-flow\">\r\n<p class=\"wp-block-paragraph\">Englisch ist f\u00fcr das Berufsleben und das Zusammenleben in Europa h\u00f6chst bedeutsam. Damit ihr Kind darauf vorbereitet wird, f\u00f6rdern wir die kommunikativen F\u00e4higkeiten, die Sprachkenntnisse und das interkulturelle Wissen. Englisch ist somit ein wichtiger Baustein f\u00fcr uns als Europaschule.<\/p>\r\n<\/div><\/div>\r\n\r\n\r\n\r\n<div class=\"wp-block-group alignwide\"><div class=\"wp-block-group__inner-container is-layout-flow wp-block-group-is-layout-flow\">\r\n<p class=\"wp-block-paragraph\">Durch das Fach Wirtschaftsenglisch, die Kurse zum Erwerb von Fremdsprachenzertifikaten, wie den Cambridge English Qualifikationen, sowie die Teilnahme an aktuellen Fremdsprachenwettbewerben bieten wir \u2013 neben dem regul\u00e4ren Unterricht \u2013 weitreichende M\u00f6glichkeiten zur Vertiefung und Spezialisierung. Ebenfalls hervorzuheben sind die Besuche von englischsprachigen Theatergruppen am MPG.<\/p>\r\n\r\n\r\n\r\n<p class=\"wp-block-paragraph\">Unsere Partnerschule in St. Louis \/ USA gibt regelm\u00e4\u00dfig Einblicke in die amerikanische Kultur und Lebensweise. Im Auslandsb\u00fcro informiert Frau Knauf \u00fcber\u00a0die M\u00f6glichkeiten eines Auslandsaufenthaltes und ber\u00e4t\u00a0bei der Organisation\u00a0in Bezug\u00a0auf schulische Angelegenheiten.<\/p>\r\n\r\n\r\n\r\n<p class=\"wp-block-paragraph\">Wir als Kolleg_innen m\u00f6chten unsere Freude an der Sprache ihrem Kind weitergeben.<\/p>\r\n\r\n\r\n\r\n<p class=\"wp-block-paragraph\">&nbsp;<\/p>\r\n<\/div><\/div>\r\n\r\n\r\n\r\n<p class=\"wp-block-paragraph\"><a href=\"..\/wp-content\/uploads\/2020\/11\/Schulcurriculum_CTG5_NRW-aktuell-23.11.20.pdf\" target=\"_blank\" rel=\"noreferrer noopener\">Schulinternes Curriculum Stufe 5<\/a><br \/><a href=\"..\/wp-content\/uploads\/2022\/09\/Schulinterner-Lehrplan-Englisch-Jahrgang-6-aktuell-.pdf\" target=\"_blank\" rel=\"noreferrer noopener\">Schulinternes Curriculum Stufe 6<\/a><br \/><a href=\"..\/wp-content\/uploads\/2022\/09\/Schulinternes-Curriculum-Stufe-7.docx.pdf\" target=\"_blank\" rel=\"noopener\">Schulinternes Curriculum Stufe 7<\/a><br \/><a href=\"..\/wp-content\/uploads\/2023\/11\/Curriculum-JG-8-Camden-Town.docx.pdf\" target=\"_blank\" rel=\"noopener\">Schulinternes Curriculum Stufe 8<\/a><br \/><a href=\"..\/wp-content\/uploads\/2024\/11\/Curriculum-JG-9-Camdentown.pdf\" target=\"_blank\" rel=\"noopener\">Schulinternes Curriculum Stufe 9<\/a><br \/>\r\n<a href=\"https:\/\/mpg-do.de\/wp-content\/uploads\/2020\/11\/Kernlehrplan-Englisch-Sek-I-7-9-ueberarbeitet-fuer-HP-23.11.20.pdf\" target=\"_blank\" rel=\"noreferrer noopener\" data-type=\"URL\" data-id=\"https:\/\/mpg-do.de\/wp-content\/uploads\/2020\/11\/Kernlehrplan-Englisch-Sek-I-7-9-ueberarbeitet-fuer-HP-23.11.20.pdf\">Schulinternes Curriculum Mittelstufe<\/a><br \/><a href=\"..\/wp-content\/uploads\/2023\/11\/Uebergangscurriculum-Klasse-10-G9.docx.pdf\" target=\"_blank\" rel=\"noopener\">Schulinternes Curriculum Stufe 10 (\u00dcbergangsversion)<\/a><br \/><a href=\"..\/wp-content\/uploads\/2024\/11\/Schulinternes-Curriculum-EF-Ueberblick.pdf\" target=\"_blank\" rel=\"noopener\">Schulinternes Curriculum EF<\/a><br \/>\r\n<a href=\"https:\/\/mpg-do.de\/wp-content\/uploads\/2020\/11\/Curriculum-Sek-2-2020.pdf\" target=\"_blank\" rel=\"noreferrer noopener\" data-type=\"URL\" data-id=\"https:\/\/mpg-do.de\/wp-content\/uploads\/2020\/11\/Curriculum-Sek-2-2020.pdf\">Schulinternes Curriculum Sek.II<\/a><br \/><a href=\"..\/wp-content\/uploads\/2013\/10\/Leistungskonzept-Englisch-Sek-I.pdf\" target=\"_blank\" rel=\"noreferrer noopener\">Leistungskonzept Sek.1<\/a><br \/><a href=\"..\/wp-content\/uploads\/2013\/10\/Leistungskonzept-Englisch-Sek-II.pdf\" target=\"_blank\" rel=\"noreferrer noopener\">Leistungskonzept Sek.2<\/a><br \/><a href=\"..\/?page_id=2437\">Sprachenfolge<\/a><br \/><a href=\"..\/?page_id=1228\">Wahlpflichtfach<\/a><br \/><a href=\"..\/?project=cambridge-ag\">Cambridge-Zertifikatskurs<\/a><br \/><a href=\"..\/?page_id=792\">USA-Austausch<\/a><br \/><br \/><br \/><br \/><br \/><\/p>\r\n","protected":false},"excerpt":{"rendered":"<p>Englisch ist f\u00fcr das Berufsleben und das Zusammenleben in Europa h\u00f6chst bedeutsam. Damit ihr Kind darauf vorbereitet wird, f\u00f6rdern wir die kommunikativen F\u00e4higkeiten, die Sprachkenntnisse und das interkulturelle Wissen. Englisch ist somit ein wichtiger Baustein f\u00fcr uns als Europaschule. Durch das Fach Wirtschaftsenglisch, die Kurse zum Erwerb von Fremdsprachenzertifikaten, wie den Cambridge English Qualifikationen, sowie &hellip; <\/p>\n<p class=\"link-more\"><a href=\"https:\/\/mpg-do.de\/?page_id=6810\" class=\"more-link\"><span class=\"screen-reader-text\">\u201eEnglisch\u201c <\/span>weiterlesen<\/a><\/p>\n","protected":false},"author":13,"featured_media":0,"parent":458,"menu_order":0,"comment_status":"closed","ping_status":"closed","template":"","meta":{"_crdt_document":"","footnotes":""},"class_list":["post-6810","page","type-page","status-publish","hentry","entry"],"_links":{"self":[{"href":"https:\/\/mpg-do.de\/index.php?rest_route=\/wp\/v2\/pages\/6810","targetHints":{"allow":["GET"]}}],"collection":[{"href":"https:\/\/mpg-do.de\/index.php?rest_route=\/wp\/v2\/pages"}],"about":[{"href":"https:\/\/mpg-do.de\/index.php?rest_route=\/wp\/v2\/types\/page"}],"author":[{"embeddable":true,"href":"https:\/\/mpg-do.de\/index.php?rest_route=\/wp\/v2\/users\/13"}],"replies":[{"embeddable":true,"href":"https:\/\/mpg-do.de\/index.php?rest_route=%2Fwp%2Fv2%2Fcomments&post=6810"}],"version-history":[{"count":25,"href":"https:\/\/mpg-do.de\/index.php?rest_route=\/wp\/v2\/pages\/6810\/revisions"}],"predecessor-version":[{"id":13667,"href":"https:\/\/mpg-do.de\/index.php?rest_route=\/wp\/v2\/pages\/6810\/revisions\/13667"}],"up":[{"embeddable":true,"href":"https:\/\/mpg-do.de\/index.php?rest_route=\/wp\/v2\/pages\/458"}],"wp:attachment":[{"href":"https:\/\/mpg-do.de\/index.php?rest_route=%2Fwp%2Fv2%2Fmedia&parent=6810"}],"curies":[{"name":"wp","href":"https:\/\/api.w.org\/{rel}","templated":true}]}}