{"id":6814,"date":"2019-09-13T09:04:45","date_gmt":"2019-09-13T07:04:45","guid":{"rendered":"https:\/\/noobserver.de\/?page_id=6814"},"modified":"2022-11-09T15:55:33","modified_gmt":"2022-11-09T14:55:33","slug":"big-band","status":"publish","type":"page","link":"https:\/\/mpg-do.de\/?page_id=6814","title":{"rendered":"Big Band"},"content":{"rendered":"<p>Die Big Band unter der Leitung von Herrn Ludwig trifft sich montags\u00a0nach der 6. Stunde\u00a0in der Aula. Sie ist f\u00fcr Sch\u00fcler_innen aller Jahrgangsstufen mit mindestens zwei Jahren Instrumentalerfahrung ge\u00f6ffnet.<\/p>\n<p>Seit 2001 existiert die Big Band \u201eDiscovery Jazz\u201c am MPG, durchgehend unter der Leitung von Herrn Ludwig. Zun\u00e4chst als variables Ensemble konzipiert, bot diese AG allen Sch\u00fclerinnen und Sch\u00fclern (SuS) neben dem Chor, der eine lange Tradition am MPG hat, eine M\u00f6glichkeit sich mit einem eigenen Instrument in einem Ensemble musikalisch auszudr\u00fccken. Die Big Band probt w\u00f6chentlich im Nachmittagsbereich f\u00fcr zwei Stunden.<\/p>\n<p>Zwei Jahre nach Etablierung der ersten <a href=\"http:\/\/mpg-do.de\/?page_id=7042\">Bl\u00e4serklasse<\/a> am MPG 2001 erf\u00fcllte diese Arbeitsgemeinschaft den Wunsch der meisten Instrumentalisten der Bl\u00e4serklasse in einem Instrumentalensemble weiterhin zusammen zu musizieren und wurde daher als fester Bestandteil des musischen Konzeptes am MPG aufgenommen.<\/p>\n<p>Dadurch ver\u00e4nderte sich nat\u00fcrlich die Besetzung dieser AG in Richtung eines symphonischen Blasorchesters mit den g\u00e4ngigsten Holz- und Blechblasinstrumenten sowie einer erweiterten Rhythmusgruppe. W\u00e4hrend f\u00fcr die Gestaltung von Gottesdiensten (z. B. Pfingstgottesdienste am Augustinum in DO) und dem Weihnachtskonzert, an welchem die AG als fester Bestandteil ihre eher symphonische Ausrichtung beweisen kann, klassische Werke der Blasmusik einstudiert werden, wird die musikalische Ausrichtung als Big Band besonders beim j\u00e4hrlichen Sommerkonzert und anderen Auftritten in und um Dortmund \u00fcberdeutlich:<\/p>\n<p>Jazz-Standards, Swing, Latin und auch Filmmusik werden von der Besetzung einstudiert und entdeckt. Daher stellt der Name der Big Band \u201eDiscovery Jazz\u201c eine der wichtigsten Aufgaben und das Selbstverst\u00e4ndnis dieser AG programmatisch dar.<\/p>\n<p>Aus der Arbeit dieser AG heraus erschloss sich beinahe zwangsl\u00e4ufig die Etablierung eines \u201eInstrumentalpraktischen Kurses (IP) in der Q1\u201c am MPG. Seit 2009 wird dieser Kurs nun als weiteres musisches Element in der Sekundarstufe II angeboten, welches neben den allgemeinen Musikgrundkursen und dem vokalprakischen Kurs (VP) als regul\u00e4rer Kurs f\u00fcr die Abiturzulassung gewertet werden kann.<\/p>\n<p>In der Sekundarstufe I wurde im Schuljahr 2012\/13 erstmalig ein Differenzierungskurs \u201e<a href=\"http:\/\/news.mpg-dortmund.de\/?project=musik\">Musik<\/a>\u201c angeboten, sodass die instrumentale Praxis am MPG von den Bl\u00e4serklassen der Orientierungsstufen \u00fcber den Diff.-Kurs bis hin zum IP-Kurs in der Sek. II durch die AG Big Band \u201eDiscovery Jazz\u201c, die allen SuS mit mindestens 2 Jahren Instrumentalerfahrung und einem eigenen Instrument offen steht, als durchg\u00e4ngiges Angebot dauerhaft gew\u00e4hrleistet wird.<\/p>\n<p>Alexander Ludwig<\/p>\n<p>(Projektleiter)<\/p>\n<p><a href=\"..\/?tag=musik\">Aktuelle Beitr\u00e4ge zum Thema Musik<\/a><\/p>\n","protected":false},"excerpt":{"rendered":"<p>Die Big Band unter der Leitung von Herrn Ludwig trifft sich montags\u00a0nach der 6. Stunde\u00a0in der Aula. Sie ist f\u00fcr Sch\u00fcler_innen aller Jahrgangsstufen mit mindestens zwei Jahren Instrumentalerfahrung ge\u00f6ffnet. Seit 2001 existiert die Big Band \u201eDiscovery Jazz\u201c am MPG, durchgehend unter der Leitung von Herrn Ludwig. Zun\u00e4chst als variables Ensemble konzipiert, bot diese AG allen &hellip; <\/p>\n<p class=\"link-more\"><a href=\"https:\/\/mpg-do.de\/?page_id=6814\" class=\"more-link\"><span class=\"screen-reader-text\">\u201eBig Band\u201c <\/span>weiterlesen<\/a><\/p>\n","protected":false},"author":11,"featured_media":997,"parent":679,"menu_order":0,"comment_status":"closed","ping_status":"closed","template":"","meta":{"_crdt_document":"","footnotes":""},"class_list":["post-6814","page","type-page","status-publish","has-post-thumbnail","hentry","entry"],"_links":{"self":[{"href":"https:\/\/mpg-do.de\/index.php?rest_route=\/wp\/v2\/pages\/6814","targetHints":{"allow":["GET"]}}],"collection":[{"href":"https:\/\/mpg-do.de\/index.php?rest_route=\/wp\/v2\/pages"}],"about":[{"href":"https:\/\/mpg-do.de\/index.php?rest_route=\/wp\/v2\/types\/page"}],"author":[{"embeddable":true,"href":"https:\/\/mpg-do.de\/index.php?rest_route=\/wp\/v2\/users\/11"}],"replies":[{"embeddable":true,"href":"https:\/\/mpg-do.de\/index.php?rest_route=%2Fwp%2Fv2%2Fcomments&post=6814"}],"version-history":[{"count":5,"href":"https:\/\/mpg-do.de\/index.php?rest_route=\/wp\/v2\/pages\/6814\/revisions"}],"predecessor-version":[{"id":11696,"href":"https:\/\/mpg-do.de\/index.php?rest_route=\/wp\/v2\/pages\/6814\/revisions\/11696"}],"up":[{"embeddable":true,"href":"https:\/\/mpg-do.de\/index.php?rest_route=\/wp\/v2\/pages\/679"}],"wp:featuredmedia":[{"embeddable":true,"href":"https:\/\/mpg-do.de\/index.php?rest_route=\/wp\/v2\/media\/997"}],"wp:attachment":[{"href":"https:\/\/mpg-do.de\/index.php?rest_route=%2Fwp%2Fv2%2Fmedia&parent=6814"}],"curies":[{"name":"wp","href":"https:\/\/api.w.org\/{rel}","templated":true}]}}