{"id":6816,"date":"2019-09-13T09:05:56","date_gmt":"2019-09-13T07:05:56","guid":{"rendered":"https:\/\/noobserver.de\/?page_id=6816"},"modified":"2021-08-24T21:22:45","modified_gmt":"2021-08-24T19:22:45","slug":"6816-2","status":"publish","type":"page","link":"https:\/\/mpg-do.de\/?page_id=6816","title":{"rendered":"Latein"},"content":{"rendered":"<p style=\"text-align: center;\"><em>Latein \u2013 so fern und doch so nah\u2026!<\/em><\/p>\n<p>\u201eLatein ist keinesfalls eine tote Sprache. Wenn man sich im Unterricht mit Latein besch\u00e4ftigt, wird man schnell feststellen, dass Latein durchaus sehr lebendig ist, denn auch die alten R\u00f6mer haben sich schon mit Problemen besch\u00e4ftigt, die uns heute noch durchaus bekannt sind. Und so stellt man nach einiger Zeit fest, dass die Lebensweisheiten, die damals weitergegeben wurden, nicht an Aktualit\u00e4t verloren haben.<\/p>\n<p>Auch durch eine Studienfahrt nach Rom wird die Geschichte zum Greifen nahe, wenn man sich pl\u00f6tzlich auf dem Forum Romanum oder im Kolosseum wiederfindet.<br \/>\nUnd so entpuppt sich Latein als ein sehr spannendes, lebensnahes und lehrreiches Fach.\u201c<\/p>\n<p style=\"text-align: center;\">&#8211; (Beschreibung durch eine ehemalige Latein-Abiturientin)<\/p>\n<p><b>Sprachenfolge am MPG: <\/b><br \/>\n<a href=\"\/?page_id=2437\">Welche Sprachen werden in welchen Klassen angeboten?<\/a><\/p>\n<p><strong>Latein bei den Projekttagen 2017:<\/strong><br \/>\n<a href=\"https:\/\/mpgdortmund.wordpress.com\/2017\/07\/12\/wie-lebten-roemische-kinder-wir-erfahren-es\/\">Wie lebten r\u00f6mische Kinder?<\/a><br \/>\n<a href=\"https:\/\/mpgdortmund.wordpress.com\/2017\/07\/12\/roemische-kunst-neu-gestalten-aus-alt-macht-neu\/\">R\u00f6mische Kunst neu gestalten<\/a><\/p>\n<p><strong>Informationen zum Unterrichtsfach Latein:<\/strong><br \/>\n<a href=\"\/wp-content\/uploads\/2013\/10\/Information-und-Entscheidungshilfe-Homepage.pdf\">Information und Entscheidungshilfe f\u00fcr die Wahl Latein als zweite Fremdsprache<\/a><br \/>\n<a href=\"..\/wp-content\/uploads\/2020\/08\/Latinum.pdf\" target=\"_blank\" rel=\"noopener noreferrer\">Latinum<\/a><br \/>\n<a href=\"\/wp-content\/uploads\/2013\/10\/Leistungskonzept-Latein.pdf\">Leistungskonzept Latein<\/a><br \/>\n<a href=\"\/wp-content\/uploads\/2021\/08\/Latein-G9-Curriculum-Sek-I-.docx\" target=\"_blank\" rel=\"noopener\">Curriculum Sek I<\/a><br \/>\n<a href=\"\/wp-content\/uploads\/2013\/10\/KernlehrplanSekIIHomepage.pdf\">Curriculum Sek II<\/a><br \/>\n<a href=\"\/wp-content\/uploads\/2013\/10\/Romfahrt-Homepage.pdf\">Kursfahrt nach Rom<\/a><\/p>\n","protected":false},"excerpt":{"rendered":"<p>Latein \u2013 so fern und doch so nah\u2026! \u201eLatein ist keinesfalls eine tote Sprache. Wenn man sich im Unterricht mit Latein besch\u00e4ftigt, wird man schnell feststellen, dass Latein durchaus sehr lebendig ist, denn auch die alten R\u00f6mer haben sich schon mit Problemen besch\u00e4ftigt, die uns heute noch durchaus bekannt sind. Und so stellt man nach &hellip; <\/p>\n<p class=\"link-more\"><a href=\"https:\/\/mpg-do.de\/?page_id=6816\" class=\"more-link\"><span class=\"screen-reader-text\">\u201eLatein\u201c <\/span>weiterlesen<\/a><\/p>\n","protected":false},"author":13,"featured_media":0,"parent":458,"menu_order":0,"comment_status":"closed","ping_status":"closed","template":"","meta":{"_crdt_document":"","footnotes":""},"class_list":["post-6816","page","type-page","status-publish","hentry","entry"],"_links":{"self":[{"href":"https:\/\/mpg-do.de\/index.php?rest_route=\/wp\/v2\/pages\/6816","targetHints":{"allow":["GET"]}}],"collection":[{"href":"https:\/\/mpg-do.de\/index.php?rest_route=\/wp\/v2\/pages"}],"about":[{"href":"https:\/\/mpg-do.de\/index.php?rest_route=\/wp\/v2\/types\/page"}],"author":[{"embeddable":true,"href":"https:\/\/mpg-do.de\/index.php?rest_route=\/wp\/v2\/users\/13"}],"replies":[{"embeddable":true,"href":"https:\/\/mpg-do.de\/index.php?rest_route=%2Fwp%2Fv2%2Fcomments&post=6816"}],"version-history":[{"count":6,"href":"https:\/\/mpg-do.de\/index.php?rest_route=\/wp\/v2\/pages\/6816\/revisions"}],"predecessor-version":[{"id":10065,"href":"https:\/\/mpg-do.de\/index.php?rest_route=\/wp\/v2\/pages\/6816\/revisions\/10065"}],"up":[{"embeddable":true,"href":"https:\/\/mpg-do.de\/index.php?rest_route=\/wp\/v2\/pages\/458"}],"wp:attachment":[{"href":"https:\/\/mpg-do.de\/index.php?rest_route=%2Fwp%2Fv2%2Fmedia&parent=6816"}],"curies":[{"name":"wp","href":"https:\/\/api.w.org\/{rel}","templated":true}]}}