{"id":6821,"date":"2019-09-13T09:08:29","date_gmt":"2019-09-13T07:08:29","guid":{"rendered":"https:\/\/noobserver.de\/?page_id=6821"},"modified":"2022-08-31T12:26:51","modified_gmt":"2022-08-31T10:26:51","slug":"tennis","status":"publish","type":"page","link":"https:\/\/mpg-do.de\/?page_id=6821","title":{"rendered":"Tennis"},"content":{"rendered":"<figure id=\"attachment_11368\" aria-describedby=\"caption-attachment-11368\" style=\"width: 640px\" class=\"wp-caption aligncenter\"><img loading=\"lazy\" decoding=\"async\" class=\"wp-image-11368 size-large\" src=\"https:\/\/mpg-do.de\/wp-content\/uploads\/2022\/08\/IMG-20190513-WA0006-1236x600.jpg\" alt=\"Tennis AG\" width=\"640\" height=\"311\" srcset=\"https:\/\/mpg-do.de\/wp-content\/uploads\/2022\/08\/IMG-20190513-WA0006-1236x600.jpg 1236w, https:\/\/mpg-do.de\/wp-content\/uploads\/2022\/08\/IMG-20190513-WA0006-300x146.jpg 300w, https:\/\/mpg-do.de\/wp-content\/uploads\/2022\/08\/IMG-20190513-WA0006-768x373.jpg 768w, https:\/\/mpg-do.de\/wp-content\/uploads\/2022\/08\/IMG-20190513-WA0006-1536x746.jpg 1536w, https:\/\/mpg-do.de\/wp-content\/uploads\/2022\/08\/IMG-20190513-WA0006-64x31.jpg 64w, https:\/\/mpg-do.de\/wp-content\/uploads\/2022\/08\/IMG-20190513-WA0006-1568x761.jpg 1568w, https:\/\/mpg-do.de\/wp-content\/uploads\/2022\/08\/IMG-20190513-WA0006-1320x641.jpg 1320w, https:\/\/mpg-do.de\/wp-content\/uploads\/2022\/08\/IMG-20190513-WA0006.jpg 1600w\" sizes=\"auto, (max-width: 640px) 100vw, 640px\" \/><figcaption id=\"caption-attachment-11368\" class=\"wp-caption-text\">Tennis AG<\/figcaption><\/figure>\n<p>Die <strong>Tennis AG<\/strong> unter der Leitung von Frau Waldmann beginnt im 2. Halbjahr nach den Osterferien auf der Tennisanlage des TC Eintracht. Sie ist f\u00fcr (max. 12) Sch\u00fcler_innen der Jahrgangsstufen 5 ge\u00f6ffnet, die das Tennis spielen lernen m\u00f6chten. Die Anmeldung muss vor den Osterferien bei Frau Waldmann (waldmann@mpg-dortmund.de) erfolgen.<\/p>\n<p><a href=\"..\/?tag=tennis\">Berichte zum Tennis am MPG<\/a><\/p>\n","protected":false},"excerpt":{"rendered":"<p>Die Tennis AG unter der Leitung von Frau Waldmann beginnt im 2. Halbjahr nach den Osterferien auf der Tennisanlage des TC Eintracht. Sie ist f\u00fcr (max. 12) Sch\u00fcler_innen der Jahrgangsstufen 5 ge\u00f6ffnet, die das Tennis spielen lernen m\u00f6chten. Die Anmeldung muss vor den Osterferien bei Frau Waldmann (waldmann@mpg-dortmund.de) erfolgen. Berichte zum Tennis am MPG<\/p>\n","protected":false},"author":11,"featured_media":2068,"parent":679,"menu_order":0,"comment_status":"closed","ping_status":"closed","template":"","meta":{"_crdt_document":"","footnotes":""},"class_list":["post-6821","page","type-page","status-publish","has-post-thumbnail","hentry","entry"],"_links":{"self":[{"href":"https:\/\/mpg-do.de\/index.php?rest_route=\/wp\/v2\/pages\/6821","targetHints":{"allow":["GET"]}}],"collection":[{"href":"https:\/\/mpg-do.de\/index.php?rest_route=\/wp\/v2\/pages"}],"about":[{"href":"https:\/\/mpg-do.de\/index.php?rest_route=\/wp\/v2\/types\/page"}],"author":[{"embeddable":true,"href":"https:\/\/mpg-do.de\/index.php?rest_route=\/wp\/v2\/users\/11"}],"replies":[{"embeddable":true,"href":"https:\/\/mpg-do.de\/index.php?rest_route=%2Fwp%2Fv2%2Fcomments&post=6821"}],"version-history":[{"count":5,"href":"https:\/\/mpg-do.de\/index.php?rest_route=\/wp\/v2\/pages\/6821\/revisions"}],"predecessor-version":[{"id":11369,"href":"https:\/\/mpg-do.de\/index.php?rest_route=\/wp\/v2\/pages\/6821\/revisions\/11369"}],"up":[{"embeddable":true,"href":"https:\/\/mpg-do.de\/index.php?rest_route=\/wp\/v2\/pages\/679"}],"wp:featuredmedia":[{"embeddable":true,"href":"https:\/\/mpg-do.de\/index.php?rest_route=\/wp\/v2\/media\/2068"}],"wp:attachment":[{"href":"https:\/\/mpg-do.de\/index.php?rest_route=%2Fwp%2Fv2%2Fmedia&parent=6821"}],"curies":[{"name":"wp","href":"https:\/\/api.w.org\/{rel}","templated":true}]}}