{"id":6822,"date":"2019-09-13T09:08:09","date_gmt":"2019-09-13T07:08:09","guid":{"rendered":"https:\/\/noobserver.de\/?page_id=6822"},"modified":"2025-03-26T10:09:21","modified_gmt":"2025-03-26T09:09:21","slug":"mathematik","status":"publish","type":"page","link":"https:\/\/mpg-do.de\/?page_id=6822","title":{"rendered":"Mathematik"},"content":{"rendered":"<blockquote>\n<p>\u201eJe mehr K\u00e4se, desto mehr L\u00f6cher.<\/p>\n<p>Je mehr L\u00f6cher, desto weniger K\u00e4se.<\/p>\n<p>Ergo: Je mehr K\u00e4se, desto weniger K\u00e4se.\u201c<\/p>\n<\/blockquote>\n<p>Das Fach Mathematik begleitet alle Sch\u00fcler_innen durch ihre gesamte Schullaufbahn. Als Mathematiklehrer_innen unterst\u00fctzen wir die Sch\u00fcler_innen bei der Bew\u00e4ltigung verschiedener Etappen wie dem Lernstand 8, der Zentralen Pr\u00fcfung in der Klasse 10 und dem Zentralabitur.<\/p>\n<p>Wir legen dabei Wert auf mathematisches Fachwissen und auf Sachaufgaben aus der Alltagswelt.<\/p>\n<p>Vor dem \u00dcbergang in die Sekundarstufe II werden die Sch\u00fcler_innen der Klassen 9 durch eine Erg\u00e4nzungsstunde besonders gef\u00f6rdert und gefordert.<\/p>\n<p>Ab der Stufe EF (11) verwenden wir die TI-NspireCAS-App als digitales Werkzeug in den Bereichen Analysis, Geometrie und Stochastik.<\/p>\n<p>Jedes Jahr freuen wir uns \u00fcber die rege Teilnahme an au\u00dferunterrichtlichen Wettbewerben, z.B. beim K\u00e4nguru-Wettbewerb oder dem Dortmunder Mathematikwettbewerb. Ein weiteres Angebot bietet das MPG-Knobelcaf\u00e9, welches interessierte Sch\u00fcler_innen bei der Bearbeitung von Wettbewerbsaufgaben unterst\u00fctzt und ihnen die M\u00f6glichkeit gibt, sich bei einem St\u00fcck Kuchen mit mathematischen Knobelaufgaben auseinanderzusetzen.<\/p>\n<hr \/>\n<ul>\n<li><a href=\"..\/wp-content\/uploads\/2023\/08\/Mathematik-Curriculum-SekI-G9-Stand-08_2023-5-10.docx.pdf\" target=\"_blank\" rel=\"noopener\">Curriculum Sek I <\/a><\/li>\n<li><a href=\"..\/wp-content\/uploads\/2013\/10\/FS-Mathematik-Curriculum-Sek2_Stand_1_3_17.pdf\" target=\"_blank\" rel=\"noopener noreferrer\">Curriculum Sek II<\/a><\/li>\n<li><a href=\"..\/wp-content\/uploads\/2025\/03\/FS_Mathematik_Curriculum_Sek._II_ab_Abiturjahrgang_2027-Stand-25-03-2025.pdf\" target=\"_blank\" rel=\"noopener\">Curriculum Sek II (ab Abitur 2027)<\/a><\/li>\n<li><a href=\"..\/wp-content\/uploads\/2022\/08\/Konzept_Leistungsbewertung_Mathe_MPG_20_08_2022.docx.pdf\" target=\"_blank\" rel=\"noopener\">Konzept zur Leistungsbewertung<\/a><\/li>\n<li><a href=\"?page_id=6797\">Mathe-AG<\/a><\/li>\n<\/ul>\n\n\n<p class=\"wp-block-paragraph\"><\/p>\n","protected":false},"excerpt":{"rendered":"<p>\u201eJe mehr K\u00e4se, desto mehr L\u00f6cher. Je mehr L\u00f6cher, desto weniger K\u00e4se. Ergo: Je mehr K\u00e4se, desto weniger K\u00e4se.\u201c Das Fach Mathematik begleitet alle Sch\u00fcler_innen durch ihre gesamte Schullaufbahn. Als Mathematiklehrer_innen unterst\u00fctzen wir die Sch\u00fcler_innen bei der Bew\u00e4ltigung verschiedener Etappen wie dem Lernstand 8, der Zentralen Pr\u00fcfung in der Klasse 10 und dem Zentralabitur. Wir &hellip; <\/p>\n<p class=\"link-more\"><a href=\"https:\/\/mpg-do.de\/?page_id=6822\" class=\"more-link\"><span class=\"screen-reader-text\">\u201eMathematik\u201c <\/span>weiterlesen<\/a><\/p>\n","protected":false},"author":13,"featured_media":0,"parent":458,"menu_order":0,"comment_status":"closed","ping_status":"closed","template":"","meta":{"_crdt_document":"","footnotes":""},"class_list":["post-6822","page","type-page","status-publish","hentry","entry"],"_links":{"self":[{"href":"https:\/\/mpg-do.de\/index.php?rest_route=\/wp\/v2\/pages\/6822","targetHints":{"allow":["GET"]}}],"collection":[{"href":"https:\/\/mpg-do.de\/index.php?rest_route=\/wp\/v2\/pages"}],"about":[{"href":"https:\/\/mpg-do.de\/index.php?rest_route=\/wp\/v2\/types\/page"}],"author":[{"embeddable":true,"href":"https:\/\/mpg-do.de\/index.php?rest_route=\/wp\/v2\/users\/13"}],"replies":[{"embeddable":true,"href":"https:\/\/mpg-do.de\/index.php?rest_route=%2Fwp%2Fv2%2Fcomments&post=6822"}],"version-history":[{"count":14,"href":"https:\/\/mpg-do.de\/index.php?rest_route=\/wp\/v2\/pages\/6822\/revisions"}],"predecessor-version":[{"id":14061,"href":"https:\/\/mpg-do.de\/index.php?rest_route=\/wp\/v2\/pages\/6822\/revisions\/14061"}],"up":[{"embeddable":true,"href":"https:\/\/mpg-do.de\/index.php?rest_route=\/wp\/v2\/pages\/458"}],"wp:attachment":[{"href":"https:\/\/mpg-do.de\/index.php?rest_route=%2Fwp%2Fv2%2Fmedia&parent=6822"}],"curies":[{"name":"wp","href":"https:\/\/api.w.org\/{rel}","templated":true}]}}