{"id":6826,"date":"2019-09-13T09:11:14","date_gmt":"2019-09-13T07:11:14","guid":{"rendered":"https:\/\/noobserver.de\/?page_id=6826"},"modified":"2019-09-13T10:11:49","modified_gmt":"2019-09-13T08:11:49","slug":"sporthelfer","status":"publish","type":"page","link":"https:\/\/mpg-do.de\/?page_id=6826","title":{"rendered":"Sporthelfer"},"content":{"rendered":"<p>Die Fachkonferenz Sport f\u00fchrt f\u00fcr eine Auswahl interessierter Sch\u00fcler_innen  ab 14 Jahren die Ausbildung zum Sporthelfer bzw. zur Sporthelferin durch. Mit der Ausbildung werden Sch\u00fclerinnen und Sch\u00fcler an eine ehrenamtliche T\u00e4tigkeit im Sport herangef\u00fchrt. Die Qualifikation kann als erster Schritt zur Ausbildung zum \u00dcbungsleiter \/ Trainer angesehen und angerechnet werden.<\/p>\n<p><strong>Verantwortung \u00fcbernehmen<\/strong><\/p>\n<p>Ziel der Ausbildung ist es, dass interessierte Sch\u00fclerinnen und Sch\u00fcler bei der Entwicklung von Bewegung, Spiel und Sport in Schulen und Sportvereinen Verantwortung zu \u00fcbernehmen. <\/p>\n<p>F\u00fcr das MPG k\u00f6nnten folgende Bereiche als T\u00e4tigungsfeld der Sporthelfer in Frage kommen:<\/p>\n<ul>\n<li>Betreuung von Spiel- und Sportangeboten in den gro\u00dfen Pausen (\u201ebewegte Pause\u201c)<\/li>\n<li>Begleitende oder eigenst\u00e4ndige Leitung von Arbeitsgemeinschaften im Nachmittagsbereich<\/li>\n<li>Unterst\u00fctzung und Mitorganisation von Sportfesten in der Schule (BUJU\/Spielfeste der SV etc.) und au\u00dferhalb der Schule (z.B. auf Anfrage des Stadtsportbundes\/von Grundschulen).<\/li>\n<\/ul>\n<p><strong>Weiterbildung<\/strong><\/p>\n<p>Die Ausbildung und umfasst mindestens 30 Praxis- und Theoriestunden. Der Ausbildungslehrgang schlie\u00dft mit einem Zertifikat des <a href=\"https:\/\/www.qualifizierung-im-sport.de\">Landesportbundes<\/a> ab, wird auf dem Zeugnis dokumentiert und kann hierdurch z. B. f\u00fcr den Wechsel in das Berufsleben bedeutsam sein. Weitere Ausbildungsmodule werden anschlie\u00dfend vom <a href=\"https:\/\/www.ssb-do.de\/\">Stadtsportbund<\/a> durchgef\u00fchrt.<\/p>\n<p><a href=\"..\/?tag=sporthelfer\">Berichte zum Thema Sporthelfer<\/a><\/p>\n","protected":false},"excerpt":{"rendered":"<p>Die Fachkonferenz Sport f\u00fchrt f\u00fcr eine Auswahl interessierter Sch\u00fcler_innen ab 14 Jahren die Ausbildung zum Sporthelfer bzw. zur Sporthelferin durch. Mit der Ausbildung werden Sch\u00fclerinnen und Sch\u00fcler an eine ehrenamtliche T\u00e4tigkeit im Sport herangef\u00fchrt. Die Qualifikation kann als erster Schritt zur Ausbildung zum \u00dcbungsleiter \/ Trainer angesehen und angerechnet werden. Verantwortung \u00fcbernehmen Ziel der Ausbildung &hellip; <\/p>\n<p class=\"link-more\"><a href=\"https:\/\/mpg-do.de\/?page_id=6826\" class=\"more-link\"><span class=\"screen-reader-text\">\u201eSporthelfer\u201c <\/span>weiterlesen<\/a><\/p>\n","protected":false},"author":11,"featured_media":2051,"parent":679,"menu_order":0,"comment_status":"closed","ping_status":"closed","template":"","meta":{"_crdt_document":"","footnotes":""},"class_list":["post-6826","page","type-page","status-publish","has-post-thumbnail","hentry","entry"],"_links":{"self":[{"href":"https:\/\/mpg-do.de\/index.php?rest_route=\/wp\/v2\/pages\/6826","targetHints":{"allow":["GET"]}}],"collection":[{"href":"https:\/\/mpg-do.de\/index.php?rest_route=\/wp\/v2\/pages"}],"about":[{"href":"https:\/\/mpg-do.de\/index.php?rest_route=\/wp\/v2\/types\/page"}],"author":[{"embeddable":true,"href":"https:\/\/mpg-do.de\/index.php?rest_route=\/wp\/v2\/users\/11"}],"replies":[{"embeddable":true,"href":"https:\/\/mpg-do.de\/index.php?rest_route=%2Fwp%2Fv2%2Fcomments&post=6826"}],"version-history":[{"count":1,"href":"https:\/\/mpg-do.de\/index.php?rest_route=\/wp\/v2\/pages\/6826\/revisions"}],"predecessor-version":[{"id":6828,"href":"https:\/\/mpg-do.de\/index.php?rest_route=\/wp\/v2\/pages\/6826\/revisions\/6828"}],"up":[{"embeddable":true,"href":"https:\/\/mpg-do.de\/index.php?rest_route=\/wp\/v2\/pages\/679"}],"wp:featuredmedia":[{"embeddable":true,"href":"https:\/\/mpg-do.de\/index.php?rest_route=\/wp\/v2\/media\/2051"}],"wp:attachment":[{"href":"https:\/\/mpg-do.de\/index.php?rest_route=%2Fwp%2Fv2%2Fmedia&parent=6826"}],"curies":[{"name":"wp","href":"https:\/\/api.w.org\/{rel}","templated":true}]}}