{"id":6829,"date":"2019-09-13T09:12:04","date_gmt":"2019-09-13T07:12:04","guid":{"rendered":"https:\/\/noobserver.de\/?page_id=6829"},"modified":"2019-11-05T08:52:16","modified_gmt":"2019-11-05T07:52:16","slug":"ruderriege","status":"publish","type":"page","link":"https:\/\/mpg-do.de\/?page_id=6829","title":{"rendered":"Ruderriege"},"content":{"rendered":"\n<figure class=\"wp-block-gallery columns-3 is-cropped wp-block-gallery-1 is-layout-flex wp-block-gallery-is-layout-flex\"><ul class=\"blocks-gallery-grid\"><li class=\"blocks-gallery-item\"><figure><img loading=\"lazy\" decoding=\"async\" width=\"1024\" height=\"683\" src=\"https:\/\/mpg-do.de\/wp-content\/uploads\/2016\/11\/2016-Oster-Wanderfahrt-4-1024x683.jpg\" alt=\"Ruderriege\" data-id=\"1629\" data-full-url=\"https:\/\/mpg-do.de\/wp-content\/uploads\/2016\/11\/2016-Oster-Wanderfahrt-4.jpg\" data-link=\"https:\/\/mpg-do.de\/?attachment_id=1629\" class=\"wp-image-1629\" srcset=\"https:\/\/mpg-do.de\/wp-content\/uploads\/2016\/11\/2016-Oster-Wanderfahrt-4-1024x683.jpg 1024w, https:\/\/mpg-do.de\/wp-content\/uploads\/2016\/11\/2016-Oster-Wanderfahrt-4-300x200.jpg 300w, https:\/\/mpg-do.de\/wp-content\/uploads\/2016\/11\/2016-Oster-Wanderfahrt-4-768x512.jpg 768w, https:\/\/mpg-do.de\/wp-content\/uploads\/2016\/11\/2016-Oster-Wanderfahrt-4-600x400.jpg 600w, https:\/\/mpg-do.de\/wp-content\/uploads\/2016\/11\/2016-Oster-Wanderfahrt-4-64x43.jpg 64w, https:\/\/mpg-do.de\/wp-content\/uploads\/2016\/11\/2016-Oster-Wanderfahrt-4-260x173.jpg 260w, https:\/\/mpg-do.de\/wp-content\/uploads\/2016\/11\/2016-Oster-Wanderfahrt-4.jpg 1200w\" sizes=\"auto, (max-width: 1024px) 100vw, 1024px\" \/><figcaption class=\"blocks-gallery-item__caption\"><a href=\"..\/?page_id=6829\">Ruderriege<\/a><\/figcaption><\/figure><\/li><li class=\"blocks-gallery-item\"><figure><img loading=\"lazy\" decoding=\"async\" width=\"768\" height=\"576\" src=\"https:\/\/mpg-do.de\/wp-content\/uploads\/2018\/03\/Ruderriege-am-Max-Planck-Gymnasium-Dortmund-Kuchen.jpg\" alt=\"\" data-id=\"4884\" data-full-url=\"https:\/\/mpg-do.de\/wp-content\/uploads\/2018\/03\/Ruderriege-am-Max-Planck-Gymnasium-Dortmund-Kuchen.jpg\" data-link=\"https:\/\/mpg-do.de\/?attachment_id=4884\" class=\"wp-image-4884\" srcset=\"https:\/\/mpg-do.de\/wp-content\/uploads\/2018\/03\/Ruderriege-am-Max-Planck-Gymnasium-Dortmund-Kuchen.jpg 768w, https:\/\/mpg-do.de\/wp-content\/uploads\/2018\/03\/Ruderriege-am-Max-Planck-Gymnasium-Dortmund-Kuchen-120x90.jpg 120w, https:\/\/mpg-do.de\/wp-content\/uploads\/2018\/03\/Ruderriege-am-Max-Planck-Gymnasium-Dortmund-Kuchen-300x225.jpg 300w, https:\/\/mpg-do.de\/wp-content\/uploads\/2018\/03\/Ruderriege-am-Max-Planck-Gymnasium-Dortmund-Kuchen-600x450.jpg 600w, https:\/\/mpg-do.de\/wp-content\/uploads\/2018\/03\/Ruderriege-am-Max-Planck-Gymnasium-Dortmund-Kuchen-64x48.jpg 64w, https:\/\/mpg-do.de\/wp-content\/uploads\/2018\/03\/Ruderriege-am-Max-Planck-Gymnasium-Dortmund-Kuchen-260x195.jpg 260w\" sizes=\"auto, (max-width: 768px) 100vw, 768px\" \/><\/figure><\/li><li class=\"blocks-gallery-item\"><figure><img loading=\"lazy\" decoding=\"async\" width=\"1024\" height=\"683\" src=\"https:\/\/mpg-do.de\/wp-content\/uploads\/2016\/06\/ehem-boottaufe-1024x683.jpg\" alt=\"2016 Ruderriege Bootstaufe Max-Planck-Gymnasium Dortmund\" data-id=\"1342\" data-full-url=\"https:\/\/mpg-do.de\/wp-content\/uploads\/2016\/06\/ehem-boottaufe.jpg\" data-link=\"https:\/\/mpg-do.de\/?attachment_id=1342\" class=\"wp-image-1342\" srcset=\"https:\/\/mpg-do.de\/wp-content\/uploads\/2016\/06\/ehem-boottaufe-1024x683.jpg 1024w, https:\/\/mpg-do.de\/wp-content\/uploads\/2016\/06\/ehem-boottaufe-300x200.jpg 300w, https:\/\/mpg-do.de\/wp-content\/uploads\/2016\/06\/ehem-boottaufe-768x513.jpg 768w, https:\/\/mpg-do.de\/wp-content\/uploads\/2016\/06\/ehem-boottaufe-600x400.jpg 600w, https:\/\/mpg-do.de\/wp-content\/uploads\/2016\/06\/ehem-boottaufe-260x174.jpg 260w, https:\/\/mpg-do.de\/wp-content\/uploads\/2016\/06\/ehem-boottaufe.jpg 1386w\" sizes=\"auto, (max-width: 1024px) 100vw, 1024px\" \/><figcaption class=\"blocks-gallery-item__caption\">Bootstaufe durch den Ehemaligenverein<\/figcaption><\/figure><\/li><\/ul><\/figure>\n\n\n<p><strong>Die Geschichte der Ruderriege<\/strong><\/p>\n<p>Der Rudersport entstand Mitte des neunzehnten Jahrhunderts in England und setzte sich nach und nach auch in Deutschland durch. Dabei waren es vor allem Jugendliche besserer Herkunft, die diesen Sport aus\u00fcbten. So ist es nicht verwunderlich, dass schon fr\u00fch an vielen h\u00f6heren Schulen Ruderriegen gegr\u00fcndet wurden.<\/p>\n<p>Als 1899 der Dortmunder Hafen und der Dortmund-Ems-Kanal gebaut wurden, wurde die Ruderriege des damaligen Bismarck-Realgymnasiums gegr\u00fcndet. Sie ist damit die \u00e4lteste noch bestehende Ruderriege Dortmunds und auch nur ein Jahr j\u00fcnger als der 1898 gegr\u00fcndete Ruderclub Hansa Dortmund.<\/p>\n<p>Nach dem Krieg wurde aus dem Bismarck-Realgymnasium das Max-Planck-Gymnasium der Stadt Dortmund. Seitdem hei\u00dft die Ruderriege offiziell \u201eRuderriege von 1899 am Max-Planck-Gymnasium Dortmund\u201c. Dennoch zeugt das \u201eB\u201c in der Ruderriegen-Flagge noch vom alten Namen.<\/p>\n<p><strong>Die Ruderriege heute<\/strong><\/p>\n<p>Als aktivste unter den Dortmunder Sch\u00fclerruderriegen hat die Ruderriege am Max-Planck-Gymnasium einen festen Platz im st\u00e4dtischen Bootshaus am Dortmund-Ems-Kanal bei Kilometer 1,8. In drei Bootshallen liegen \u00fcber 30 Boote. Den gr\u00f6\u00dften Teil stellen dabei Wander- und Freizeitboote. \u00dcberhaupt spielt der Rennsport bei der Ruderriege nur eine untergeordnete Rolle. Stattdessen werden j\u00e4hrlich mehrere Wanderfahrten und Veranstaltungen durchgef\u00fchrt.<\/p>\n<p>Der verantwortliche Leiter der Ruderriege ist der Protektor. Er wird als Lehrer des Max-Planck-Gymnasiums vom Schulleiter mit der Leitung beauftragt. Zusammen mit den \u00dcbungsleitern organisiert er den Ruderbetrieb. Seit 1995 gibt es zudem einen Vorstand, der j\u00e4hrlich von den Mitgliedern auf der Jahreshauptversammlung gew\u00e4hlt wird und bei wichtigen Entscheidungen deren Interessen vertritt.<\/p>\n<p>Der Vorstand besteht aus folgenden Vorstandsmitgliedern:<br>\nDer 1. Vorsitzender vertritt die Ruderriege und ist verantwortlich f\u00fcr die Vorstandsarbeit. Der 2. Vorsitzender vertritt und unterst\u00fctzt den 1. Vorsitzenden und \u00fcbernimmt dessen Aufgaben bei dessen Verhinderung. Der Ruderwart tr\u00e4gt f\u00fcr den gesamten sportlichen Bereich die Verantwortung, beauftragt die Planung von Wanderfahrten und organisiert die Teilnahme an Regatten. Der Kassenwart bearbeitet die Neuzug\u00e4nge, \u00fcberwacht die Beitragszahlungen und die sonstigen Ein- und Ausg\u00e4nge auf dem Riegenkonto und f\u00fchrt ein Konto- und Kassenbuch \u00fcber s\u00e4mtliche Bewegungen. Der Schriftwart f\u00fchrt das Protokoll bei Sitzungen und Versammlungen, erledigt den anfallenden Schriftverkehr und ist f\u00fcr den Remex (Zeitung der Ruderriege, die j\u00e4hrlich erscheint) verantwortlich.<\/p>\n<p><a href=\"http:\/\/ruderriege-mpg.de\/\">Homepage der Ruderriege<\/a><\/p>\n<p><a href=\"..\/?tag=rudern\">Berichte zum Thema Rudern<\/a><\/p>","protected":false},"excerpt":{"rendered":"<p>Die Geschichte der Ruderriege Der Rudersport entstand Mitte des neunzehnten Jahrhunderts in England und setzte sich nach und nach auch in Deutschland durch. Dabei waren es vor allem Jugendliche besserer Herkunft, die diesen Sport aus\u00fcbten. So ist es nicht verwunderlich, dass schon fr\u00fch an vielen h\u00f6heren Schulen Ruderriegen gegr\u00fcndet wurden. Als 1899 der Dortmunder Hafen &hellip; <\/p>\n<p class=\"link-more\"><a href=\"https:\/\/mpg-do.de\/?page_id=6829\" class=\"more-link\"><span class=\"screen-reader-text\">\u201eRuderriege\u201c <\/span>weiterlesen<\/a><\/p>\n","protected":false},"author":11,"featured_media":0,"parent":679,"menu_order":0,"comment_status":"closed","ping_status":"closed","template":"","meta":{"_crdt_document":"","footnotes":""},"class_list":["post-6829","page","type-page","status-publish","hentry","entry"],"_links":{"self":[{"href":"https:\/\/mpg-do.de\/index.php?rest_route=\/wp\/v2\/pages\/6829","targetHints":{"allow":["GET"]}}],"collection":[{"href":"https:\/\/mpg-do.de\/index.php?rest_route=\/wp\/v2\/pages"}],"about":[{"href":"https:\/\/mpg-do.de\/index.php?rest_route=\/wp\/v2\/types\/page"}],"author":[{"embeddable":true,"href":"https:\/\/mpg-do.de\/index.php?rest_route=\/wp\/v2\/users\/11"}],"replies":[{"embeddable":true,"href":"https:\/\/mpg-do.de\/index.php?rest_route=%2Fwp%2Fv2%2Fcomments&post=6829"}],"version-history":[{"count":4,"href":"https:\/\/mpg-do.de\/index.php?rest_route=\/wp\/v2\/pages\/6829\/revisions"}],"predecessor-version":[{"id":7786,"href":"https:\/\/mpg-do.de\/index.php?rest_route=\/wp\/v2\/pages\/6829\/revisions\/7786"}],"up":[{"embeddable":true,"href":"https:\/\/mpg-do.de\/index.php?rest_route=\/wp\/v2\/pages\/679"}],"wp:attachment":[{"href":"https:\/\/mpg-do.de\/index.php?rest_route=%2Fwp%2Fv2%2Fmedia&parent=6829"}],"curies":[{"name":"wp","href":"https:\/\/api.w.org\/{rel}","templated":true}]}}