{"id":6830,"date":"2019-09-13T09:12:07","date_gmt":"2019-09-13T07:12:07","guid":{"rendered":"https:\/\/noobserver.de\/?page_id=6830"},"modified":"2024-10-10T11:02:13","modified_gmt":"2024-10-10T09:02:13","slug":"chemie","status":"publish","type":"page","link":"https:\/\/mpg-do.de\/?page_id=6830","title":{"rendered":"Chemie"},"content":{"rendered":"<p>Es gibt viele Vorurteile in Bezug auf das Fach Chemie \u2013 und wir r\u00e4umen mit den meisten auf. Denn: Wer experimentieren will, muss auch aufr\u00e4umen!<\/p>\n<p><strong>1) Chemie ist, was knallt und stinkt! \u2013 Ein bisschen richtig!<\/strong><\/p>\n<p style=\"padding-left: 30px;\">Explosionen und unangenehme Ger\u00fcche sind meistens dann der Fall, wenn Experimente schief gingen. Es ist unsere Aufgabe, dies zu vermeiden. Nur manchmal d\u00fcrfen wir es knallen lassen, z.B. beim Nachweis von Wasserstoff oder wenn wir mit miesstinkenden Chemikalien wie Butters\u00e4ure arbeiten.<\/p>\n<p>&nbsp;<\/p>\n<p><strong>2) Chemie ist Karneval f\u00fcr Arme! \u2013 Entschiedenes vielleicht!<\/strong><\/p>\n<p style=\"padding-left: 30px;\">Schutzbrillen machen niemanden sch\u00f6ner, m\u00fcssen aber aus Sicherheitsgr\u00fcnden bei jedem Experiment sein. Kittel und Schutzhandschuhe werden ebenfalls genutzt, falls erforderlich.<\/p>\n<p>&nbsp;<\/p>\n<p><strong>3) Chemie hat mit dem Alltag nichts zu tun! \u2013 Falsch!<\/strong><\/p>\n<p style=\"padding-left: 30px;\">In unseren Unterrichtsreihen geht es vor allem darum Alltagsph\u00e4nomene mit einer einfachen logischen Systematik anschaulich zu erkl\u00e4ren. Themen der Chemie werden beispielsweise an Br\u00e4nden, Reinigungsmitteln oder Kochsalz erkl\u00e4rt und veranschaulicht.<\/p>\n<p><strong>4) Chemie ist nur Formeln auswendig lernen! \u2013 Ein bisschen falsch!<\/strong><\/p>\n<p style=\"padding-left: 30px;\">Sicherlich kommt man an der Formelsprache nicht vorbei, denn Chemiker sind von Natur aus schreibfaul. Im Zentrum unseres Chemieunterrichts allerdings steht das Experiment.<\/p>\n<p>&nbsp;<\/p>\n<p><strong>5) Chemie ist nicht alles, aber Alles ist Chemie! \u2013 Richtig!<\/strong><\/p>\n<p style=\"padding-left: 30px;\">Chemie umfasst viele Bereiche des Miteinanders. Sei es die Frage, wie sich welche Teilchen verbinden und warum, sei es das Bearbeiten von Aufgaben in Gruppenarbeitsphasen, seien es Absprachen beim Experimentieren, wer welche Chemikalien oder Ger\u00e4te holt, zusammenbaut und sp\u00fclt.<\/p>\n<p><strong>Chemieunterricht am MPG<\/strong><\/p>\n<blockquote><p>Wann?<\/p><\/blockquote>\n<p>Der Chemieunterricht beginnt am MPG in der Sekundarstufe I ab der 7. Klasse zweist\u00fcndig. Entsprechend dem g\u00fcltigen Lehrplan und dem schulinternen Curriculum findet ein kompetenzorientierter Unterricht statt. Der Chemieunterricht umfasst dabei aber nicht nur die Reproduktion von Fachwissen, sondern \u00fcbt auch die Methoden der naturwissenschaftlichen Erkenntnisgewinnung, die Erweiterung der Kommunikationskompetenz sowie die Reflexion und Bewertung naturwissenschaftlicher Ph\u00e4nomene im pers\u00f6nlichen und gesellschaftlichen Kontext ein.<\/p>\n<p>In der Sekundarstufe II blickt unser Fach auf eine lange Tradition von erfolgreichen Grund- und Leistungskursen zur\u00fcck. In diesen Kursen werden bereits erworbene Grundkenntnisse der Sekundarstufe I vertieft und weiteres Fachwissen der Anorganischen, Organischen und Physikalischen Chemie erworben.<\/p>\n<blockquote><p>Wo?<\/p><\/blockquote>\n<p>Der Chemie-Fachbereich verf\u00fcgt insgesamt \u00fcber drei Fachr\u00e4ume: der kleinere Experimentierraum im H\u00f6rsaalcharakter Ch1, der gro\u00dfe \u00dcbungsgruppenraum Ch2, und das neu ausgestattete Labor. Die Experimentierr\u00e4ume sind umfangreich mit Glasgr\u00e4ten und weiterem Arbeitsmaterial ausgestattet, so dass gute Voraussetzungen f\u00fcr einen praxisbezogenen, experimentellen und sch\u00fclerorientierten Unterricht gegeben sind. Besonders hervorzuheben ist das Labor, da dieses \u00fcber ausreichend viele Abz\u00fcge verf\u00fcgt, um gut mit Sch\u00fclergruppen oder Kursen experimentieren zu k\u00f6nnen.<\/p>\n<hr \/>\n<p>Detaillierte Zusatzinformationen finden Sie hier:<br \/>\n<a href=\"\/wp-content\/uploads\/2024\/10\/Chemie_MPG_SiLP_2024.pdf\" target=\"_blank\" rel=\"noopener\">Curriculum Sekundarstufe I<br \/>\n<\/a><a href=\"..\/wp-content\/uploads\/2020\/08\/Chemie-SII-MPG-komplett.pdf\" target=\"_blank\" rel=\"noopener\">Curriculum Sekundarstufe II<br \/>\n<\/a><a href=\"\/wp-content\/uploads\/2013\/10\/Leistungskonzept-Chemie.pdf\" target=\"_blank\" rel=\"noopener\">Leistungskonzept Chemie<\/a><\/p>\n","protected":false},"excerpt":{"rendered":"<p>Es gibt viele Vorurteile in Bezug auf das Fach Chemie \u2013 und wir r\u00e4umen mit den meisten auf. Denn: Wer experimentieren will, muss auch aufr\u00e4umen! 1) Chemie ist, was knallt und stinkt! \u2013 Ein bisschen richtig! Explosionen und unangenehme Ger\u00fcche sind meistens dann der Fall, wenn Experimente schief gingen. Es ist unsere Aufgabe, dies zu &hellip; <\/p>\n<p class=\"link-more\"><a href=\"https:\/\/mpg-do.de\/?page_id=6830\" class=\"more-link\"><span class=\"screen-reader-text\">\u201eChemie\u201c <\/span>weiterlesen<\/a><\/p>\n","protected":false},"author":13,"featured_media":0,"parent":458,"menu_order":0,"comment_status":"closed","ping_status":"closed","template":"","meta":{"_crdt_document":"","footnotes":""},"class_list":["post-6830","page","type-page","status-publish","hentry","entry"],"_links":{"self":[{"href":"https:\/\/mpg-do.de\/index.php?rest_route=\/wp\/v2\/pages\/6830","targetHints":{"allow":["GET"]}}],"collection":[{"href":"https:\/\/mpg-do.de\/index.php?rest_route=\/wp\/v2\/pages"}],"about":[{"href":"https:\/\/mpg-do.de\/index.php?rest_route=\/wp\/v2\/types\/page"}],"author":[{"embeddable":true,"href":"https:\/\/mpg-do.de\/index.php?rest_route=\/wp\/v2\/users\/13"}],"replies":[{"embeddable":true,"href":"https:\/\/mpg-do.de\/index.php?rest_route=%2Fwp%2Fv2%2Fcomments&post=6830"}],"version-history":[{"count":4,"href":"https:\/\/mpg-do.de\/index.php?rest_route=\/wp\/v2\/pages\/6830\/revisions"}],"predecessor-version":[{"id":13633,"href":"https:\/\/mpg-do.de\/index.php?rest_route=\/wp\/v2\/pages\/6830\/revisions\/13633"}],"up":[{"embeddable":true,"href":"https:\/\/mpg-do.de\/index.php?rest_route=\/wp\/v2\/pages\/458"}],"wp:attachment":[{"href":"https:\/\/mpg-do.de\/index.php?rest_route=%2Fwp%2Fv2%2Fmedia&parent=6830"}],"curies":[{"name":"wp","href":"https:\/\/api.w.org\/{rel}","templated":true}]}}