{"id":6837,"date":"2019-09-13T09:14:27","date_gmt":"2019-09-13T07:14:27","guid":{"rendered":"https:\/\/noobserver.de\/?page_id=6837"},"modified":"2025-11-18T15:04:21","modified_gmt":"2025-11-18T14:04:21","slug":"fussball","status":"publish","type":"page","link":"https:\/\/mpg-do.de\/?page_id=6837","title":{"rendered":"Fu\u00dfball"},"content":{"rendered":"<p>Als <strong>Partnerschule des Fu\u00dfballs<\/strong> wird am Max-Planck-Gymnasium verst\u00e4rkt Talentf\u00f6rderung betrieben. Talentierte Fu\u00dfballer erhalten an unserer Schule zus\u00e4tzlich zum Vereinstraining eine weitere Trainingseinheit in der Schule. Daf\u00fcr kooperieren wir mit dem DFB-Talentst\u00fctzpunkt Dortmund und dem Kirchh\u00f6rder SC.<\/p>\n<p><strong>\u00dcbungszeiten im Schuljahr 2025\/26:<\/strong><\/p>\n<p>Jungen (Klasse 5-7): dienstags 7. Stunde (13.25 Uhr), MPG-Sportplatz (Sommer) \/Padelcity (Winter)<\/p>\n<p>M\u00e4dchen (Klasse 5-9): dienstags 7. Stunde (13.25 Uhr), MPG-Sportplatz (Sommer) \/Padelcity (Winter)<\/p>\n<p><strong>Leiter:<\/strong><\/p>\n<p>Amin Hadifar (Sportlehrer MPG)<br \/>\nPascal Sellung (DFB-Elite-Jugend-Lizenz, Koordinator Partnerschule des Fu\u00dfballs)<br \/>\nDFB Junior Coaches aus der Oberstufe<\/p>\n<p><strong>Projektkurs Fu\u00dfball:<\/strong><\/p>\n<p>Seit dem Schuljahr 2018\/19 bietet das Max-Planck-Gymnasium einen <strong><a href=\"..\/wp-content\/uploads\/2022\/03\/Projektkurs_Fussball.pptx.pdf\" target=\"_blank\" rel=\"noopener\">Projektkurs Fu\u00dfball<\/a><\/strong>\u00a0(Fach Sport) in der Q1 an. Der Projektkurs wird zus\u00e4tzlich zum normalen Sportunterricht gew\u00e4hlt. Die Mitgliedschaft in einem Fu\u00dfballverein ist w\u00fcnschenswert, aber keine Voraussetzung. Im Rahmen des Projektkurses werden die Sch\u00fcler_innen zu <strong>DFB Junior Coaches<\/strong> ausgebildet und engagieren sich ehrenamtlich im Verein oder an der Schule. Au\u00dferdem werden weitere Qualifizierungen (Schiedsrichterschein, Trainer C-Lizenz) in Kooperation mit dem FLVW angeboten.<\/p>\n<figure id=\"attachment_7672\" aria-describedby=\"caption-attachment-7672\" style=\"width: 640px\" class=\"wp-caption aligncenter\"><img loading=\"lazy\" decoding=\"async\" class=\"wp-image-7672 size-large\" src=\"https:\/\/mpg-do.de\/wp-content\/uploads\/2019\/10\/JuniorCoaches19-1066x600.jpg\" alt=\"DFB-JUNIOR-COACH 2019\" width=\"640\" height=\"360\" srcset=\"https:\/\/mpg-do.de\/wp-content\/uploads\/2019\/10\/JuniorCoaches19-1066x600.jpg 1066w, https:\/\/mpg-do.de\/wp-content\/uploads\/2019\/10\/JuniorCoaches19-300x169.jpg 300w, https:\/\/mpg-do.de\/wp-content\/uploads\/2019\/10\/JuniorCoaches19-768x432.jpg 768w, https:\/\/mpg-do.de\/wp-content\/uploads\/2019\/10\/JuniorCoaches19-64x36.jpg 64w, https:\/\/mpg-do.de\/wp-content\/uploads\/2019\/10\/JuniorCoaches19-1568x882.jpg 1568w, https:\/\/mpg-do.de\/wp-content\/uploads\/2019\/10\/JuniorCoaches19-1320x743.jpg 1320w\" sizes=\"auto, (max-width: 640px) 100vw, 640px\" \/><figcaption id=\"caption-attachment-7672\" class=\"wp-caption-text\">DFB-JUNIOR-COACH 2019<\/figcaption><\/figure>\n<p><strong>Wettk\u00e4mpfe:<\/strong><\/p>\n<p>Das MPG nimmt in allen Wettkampfklassen der Jungen und mit einer M\u00e4dchenmannschaft an den Fu\u00dfball-Stadtmeisterschaften und im Falle einer Qualifikation an weiteren Wettbewerbsrunden des Projekts &#8222;Jugend trainiert f\u00fcr Olympia&#8220; und an den Turnieren des DFB Schul-Cups teil. Au\u00dferdem nimmt das MPG an Turnieren der Partnerschulen teil.<\/p>\n<p><strong>Fu\u00dfballturnier:<\/strong><\/p>\n<p>Am Ende des Schuljahres findet das gro\u00dfe SV-Fu\u00dfballturnier im Rahmen des Projekts Schule ohne Rassismus statt. Dieses Turnier dient auch als Sichtungsturnier f\u00fcr die Schulmannschaften und das F\u00f6rdertraining. In den verschiedenen Altersklassen (Erprobungsstufe, Mittelstufe, Oberstufe) spielen die Sch\u00fcler_innen in selbst gew\u00e4hlten Teams die Schulsieger aus. Das SV-Fu\u00dfballturnier findet jedes Jahr unter dem Motto &#8222;Schule ohne Rassismus &#8211; Fu\u00dfball ohne Rassismus&#8220; statt. <\/p>\n<p><strong>Kooperationspartner:<\/strong><\/p>\n<p><a href=\"http:\/\/www.kirchhoerdersc.de\"><img loading=\"lazy\" decoding=\"async\" class=\"size-full wp-image-5352\" src=\"http:\/\/news.mpg-dortmund.de\/wp-content\/uploads\/2016\/11\/ksc.jpg\" alt=\"Kirchh\u00f6rder SC\" width=\"128\" height=\"128\" srcset=\"https:\/\/mpg-do.de\/wp-content\/uploads\/2016\/11\/ksc.jpg 1024w, https:\/\/mpg-do.de\/wp-content\/uploads\/2016\/11\/ksc-300x300.jpg 300w, https:\/\/mpg-do.de\/wp-content\/uploads\/2016\/11\/ksc-768x768.jpg 768w, https:\/\/mpg-do.de\/wp-content\/uploads\/2016\/11\/ksc-600x600.jpg 600w, https:\/\/mpg-do.de\/wp-content\/uploads\/2016\/11\/ksc-64x64.jpg 64w, https:\/\/mpg-do.de\/wp-content\/uploads\/2016\/11\/ksc-200x200.jpg 200w\" sizes=\"auto, (max-width: 128px) 100vw, 128px\" \/><\/a><a href=\"http:\/\/www.flvw.de\"><img loading=\"lazy\" decoding=\"async\" class=\"size-full wp-image-5353\" src=\"http:\/\/news.mpg-dortmund.de\/wp-content\/uploads\/2016\/11\/flvw_logo.jpg\" alt=\"FLVW\" width=\"128\" height=\"128\" srcset=\"https:\/\/mpg-do.de\/wp-content\/uploads\/2016\/11\/flvw_logo.jpg 400w, https:\/\/mpg-do.de\/wp-content\/uploads\/2016\/11\/flvw_logo-300x300.jpg 300w, https:\/\/mpg-do.de\/wp-content\/uploads\/2016\/11\/flvw_logo-64x64.jpg 64w, https:\/\/mpg-do.de\/wp-content\/uploads\/2016\/11\/flvw_logo-200x200.jpg 200w\" sizes=\"auto, (max-width: 128px) 100vw, 128px\" \/><\/a><\/p>\n<p><a href=\"..\/?tag=fussball\">Berichte zum Thema Fu\u00dfball<\/a><\/p>\n","protected":false},"excerpt":{"rendered":"<p>Als Partnerschule des Fu\u00dfballs wird am Max-Planck-Gymnasium verst\u00e4rkt Talentf\u00f6rderung betrieben. Talentierte Fu\u00dfballer erhalten an unserer Schule zus\u00e4tzlich zum Vereinstraining eine weitere Trainingseinheit in der Schule. Daf\u00fcr kooperieren wir mit dem DFB-Talentst\u00fctzpunkt Dortmund und dem Kirchh\u00f6rder SC. \u00dcbungszeiten im Schuljahr 2025\/26: Jungen (Klasse 5-7): dienstags 7. Stunde (13.25 Uhr), MPG-Sportplatz (Sommer) \/Padelcity (Winter) M\u00e4dchen (Klasse 5-9): &hellip; <\/p>\n<p class=\"link-more\"><a href=\"https:\/\/mpg-do.de\/?page_id=6837\" class=\"more-link\"><span class=\"screen-reader-text\">\u201eFu\u00dfball\u201c <\/span>weiterlesen<\/a><\/p>\n","protected":false},"author":11,"featured_media":0,"parent":679,"menu_order":0,"comment_status":"closed","ping_status":"closed","template":"","meta":{"_crdt_document":"","footnotes":""},"class_list":["post-6837","page","type-page","status-publish","hentry","entry"],"_links":{"self":[{"href":"https:\/\/mpg-do.de\/index.php?rest_route=\/wp\/v2\/pages\/6837","targetHints":{"allow":["GET"]}}],"collection":[{"href":"https:\/\/mpg-do.de\/index.php?rest_route=\/wp\/v2\/pages"}],"about":[{"href":"https:\/\/mpg-do.de\/index.php?rest_route=\/wp\/v2\/types\/page"}],"author":[{"embeddable":true,"href":"https:\/\/mpg-do.de\/index.php?rest_route=\/wp\/v2\/users\/11"}],"replies":[{"embeddable":true,"href":"https:\/\/mpg-do.de\/index.php?rest_route=%2Fwp%2Fv2%2Fcomments&post=6837"}],"version-history":[{"count":14,"href":"https:\/\/mpg-do.de\/index.php?rest_route=\/wp\/v2\/pages\/6837\/revisions"}],"predecessor-version":[{"id":14555,"href":"https:\/\/mpg-do.de\/index.php?rest_route=\/wp\/v2\/pages\/6837\/revisions\/14555"}],"up":[{"embeddable":true,"href":"https:\/\/mpg-do.de\/index.php?rest_route=\/wp\/v2\/pages\/679"}],"wp:attachment":[{"href":"https:\/\/mpg-do.de\/index.php?rest_route=%2Fwp%2Fv2%2Fmedia&parent=6837"}],"curies":[{"name":"wp","href":"https:\/\/api.w.org\/{rel}","templated":true}]}}