{"id":6840,"date":"2019-09-13T09:15:46","date_gmt":"2019-09-13T07:15:46","guid":{"rendered":"https:\/\/noobserver.de\/?page_id=6840"},"modified":"2024-09-05T08:40:49","modified_gmt":"2024-09-05T06:40:49","slug":"basketball","status":"publish","type":"page","link":"https:\/\/mpg-do.de\/?page_id=6840","title":{"rendered":"Basketball"},"content":{"rendered":"<p><span style=\"font-weight: 400;\">Liebe Sch\u00fclerinnen und Sch\u00fcler der Jahrgangsstufen 5-7,<\/span><\/p>\n<p><span style=\"font-weight: 400;\">das AG-Angebot soll auch in diesem Schuljahr wieder durch eine <\/span><b>Basketball-AG<\/b><span style=\"font-weight: 400;\"> bereichert werden, die in Kooperation mit einem Trainer des TVE Barop geleitet wird. Diese wird ab dem <\/span><b>06.09. freitags von<\/b> <b>13:30 bis 14:30 Uhr<\/b> <span style=\"font-weight: 400;\">stattfinden.\u00a0<\/span><\/p>\n<p><span style=\"font-weight: 400;\">Die AG soll allen interessierten Sch\u00fclerinnen und Sch\u00fcler die M\u00f6glichkeit geben, die Sportart des Basketballs n\u00e4her kennenzulernen. Die AG richtet sich sowohl an bereits erfahrene Spielerinnen und Spieler als auch an alle Neueinsteiger <\/span><b>der Jahrgangsstufen 5-7<\/b><b>.<\/b><span style=\"font-weight: 400;\"> Neben einer \u00dcbungseinheit wird nat\u00fcrlich auch stets gen\u00fcgend Zeit f\u00fcr ein Basketballspiel bleiben.<\/span><\/p>\n<p><span style=\"font-weight: 400;\">Ihr habt Lust, an der Basketball-AG teilzunehmen? Schaut freitags beim Training vorbei! Wir treffen uns am Eingang der Sporthalle des MPG.<\/span><\/p>\n<p><span style=\"font-weight: 400;\">Wir freuen uns auf euch!<\/span><span style=\"font-weight: 400;\">\u00a0<\/span><\/p>\n<p><span style=\"font-weight: 400;\">Euer Trainerteam<\/span><\/p>\n<p><span style=\"font-weight: 400;\">Herr Ben Mohamed <\/span><span style=\"font-weight: 400;\">&amp; J\u00f6rg vom TVE Barop<\/span><\/p>\n<p><a href=\"..\/?tag=basketball\">Berichte zum Thema Basketball-AG<\/a><\/p>\n","protected":false},"excerpt":{"rendered":"<p>Liebe Sch\u00fclerinnen und Sch\u00fcler der Jahrgangsstufen 5-7, das AG-Angebot soll auch in diesem Schuljahr wieder durch eine Basketball-AG bereichert werden, die in Kooperation mit einem Trainer des TVE Barop geleitet wird. Diese wird ab dem 06.09. freitags von 13:30 bis 14:30 Uhr stattfinden.\u00a0 Die AG soll allen interessierten Sch\u00fclerinnen und Sch\u00fcler die M\u00f6glichkeit geben, die &hellip; <\/p>\n<p class=\"link-more\"><a href=\"https:\/\/mpg-do.de\/?page_id=6840\" class=\"more-link\"><span class=\"screen-reader-text\">\u201eBasketball\u201c <\/span>weiterlesen<\/a><\/p>\n","protected":false},"author":11,"featured_media":2892,"parent":679,"menu_order":0,"comment_status":"closed","ping_status":"closed","template":"","meta":{"_crdt_document":"","footnotes":""},"class_list":["post-6840","page","type-page","status-publish","has-post-thumbnail","hentry","entry"],"_links":{"self":[{"href":"https:\/\/mpg-do.de\/index.php?rest_route=\/wp\/v2\/pages\/6840","targetHints":{"allow":["GET"]}}],"collection":[{"href":"https:\/\/mpg-do.de\/index.php?rest_route=\/wp\/v2\/pages"}],"about":[{"href":"https:\/\/mpg-do.de\/index.php?rest_route=\/wp\/v2\/types\/page"}],"author":[{"embeddable":true,"href":"https:\/\/mpg-do.de\/index.php?rest_route=\/wp\/v2\/users\/11"}],"replies":[{"embeddable":true,"href":"https:\/\/mpg-do.de\/index.php?rest_route=%2Fwp%2Fv2%2Fcomments&post=6840"}],"version-history":[{"count":4,"href":"https:\/\/mpg-do.de\/index.php?rest_route=\/wp\/v2\/pages\/6840\/revisions"}],"predecessor-version":[{"id":13516,"href":"https:\/\/mpg-do.de\/index.php?rest_route=\/wp\/v2\/pages\/6840\/revisions\/13516"}],"up":[{"embeddable":true,"href":"https:\/\/mpg-do.de\/index.php?rest_route=\/wp\/v2\/pages\/679"}],"wp:featuredmedia":[{"embeddable":true,"href":"https:\/\/mpg-do.de\/index.php?rest_route=\/wp\/v2\/media\/2892"}],"wp:attachment":[{"href":"https:\/\/mpg-do.de\/index.php?rest_route=%2Fwp%2Fv2%2Fmedia&parent=6840"}],"curies":[{"name":"wp","href":"https:\/\/api.w.org\/{rel}","templated":true}]}}