{"id":685,"date":"2015-05-26T20:43:58","date_gmt":"2015-05-26T19:43:58","guid":{"rendered":"http:\/\/news.mpg-dortmund.de\/?page_id=685"},"modified":"2025-10-08T11:10:12","modified_gmt":"2025-10-08T09:10:12","slug":"foerderkonzept","status":"publish","type":"page","link":"https:\/\/mpg-do.de\/?page_id=685","title":{"rendered":"Individuelle F\u00f6rderung \u2013 F\u00f6rdern und Fordern"},"content":{"rendered":"\n<div class=\"wp-block-group alignwide\"><div class=\"wp-block-group__inner-container is-layout-flow wp-block-group-is-layout-flow\">\n<p><img loading=\"lazy\" decoding=\"async\" class=\"aligncenter size-medium wp-image-6006\" src=\"https:\/\/mpg-do.de\/wp-content\/uploads\/2019\/01\/Logo-MPG-LiFT-2-e1730997875171-300x165.jpg\" alt=\"\" width=\"300\" height=\"165\" srcset=\"https:\/\/mpg-do.de\/wp-content\/uploads\/2019\/01\/Logo-MPG-LiFT-2-e1730997875171-300x165.jpg 300w, https:\/\/mpg-do.de\/wp-content\/uploads\/2019\/01\/Logo-MPG-LiFT-2-e1730997875171-768x423.jpg 768w, https:\/\/mpg-do.de\/wp-content\/uploads\/2019\/01\/Logo-MPG-LiFT-2-e1730997875171-64x35.jpg 64w, https:\/\/mpg-do.de\/wp-content\/uploads\/2019\/01\/Logo-MPG-LiFT-2-e1730997875171.jpg 898w\" sizes=\"auto, (max-width: 300px) 100vw, 300px\" \/><\/p>\n<p>Individuelle F\u00f6rderung bedeutet, die Potenziale aller Sch\u00fcler_innen auszusch\u00f6pfen und dadurch die individuellen Lern- und Bildungserfolge aller Lernenden zu sichern. Sie bezieht sich explizit auf alle Sch\u00fcler_innen, d.h. auf leistungsschw\u00e4chere und zugleich auch auf leistungsstarke bzw. potenziell leistungsf\u00e4hige Sch\u00fcler_innen.<\/p>\n<p>Am MPG unterscheiden wir deshalb zahlreiche Formen der so genannten \u00e4u\u00dferen und inneren Differenzierung, die die Sch\u00fcler_innen in ihrer Entwicklung voranbringen sollen. Dazu werden beispielsweise im regul\u00e4ren Unterricht verschiedene Ma\u00dfnahmen zur Binnendifferenzierung umgesetzt (wie z.B. Stationenlernen, Wochenarbeitspl\u00e4ne, \u00dcbungen mit unterschiedlichen Anforderungsniveaus, Tippkarten etc.).<\/p>\n<p>Seit dem Schuljahr 2018\/19 fungiert das MPG LiFT-B\u00fcro als zentrale Anlaufstelle f\u00fcr alle Fragen zum Thema \u201eIndividuelle F\u00f6rderung\u201c am MPG. Neben der individuellen F\u00f6rderung im Fachunterricht gibt es inner- und au\u00dferhalb des MPGs eine Vielzahl an Forderm\u00f6glichkeiten f\u00fcr leistungsstarke und potenziell leistungsf\u00e4hige Sch\u00fcler_innen als auch F\u00f6rderm\u00f6glichkeiten f\u00fcr leistungsschw\u00e4chere Sch\u00fcler_innen. Im MPG LiFT<br \/>erhalten interessierte Sch\u00fcler_innen (und ihre Eltern) detaillierte Informationen zu den verschiedenen Angeboten.<br \/>Bei Fragen steht Herr Schmalenbach (schmalenbach@mpg-dortmund.de) als Ansprechpartner zur Verf\u00fcgung.<\/p>\n<figure id=\"attachment_12817\" aria-describedby=\"caption-attachment-12817\" style=\"width: 640px\" class=\"wp-caption aligncenter\"><img loading=\"lazy\" decoding=\"async\" class=\"size-large wp-image-12817\" src=\"https:\/\/mpg-do.de\/wp-content\/uploads\/2023\/11\/Individuelle_Foerderung_MPG-1280x564.png\" alt=\"Individuelle F\u00f6rderung am MPG\" width=\"640\" height=\"282\" srcset=\"https:\/\/mpg-do.de\/wp-content\/uploads\/2023\/11\/Individuelle_Foerderung_MPG-1280x564.png 1280w, https:\/\/mpg-do.de\/wp-content\/uploads\/2023\/11\/Individuelle_Foerderung_MPG-300x132.png 300w, https:\/\/mpg-do.de\/wp-content\/uploads\/2023\/11\/Individuelle_Foerderung_MPG-768x339.png 768w, https:\/\/mpg-do.de\/wp-content\/uploads\/2023\/11\/Individuelle_Foerderung_MPG-1536x677.png 1536w, https:\/\/mpg-do.de\/wp-content\/uploads\/2023\/11\/Individuelle_Foerderung_MPG-64x28.png 64w, https:\/\/mpg-do.de\/wp-content\/uploads\/2023\/11\/Individuelle_Foerderung_MPG-1568x691.png 1568w, https:\/\/mpg-do.de\/wp-content\/uploads\/2023\/11\/Individuelle_Foerderung_MPG-1320x582.png 1320w, https:\/\/mpg-do.de\/wp-content\/uploads\/2023\/11\/Individuelle_Foerderung_MPG.png 1953w\" sizes=\"auto, (max-width: 640px) 100vw, 640px\" \/><figcaption id=\"caption-attachment-12817\" class=\"wp-caption-text\">Individuelle F\u00f6rderung am MPG<\/figcaption><\/figure>\n<p><strong>Angebote f\u00fcr besondere Begabungen<\/strong><\/p>\n<p>Profilklassen, das Angebot der <a href=\"..\/?page_id=939\">Hausaufgabenbetreuung<\/a> sowie verschiedene <a href=\"..\/?page_id=4433\">Erg\u00e4nzungsstunden<\/a> sind ebenfalls in unser Schulprogramm integriert. Dar\u00fcber hinaus werden besonders begabte und potenziell leistungsf\u00e4hige Sch\u00fcler_innen durch ein gro\u00dfes Forderangebot, insbesondere durch au\u00dferunterrichtliche Zusatzangebote wie <a href=\"..\/?page_id=679\">Arbeitsgemeinschaften<\/a>, bundes- und landesweite Sch\u00fcler_innenwettbewerbe, Kooperationen mit Universit\u00e4ten, Sch\u00fcleraustauschprogrammen und der M\u00f6glichkeit des <a href=\"http:\/\/www.tu-dortmund.de\/uni\/Einstieg\/schueleruni\/de\/schueleruni\/index.html\">Fr\u00fchstudiums<\/a>, individuell gef\u00f6rdert und gefordert. Besonders leistungsf\u00e4higen Sch\u00fcler_innern er\u00f6ffnen sich so individuelle Lernbiographien, die theoretisch auch das \u00dcberspringen einer Jahrgangsstufe und somit ein individualisiertes G8 bedeuten k\u00f6nnen.<\/p>\n<p><a href=\"..\/?page_id=9385\">F\u00f6rder-Forder-Projekt (Jahrgangsstufe 7)<\/a><\/p>\n<p>Zus\u00e4tzlich zu den Grund- und Leistungskursen bieten wir in der Qualifikationsphase (Q1)\u00a0 zweist\u00fcndige Projektkurse zur individuellen Vertiefung in einigen F\u00e4chern an:<\/p>\n<p><a href=\"..\/wp-content\/uploads\/2020\/12\/Biologie_Projektkurs.pdf\" target=\"_blank\" rel=\"noopener\">Projektkurs Biologie<\/a>\u00a0|\u00a0Projektkurs Erdkunde | <a href=\"..\/wp-content\/uploads\/2018\/03\/Projektkurs_Fussball.pptx.pdf\" target=\"_blank\" rel=\"noopener\">Projektkurs Sport\/ Fu\u00dfball<\/a><\/p>\n<p><strong>Unterst\u00fctzungsangebote<\/strong><\/p>\n<p>Sollten sich im Verlauf des Schuljahres schulische Probleme ergeben, werden den Sch\u00fcler_innen und Eltern Wege der individuellen Unterst\u00fctzung des Lernprozesses aufgezeigt. Schulische F\u00f6rderma\u00dfnahmen (z.B. Teilnahme am MAXI-Projekt \u2013 Sch\u00fcler helfen Sch\u00fclern) werden in diesen F\u00e4llen m\u00f6glichst fr\u00fchzeitig eingeleitet. In der Mittelstufe (Klasse 8 und 9) bieten wir zudem individuelles <a href=\"..\/?page_id=4455\">Lerncoaching<\/a> an.<\/p>\n<p><strong>Lese-Rechtschreibschwierigkeiten<\/strong><\/p>\n<p><a href=\"..\/wp-content\/uploads\/2018\/02\/LRS-Regelung-MPG-Stand-23.12.17.pdf\" target=\"_blank\" rel=\"noopener\">Umgang mit LRS Sekundarstufe I<\/a><\/p>\n<p><a href=\"..\/wp-content\/uploads\/2018\/02\/LRSSek.-II.pdf\" target=\"_blank\" rel=\"noopener\">Umgang mit LRS in der Oberstufe<\/a><\/p>\n<\/div><\/div>\n","protected":false},"excerpt":{"rendered":"<p>Individuelle F\u00f6rderung bedeutet, die Potenziale aller Sch\u00fcler_innen auszusch\u00f6pfen und dadurch die individuellen Lern- und Bildungserfolge aller Lernenden zu sichern. Sie bezieht sich explizit auf alle Sch\u00fcler_innen, d.h. auf leistungsschw\u00e4chere und zugleich auch auf leistungsstarke bzw. potenziell leistungsf\u00e4hige Sch\u00fcler_innen. Am MPG unterscheiden wir deshalb zahlreiche Formen der so genannten \u00e4u\u00dferen und inneren Differenzierung, die die Sch\u00fcler_innen &hellip; <\/p>\n<p class=\"link-more\"><a href=\"https:\/\/mpg-do.de\/?page_id=685\" class=\"more-link\"><span class=\"screen-reader-text\">\u201eIndividuelle F\u00f6rderung \u2013 F\u00f6rdern und Fordern\u201c <\/span>weiterlesen<\/a><\/p>\n","protected":false},"author":13,"featured_media":0,"parent":0,"menu_order":0,"comment_status":"closed","ping_status":"closed","template":"","meta":{"_crdt_document":"","footnotes":""},"class_list":["post-685","page","type-page","status-publish","hentry","entry"],"_links":{"self":[{"href":"https:\/\/mpg-do.de\/index.php?rest_route=\/wp\/v2\/pages\/685","targetHints":{"allow":["GET"]}}],"collection":[{"href":"https:\/\/mpg-do.de\/index.php?rest_route=\/wp\/v2\/pages"}],"about":[{"href":"https:\/\/mpg-do.de\/index.php?rest_route=\/wp\/v2\/types\/page"}],"author":[{"embeddable":true,"href":"https:\/\/mpg-do.de\/index.php?rest_route=\/wp\/v2\/users\/13"}],"replies":[{"embeddable":true,"href":"https:\/\/mpg-do.de\/index.php?rest_route=%2Fwp%2Fv2%2Fcomments&post=685"}],"version-history":[{"count":29,"href":"https:\/\/mpg-do.de\/index.php?rest_route=\/wp\/v2\/pages\/685\/revisions"}],"predecessor-version":[{"id":14444,"href":"https:\/\/mpg-do.de\/index.php?rest_route=\/wp\/v2\/pages\/685\/revisions\/14444"}],"wp:attachment":[{"href":"https:\/\/mpg-do.de\/index.php?rest_route=%2Fwp%2Fv2%2Fmedia&parent=685"}],"curies":[{"name":"wp","href":"https:\/\/api.w.org\/{rel}","templated":true}]}}