{"id":691,"date":"2015-05-26T21:44:34","date_gmt":"2015-05-26T19:44:34","guid":{"rendered":"http:\/\/news.mpg-dortmund.de\/?page_id=691"},"modified":"2026-02-22T13:58:50","modified_gmt":"2026-02-22T12:58:50","slug":"kontakt","status":"publish","type":"page","link":"https:\/\/mpg-do.de\/?page_id=691","title":{"rendered":"Kontakt \/ Anmeldung"},"content":{"rendered":"<p><strong>Adresse:<\/strong><br \/>\nMax-Planck-Gymnasium Dortmund<br \/>\nArdeystr. 70 &#8211; 72<br \/>\n44139 Dortmund<\/p>\n<p>E-Mail: <a href=\"mailto:max-planck-gymnasium@stadtdo.de\">max-planck-gymnasium@stadtdo.de<\/a><br \/>\nTel.: <a href=\"tel:+492315024360\">(0231) 50 24360<\/a><br \/>\nFax: (0231) 50 10144<br \/>\n<a href=\"https:\/\/mpg-do.de\/#Krankmeldung\">Krankmeldung<\/a><\/p>\n<p>Anfragen zu Praktika bitte an folgende eMail-Adresse:<br \/>\n<a href=\"mailto:praktikum@mpg-dortmund.de\">praktikum@mpg-dortmund.de<\/a><\/p>\n<p><a href=\"http:\/\/www.elise.nrw.de\/\">Anmeldung f\u00fcr Eignungspraktika (ELiSe)<\/a><\/p>\n<p><strong>Anfahrt<\/strong><br \/>\nDurch seine zentrale Lage ist das Max-Planck-Gymnasium von ganz Dortmund aus schnell und bequem zu erreichen. Dies zeigt sich auch darin, dass wir Sch\u00fcler aus vielen verschiedenen Vororten auf unserer Schule begr\u00fc\u00dfen d\u00fcrfen.<\/p>\n<p><iframe loading=\"lazy\" style=\"border: 1px solid black;\" src=\"https:\/\/www.openstreetmap.org\/export\/embed.html?bbox=7.458370327949525%2C51.489022649005186%2C7.463359236717225%2C51.49130731114863&amp;layer=mapnik&amp;marker=51.490164994387996%2C7.460864782333374\" width=\"940\" height=\"350\" frameborder=\"0\" marginwidth=\"0\" marginheight=\"0\" scrolling=\"no\"><\/iframe><a href=\"https:\/\/www.openstreetmap.org\/?mlat=51.49016&amp;mlon=7.46086#map=18\/51.49016\/7.46086\">Gr\u00f6\u00dfere Karte anzeigen<\/a><br \/>\n<a href=\"https:\/\/www.openstreetmap.org\/copyright\">www.openstreetmap.org\/copyright<\/a><\/p>\n<hr \/>\n<h2 style=\"text-align: center;\">Anmeldung<\/h2>\n<div><\/div>\n<div>\n<div>\n<div>\n<h2 dir=\"auto\">Anmeldung Jahrgang 5, Schuljahr 2026\/27<\/h2>\n<\/div>\n<div><\/div>\n<div>\n<p>Liebe angehende F\u00fcnftkl\u00e4ssler und F\u00fcnftkl\u00e4sslerinnen, liebe Eltern,<\/p>\n<p dir=\"auto\">\u00dcber diesen\u00a0Link k\u00f6nnen Sie einen Termin zur Anmeldung buchen:<\/p>\n<div><img decoding=\"async\" class=\"CToWUd a6T\" tabindex=\"0\" src=\"https:\/\/mail.google.com\/mail\/u\/0?ui=2&amp;ik=c980fa0cf0&amp;attid=0.1&amp;permmsgid=msg-f:1849065971689593987&amp;th=19a933b458d21c83&amp;view=fimg&amp;fur=ip&amp;permmsgid=msg-f:1849065971689593987&amp;sz=s0-l75-ft&amp;attbid=ANGjdJ9ScTtMkADYkNiu8tJtCfl200Cpiwhbu-FIIIY2jvXyW3uSL6bLSn1d0eKFc_-Y-dutgBxhdr-9o_iOprwxusJdgHdg91KWrWWh0uJfhTZ3hKLzr2jahYNxeW4&amp;disp=emb&amp;realattid=19a93300b436bdb5cac1&amp;zw\" data-image-whitelisted=\"\" data-bit=\"iit\" \/><\/div>\n<div>\n<p dir=\"ltr\">\u00a0 \u00a0 oder:\u00a0 \u00a0 \u00a0 \u00a0 \u00a0 \u00a0 \u00a0 \u00a0 <a href=\"https:\/\/t1p.de\/neue5er\" target=\"_blank\" rel=\"noopener\" data-saferedirecturl=\"https:\/\/www.google.com\/url?q=https:\/\/t1p.de\/neue5er&amp;source=gmail&amp;ust=1763496241974000&amp;usg=AOvVaw2MVtYSeJC3-cpBwK97d9oT\">https:\/\/t1p.de\/neue5er<\/a><\/p>\n<\/div>\n<p>Am Montag, <strong>12. Januar 2026<\/strong>\u00a0findet au\u00dferdem um 19 Uhr in der Aula ein\u00a0<strong>Informationsabend zum \u00dcbergang von der Grundschule zur weiterf\u00fchrenden Schule<\/strong>\u00a0statt.<\/p>\n<\/div>\n<\/div>\n<div>\n<p>An dieser Stelle m\u00f6chten wir Sie auch \u00fcber das Angebot des\u00a0<strong>herkunftssprachlichen Unterrichts (HSU)<\/strong>\u00a0informieren. Eine Anmeldung zur Weiterf\u00fchrung des HSU erfolgt \u00fcber die Grundschulen.<\/p>\n<p>Wir freuen uns auf Sie und Euch!<\/p>\n<p dir=\"auto\">Dr. Markus Tendahl<br \/>\nSchulleiter<\/p>\n<p>Bastian Kl\u00f6hn<br \/>\nErprobungsstufenkoordinator<\/p>\n<\/div>\n<\/div>\n<p><a name=\"seiteneinstieg\"><\/a><\/p>\n<h2 style=\"text-align: center;\">Anmeldeverfahren f\u00fcr Seiteneinsteiger<\/h2>\n<p>F\u00fcr das kommende Schuljahr k\u00f6nnen sich Sch\u00fclerinnen und Sch\u00fcler zur Aufnahme in die gymnasiale Oberstufe an den Dortmunder Gymnasien \u00fcber das zentrale Anmeldesystem &#8222;Sch\u00fcler-Online&#8220; unter <a href=\"https:\/\/www.schueleranmeldung.de\/\" target=\"_blank\" rel=\"noopener\">https:\/\/www.schueleranmeldung.de\/<\/a> bewerben. Die Internetseite Schulbewerbung.de wird zum Anmeldezeitraum freigeschaltet. Genaue Informationen \u00fcber das Bewerbungsverfahren erhalten Sie durch Ihre<br \/>\njetzige Schule.<\/p>\n<p>F\u00fcr eine erfolgreiche Bewerbung ist die <strong>termingerechte Online-Anmeldung\u00a0 auf Sch\u00fcler-Online unbedingt erforderlich.<\/strong><\/p>\n<p>Nach der Anmeldung bei Sch\u00fcler-Online sind folgende <strong>Formulare auszuf\u00fcllen<\/strong> und per Post, per Fax oder pers\u00f6nlich im Sekretariat abzugeben:<\/p>\n<ul>\n<li>Zeugnisse in Original und Kopie<\/li>\n<li>Best\u00e4tigung der Bewerbung bei Sch\u00fcler Online<\/li>\n<li><a href=\"..\/wp-content\/uploads\/2026\/02\/Aufnahmebogen-Oberstufe-2026.pdf\" target=\"_blank\" rel=\"noopener noreferrer\">Pers\u00f6nliche Angaben<\/a><\/li>\n<\/ul>\n<p>Bitte beachten Sie hierzu die \u00d6ffnungszeiten unseres Schulsekretariates w\u00e4hrend der Bewerbungsphase. Den Stand Ihrer Bewerbung k\u00f6nnen Sie jederzeit \u00fcber <a href=\"https:\/\/www.schueleranmeldung.de\/\" target=\"_blank\" rel=\"noopener\">Sch\u00fcler-Online<\/a> abfragen.<\/p>\n<p><strong>Nach dem Aufnahmebescheid<\/strong> m\u00fcssen dar\u00fcber hinaus noch innerhalb der oben genannten Fristen eingereicht werden:<\/p>\n<ul>\n<li><a href=\"..\/wp-content\/uploads\/2024\/10\/Formblatt-Regularien_2025-26.pdf\" target=\"_blank\" rel=\"noopener noreferrer\">Formblatt Regularien<\/a><\/li>\n<li><a href=\"..\/wp-content\/uploads\/2024\/11\/Wahlbogen-Seiteneinsteiger_Stufe-10_SJ-25-26_GYM_RS_-ohne-Formblatt.pdf\" target=\"_blank\" rel=\"noopener\">Wahlbogen<\/a><\/li>\n<\/ul>\n<p>Mit dem Formblatt Regularien best\u00e4tigen Sie Ihre Zustimmung zu folgenden Regelwerken:<\/p>\n<ul>\n<li><a href=\"..\/?page_id=1216\">Schulvereinbarung, Hausordnung, EDV-Nutzungsordnung<\/a><\/li>\n<li><a href=\"..\/?page_id=809\">Einverst\u00e4ndnis mit der Nutzung von Bildern<\/a><\/li>\n<li><a href=\"..\/?page_id=809\">Entschuldigungsverfahren Oberstufe<\/a><\/li>\n<li><a href=\"..\/wp-content\/uploads\/2023\/10\/Beratungskonzept-und-Unterschriften_16.10.23.pdf\" target=\"_blank\" rel=\"noopener noreferrer\">Beratungskonzept und Unterschriften Oberstufe<\/a><\/li>\n<li><a href=\"..\/?page_id=809\">Unfallversicherung Freistunden<\/a><\/li>\n<li><a href=\"\/\/mpg-do.de\/wp-content\/uploads\/2023\/10\/Abmeldung-kranker-Schueler_innen-aus-dem-laufenden-Unterricht-1.pdf\" target=\"_blank\" rel=\"noopener\">Krankheit \u2013 Abmeldung aus dem Laufenden Unterricht<\/a><\/li>\n<li><a href=\"..\/?page_id=2227\">Bargeldloses Bezahlsystem Inet<\/a><\/li>\n<\/ul>\n","protected":false},"excerpt":{"rendered":"<p>Adresse: Max-Planck-Gymnasium Dortmund Ardeystr. 70 &#8211; 72 44139 Dortmund E-Mail: max-planck-gymnasium@stadtdo.de Tel.: (0231) 50 24360 Fax: (0231) 50 10144 Krankmeldung Anfragen zu Praktika bitte an folgende eMail-Adresse: praktikum@mpg-dortmund.de Anmeldung f\u00fcr Eignungspraktika (ELiSe) Anfahrt Durch seine zentrale Lage ist das Max-Planck-Gymnasium von ganz Dortmund aus schnell und bequem zu erreichen. Dies zeigt sich auch darin, dass &hellip; <\/p>\n<p class=\"link-more\"><a href=\"https:\/\/mpg-do.de\/?page_id=691\" class=\"more-link\"><span class=\"screen-reader-text\">\u201eKontakt \/ Anmeldung\u201c <\/span>weiterlesen<\/a><\/p>\n","protected":false},"author":13,"featured_media":0,"parent":0,"menu_order":0,"comment_status":"closed","ping_status":"closed","template":"","meta":{"_crdt_document":"","footnotes":""},"class_list":["post-691","page","type-page","status-publish","hentry","entry"],"_links":{"self":[{"href":"https:\/\/mpg-do.de\/index.php?rest_route=\/wp\/v2\/pages\/691","targetHints":{"allow":["GET"]}}],"collection":[{"href":"https:\/\/mpg-do.de\/index.php?rest_route=\/wp\/v2\/pages"}],"about":[{"href":"https:\/\/mpg-do.de\/index.php?rest_route=\/wp\/v2\/types\/page"}],"author":[{"embeddable":true,"href":"https:\/\/mpg-do.de\/index.php?rest_route=\/wp\/v2\/users\/13"}],"replies":[{"embeddable":true,"href":"https:\/\/mpg-do.de\/index.php?rest_route=%2Fwp%2Fv2%2Fcomments&post=691"}],"version-history":[{"count":134,"href":"https:\/\/mpg-do.de\/index.php?rest_route=\/wp\/v2\/pages\/691\/revisions"}],"predecessor-version":[{"id":14846,"href":"https:\/\/mpg-do.de\/index.php?rest_route=\/wp\/v2\/pages\/691\/revisions\/14846"}],"wp:attachment":[{"href":"https:\/\/mpg-do.de\/index.php?rest_route=%2Fwp%2Fv2%2Fmedia&parent=691"}],"curies":[{"name":"wp","href":"https:\/\/api.w.org\/{rel}","templated":true}]}}