{"id":7038,"date":"2019-09-13T12:49:57","date_gmt":"2019-09-13T10:49:57","guid":{"rendered":"https:\/\/noobserver.de\/?page_id=7038"},"modified":"2020-12-07T10:31:18","modified_gmt":"2020-12-07T09:31:18","slug":"mint-profil","status":"publish","type":"page","link":"https:\/\/mpg-do.de\/?page_id=7038","title":{"rendered":"MINT-Profil"},"content":{"rendered":"<p><strong>Laut unserem Namenspatron Max Planck muss \u201eder Mensch sich stets auf neue \u00dcberraschungen gefasst machen\u201c.<\/strong><\/p>\n<p>Um daf\u00fcr ger\u00fcstet zu sein, hilft naturwissenschaftliches Wissen und die F\u00f6rderung naturwissenschaftlichen Denkens. F\u00fcr dieses Ziel unterrichten wir <a href=\"..\/?page_id=6764\">Biologie<\/a>, <a href=\"..\/?page_id=6830\">Chemie<\/a>, <a href=\"..\/?page_id=6822\">Mathematik<\/a> und <a href=\"..\/?page_id=6760\">Physik<\/a> in der Sekundarstufe I und schulen dieses zus\u00e4tzlich nach Interesse in zahlreichen begleitenden Angeboten von der <strong>Forschergruppe<\/strong> ab Jahrgang 5 bis zum <strong>Projektkurs<\/strong> in der Q1. In der Oberstufe bieten wir kontinuierlich <strong>Leistungskurse in allen Naturwissenschaften<\/strong> an (z. T. in Kooperation mit dem benachbarten Helene-Lange-Gymnasium). Au\u00dferschulische Partner, die Teilnahme an <strong>Wettbewerben<\/strong> und das Angebot von naturwissenschaftlichen AGs runden das Angebot ab. Unser Engagement\u00a0in den MINT-F\u00e4chern ist 2018 mit der Ehrung zur &#8222;<a href=\"..\/?p=5585\"><strong>MINT-freundlichen Schule<\/strong><\/a>&#8220; ausgezeichnet worden.<\/p>\n<p>Zus\u00e4tzlich zu den klassischen Naturwissenschaften bietet unsere Schule auch <a href=\"..\/?page_id=6834\">Informatikunterricht<\/a> als Wahlpflichtkurs in der Sekundarstufe I und als Grundkurs in der Sekundarstufe II bis zum Abitur an.<\/p>\n<p>Kontakt zum MINT-Zweig:\u00a0<a href=\"mailto:moeller@mpg-dortmund.de\" target=\"_blank\" rel=\"noopener noreferrer\">moeller@mpg-dortmund.de<\/a><\/p>\n<p>Gerne k\u00f6nnen Sie unsere <a href=\"..\/wp-content\/uploads\/2018\/11\/Bewerbung-MINT-f\u00fcr-Homepage.pdf\">Bewerbung<\/a> zur Ehrung einsehen.<\/p>\n","protected":false},"excerpt":{"rendered":"<p>Laut unserem Namenspatron Max Planck muss \u201eder Mensch sich stets auf neue \u00dcberraschungen gefasst machen\u201c. Um daf\u00fcr ger\u00fcstet zu sein, hilft naturwissenschaftliches Wissen und die F\u00f6rderung naturwissenschaftlichen Denkens. F\u00fcr dieses Ziel unterrichten wir Biologie, Chemie, Mathematik und Physik in der Sekundarstufe I und schulen dieses zus\u00e4tzlich nach Interesse in zahlreichen begleitenden Angeboten von der Forschergruppe &hellip; <\/p>\n<p class=\"link-more\"><a href=\"https:\/\/mpg-do.de\/?page_id=7038\" class=\"more-link\"><span class=\"screen-reader-text\">\u201eMINT-Profil\u201c <\/span>weiterlesen<\/a><\/p>\n","protected":false},"author":11,"featured_media":0,"parent":0,"menu_order":0,"comment_status":"closed","ping_status":"closed","template":"","meta":{"_crdt_document":"","footnotes":""},"class_list":["post-7038","page","type-page","status-publish","hentry","entry"],"_links":{"self":[{"href":"https:\/\/mpg-do.de\/index.php?rest_route=\/wp\/v2\/pages\/7038","targetHints":{"allow":["GET"]}}],"collection":[{"href":"https:\/\/mpg-do.de\/index.php?rest_route=\/wp\/v2\/pages"}],"about":[{"href":"https:\/\/mpg-do.de\/index.php?rest_route=\/wp\/v2\/types\/page"}],"author":[{"embeddable":true,"href":"https:\/\/mpg-do.de\/index.php?rest_route=\/wp\/v2\/users\/11"}],"replies":[{"embeddable":true,"href":"https:\/\/mpg-do.de\/index.php?rest_route=%2Fwp%2Fv2%2Fcomments&post=7038"}],"version-history":[{"count":4,"href":"https:\/\/mpg-do.de\/index.php?rest_route=\/wp\/v2\/pages\/7038\/revisions"}],"predecessor-version":[{"id":9289,"href":"https:\/\/mpg-do.de\/index.php?rest_route=\/wp\/v2\/pages\/7038\/revisions\/9289"}],"wp:attachment":[{"href":"https:\/\/mpg-do.de\/index.php?rest_route=%2Fwp%2Fv2%2Fmedia&parent=7038"}],"curies":[{"name":"wp","href":"https:\/\/api.w.org\/{rel}","templated":true}]}}