{"id":7040,"date":"2019-09-13T12:51:04","date_gmt":"2019-09-13T10:51:04","guid":{"rendered":"https:\/\/noobserver.de\/?page_id=7040"},"modified":"2019-11-05T08:49:46","modified_gmt":"2019-11-05T07:49:46","slug":"europaschule","status":"publish","type":"page","link":"https:\/\/mpg-do.de\/?page_id=7040","title":{"rendered":"Europaschule"},"content":{"rendered":"\n<figure class=\"wp-block-gallery columns-3 is-cropped wp-block-gallery-1 is-layout-flex wp-block-gallery-is-layout-flex\"><ul class=\"blocks-gallery-grid\"><li class=\"blocks-gallery-item\"><figure><a href=\"https:\/\/mpg-do.de\/wp-content\/uploads\/2019\/09\/Europa-Logobild-2-Max-Planck-Gymnasium-Dortmund.jpg\"><img loading=\"lazy\" decoding=\"async\" width=\"1280\" height=\"874\" src=\"https:\/\/mpg-do.de\/wp-content\/uploads\/2019\/09\/Europa-Logobild-2-Max-Planck-Gymnasium-Dortmund.jpg\" alt=\"\" data-id=\"7108\" data-full-url=\"https:\/\/mpg-do.de\/wp-content\/uploads\/2019\/09\/Europa-Logobild-2-Max-Planck-Gymnasium-Dortmund.jpg\" data-link=\"https:\/\/mpg-do.de\/?attachment_id=7108\" class=\"wp-image-7108\" srcset=\"https:\/\/mpg-do.de\/wp-content\/uploads\/2019\/09\/Europa-Logobild-2-Max-Planck-Gymnasium-Dortmund.jpg 1280w, https:\/\/mpg-do.de\/wp-content\/uploads\/2019\/09\/Europa-Logobild-2-Max-Planck-Gymnasium-Dortmund-300x205.jpg 300w, https:\/\/mpg-do.de\/wp-content\/uploads\/2019\/09\/Europa-Logobild-2-Max-Planck-Gymnasium-Dortmund-768x524.jpg 768w, https:\/\/mpg-do.de\/wp-content\/uploads\/2019\/09\/Europa-Logobild-2-Max-Planck-Gymnasium-Dortmund-64x44.jpg 64w\" sizes=\"auto, (max-width: 1280px) 100vw, 1280px\" \/><\/a><figcaption class=\"blocks-gallery-item__caption\"><a href=\"..\/?page_id=7040\">Europaschule<\/a><\/figcaption><\/figure><\/li><li class=\"blocks-gallery-item\"><figure><a href=\"https:\/\/mpg-do.de\/wp-content\/uploads\/2016\/11\/logo-Europaschule-NRW.jpg\"><img loading=\"lazy\" decoding=\"async\" width=\"1024\" height=\"584\" src=\"https:\/\/mpg-do.de\/wp-content\/uploads\/2016\/11\/logo-Europaschule-NRW-1024x584.jpg\" alt=\"Europaschule\" data-id=\"1627\" data-full-url=\"https:\/\/mpg-do.de\/wp-content\/uploads\/2016\/11\/logo-Europaschule-NRW.jpg\" data-link=\"https:\/\/mpg-do.de\/?attachment_id=1627\" class=\"wp-image-1627\" srcset=\"https:\/\/mpg-do.de\/wp-content\/uploads\/2016\/11\/logo-Europaschule-NRW-1024x584.jpg 1024w, https:\/\/mpg-do.de\/wp-content\/uploads\/2016\/11\/logo-Europaschule-NRW-300x171.jpg 300w, https:\/\/mpg-do.de\/wp-content\/uploads\/2016\/11\/logo-Europaschule-NRW-768x438.jpg 768w, https:\/\/mpg-do.de\/wp-content\/uploads\/2016\/11\/logo-Europaschule-NRW-600x342.jpg 600w, https:\/\/mpg-do.de\/wp-content\/uploads\/2016\/11\/logo-Europaschule-NRW-64x36.jpg 64w, https:\/\/mpg-do.de\/wp-content\/uploads\/2016\/11\/logo-Europaschule-NRW-260x148.jpg 260w, https:\/\/mpg-do.de\/wp-content\/uploads\/2016\/11\/logo-Europaschule-NRW.jpg 1200w\" sizes=\"auto, (max-width: 1024px) 100vw, 1024px\" \/><\/a><figcaption class=\"blocks-gallery-item__caption\">Europaschule<\/figcaption><\/figure><\/li><li class=\"blocks-gallery-item\"><figure><a href=\"https:\/\/mpg-do.de\/wp-content\/uploads\/2018\/05\/Gruppenfoto-copy.jpg\"><img loading=\"lazy\" decoding=\"async\" width=\"1024\" height=\"459\" src=\"https:\/\/mpg-do.de\/wp-content\/uploads\/2018\/05\/Gruppenfoto-copy-1024x459.jpg\" alt=\"\" data-id=\"5060\" data-full-url=\"https:\/\/mpg-do.de\/wp-content\/uploads\/2018\/05\/Gruppenfoto-copy.jpg\" data-link=\"https:\/\/mpg-do.de\/?attachment_id=5060\" class=\"wp-image-5060\" srcset=\"https:\/\/mpg-do.de\/wp-content\/uploads\/2018\/05\/Gruppenfoto-copy-1024x459.jpg 1024w, https:\/\/mpg-do.de\/wp-content\/uploads\/2018\/05\/Gruppenfoto-copy-300x135.jpg 300w, https:\/\/mpg-do.de\/wp-content\/uploads\/2018\/05\/Gruppenfoto-copy-768x344.jpg 768w, https:\/\/mpg-do.de\/wp-content\/uploads\/2018\/05\/Gruppenfoto-copy-600x269.jpg 600w, https:\/\/mpg-do.de\/wp-content\/uploads\/2018\/05\/Gruppenfoto-copy-64x29.jpg 64w, https:\/\/mpg-do.de\/wp-content\/uploads\/2018\/05\/Gruppenfoto-copy-260x117.jpg 260w, https:\/\/mpg-do.de\/wp-content\/uploads\/2018\/05\/Gruppenfoto-copy.jpg 1280w\" sizes=\"auto, (max-width: 1024px) 100vw, 1024px\" \/><\/a><\/figure><\/li><\/ul><\/figure>\n\n\n\n<p class=\"wp-block-paragraph\">Unsere Schule ist im Dezember 2013 als Europaschule zertifiziert worden.<\/p>\n\n\n\n<p class=\"wp-block-paragraph\">Die Voraussetzungen, die hierf\u00fcr erf\u00fcllt werden m\u00fcssen, sind durch einen Erlass geregelt. Europaschulen vermitteln ihren Sch\u00fcler_innen ein umfassendes <strong>Wissen \u00fcber Europa<\/strong> und bef\u00e4higen sie unter anderem durch Steigerung ihrer sprachlichen und interkulturellen Kompetenzen zum Handeln als m\u00fcndige B\u00fcrger_innen Europas.<\/p>\n\n\n\n<p class=\"wp-block-paragraph\">Diesen Zielsetzungen wird an unserer Schule bereits seit vielen Jahren durch unser breites fremdsprachliches sowie interkulturelles Angebot Rechnung getragen. Dazu liefern unsere internationalen Kontakte und Projekte, sowie feste Partnerschaften und <strong>Austauschprogramme<\/strong> <strong>mit Frankreich, Portugal, Brasilien und den USA<\/strong> einen wichtigen Beitrag. Dadurch besteht f\u00fcr jeden Sch\u00fcler die M\u00f6glichkeit, die Sprache, die er lernt, aktiv im Zielland zu erproben. Vor dem Hintergrund, dass wir unsere Sch\u00fcler_innen auf ein Leben als verantwortungsvolle europ\u00e4ische B\u00fcrger_innen vorbereiten und ihnen gute Chancen auf einem europaweiten Ausbildungsund Arbeitsmarkt er\u00f6ffnen wollen, steht eine verst\u00e4rkte Kooperation mit europ\u00e4ischen Institutionen im Fokus, die es zum Beispiel Sch\u00fcler_innen erm\u00f6glichen<strong> Betriebspraktika im Ausland<\/strong> zu absolvieren. Weiterhin sollen der Europagedanke und europarelevante Themen in m\u00f6glichst vielen F\u00e4chern vertreten und im Sinne eines f\u00e4cher\u00fcbergreifenden Curriculums vernetzt sein.<\/p>\n\n\n\n<p class=\"wp-block-paragraph\"><a href=\"..\/?tag=europaschule\">Mehr zum Thema Europaschule<\/a><\/p>\n","protected":false},"excerpt":{"rendered":"<p>Unsere Schule ist im Dezember 2013 als Europaschule zertifiziert worden. Die Voraussetzungen, die hierf\u00fcr erf\u00fcllt werden m\u00fcssen, sind durch einen Erlass geregelt. Europaschulen vermitteln ihren Sch\u00fcler_innen ein umfassendes Wissen \u00fcber Europa und bef\u00e4higen sie unter anderem durch Steigerung ihrer sprachlichen und interkulturellen Kompetenzen zum Handeln als m\u00fcndige B\u00fcrger_innen Europas. Diesen Zielsetzungen wird an unserer Schule &hellip; <\/p>\n<p class=\"link-more\"><a href=\"https:\/\/mpg-do.de\/?page_id=7040\" class=\"more-link\"><span class=\"screen-reader-text\">\u201eEuropaschule\u201c <\/span>weiterlesen<\/a><\/p>\n","protected":false},"author":11,"featured_media":0,"parent":0,"menu_order":0,"comment_status":"closed","ping_status":"closed","template":"","meta":{"_crdt_document":"","footnotes":""},"class_list":["post-7040","page","type-page","status-publish","hentry","entry"],"_links":{"self":[{"href":"https:\/\/mpg-do.de\/index.php?rest_route=\/wp\/v2\/pages\/7040","targetHints":{"allow":["GET"]}}],"collection":[{"href":"https:\/\/mpg-do.de\/index.php?rest_route=\/wp\/v2\/pages"}],"about":[{"href":"https:\/\/mpg-do.de\/index.php?rest_route=\/wp\/v2\/types\/page"}],"author":[{"embeddable":true,"href":"https:\/\/mpg-do.de\/index.php?rest_route=\/wp\/v2\/users\/11"}],"replies":[{"embeddable":true,"href":"https:\/\/mpg-do.de\/index.php?rest_route=%2Fwp%2Fv2%2Fcomments&post=7040"}],"version-history":[{"count":2,"href":"https:\/\/mpg-do.de\/index.php?rest_route=\/wp\/v2\/pages\/7040\/revisions"}],"predecessor-version":[{"id":7782,"href":"https:\/\/mpg-do.de\/index.php?rest_route=\/wp\/v2\/pages\/7040\/revisions\/7782"}],"wp:attachment":[{"href":"https:\/\/mpg-do.de\/index.php?rest_route=%2Fwp%2Fv2%2Fmedia&parent=7040"}],"curies":[{"name":"wp","href":"https:\/\/api.w.org\/{rel}","templated":true}]}}