{"id":7042,"date":"2019-09-13T12:53:07","date_gmt":"2019-09-13T10:53:07","guid":{"rendered":"https:\/\/noobserver.de\/?page_id=7042"},"modified":"2023-11-24T18:19:34","modified_gmt":"2023-11-24T17:19:34","slug":"blaeserklasse","status":"publish","type":"page","link":"https:\/\/mpg-do.de\/?page_id=7042","title":{"rendered":"Bl\u00e4serklasse"},"content":{"rendered":"\n<figure class=\"wp-block-image size-large\"><img loading=\"lazy\" decoding=\"async\" width=\"907\" height=\"600\" src=\"https:\/\/mpg-do.de\/wp-content\/uploads\/2023\/11\/Blaeserklasse-2023-Max-Planck-Gymnasium-Dortmund-907x600.jpeg\" alt=\"\" class=\"wp-image-12956\" srcset=\"https:\/\/mpg-do.de\/wp-content\/uploads\/2023\/11\/Blaeserklasse-2023-Max-Planck-Gymnasium-Dortmund-907x600.jpeg 907w, https:\/\/mpg-do.de\/wp-content\/uploads\/2023\/11\/Blaeserklasse-2023-Max-Planck-Gymnasium-Dortmund-300x199.jpeg 300w, https:\/\/mpg-do.de\/wp-content\/uploads\/2023\/11\/Blaeserklasse-2023-Max-Planck-Gymnasium-Dortmund-768x508.jpeg 768w, https:\/\/mpg-do.de\/wp-content\/uploads\/2023\/11\/Blaeserklasse-2023-Max-Planck-Gymnasium-Dortmund-64x42.jpeg 64w, https:\/\/mpg-do.de\/wp-content\/uploads\/2023\/11\/Blaeserklasse-2023-Max-Planck-Gymnasium-Dortmund.jpeg 1280w\" sizes=\"auto, (max-width: 907px) 100vw, 907px\" \/><figcaption class=\"wp-element-caption\">Bl\u00e4serklasse 2023<\/figcaption><\/figure>\n\n\n\n<p class=\"wp-block-paragraph\">Das Projekt Bl\u00e4serklasse l\u00e4uft seit dem Jahre 2001 als Alternative zum regul\u00e4ren <a href=\"..\/?page_id=6799\">Musikunterricht<\/a>. Es erm\u00f6glicht das praktische Erlernen der musikalischen Grundkenntnisse an einem Blasinstrument. Dabei lassen insbesondere die Auftritte als Klassenorchester die Sch\u00fcler Erfahrungen im gemeinsamen Spielen sammeln.Der Unterricht ist als Projekt in den normalen Stundenplan eingebunden, so dass keine zus\u00e4tzlichen Unterrichtstermine am Nachmittag oder AGs notwendig sind. Der Instrumentalunterricht wird durch qualifizierte Lehrer der Musikschule Dortmund gegeben. Die Dauer des Projektes ist auf zwei Jahre beschr\u00e4nkt (Jahrgangsstufen 5 und 6). Danach ist die freiwillige Weiterf\u00fchrung des Projektes im Instrumentalensemble m\u00f6glich.<\/p>\n\n\n\n<figure class=\"wp-block-gallery has-nested-images columns-default is-cropped wp-block-gallery-1 is-layout-flex wp-block-gallery-is-layout-flex\">\n<figure class=\"wp-block-image size-large\"><img loading=\"lazy\" decoding=\"async\" width=\"1024\" height=\"698\" data-id=\"1696\" src=\"https:\/\/mpg-do.de\/wp-content\/uploads\/2016\/11\/IMG_0418-1024x698.jpg\" alt=\"Oberstufensch\u00fcler Konzert Bl\u00e4serklasse\" class=\"wp-image-1696\" srcset=\"https:\/\/mpg-do.de\/wp-content\/uploads\/2016\/11\/IMG_0418-1024x698.jpg 1024w, https:\/\/mpg-do.de\/wp-content\/uploads\/2016\/11\/IMG_0418-300x204.jpg 300w, https:\/\/mpg-do.de\/wp-content\/uploads\/2016\/11\/IMG_0418-768x523.jpg 768w, https:\/\/mpg-do.de\/wp-content\/uploads\/2016\/11\/IMG_0418-600x409.jpg 600w, https:\/\/mpg-do.de\/wp-content\/uploads\/2016\/11\/IMG_0418-64x44.jpg 64w, https:\/\/mpg-do.de\/wp-content\/uploads\/2016\/11\/IMG_0418-260x177.jpg 260w\" sizes=\"auto, (max-width: 1024px) 100vw, 1024px\" \/><figcaption class=\"wp-element-caption\">Oberstufensch\u00fcler bei einem Konzert, die in der Sekundarstufe I die Bl\u00e4serklasse besucht haben.<\/figcaption><\/figure>\n\n\n\n<figure class=\"wp-block-image size-large\"><img loading=\"lazy\" decoding=\"async\" width=\"1024\" height=\"486\" data-id=\"3467\" src=\"https:\/\/mpg-do.de\/wp-content\/uploads\/2016\/12\/2016-Weihnachtskonzert-2-Max-Planck-Gymnasium-Dortmund-1024x486.jpg\" alt=\"2016 Weihnachtskonzert 2 Max-Planck-Gymnasium Dortmund\" class=\"wp-image-3467\" srcset=\"https:\/\/mpg-do.de\/wp-content\/uploads\/2016\/12\/2016-Weihnachtskonzert-2-Max-Planck-Gymnasium-Dortmund-1024x486.jpg 1024w, https:\/\/mpg-do.de\/wp-content\/uploads\/2016\/12\/2016-Weihnachtskonzert-2-Max-Planck-Gymnasium-Dortmund-300x143.jpg 300w, https:\/\/mpg-do.de\/wp-content\/uploads\/2016\/12\/2016-Weihnachtskonzert-2-Max-Planck-Gymnasium-Dortmund-768x365.jpg 768w, https:\/\/mpg-do.de\/wp-content\/uploads\/2016\/12\/2016-Weihnachtskonzert-2-Max-Planck-Gymnasium-Dortmund-600x285.jpg 600w, https:\/\/mpg-do.de\/wp-content\/uploads\/2016\/12\/2016-Weihnachtskonzert-2-Max-Planck-Gymnasium-Dortmund-64x30.jpg 64w, https:\/\/mpg-do.de\/wp-content\/uploads\/2016\/12\/2016-Weihnachtskonzert-2-Max-Planck-Gymnasium-Dortmund-260x124.jpg 260w, https:\/\/mpg-do.de\/wp-content\/uploads\/2016\/12\/2016-Weihnachtskonzert-2-Max-Planck-Gymnasium-Dortmund.jpg 1200w\" sizes=\"auto, (max-width: 1024px) 100vw, 1024px\" \/><figcaption class=\"wp-element-caption\">BigBand und Instrumentalpraktischer Kurs<\/figcaption><\/figure>\n<\/figure>\n\n\n\n<p class=\"wp-block-paragraph\"><strong>Ist mein Kind geeignet?<\/strong><\/p>\n\n\n\n<p class=\"wp-block-paragraph\">Grunds\u00e4tzlich ist jedes Kind geeignet, musikalische Vorkenntnisse werden nicht vorrausgesetzt. Wird bereits ein Instrument erlernt, kann ihr Kind trotzdem an dem Projekt teilnehmen, es ensteht keine \u00dcberforderung oder Doppelbelastung.<\/p>\n\n\n\n<p class=\"wp-block-paragraph\"><strong>Welche Gewinne bringt die Bl\u00e4serklasse?<\/strong><\/p>\n\n\n\n<p class=\"wp-block-paragraph\">Prim\u00e4r erm\u00f6glicht die Bl\u00e4serklasse den Sch\u00fclern das Erlernen eines Musikinstrumentes. Das gemeinsame Musizieren f\u00f6dert das Erlernen der sozialen Kompetenzen (Teamf\u00e4higkeit). Das Projekt Bl\u00e4serklasse bietet eine individuelle F\u00f6rderung von musikalischen, logischen und haptischen F\u00e4higkeiten. <a href=\"https:\/\/mpg-do.de\/?tag=blaeserklasse\">Schulinterne und \u00f6ffentliche Auftritte<\/a> f\u00f6rdern das Selbstbewusstsein und die Konzentrationsf\u00e4higkeit.<\/p>\n\n\n\n<figure class=\"wp-block-image size-large\"><img loading=\"lazy\" decoding=\"async\" width=\"1024\" height=\"685\" src=\"https:\/\/mpg-do.de\/wp-content\/uploads\/2016\/01\/4-1024x685.jpg\" alt=\"\" class=\"wp-image-1009\" srcset=\"https:\/\/mpg-do.de\/wp-content\/uploads\/2016\/01\/4-1024x685.jpg 1024w, https:\/\/mpg-do.de\/wp-content\/uploads\/2016\/01\/4-300x201.jpg 300w, https:\/\/mpg-do.de\/wp-content\/uploads\/2016\/01\/4-768x514.jpg 768w, https:\/\/mpg-do.de\/wp-content\/uploads\/2016\/01\/4-600x402.jpg 600w, https:\/\/mpg-do.de\/wp-content\/uploads\/2016\/01\/4-64x43.jpg 64w, https:\/\/mpg-do.de\/wp-content\/uploads\/2016\/01\/4-260x174.jpg 260w, https:\/\/mpg-do.de\/wp-content\/uploads\/2016\/01\/4.jpg 1400w\" sizes=\"auto, (max-width: 1024px) 100vw, 1024px\" \/><\/figure>\n\n\n\n<p class=\"wp-block-paragraph\"><strong>Finanzierung<\/strong><\/p>\n\n\n\n<p class=\"wp-block-paragraph\">Es entstehen keine Anschaffungskosten f\u00fcr die Instrumente, da diese vom MPG gestellt werden. Lediglich ein monatlicher Elternbeitrag (Leihgeb\u00fchr, Honorare f\u00fcr Musikschullehrer u.a.) ist erforderlich.<\/p>\n\n\n\n<p class=\"wp-block-paragraph\">OStR. A. Ludwig<br>Projektleiter<\/p>\n\n\n\n<p class=\"wp-block-paragraph\"><a href=\"..\/?tag=blaeserklasse\">Aktueller Berichte zur Bl\u00e4serklasse<\/a><\/p>\n\n\n\n<figure class=\"wp-block-image size-large\"><img loading=\"lazy\" decoding=\"async\" width=\"834\" height=\"600\" src=\"https:\/\/mpg-do.de\/wp-content\/uploads\/2022\/11\/Blaeserklasse-22-1-Max-Planck-Gymnasium-Dortmund-834x600.jpeg\" alt=\"\" class=\"wp-image-11700\" srcset=\"https:\/\/mpg-do.de\/wp-content\/uploads\/2022\/11\/Blaeserklasse-22-1-Max-Planck-Gymnasium-Dortmund-834x600.jpeg 834w, https:\/\/mpg-do.de\/wp-content\/uploads\/2022\/11\/Blaeserklasse-22-1-Max-Planck-Gymnasium-Dortmund-300x216.jpeg 300w, https:\/\/mpg-do.de\/wp-content\/uploads\/2022\/11\/Blaeserklasse-22-1-Max-Planck-Gymnasium-Dortmund-768x553.jpeg 768w, https:\/\/mpg-do.de\/wp-content\/uploads\/2022\/11\/Blaeserklasse-22-1-Max-Planck-Gymnasium-Dortmund-64x46.jpeg 64w, https:\/\/mpg-do.de\/wp-content\/uploads\/2022\/11\/Blaeserklasse-22-1-Max-Planck-Gymnasium-Dortmund.jpeg 1280w\" sizes=\"auto, (max-width: 834px) 100vw, 834px\" \/><\/figure>\n","protected":false},"excerpt":{"rendered":"<p>Das Projekt Bl\u00e4serklasse l\u00e4uft seit dem Jahre 2001 als Alternative zum regul\u00e4ren Musikunterricht. Es erm\u00f6glicht das praktische Erlernen der musikalischen Grundkenntnisse an einem Blasinstrument. Dabei lassen insbesondere die Auftritte als Klassenorchester die Sch\u00fcler Erfahrungen im gemeinsamen Spielen sammeln.Der Unterricht ist als Projekt in den normalen Stundenplan eingebunden, so dass keine zus\u00e4tzlichen Unterrichtstermine am Nachmittag oder &hellip; <\/p>\n<p class=\"link-more\"><a href=\"https:\/\/mpg-do.de\/?page_id=7042\" class=\"more-link\"><span class=\"screen-reader-text\">\u201eBl\u00e4serklasse\u201c <\/span>weiterlesen<\/a><\/p>\n","protected":false},"author":11,"featured_media":0,"parent":0,"menu_order":0,"comment_status":"closed","ping_status":"closed","template":"","meta":{"_crdt_document":"","footnotes":""},"class_list":["post-7042","page","type-page","status-publish","hentry","entry"],"_links":{"self":[{"href":"https:\/\/mpg-do.de\/index.php?rest_route=\/wp\/v2\/pages\/7042","targetHints":{"allow":["GET"]}}],"collection":[{"href":"https:\/\/mpg-do.de\/index.php?rest_route=\/wp\/v2\/pages"}],"about":[{"href":"https:\/\/mpg-do.de\/index.php?rest_route=\/wp\/v2\/types\/page"}],"author":[{"embeddable":true,"href":"https:\/\/mpg-do.de\/index.php?rest_route=\/wp\/v2\/users\/11"}],"replies":[{"embeddable":true,"href":"https:\/\/mpg-do.de\/index.php?rest_route=%2Fwp%2Fv2%2Fcomments&post=7042"}],"version-history":[{"count":11,"href":"https:\/\/mpg-do.de\/index.php?rest_route=\/wp\/v2\/pages\/7042\/revisions"}],"predecessor-version":[{"id":12966,"href":"https:\/\/mpg-do.de\/index.php?rest_route=\/wp\/v2\/pages\/7042\/revisions\/12966"}],"wp:attachment":[{"href":"https:\/\/mpg-do.de\/index.php?rest_route=%2Fwp%2Fv2%2Fmedia&parent=7042"}],"curies":[{"name":"wp","href":"https:\/\/api.w.org\/{rel}","templated":true}]}}