{"id":712,"date":"2015-05-26T21:53:25","date_gmt":"2015-05-26T19:53:25","guid":{"rendered":"http:\/\/news.mpg-dortmund.de\/?page_id=712"},"modified":"2023-10-22T17:54:35","modified_gmt":"2023-10-22T15:54:35","slug":"mittelstufe","status":"publish","type":"page","link":"https:\/\/mpg-do.de\/?page_id=712","title":{"rendered":"Mittelstufe"},"content":{"rendered":"<div class=\"wp-block-image is-style-circle-mask\">\n<figure class=\"alignright size-large is-resized\"><img loading=\"lazy\" decoding=\"async\" width=\"459\" height=\"350\" src=\"https:\/\/mpg-do.de\/wp-content\/uploads\/2016\/11\/2016-Eggenstein-460x350-Max-Planck-Gymnasium-Dortmund.jpg\" alt=\"\" class=\"wp-image-2770\" style=\"width:360px;height:275px\" srcset=\"https:\/\/mpg-do.de\/wp-content\/uploads\/2016\/11\/2016-Eggenstein-460x350-Max-Planck-Gymnasium-Dortmund.jpg 459w, https:\/\/mpg-do.de\/wp-content\/uploads\/2016\/11\/2016-Eggenstein-460x350-Max-Planck-Gymnasium-Dortmund-300x229.jpg 300w, https:\/\/mpg-do.de\/wp-content\/uploads\/2016\/11\/2016-Eggenstein-460x350-Max-Planck-Gymnasium-Dortmund-64x49.jpg 64w, https:\/\/mpg-do.de\/wp-content\/uploads\/2016\/11\/2016-Eggenstein-460x350-Max-Planck-Gymnasium-Dortmund-260x198.jpg 260w\" sizes=\"auto, (max-width: 459px) 100vw, 459px\" \/><figcaption class=\"wp-element-caption\">Sigrun Eggenstein, Mittelstufenkoordinatorin<\/figcaption><\/figure>\n<\/div>\n\n\n<p class=\"wp-block-paragraph\">Sch\u00fclerinnen und Sch\u00fcler der Mittelstufe befinden sich in der schwierigsten Umbruchphase ihres Lebens, der Zeit zwischen Kind- und Erwachsensein, in der sie pubert\u00e4re Ver\u00e4nderungen verarbeiten und den beschwerlichen Weg der Identit\u00e4tsfindung gehen m\u00fcssen. Gleichzeitig umfasst die Mittelstufe in der Schullaufbahn den Zeitraum, in dem wichtige Weichenstellungen f\u00fcr die k\u00fcnftige Lebensperspektive der Jugendlichen erfolgen. Sowohl die pers\u00f6nlichen und sozialen Kompetenzen als auch fachliche und methodische Grundlagen, die hier erworben werden, zielen auf eine erfolgreiche Mitarbeit in der Oberstufe und beeinflussen letztlich die weitere Lebensgestaltung. Wie kann Schule Sch\u00fclerinnen und Sch\u00fcler auf diesem Weg begleiten und st\u00fctzen, wie ihnen gerecht werden, ihre Interessen einbeziehen bzw. wecken, wie selbstst\u00e4ndiges und soziales Lernen f\u00f6rdern und auf eine schwierige Zukunft vorbereiten?<\/p>\n\n\n\n<p class=\"wp-block-paragraph\"><strong>Angebote<\/strong><\/p>\n\n\n\n<p class=\"wp-block-paragraph\">Antworten auf diese Fragen bieten am MPG im Bereich der Mittelstufe folgende Ans\u00e4tze:<\/p>\n\n\n\n<ul class=\"wp-block-list\">\n<li>die breit gef\u00e4cherte Ausgestaltung des Wahlpflichtbereichs in den Klassen 8 und 9 (s.u.)<\/li>\n\n\n\n<li>die Klassenfahrten<\/li>\n\n\n\n<li>das Betriebspraktikum und Potenzialanlyse<\/li>\n\n\n\n<li>das soziale Engagement als Paten und Patinnen f\u00fcr die Erprobungsstufensch\u00fcler sowie als Streitschlichter und  Streitschlichterinnen<\/li>\n\n\n\n<li>die Arbeitsgemeinschaften von der Schach-AG bis zu Sportgemeinschaften<\/li>\n\n\n\n<li>die Teilnahme am Fach \u201ePraktische Philosophie\u201e<\/li>\n\n\n\n<li>das erprobte Beratungskonzept<\/li>\n<\/ul>\n\n\n\n<p class=\"wp-block-paragraph\"><strong>Wahlpflichtbereich II (WP II) in den Klassen 9 und 10<\/strong><\/p>\n\n\n\n<p class=\"wp-block-paragraph\">Aufgabe des Wahlpflichtbereichs II ist es, den Sch\u00fclerinnen und Sch\u00fclern im Rahmen der M\u00f6glichkeiten der Schule eine Schwerpunktsetzung zu erm\u00f6glichen, die ihren Neigungen und Interessen entspricht. Die geschieht durch das Angebot<\/p>\n\n\n\n<ul class=\"wp-block-list\">\n<li>einer dritten Fremdsprache: <a href=\"..\/?page_id=6816\">Latein<\/a> und <a href=\"https:\/\/mpg-do.de\/?page_id=6753\">Portugiesisch<\/a><\/li>\n\n\n\n<li>im gesellschaftlichen Schwerpunkt mit der Kombination Englisch und Wirtschaft (<a href=\"..\/?page_id=1228\">Wirtschaftsenglisch<\/a>) sowie <a href=\"https:\/\/mpg-do.de\/?page_id=6838\">Politik<\/a>\/Wirtschaft<\/li>\n\n\n\n<li>im mathematisch-naturwissenschaftlich-technischen Schwerpunkt mit dem Fach <a href=\"https:\/\/mpg-do.de\/?page_id=6834\">Informatik<\/a> sowie der Kombination <a href=\"https:\/\/mpg-do.de\/?page_id=7038\">Biologie\/Naturwissenschaften<\/a><\/li>\n\n\n\n<li>im musischen Bereich mit <a href=\"..\/?page_id=6799\">Musik<\/a>-Praxis<\/li>\n<\/ul>\n\n\n\n<p class=\"wp-block-paragraph\">Die Fremdsprachen werden 4-st\u00fcndig, die anderen F\u00e4cher 3-st\u00fcndig unterrichtet. Es werden pro Jahr vier Arbeiten geschrieben. Die Zeugnisnoten sind versetzungsrelevant in der Gewichtung der F\u00e4chergruppe II.<\/p>\n\n\n\n<p class=\"wp-block-paragraph\">Bei Fragen wenden Sie sich bitte an unsere Mittelstufenkoordinatorin Frau Eggenstein.<\/p>\n","protected":false},"excerpt":{"rendered":"<p>Sch\u00fclerinnen und Sch\u00fcler der Mittelstufe befinden sich in der schwierigsten Umbruchphase ihres Lebens, der Zeit zwischen Kind- und Erwachsensein, in der sie pubert\u00e4re Ver\u00e4nderungen verarbeiten und den beschwerlichen Weg der Identit\u00e4tsfindung gehen m\u00fcssen. Gleichzeitig umfasst die Mittelstufe in der Schullaufbahn den Zeitraum, in dem wichtige Weichenstellungen f\u00fcr die k\u00fcnftige Lebensperspektive der Jugendlichen erfolgen. Sowohl die &hellip; <\/p>\n<p class=\"link-more\"><a href=\"https:\/\/mpg-do.de\/?page_id=712\" class=\"more-link\"><span class=\"screen-reader-text\">\u201eMittelstufe\u201c <\/span>weiterlesen<\/a><\/p>\n","protected":false},"author":13,"featured_media":0,"parent":0,"menu_order":0,"comment_status":"closed","ping_status":"closed","template":"","meta":{"_crdt_document":"","footnotes":""},"class_list":["post-712","page","type-page","status-publish","hentry","entry"],"_links":{"self":[{"href":"https:\/\/mpg-do.de\/index.php?rest_route=\/wp\/v2\/pages\/712","targetHints":{"allow":["GET"]}}],"collection":[{"href":"https:\/\/mpg-do.de\/index.php?rest_route=\/wp\/v2\/pages"}],"about":[{"href":"https:\/\/mpg-do.de\/index.php?rest_route=\/wp\/v2\/types\/page"}],"author":[{"embeddable":true,"href":"https:\/\/mpg-do.de\/index.php?rest_route=\/wp\/v2\/users\/13"}],"replies":[{"embeddable":true,"href":"https:\/\/mpg-do.de\/index.php?rest_route=%2Fwp%2Fv2%2Fcomments&post=712"}],"version-history":[{"count":39,"href":"https:\/\/mpg-do.de\/index.php?rest_route=\/wp\/v2\/pages\/712\/revisions"}],"predecessor-version":[{"id":12783,"href":"https:\/\/mpg-do.de\/index.php?rest_route=\/wp\/v2\/pages\/712\/revisions\/12783"}],"wp:attachment":[{"href":"https:\/\/mpg-do.de\/index.php?rest_route=%2Fwp%2Fv2%2Fmedia&parent=712"}],"curies":[{"name":"wp","href":"https:\/\/api.w.org\/{rel}","templated":true}]}}