{"id":714,"date":"2015-05-26T21:53:44","date_gmt":"2015-05-26T19:53:44","guid":{"rendered":"http:\/\/news.mpg-dortmund.de\/?page_id=714"},"modified":"2026-03-26T12:50:56","modified_gmt":"2026-03-26T11:50:56","slug":"oberstufe","status":"publish","type":"page","link":"https:\/\/mpg-do.de\/?page_id=714","title":{"rendered":"Oberstufe"},"content":{"rendered":"<div class=\"wp-block-group alignwide\">\r\n<div class=\"wp-block-group__inner-container\">\r\n<div class=\"wp-block-caxton-grid relative\">\r\n<div class=\"relative caxton-columns caxton-grid-block\" style=\"grid-template-columns: repeat(12, 1fr); padding: 0;\" data-tablet-css=\"padding-left:em;padding-right:em;\" data-mobile-css=\"padding-left:em;padding-right:em;\">\r\n<div class=\"wp-block-caxton-section relative\" style=\"grid-area: span 1\/span 12;\">\r\n<div class=\"relative caxton-section-block\" style=\"padding: 5px;\" data-mobile-css=\"padding-left:1em;padding-right:1em;\" data-tablet-css=\"padding-left:1em;padding-right:1em;\">\r\n<p>Die dreij\u00e4hrige Oberstufenzeit bereitet auf das Abitur, den h\u00f6chstm\u00f6glichen Abschluss im deutschen Schulsystem, vor. Im Rahmen des bilingualen Zweiges kann auch das franz\u00f6sische Abitur (Abibac) abgelegt werden. Auch den schulischen Teil der Fachhochschulreife kann man im Laufe dieser Zeit (fr\u00fchestens am Ende der Qualifikationsphase 1, Q1) erwerben. Frau Dortschy leitet als Oberstufenkoordinatorin seit 2013 den Bereich der Oberstufe. Jede Jahrgangsstufe wird von einem erfahrenem Team aus zwei Beratungslehrer_innen begleitet, welche die Sch\u00fcler_innen in Schul- und Laufbahnfragen beraten und unterst\u00fctzen. Die Betreuung der Sch\u00fcler_innen wird im ersten Jahr der Oberstufe (Einf\u00fchrungsphase, EF) durch unser Tutorenmodell intensiviert.<\/p>\r\n<p>Das Oberstufenteam besteht aus unserer Oberstufenkoordinatorin Claudia Dortschy, <strong>zur Zeit vertreten durch Katja P\u00f6rner<\/strong>, den Beratungslehrer_innen<\/p>\r\n\r\n\r\n\r\n<ul class=\"wp-block-list\">\r\n<li>der Q2: &#8211;<\/li>\r\n<li>der Q1: Axel M\u00f6ller und Kathrin Sangermann<\/li>\r\n<li>der EF: Malte Miehlisch und Katja P\u00f6rner<\/li>\r\n<li>und Tim Baumg\u00e4rtner (Verwaltung des Computersystems, Zeugnisdruck etc.).<\/li>\r\n<\/ul>\r\n\r\n\r\n\r\n<p class=\"wp-block-paragraph\"><strong>Wichtige Downloads &#8211; f\u00fcr alle Stufen:<\/strong><\/p>\r\n\r\n\r\n\r\n<p class=\"wp-block-paragraph\"><a href=\"https:\/\/mpg-do.de\/?page_id=1474\">Klausurpl\u00e4ne<\/a><br \/><a href=\"..\/wp-content\/uploads\/2024\/10\/KlausurzeitenEF-Q1-Q2_Stand-01.10.24.pdf\" target=\"_blank\" rel=\"noopener\">Klausurzeiten Oberstufe<\/a><br \/><a href=\"..\/?page_id=809\">Entschuldigungsverfahren in der Oberstufe<\/a><br \/><a href=\"..\/?page_id=13880\">Buchausleihe Sek II<\/a><\/p>\r\n<\/div>\r\n<\/div>\r\n<!-- \/wp:post-content --><\/div>\r\n<\/div>\r\n<!-- \/wp:caxton\/grid --><\/div>\r\n<\/div>\r\n<!-- \/wp:group -->\r\n\r\n<!-- wp:caxton\/grid {\"tpl\":\"[[\\u0022caxton\/section\\u0022,{\\u0022Grid area\\u0022:\\u0022span 1\/span 3\\u0022}],[\\u0022caxton\/section\\u0022,{\\u0022Grid area\\u0022:\\u0022span 1\/span 3\\u0022}],[\\u0022caxton\/section\\u0022,{\\u0022Grid area\\u0022:\\u0022span 1\/span 3\\u0022}],[\\u0022caxton\/section\\u0022,{\\u0022Grid area\\u0022:\\u0022span 1\/span 3\\u0022}]]\",\"Background image\":\"\",\"Background image position\":\"\",\"Background parallax\":\"\",\"Background color\":\"\",\"Gradient color\":\"\",\"Gradient type\":\"linear-gradient( \",\"Background colors opacity\":\"1\",\"Layout\":\"\",\"Column gap\":\"\",\"Inner Padding top\":0,\"Inner Padding left\":0,\"Inner Padding bottom\":\"\",\"Inner Padding right\":\"\",\"Inner Padding left\/right tablet\":\"\",\"Inner Padding left\/right mobile\":\"\",\"Inner Padding unit\":\"px\",\"Mobile layout\":\"span 1\/span 12|span 1\/span 12|span 1\/span 12|span 1\/span 12\",\"Tablet layout\":\"\"} -->\r\n<div class=\"wp-block-caxton-grid relative\">\r\n<div class=\"absolute absolute--fill\">\r\n<div class=\"cover bg-center absolute absolute--fill\" style=\";background-image: linear-gradient( );\">\u00a0<\/div>\r\n<div class=\"absolute absolute--fill\" style=\";background-image: linear-gradient( ); opacity: 1;\">\u00a0<\/div>\r\n<\/div>\r\n<div class=\"relative caxton-columns caxton-grid-block\" style=\"grid-template-columns: repeat(12, 1fr); padding: 0;\" data-tablet-css=\"padding-left:em;padding-right:em;\" data-mobile-css=\"padding-left:em;padding-right:em;\"><!-- wp:caxton\/section {\"Inner Padding top\":1,\"Inner Padding bottom\":1,\"Inner Padding left\":1,\"Inner Padding right\":1,\"Inner Padding left\/right tablet\":1,\"Inner Padding left\/right mobile\":1,\"Inner Padding unit\":\"px\",\"Background image\":\"\",\"Background image position\":\"\",\"Background parallax\":\"\",\"Background color\":\"\",\"Gradient color\":\"\",\"Gradient type\":\"linear-gradient( \",\"Background colors opacity\":\"1\",\"Grid area\":\"span 1\/span 3\",\"Tablet grid area\":\"\",\"Mobile grid area\":\"span 1\/span 12\"} -->\r\n<div class=\"wp-block-caxton-section relative\" style=\"grid-area: span 1\/span 3;\" data-mobile-css=\"grid-area:span 1\/span 12;\" data-desktop-css=\"grid-area:span 1\/span 3;\">\r\n<div class=\"absolute absolute--fill\">\r\n<div class=\"cover bg-center absolute absolute--fill\" style=\";background-image: linear-gradient( );\">\u00a0<\/div>\r\n<div class=\"absolute absolute--fill\" style=\";background-image: linear-gradient( ); opacity: 1;\">\u00a0<\/div>\r\n<\/div>\r\n<div class=\"relative caxton-section-block\" style=\"padding: 5px;\" data-mobile-css=\"padding-left:1em;padding-right:1em;\" data-tablet-css=\"padding-left:1em;padding-right:1em;\"><!-- wp:paragraph {\"customFontSize\":16} -->\r\n<p style=\"font-size: 16px;\"><strong>zuk\u00fcnftige EF im SJ 26\/27 (Klasse 10 im SJ 25\/26):<\/strong><br \/><a href=\"..\/wp-content\/uploads\/2026\/03\/Infoveranstaltung-Stufe-10_fuer-SJ-2026-27_16.03.26.pdf\" target=\"_blank\" rel=\"noopener\">Inforveranstaltung k\u00fcnftige EF<\/a><br \/><a href=\"..\/wp-content\/uploads\/2026\/03\/Wahlbogen-Stufe-10-MPG-25-26-mit-Formblatt.pdf\" target=\"_blank\" rel=\"noopener\">Wahlbogen Stufe 10<\/a><br \/><a href=\"..\/wp-content\/uploads\/2023\/10\/Beratungskonzept-und-Unterschriften_16.10.23.pdf\">Beratungskonzept f\u00fcr die Oberstufe<\/a><br \/>Hier findet ihr die <a href=\"https:\/\/drive.google.com\/file\/d\/1sCDH2h878nSq9wOAM7Heq7wLGDs2IYPm\/view?usp=sharing\" target=\"_blank\" rel=\"noopener\">Dummy-Datei<\/a> und das dazugeh\u00f6rige <a href=\"https:\/\/drive.google.com\/file\/d\/15TcWaSEpK8qUe8XgzNZVkb5RGxNwJ6wZ\/view?usp=sharing\" target=\"_blank\" rel=\"noopener\">Programm LuPO<\/a> Beides sollte heruntergeladen und die Dummy-Datei mit der LuPO_NRW_SV.exe ge\u00f6ffnet werden \u2013 dies ist leider nur unter Windows m\u00f6glich.<\/p>\r\n<p><a href=\"..\/?page_id=691\">Anmeldung zur Oberstufe<\/a><\/p>\r\n<!-- \/wp:paragraph -->\r\n\r\n<!-- wp:paragraph {\"customFontSize\":16} -->\r\n<p style=\"font-size: 16px;\"><strong>F\u00fcr Seiteneinsteiger:<\/strong><\/p>\r\n<p style=\"font-size: 16px;\"><a href=\"..\/wp-content\/uploads\/2025\/12\/Seiteneinsteigerinormation-Teil-1_2025.pptx-1.pdf\" target=\"_blank\" rel=\"noopener\">Seiteneinsteigerinformationen Teil 1<\/a><br \/><a href=\"..\/wp-content\/uploads\/2025\/12\/Seiteneinsteigerinformation-Teil-2_2025.pptx-1.pdf\" target=\"_blank\" rel=\"noopener\">Seiteneinsteigerinformationen Teil 2<\/a><\/p>\r\n<p>&nbsp;<\/p>\r\n<!-- \/wp:paragraph --><\/div>\r\n<\/div>\r\n<!-- \/wp:caxton\/section -->\r\n\r\n<!-- wp:caxton\/section {\"Inner Padding top\":1,\"Inner Padding bottom\":1,\"Inner Padding left\":1,\"Inner Padding right\":1,\"Inner Padding left\/right tablet\":1,\"Inner Padding left\/right mobile\":1,\"Inner Padding unit\":\"px\",\"Background image\":\"\",\"Background image position\":\"\",\"Background parallax\":\"\",\"Background color\":\"\",\"Gradient color\":\"\",\"Gradient type\":\"linear-gradient( \",\"Background colors opacity\":\"1\",\"Grid area\":\"span 1\/span 3\",\"Tablet grid area\":\"\",\"Mobile grid area\":\"span 1\/span 12\"} -->\r\n<div class=\"wp-block-caxton-section relative\" style=\"grid-area: span 1\/span 3;\" data-mobile-css=\"grid-area:span 1\/span 12;\" data-desktop-css=\"grid-area:span 1\/span 3;\">\r\n<div class=\"absolute absolute--fill\">\r\n<div class=\"cover bg-center absolute absolute--fill\" style=\";background-image: linear-gradient( );\">\u00a0<\/div>\r\n<div class=\"absolute absolute--fill\" style=\";background-image: linear-gradient( ); opacity: 1;\">\u00a0<\/div>\r\n<\/div>\r\n<div class=\"relative caxton-section-block\" style=\"padding: 5px;\" data-mobile-css=\"padding-left:1em;padding-right:1em;\" data-tablet-css=\"padding-left:1em;padding-right:1em;\"><!-- wp:paragraph {\"customFontSize\":16} -->\r\n<p style=\"font-size: 16px;\"><strong>EF:\u00a0<\/strong><br \/><a href=\"..\/wp-content\/uploads\/2017\/12\/Anmeldeformular-Bibliotheksausweis.pdf\" target=\"_blank\" rel=\"noopener\">Bibliotheksausweis (Anmeldeformular)<\/a><br \/><a href=\"..\/wp-content\/uploads\/2026\/03\/Infoveranstaltung-kuenftige-Q1.pdf\" target=\"_blank\" rel=\"noopener\">Infoveranstaltung k\u00fcnftige Q1<\/a><br \/><a href=\"..\/wp-content\/uploads\/2026\/03\/Faecherwahl-fuer-die-Stufe-Q1_25-26.pdf\" target=\"_blank\" rel=\"noopener\">Wahlbogen k\u00fcnftige Q1<\/a><br \/><\/p>\r\n<p><a href=\"..\/wp-content\/uploads\/2020\/03\/Instrumentalpraktischer-Kurs-Info-2020.pdf\" target=\"_blank\" rel=\"noopener noreferrer\">Instrumentalpraktischer Kurs<\/a><br \/><a href=\"..\/wp-content\/uploads\/2020\/03\/MPG-Vokalpraktischer-Kurs-Info-Abend-Jg.-EF.pdf\" target=\"_blank\" rel=\"noopener noreferrer\">Vokalpraktischer Kurs<\/a><br \/><a href=\"https:\/\/docs.google.com\/presentation\/d\/1p4dvhZyT4NLbN9KZ_xjaE4_qRID4Cn_1CZvv21q2Kqg\/edit?usp=sharing\" target=\"_blank\" rel=\"noopener noreferrer\">Literaturkurs<\/a><\/p>\r\n<\/div>\r\n<\/div>\r\n<div class=\"wp-block-caxton-section relative\" style=\"grid-area: span 1\/span 3;\" data-mobile-css=\"grid-area:span 1\/span 12;\" data-desktop-css=\"grid-area:span 1\/span 3;\">\r\n<div class=\"absolute absolute--fill\">\r\n<div>\u00a0<\/div>\r\n<div>\u00a0<\/div>\r\n<div class=\"absolute absolute--fill\" style=\";background-image: linear-gradient( ); opacity: 1;\">\u00a0<\/div>\r\n<\/div>\r\n<div class=\"relative caxton-section-block\" style=\"padding: 5px;\" data-mobile-css=\"padding-left:1em;padding-right:1em;\" data-tablet-css=\"padding-left:1em;padding-right:1em;\"><!-- wp:paragraph {\"customFontSize\":16} -->\r\n<p style=\"font-size: 16px;\"><strong>Q1:<\/strong> <br \/><a href=\"..\/wp-content\/uploads\/2023\/10\/FA_Grundsaetze_2017.pdf\" target=\"_blank\" rel=\"noopener\">Grunds\u00e4tze f\u00fcr die Facharbeit<\/a><br \/><a href=\"..\/wp-content\/uploads\/2022\/10\/FA_Bewertungsraster_28.09.22.pdf\" target=\"_blank\" rel=\"noopener noreferrer\">Facharbeit: Bewertungsraster<\/a><br \/><a href=\"..\/wp-content\/uploads\/2022\/10\/FA_Bewertungsraster_Moderne-FS_28.09.22.pdf\" target=\"_blank\" rel=\"noopener noreferrer\">Facharbeit: Bewertungsraster Moderne FS<\/a><br \/><a href=\"http:\/\/bibliothek-schule.dortmund.de\/\" target=\"_blank\" rel=\"noopener noreferrer\">Stadt- und Landesbibliothek<\/a><br \/><a href=\"..\/wp-content\/uploads\/2020\/10\/Material_Wissenschaftliche-Arbeitstechniken.pdf\" target=\"_blank\" rel=\"noopener noreferrer\">Material Wissenschaftliche Arbeitstechniken<\/a><br \/><a href=\"..\/wp-content\/uploads\/2020\/10\/Praesentation_Wissenschaftliche-Arbeitstechniken_20-21.pptx\" target=\"_blank\" rel=\"noopener noreferrer\">Pr\u00e4sentation Wissenschaftliche Arbeitstechniken<\/a><\/p>\r\n<!-- \/wp:paragraph --><\/div>\r\n<\/div>\r\n<!-- \/wp:caxton\/section -->\r\n\r\n<!-- wp:caxton\/section {\"Inner Padding top\":1,\"Inner Padding bottom\":1,\"Inner Padding left\":1,\"Inner Padding right\":1,\"Inner Padding left\/right tablet\":1,\"Inner Padding left\/right mobile\":1,\"Inner Padding unit\":\"px\",\"Background image\":\"\",\"Background image position\":\"\",\"Background parallax\":\"\",\"Background color\":\"\",\"Gradient color\":\"\",\"Gradient type\":\"linear-gradient( \",\"Background colors opacity\":\"1\",\"Grid area\":\"span 1\/span 3\",\"Tablet grid area\":\"\",\"Mobile grid area\":\"span 1\/span 12\"} -->\r\n<div class=\"wp-block-caxton-section relative\" style=\"grid-area: span 1\/span 3;\" data-mobile-css=\"grid-area:span 1\/span 12;\" data-desktop-css=\"grid-area:span 1\/span 3;\">\r\n<div class=\"absolute absolute--fill\">\r\n<div class=\"cover bg-center absolute absolute--fill\" style=\";background-image: linear-gradient( );\">\u00a0<\/div>\r\n<div class=\"absolute absolute--fill\" style=\";background-image: linear-gradient( ); opacity: 1;\">\u00a0<\/div>\r\n<\/div>\r\n<div class=\"relative caxton-section-block\" style=\"padding: 5px;\" data-mobile-css=\"padding-left:1em;padding-right:1em;\" data-tablet-css=\"padding-left:1em;padding-right:1em;\"><!-- wp:paragraph {\"customFontSize\":16} -->\r\n<p style=\"font-size: 16px;\"><strong>Q2:<\/strong><br \/><a href=\"..\/wp-content\/uploads\/2025\/06\/Bekanntgabe-der-Ergebnisse_2025.pdf\" target=\"_blank\" rel=\"noopener noreferrer\">Bekanntgabe der Abiturergebnisse 2025<\/a> <br \/><a href=\"..\/wp-content\/uploads\/2025\/04\/Letzter-Schultag-Q2-Abiturverfahren-2025.pdf\" target=\"_blank\" rel=\"noopener noreferrer\">Abiturverfahren &#8211; 2025<\/a><br \/><a href=\"..\/wp-content\/uploads\/2024\/10\/Zulassungsinfo.pdf\" target=\"_blank\" rel=\"noopener noreferrer\">Zulassungsinformationen<\/a><br \/><a href=\"https:\/\/www.standardsicherung.schulministerium.nrw.de\/cms\/upload\/abitur-gost\/verfuegungen\/2025\/Abiturverfuegung_2025_Teil_A.pdf\" target=\"_blank\" rel=\"noopener\">Abiturverf\u00fcgung 2025 Teil A<\/a><\/p>\r\n<p>&nbsp;<\/p>\r\n<!-- \/wp:paragraph --><\/div>\r\n<\/div>\r\n<!-- \/wp:caxton\/section --><\/div>\r\n<\/div>\r\n<!-- \/wp:caxton\/grid -->\r\n\r\n<!-- wp:paragraph --><!-- \/wp:paragraph -->","protected":false},"excerpt":{"rendered":"<p>der Q2: &#8211; der Q1: Axel M\u00f6ller und Kathrin Sangermann der EF: Malte Miehlisch und Katja P\u00f6rner und Tim Baumg\u00e4rtner (Verwaltung des Computersystems, Zeugnisdruck etc.). Wichtige Downloads &#8211; f\u00fcr alle Stufen: Klausurpl\u00e4neKlausurzeiten OberstufeEntschuldigungsverfahren in der OberstufeBuchausleihe Sek II \u00a0 \u00a0 \u00a0 \u00a0 zuk\u00fcnftige EF im SJ 26\/27 (Klasse 10 im SJ 25\/26):Inforveranstaltung k\u00fcnftige EFWahlbogen Stufe &hellip; <\/p>\n<p class=\"link-more\"><a href=\"https:\/\/mpg-do.de\/?page_id=714\" class=\"more-link\"><span class=\"screen-reader-text\">\u201eOberstufe\u201c <\/span>weiterlesen<\/a><\/p>\n","protected":false},"author":13,"featured_media":0,"parent":0,"menu_order":0,"comment_status":"closed","ping_status":"closed","template":"","meta":{"_crdt_document":"","footnotes":""},"class_list":["post-714","page","type-page","status-publish","hentry","entry"],"_links":{"self":[{"href":"https:\/\/mpg-do.de\/index.php?rest_route=\/wp\/v2\/pages\/714","targetHints":{"allow":["GET"]}}],"collection":[{"href":"https:\/\/mpg-do.de\/index.php?rest_route=\/wp\/v2\/pages"}],"about":[{"href":"https:\/\/mpg-do.de\/index.php?rest_route=\/wp\/v2\/types\/page"}],"author":[{"embeddable":true,"href":"https:\/\/mpg-do.de\/index.php?rest_route=\/wp\/v2\/users\/13"}],"replies":[{"embeddable":true,"href":"https:\/\/mpg-do.de\/index.php?rest_route=%2Fwp%2Fv2%2Fcomments&post=714"}],"version-history":[{"count":242,"href":"https:\/\/mpg-do.de\/index.php?rest_route=\/wp\/v2\/pages\/714\/revisions"}],"predecessor-version":[{"id":14880,"href":"https:\/\/mpg-do.de\/index.php?rest_route=\/wp\/v2\/pages\/714\/revisions\/14880"}],"wp:attachment":[{"href":"https:\/\/mpg-do.de\/index.php?rest_route=%2Fwp%2Fv2%2Fmedia&parent=714"}],"curies":[{"name":"wp","href":"https:\/\/api.w.org\/{rel}","templated":true}]}}