{"id":790,"date":"2015-05-30T13:21:05","date_gmt":"2015-05-30T11:21:05","guid":{"rendered":"http:\/\/news.mpg-dortmund.de\/?page_id=790"},"modified":"2025-10-08T11:07:42","modified_gmt":"2025-10-08T09:07:42","slug":"beratung","status":"publish","type":"page","link":"https:\/\/mpg-do.de\/?page_id=790","title":{"rendered":"Beratung"},"content":{"rendered":"<p>Beratung am Max-Planck-Gymnasium bedeutet Unterst\u00fctzung f\u00fcr Sch\u00fcler_innen, Eltern und Lehrer_innen. Beratung ist grunds\u00e4tzlich Aufgabe aller Lehrer_innen, insbesondere von Klassenlehrer_innen und Jahrgansstufenleiter_innen. Folgende Beratungsaufgaben werden wahrgenommen:<\/p>\n<p><strong>Beratung im Bereich Erziehung und Unterricht<\/strong><\/p>\n<ul>\n<li>Lernziele, Lerninhalte, Lernverfahren<\/li>\n<li>Lernfortschritte, Lernschw\u00e4chen<\/li>\n<li>Arbeitshaltung, Eigenverantwortlichkeit<\/li>\n<li>F\u00f6rderliches Lernumfeld<\/li>\n<li>LRS-F\u00f6rderung (Frau Sch\u00f6nherr)<\/li>\n<li>Wettbewerbe (Herr Dr. Fercho)<\/li>\n<\/ul>\n<p><strong>Schullaufbahnberatung<\/strong><\/p>\n<ul>\n<li><a href=\"..\/?page_id=710\">\u00dcbergang von der Grundschule auf das Gymnasium<\/a> (Herr Kl\u00f6hn)<\/li>\n<li>Wahl von Schwerpunktklassen (Herr Kl\u00f6hn)<\/li>\n<li><a href=\"..\/?page_id=712\">Differenzierung und Wahlpflichtbereiche<\/a> (Frau Eggenstein)<\/li>\n<li>Prognosen und Schulabschl\u00fcsse<\/li>\n<li><a href=\"..\/?page_id=714\">Gymnasiale Oberstufe<\/a> (Frau Dortschy)<\/li>\n<li><a href=\"..\/?page_id=685\">Begabtenf\u00f6rderung<\/a><\/li>\n<li><a href=\"..\/?page_id=1200\">Berufsberatung<\/a> (Frau Eggenstein, Frau Kr\u00fcger)<\/li>\n<li><a href=\"..\/?page_id=2816\">Auslandsb\u00fcro<\/a> (Herr und Frau Knauf)<\/li>\n<\/ul>\n<p><strong>Beratung bei individuellen Problemen und Konflikten, Mobbinghilfe<\/strong><\/p>\n<ul>\n<li>Allgemeine Probleme im schulischen Kontext und Konflikte, Mobbing und Erziehungsfragen (Herr Buddemeyer-Stewing, Frau Knauf, Frau Kuhlmann, Frau Sch\u00f6nherr)<\/li>\n<li>Suchtprobleme (Herr M\u00f6ller, Frau Waldmann)<\/li>\n<li>Gleichstellungsfragen (Frau Eggenstein, Frau Kilian, Frau Kr\u00fcger)<\/li>\n<\/ul>\n<p><strong>Kollegiale Beratung f\u00fcr Lehrer_innen<\/strong><\/p>\n<ul>\n<li>Gleichstellungsfragen (Frau Eggenstein, Frau Kilian, Frau Kr\u00fcger)<\/li>\n<li>Lehrerrat (Herr Kl\u00fch, Frau Masuch, Herr Miehlisch, Herr Prigge, Frau Weckenbrock)<\/li>\n<\/ul>\n<p><strong>Ma\u00dfnahmen zur St\u00e4rkung der personalen sozialen Kompetenz<\/strong><\/p>\n<ul>\n<li><a href=\"..\/?page_id=6818\">Patenprojekt<\/a> in der Eprobungsstufe<\/li>\n<li><a href=\"..\/?page_id=1187\">Projekte zur F\u00f6rderung der Sozialkompetenz<\/a><\/li>\n<li>Streitschlichterprojekt<\/li>\n<\/ul>\n","protected":false},"excerpt":{"rendered":"<p>Beratung am Max-Planck-Gymnasium bedeutet Unterst\u00fctzung f\u00fcr Sch\u00fcler_innen, Eltern und Lehrer_innen. Beratung ist grunds\u00e4tzlich Aufgabe aller Lehrer_innen, insbesondere von Klassenlehrer_innen und Jahrgansstufenleiter_innen. Folgende Beratungsaufgaben werden wahrgenommen: Beratung im Bereich Erziehung und Unterricht Lernziele, Lerninhalte, Lernverfahren Lernfortschritte, Lernschw\u00e4chen Arbeitshaltung, Eigenverantwortlichkeit F\u00f6rderliches Lernumfeld LRS-F\u00f6rderung (Frau Sch\u00f6nherr) Wettbewerbe (Herr Dr. Fercho) Schullaufbahnberatung \u00dcbergang von der Grundschule auf das Gymnasium &hellip; <\/p>\n<p class=\"link-more\"><a href=\"https:\/\/mpg-do.de\/?page_id=790\" class=\"more-link\"><span class=\"screen-reader-text\">\u201eBeratung\u201c <\/span>weiterlesen<\/a><\/p>\n","protected":false},"author":1,"featured_media":0,"parent":0,"menu_order":0,"comment_status":"closed","ping_status":"closed","template":"","meta":{"_crdt_document":"","footnotes":""},"class_list":["post-790","page","type-page","status-publish","hentry","entry"],"_links":{"self":[{"href":"https:\/\/mpg-do.de\/index.php?rest_route=\/wp\/v2\/pages\/790","targetHints":{"allow":["GET"]}}],"collection":[{"href":"https:\/\/mpg-do.de\/index.php?rest_route=\/wp\/v2\/pages"}],"about":[{"href":"https:\/\/mpg-do.de\/index.php?rest_route=\/wp\/v2\/types\/page"}],"author":[{"embeddable":true,"href":"https:\/\/mpg-do.de\/index.php?rest_route=\/wp\/v2\/users\/1"}],"replies":[{"embeddable":true,"href":"https:\/\/mpg-do.de\/index.php?rest_route=%2Fwp%2Fv2%2Fcomments&post=790"}],"version-history":[{"count":16,"href":"https:\/\/mpg-do.de\/index.php?rest_route=\/wp\/v2\/pages\/790\/revisions"}],"predecessor-version":[{"id":14442,"href":"https:\/\/mpg-do.de\/index.php?rest_route=\/wp\/v2\/pages\/790\/revisions\/14442"}],"wp:attachment":[{"href":"https:\/\/mpg-do.de\/index.php?rest_route=%2Fwp%2Fv2%2Fmedia&parent=790"}],"curies":[{"name":"wp","href":"https:\/\/api.w.org\/{rel}","templated":true}]}}