{"id":809,"date":"2015-05-30T13:24:23","date_gmt":"2015-05-30T11:24:23","guid":{"rendered":"http:\/\/news.mpg-dortmund.de\/?page_id=809"},"modified":"2026-01-12T10:19:42","modified_gmt":"2026-01-12T09:19:42","slug":"formulare","status":"publish","type":"page","link":"https:\/\/mpg-do.de\/?page_id=809","title":{"rendered":"Formulare"},"content":{"rendered":"<p><strong>f\u00fcr Sch\u00fcler_Innen<\/strong><\/p>\r\n<p><a href=\"..\/wp-content\/uploads\/2022\/06\/Antrag-auf-Beurlaubung.pdf\" target=\"_blank\" rel=\"noopener\">Antrag auf Beurlaubung von Sch\u00fclern<\/a><br \/><a href=\"..\/wp-content\/uploads\/2024\/08\/Nur-fuer-Unterricht_-Konzept-zur-iPad-Nutzung-am-MPG.pdf\" target=\"_blank\" rel=\"noopener\">iPad-Nutzung am MPG<\/a><br \/><a href=\"..\/wp-content\/uploads\/2025\/02\/Antrag-auf-Beurlaubung-Sek-I-ab-2024_25-1.pdf\" target=\"_blank\" rel=\"noopener\">Auslandsaufenthalt: Antrag auf Beurlaubung Sek. I<\/a><br \/><a href=\"..\/wp-content\/uploads\/2025\/01\/Antrag-auf-Beurlaubung-Sek-II_10.12.24.pdf\" target=\"_blank\" rel=\"noopener\">Auslandsaufenthalt: Antrag auf Beurlaubung Sek. II<\/a><br \/><a href=\"..\/wp-content\/uploads\/2015\/05\/Wettkampfbericht.docx\">Wettkampfbericht<\/a><br \/><a href=\"https:\/\/mpg-do.de\/?page_id=2839\" target=\"_blank\" rel=\"noopener noreferrer\">Maxi &#8211; Sch\u00fcler_innen helfen Sch\u00fcler_innen<\/a><\/p>\r\n<p><strong>Jahrgang 7<\/strong><\/p>\r\n<p><strong>Jahrgang\u00a08<\/strong><\/p>\r\n<p><a href=\"..\/wp-content\/uploads\/2023\/08\/EinwilligungserklA\u00a4rung-Potenzialanalyse-ab-2023-24-1.pdf\" target=\"_blank\" rel=\"noopener\">Einwilligungserkl\u00e4rung Potenzialanalyse<\/a><\/p>\r\n<p><a href=\"..\/wp-content\/uploads\/2015\/05\/BoysDay_Antrag.pdf\">Boys&#8216; Day Antrag<\/a><br \/><a href=\"..\/wp-content\/uploads\/2015\/05\/BoysDay_Teilnahmebest\u00e4tigung.pdf\">Boys&#8216; Day Teilnahmebest\u00e4tigung<\/a><br \/><a href=\"..\/wp-content\/uploads\/2015\/05\/GirlsDay_Antrag.pdf\">Girls&#8216; Day Antrag<\/a><a href=\"..\/wp-content\/uploads\/2015\/05\/BoysDay_Antrag.pdf\"><br \/><\/a><a href=\"..\/wp-content\/uploads\/2015\/05\/GirlsDay_Teilnahmebest\u00e4tigung.pdf\">Girls&#8216; Day Teilnahmebest\u00e4tigung<\/a><br \/><a href=\"--\/wp-content\/uploads\/2015\/05\/Teilnahmebescheinigung___Betriebliche_BFE.pdf\"><br \/><\/a><\/p>\r\n<p><strong>Jahrgang\u00a09<\/strong><\/p>\r\n<p><a href=\"..\/wp-content\/uploads\/2023\/08\/Elterninfo-zur-Rechtskunde-_-Anmeldung-1.pdf\" target=\"_blank\" rel=\"noopener\">Rechtskunde-AG: Anmeldung und Information<\/a><br \/><a href=\"..\/wp-content\/uploads\/2026\/01\/Zusage-fuer-einen-Berufsfelderkundungstag_2024.docx.pdf\" target=\"_blank\" rel=\"noopener\">Zusage f\u00fcr einen Berufsfelderkundungstag<\/a><br \/><a href=\"..\/wp-content\/uploads\/2024\/09\/BFE-Teilnahmebescheinigung.pdf\" target=\"_blank\" rel=\"noopener\">Berufsfelderkundung &#8211; Teilnahmebescheinigung<\/a><\/p>\r\n<p><strong>Jahrgang 10<\/strong><\/p>\r\n<p><a href=\"..\/wp-content\/uploads\/2023\/08\/Elterninfo-zur-Rechtskunde-_-Anmeldung-1.pdf\" target=\"_blank\" rel=\"noopener\">Rechtskunde-AG: Anmeldung und Information<\/a><br \/><a href=\"..\/?page_id=1200\">Formulare zum Sch\u00fclerbetriebspraktikum<\/a><\/p>\r\n<p><br \/><strong>Oberstufe<\/strong><\/p>\r\n<p><a href=\"..\/?page_id=691\">Anmeldung f\u00fcr Seiteneinsteiger<\/a><br \/><a href=\"..\/wp-content\/uploads\/2023\/01\/EntschuldigungsverfahrenMPG-10.01.23.pdf\" target=\"_blank\" rel=\"noopener\">Entschuldigungsverfahren Oberstufe<\/a>\u00a0<br \/><a href=\"..\/wp-content\/uploads\/2015\/05\/Unfallversicherung_Freistunden.pdf\">Unfallversicherung Freistunden<\/a><br \/><a href=\"..\/?page_id=714\">Facharbeit &#8211; Unterlagen<\/a><br \/><a href=\"..\/?page_id=1200\">Formulare zur Praxisphase EF<\/a><\/p>\r\n<p><strong>f\u00fcr Eltern<\/strong><\/p>\r\n<p><a href=\"..\/wp-content\/uploads\/2022\/11\/Abmeldung-vom-Religionsunterricht.pdf\">Religionsunterricht &#8211; Antrag auf Befreiung<\/a><br \/><a href=\"..\/wp-content\/uploads\/2022\/11\/Einverstaendnis_zum_selbststaendigen_Verlassen_des_Suedbades.pdf\">Schwimmbad \/ Eintrachthalle &#8212; Einverst\u00e4ndnis Schulweg<\/a><br \/><a href=\"..\/?page_id=939\">Betreuung: Anmeldung und Vertrag<\/a><br \/><a href=\"..\/wp-content\/uploads\/2023\/10\/Abmeldung-kranker-Schueler_innen-aus-dem-laufenden-Unterricht-1.pdf\" target=\"_blank\" rel=\"noopener\">Krankheit &#8211; Abmeldung aus dem Laufenden Unterricht<\/a><br \/><a href=\"..\/wp-content\/uploads\/2022\/06\/Beitrittsformular_Foerderverein-MPG.pdf\" target=\"_blank\" rel=\"noopener\">Beitrittsformular F\u00f6rderverein<\/a><br \/><a href=\"..\/wp-content\/uploads\/2019\/03\/Steckbrief-F\u00f6rderverein-blanko.docx\">Antrag\/Steckbrief F\u00f6rderverein<\/a><br \/><a href=\"..\/wp-content\/uploads\/2015\/05\/2016-F\u00f6rderkreis-Bilingual-Max-Planck-Gymnasium-Dortmund.pdf\">Beitrittsformular bilingualer F\u00f6rderkreis<\/a><br \/><a href=\"..\/wp-content\/uploads\/2023\/10\/Formular-Antrag-Nachteilsausgleich.pdf\" target=\"_blank\" rel=\"noopener\">Antrag Nachteilsausgleich<\/a><br \/>Bildung und Teilhabe &#8211; Antrag auf Lernf\u00f6rderung &#8211; derzeit nur im Sekretariat erh\u00e4ltlich!<br \/><a href=\"..\/wp-content\/uploads\/2022\/11\/Recht_am_bild_2012.pdf\">Recht am Bild &#8211; Einverst\u00e4ndnis f\u00fcr eingeschr\u00e4nkte Nutzung von Fotos<\/a><\/p>\r\n<p><a href=\"..\/wp-content\/uploads\/2024\/06\/Aenderungsmitteilung.pdf\" target=\"_blank\" rel=\"noopener noreferrer\">\u00c4nderungsmitteilung<\/a><br \/><a href=\"..\/wp-content\/uploads\/2024\/09\/Abmeldung-vom-Max-Planck-Gymnasium.pdf\" target=\"_blank\" rel=\"noopener noreferrer\">Abmeldung vom Max-Planck-Gymnasium<\/a><\/p>\r\n\r\n<p class=\"wp-block-paragraph\"><strong>Berufswahlapp<\/strong><\/p>\r\n<p><a href=\"https:\/\/mpg-do.de\/wp-content\/uploads\/2024\/05\/Nutzungsvereinbarung_berufswahlapp.pdf\" target=\"_blank\" rel=\"noopener\">Nutzungsvereinbarung berufswahlapp<\/a><br \/><a href=\"https:\/\/mpg-do.de\/wp-content\/uploads\/2024\/05\/Datenschutzhinweise_berufswahlapp.pdf\" target=\"_blank\" rel=\"noopener\">Datenschutzhinweise berufswahlapp<\/a><\/p>\r\n<p>&nbsp;<\/p>\r\n\r\n<p>&nbsp;<\/p>","protected":false},"excerpt":{"rendered":"<p>f\u00fcr Sch\u00fcler_Innen Antrag auf Beurlaubung von Sch\u00fclerniPad-Nutzung am MPGAuslandsaufenthalt: Antrag auf Beurlaubung Sek. IAuslandsaufenthalt: Antrag auf Beurlaubung Sek. IIWettkampfberichtMaxi &#8211; Sch\u00fcler_innen helfen Sch\u00fcler_innen Jahrgang 7 Jahrgang\u00a08 Einwilligungserkl\u00e4rung Potenzialanalyse Boys&#8216; Day AntragBoys&#8216; Day Teilnahmebest\u00e4tigungGirls&#8216; Day AntragGirls&#8216; Day Teilnahmebest\u00e4tigung Jahrgang\u00a09 Rechtskunde-AG: Anmeldung und InformationZusage f\u00fcr einen BerufsfelderkundungstagBerufsfelderkundung &#8211; Teilnahmebescheinigung Jahrgang 10 Rechtskunde-AG: Anmeldung und InformationFormulare zum Sch\u00fclerbetriebspraktikum &hellip; <\/p>\n<p class=\"link-more\"><a href=\"https:\/\/mpg-do.de\/?page_id=809\" class=\"more-link\"><span class=\"screen-reader-text\">\u201eFormulare\u201c <\/span>weiterlesen<\/a><\/p>\n","protected":false},"author":1,"featured_media":0,"parent":0,"menu_order":0,"comment_status":"closed","ping_status":"closed","template":"","meta":{"_crdt_document":"","footnotes":""},"class_list":["post-809","page","type-page","status-publish","hentry","entry"],"_links":{"self":[{"href":"https:\/\/mpg-do.de\/index.php?rest_route=\/wp\/v2\/pages\/809","targetHints":{"allow":["GET"]}}],"collection":[{"href":"https:\/\/mpg-do.de\/index.php?rest_route=\/wp\/v2\/pages"}],"about":[{"href":"https:\/\/mpg-do.de\/index.php?rest_route=\/wp\/v2\/types\/page"}],"author":[{"embeddable":true,"href":"https:\/\/mpg-do.de\/index.php?rest_route=\/wp\/v2\/users\/1"}],"replies":[{"embeddable":true,"href":"https:\/\/mpg-do.de\/index.php?rest_route=%2Fwp%2Fv2%2Fcomments&post=809"}],"version-history":[{"count":96,"href":"https:\/\/mpg-do.de\/index.php?rest_route=\/wp\/v2\/pages\/809\/revisions"}],"predecessor-version":[{"id":14702,"href":"https:\/\/mpg-do.de\/index.php?rest_route=\/wp\/v2\/pages\/809\/revisions\/14702"}],"wp:attachment":[{"href":"https:\/\/mpg-do.de\/index.php?rest_route=%2Fwp%2Fv2%2Fmedia&parent=809"}],"curies":[{"name":"wp","href":"https:\/\/api.w.org\/{rel}","templated":true}]}}